{"id":957,"date":"2012-12-04T05:11:48","date_gmt":"2012-12-04T05:11:48","guid":{"rendered":"https:\/\/bookiessite.com\/chinh-sach-cookie\/"},"modified":"2024-07-16T03:31:44","modified_gmt":"2024-07-16T03:31:44","slug":"chinh-sach-cookie","status":"publish","type":"page","link":"https:\/\/bookiessite.com\/vi\/chinh-sach-cookie\/","title":{"rendered":"Ch\u00ednh s\u00e1ch cookie"},"content":{"rendered":"\n<h2 class=\"wp-block-heading\">Tr\u1ee3 gi\u00fap cookie<\/h2>\n\n<p>C\u00e1c trang web v\u00e0 n\u1ed9i dung c\u1ee7a ch\u00fang t\u00f4i s\u1eed d\u1ee5ng &#8216;Cookie&#8217; khi b\u1ea1n truy c\u1eadp ch\u00fang. Cookie l\u00e0m \u0111\u01b0\u1ee3c nhi\u1ec1u vi\u1ec7c. Ch\u00ednh s\u00e1ch n\u00e0y cho b\u1ea1n bi\u1ebft:<\/p>\n\n<ul class=\"wp-block-list\">\n<li>&#8211; Cookies l\u00e0 g\u00ec<\/li>\n\n\n\n<li>\u0110\u00f3 l\u00e0 l\u00fd do t\u1ea1i sao c\u1ea7n ph\u1ea3i s\u1eed d\u1ee5ng Cookie.<\/li>\n\n\n\n<li>&#8211; C\u00e1ch ch\u00fang t\u00f4i s\u1eed d\u1ee5ng Cookies<\/li>\n\n\n\n<li>M\u1eb9o v\u1ec1 Cookie<\/li>\n<\/ul>\n\n<p>\n          <strong>Cookie l\u00e0 g\u00ec?<\/strong>\n        <\/p>\n\n<p>Cookie tr\u00ean trang web \u0111\u1ec1 c\u1eadp \u0111\u1ebfn c\u00e1c bit th\u00f4ng tin v\u0103n b\u1ea3n \u0111\u01b0\u1ee3c l\u01b0u tr\u1eef tr\u00ean m\u00e1y t\u00ednh c\u1ee7a ng\u01b0\u1eddi d\u00f9ng. Bi\u1ec3u m\u1eabu n\u00e0y n\u1eb1m trong thi\u1ebft b\u1ecb c\u1ee7a b\u1ea1n ngay khi b\u1ea1n duy\u1ec7t qua c\u00e1c trang web. Cookie \u0111\u01b0\u1ee3c g\u1eedi tr\u1edf l\u1ea1i tr\u00ecnh duy\u1ec7t c\u1ee7a B\u1ea1n m\u1ed7i khi B\u1ea1n truy c\u1eadp c\u00e1c trang web \u0111\u00f3.<\/p>\n\n<p>\n          <strong>T\u1ea1i sao ch\u00fang t\u00f4i s\u1eed d\u1ee5ng Cookie?<\/strong>\n        <\/p>\n\n<p>Tuy nhi\u00ean, n\u1ebfu l\u1eadp lu\u1eadn c\u1ee7a b\u1ea1n l\u00e0 s\u1eed d\u1ee5ng cookie, b\u1ea1n c\u00f3 th\u1ec3 tu\u00e2n th\u1ee7 c\u00e1c tuy\u00ean b\u1ed1 nh\u01b0 Cookie n\u00e2ng cao tr\u1ea3i nghi\u1ec7m web c\u1ee7a b\u1ea1n. H\u1ecd th\u1ea5y r\u1eb1ng d\u1eef li\u1ec7u v\u00e0 quy tr\u00ecnh d\u1ec5 hi\u1ec3u v\u00e0 h\u1eefu h\u00ecnh ch\u1ea1y hi\u1ec7u qu\u1ea3.<\/p>\n\n<p>\n          <strong>Ch\u00fang \u0111\u01b0\u1ee3c chia th\u00e0nh Cookie phi\u00ean v\u00e0 Cookie li\u00ean t\u1ee5c tr\u00ean c\u00e1c trang web c\u1ee7a ch\u00fang t\u00f4i.<\/strong>\n        <\/p>\n\n<p>Cookie phi\u00ean l\u00e0 t\u1ea1m th\u1eddi. N\u00f3 cho ph\u00e9p b\u1ea1n gi\u1eefa c\u00e1c trang v\u00e0 n\u1ebfu b\u1ea1n mu\u1ed1n quay l\u1ea1i c\u00f9ng m\u1ed9t trang, n\u00f3 s\u1ebd nh\u1edb m\u1ed9t s\u1ed1 c\u00e0i \u0111\u1eb7t tr\u01b0\u1edbc \u0111\u00f3 c\u1ee7a b\u1ea1n. Cookie li\u00ean t\u1ee5c khi\u1ebfn b\u1ea1n \u0111\u01b0\u1ee3c nh\u1edb \u0111\u1ebfn nh\u01b0 l\u1ea7n ti\u1ebfp theo b\u1ea1n quay l\u1ea1i trang web ho\u1eb7c hi\u1ec3n th\u1ecb cho b\u1ea1n qu\u1ea3ng c\u00e1o d\u1ef1a tr\u00ean s\u1edf th\u00edch c\u1ee7a b\u1ea1n.<\/p>\n\n<p>\n          <strong>Ch\u00fang t\u00f4i s\u1eed d\u1ee5ng Cookie nh\u01b0 th\u1ebf n\u00e0o?<\/strong>\n        <\/p>\n\n<p>Cookie c\u00f3 th\u1ec3 \u0111\u01b0\u1ee3c \u0111\u1eb7t b\u1edfi trang web \u0111\u00e3 truy c\u1eadp (b\u00ean th\u1ee9 nh\u1ea5t) ho\u1eb7c c\u00e1c t\u1ed5 ch\u1ee9c kh\u00e1c (b\u00ean th\u1ee9 ba). Cookie c\u1ee7a b\u00ean th\u1ee9 ba c\u00f3 th\u1ec3 theo d\u00f5i h\u00e0nh vi c\u1ee7a tr\u00ecnh duy\u1ec7t v\u00e0 hi\u1ec3n th\u1ecb n\u1ed9i dung ph\u00f9 h\u1ee3p v\u1edbi ch\u00fang.<\/p>\n\n<p>Cookie c\u00f3 nhi\u1ec1u ch\u1ee9c n\u0103ng, nh\u01b0ng nh\u1eefng ch\u1ee9c n\u0103ng m\u00e0 ch\u00fang t\u00f4i \u00e1p d\u1ee5ng c\u00f3 4 lo\u1ea1i:<\/p>\n\n<ul class=\"wp-block-list\">\n<li>&#8211; Cookie thi\u1ebft y\u1ebfu nghi\u00eam ng\u1eb7t<\/li>\n\n\n\n<li>Cookie ch\u1ee9c n\u0103ng<\/li>\n\n\n\n<li>Cookie hi\u1ec7u su\u1ea5t<\/li>\n\n\n\n<li>Ti\u1ebfp th\u1ecb c\u1ee7a b\u00ean th\u1ee9 3\/Cookie \u0111\u01b0\u1ee3c nh\u1eafm m\u1ee5c ti\u00eau<\/li>\n<\/ul>\n\n<p>D\u01b0\u1edbi \u0111\u00e2y l\u00e0 th\u00f4ng tin th\u00eam v\u1ec1 c\u00e1c lo\u1ea1i Cookie n\u00f3i tr\u00ean, ch\u1ee9c n\u0103ng c\u1ee7a ch\u00fang v\u00e0 li\u1ec7u ch\u00fang c\u00f3 kh\u1ea3 n\u0103ng thu th\u1eadp d\u1eef li\u1ec7u c\u00e1 nh\u00e2n hay kh\u00f4ng?<\/p>\n\n<h2 class=\"wp-block-heading\">Lo\u1ea1i cookie<\/h2>\n\n<p>Nh\u1eefng Cookie n\u00e0y r\u1ea5t c\u1ea7n thi\u1ebft cho ho\u1ea1t \u0111\u1ed9ng b\u00ecnh th\u01b0\u1eddng c\u1ee7a Trang web c\u1ee7a ch\u00fang t\u00f4i. Ch\u00fang cho ph\u00e9p b\u1ea1n truy c\u1eadp c\u00e1c kh\u00eda c\u1ea1nh kh\u00e1c m\u00e0 b\u1ea1n mong mu\u1ed1n, v\u00ed d\u1ee5 nh\u01b0 phi\u1ebfu \u0111\u1eb7t c\u01b0\u1ee3c c\u1ee7a b\u1ea1n. Ch\u00fang t\u00f4i s\u1eed d\u1ee5ng ch\u00fang \u0111\u1ec3 gi\u1edbi thi\u1ec7u cho b\u1ea1n n\u1ed9i dung v\u00e0 cung c\u1ea5p cho b\u1ea1n c\u00e1c d\u1ecbch v\u1ee5 m\u00e0 b\u1ea1n y\u00eau c\u1ea7u.<\/p>\n\n<p>Nh\u1eefng cookie n\u00e0y cho ph\u00e9p thi\u1ebft b\u1ecb c\u1ee7a b\u1ea1n nh\u1eadn th\u00f4ng tin t\u1eeb trang web c\u1ee7a ch\u00fang t\u00f4i \u0111\u1ec3 hi\u1ec3n th\u1ecb c\u00e1c trang v\u00e0 s\u1eed d\u1ee5ng c\u00e1c t\u00ednh n\u0103ng. N\u00f3 c\u0169ng cho ph\u00e9p b\u1ea1n \u0111i\u1ec1u h\u01b0\u1edbng \u0111\u1ebfn c\u00e1c trang \u0111\u00e3 xem tr\u01b0\u1edbc \u0111\u00f3.<\/p>\n\n<p>\n          <strong>Th\u00eam th\u00f4ng tin<\/strong>\n        <\/p>\n\n<p>D\u01b0\u1edbi \u0111\u00e2y l\u00e0 m\u1ed9t s\u1ed1 v\u00ed d\u1ee5 v\u1ec1 c\u00e1c lo\u1ea1i Cookie \u0111\u01b0\u1ee3c ph\u00e2n lo\u1ea1i l\u00e0 thi\u1ebft y\u1ebfu:<\/p>\n\n<ul class=\"wp-block-list\">\n<li>\u0110\u1ec3 l\u01b0u tr\u1eef th\u00f4ng tin tr\u00ean thi\u1ebft b\u1ecb c\u1ee7a b\u1ea1n v\u00e0 \u0111\u01b0a v\u00e0o trang web c\u1ee7a ch\u00fang t\u00f4i<\/li>\n\n\n\n<li>\u0110\u1ec3 gi\u00fap b\u1ea1n d\u1ec5 d\u00e0ng h\u01a1n v\u00e0 \u0111\u1ec3 b\u1ea1n kh\u00f4ng \u0111\u0103ng nh\u1eadp m\u1ed7i khi b\u1ea1n mu\u1ed1n \u0111\u01b0a ra nh\u1eadn x\u00e9t v\u1ec1 c\u00e1c blog th\u1ec9nh tho\u1ea3ng \u0111\u01b0\u1ee3c xu\u1ea5t b\u1ea3n tr\u00ean trang web.<\/li>\n\n\n\n<li>\u0110\u1ec3 gi\u00fap nh\u1edb l\u1ea1i c\u00e1c l\u1ef1a ch\u1ecdn phi\u1ebfu \u0111\u1eb7t c\u01b0\u1ee3c c\u1ee7a b\u1ea1n \u0111\u1ec3 khi b\u1ea1n \u0111ang \u1edf m\u1ed9t s\u1ef1 ki\u1ec7n tr\u1ef1c ti\u1ebfp \u0111\u1ec3 \u0111\u1eb7t c\u01b0\u1ee3c<\/li>\n<\/ul>\n\n<p>C\u00e1c Cookie n\u00e0y kh\u00f4ng li\u00ean t\u1ee5c, c\u00f3 ngh\u0129a l\u00e0 th\u00f4ng tin v\u00e0 chi ti\u1ebft \u0111\u0103ng nh\u1eadp c\u1ee7a b\u1ea1n kh\u00f4ng \u0111\u01b0\u1ee3c l\u01b0u sau khi b\u1ea1n \u0111\u0103ng xu\u1ea5t.<\/p>\n\n<p>\n          <strong>L\u01b0u tr\u1eef th\u00f4ng tin<\/strong>\n        <\/p>\n\n<p>M\u1ed9t s\u1ed1 Cookie thu th\u1eadp th\u00f4ng tin c\u00e1 nh\u00e2n c\u1ee7a b\u1ea1n \u0111\u1ec3 ho\u1ea1t \u0111\u1ed9ng. H\u1ecd c\u00f3 th\u1ec3 l\u01b0u tr\u1eef:<\/p>\n\n<ul class=\"wp-block-list\">\n<li>&#8211; \u0110\u1ecba ch\u1ec9 IP<\/li>\n\n\n\n<li>Chi ti\u1ebft v\u1ecb tr\u00ed<\/li>\n\n\n\n<li>Tr\u1ea1ng th\u00e1i \u0111\u0103ng nh\u1eadp<\/li>\n\n\n\n<li>Cookie h\u1ebft h\u1ea1n<\/li>\n<\/ul>\n\n<p>Nh\u1eefng Cookie n\u00e0y s\u1ebd b\u1ecb x\u00f3a khi b\u1ea1n \u0111\u00f3ng tr\u00ecnh duy\u1ec7t c\u1ee7a m\u00ecnh.<\/p>\n\n<h2 class=\"wp-block-heading\">Cookie ch\u1ee9c n\u0103ng<\/h2>\n\n<p>Nh\u1eefng Cookie n\u00e0y kh\u00f4i ph\u1ee5c s\u1edf th\u00edch c\u00e1 nh\u00e2n c\u1ee7a b\u1ea1n \u0111\u1ec3 gi\u00fap b\u1ea1n c\u00f3 tr\u1ea3i nghi\u1ec7m t\u1ed1t nh\u1ea5t. Ch\u00fang c\u0169ng t\u0103ng n\u0103ng su\u1ea5t trang web b\u1eb1ng c\u00e1ch l\u01b0u tr\u1eef c\u00e1c t\u00f9y ch\u1ecdn c\u1ee7a b\u1ea1n. \u0110\u00e2y l\u00e0 nh\u1eefng cookie ch\u1ee9c n\u0103ng ghi nh\u1edb nh\u1eefng th\u1ee9 nh\u01b0 t\u00f9y ch\u1ecdn ng\u00f4n ng\u1eef \u0111\u1ec3 n\u00e2ng cao l\u01b0\u1ee3t truy c\u1eadp.<\/p>\n\n<p>\n          <strong>Th\u00eam chi ti\u1ebft<\/strong>\n        <\/p>\n\n<p>D\u01b0\u1edbi \u0111\u00e2y l\u00e0 m\u1ed9t s\u1ed1 Cookie ch\u1ee9c n\u0103ng th\u01b0\u1eddng \u0111\u01b0\u1ee3c s\u1eed d\u1ee5ng trong c\u00e1c trang web kh\u00e1c nhau:<\/p>\n\n<ul class=\"wp-block-list\">\n<li>Nh\u1edb l\u1ea1i ng\u00f4n ng\u1eef \u0111\u00e3 ch\u1ecdn, \u0111\u1ecba \u0111i\u1ec3m truy c\u1eadp v\u00e0 qu\u1ea3ng c\u00e1o \u0111\u00e3 ch\u1ecdn c\u1ee7a phi\u00ean tr\u01b0\u1edbc.<\/li>\n\n\n\n<li>B\u1ea3o to\u00e0n c\u00e1c ch\u1eef s\u1ed1 c\u1ee7a phi\u1ebfu c\u01b0\u1ee3c<\/li>\n\n\n\n<li>Gi\u00e1m s\u00e1t vi\u1ec7c s\u1eed d\u1ee5ng m\u1ed9t s\u1ed1 t\u00ednh n\u0103ng c\u1ee7a trang<\/li>\n\n\n\n<li>Hi\u1ec3n th\u1ecb li\u00ean k\u1ebft c\u1ee7a c\u00e1c b\u00e0i vi\u1ebft t\u01b0\u01a1ng t\u1ef1<\/li>\n<\/ul>\n\n<p>\n          <strong>L\u01b0u tr\u1eef th\u00f4ng tin<\/strong>\n        <\/p>\n\n<p>M\u1ed9t s\u1ed1 thu th\u1eadp d\u1eef li\u1ec7u c\u00e1 nh\u00e2n \u0111\u1ec3 c\u00f3 th\u1ec3 cung c\u1ea5p c\u00e1c d\u1ecbch v\u1ee5 \u0111\u01b0\u1ee3c m\u00f4 t\u1ea3.<\/p>\n\n<p>\n          <strong>Cu\u1ed9c s\u1ed1ng cookie \u0111\u01a1n gi\u1ea3n<\/strong>\n        <\/p>\n\n<p>Cookie c\u01a1 b\u1ea3n h\u1ebft h\u1ea1n sau hai n\u0103m. Ch\u00fang l\u00e0 cookie v\u00e0 b\u1ea1n c\u00f3 \u0111\u1eb7c quy\u1ec1n v\u00e0 kh\u1ea3 n\u0103ng x\u00f3a ch\u00fang kh\u1ecfi tr\u00ecnh duy\u1ec7t web c\u1ee7a m\u00ecnh b\u1ea5t k\u1ef3 l\u00fac n\u00e0o tr\u01b0\u1edbc khi ch\u00fang h\u1ebft h\u1ea1n.<\/p>\n\n<h2 class=\"wp-block-heading\">C\u00e1ch th\u1ee9c ho\u1ea1t \u0111\u1ed9ng c\u1ee7a cookie<\/h2>\n\n<p>\n          <strong>T\u1ea1i sao ch\u00fang t\u00f4i s\u1eed d\u1ee5ng ch\u00fang<\/strong>\n        <\/p>\n\n<p>Cookie ph\u00e2n t\u00edch l\u00e0 nh\u1eefng cookie cho ph\u00e9p ch\u00fang t\u00f4i t\u00ecm hi\u1ec3u c\u00e1ch m\u1ecdi ng\u01b0\u1eddi s\u1eed d\u1ee5ng trang web c\u1ee7a ch\u00fang t\u00f4i. Nh\u1eefng Cookie \u0111\u00f3 thu th\u1eadp d\u1eef li\u1ec7u t\u1eeb ng\u01b0\u1eddi d\u00f9ng gi\u00fap ch\u00fang t\u00f4i n\u00e2ng cao hi\u1ec7u su\u1ea5t c\u1ee7a c\u00e1c trang web c\u1ee7a m\u00ecnh v\u00e0 cung c\u1ea5p cho ng\u01b0\u1eddi d\u00f9ng tr\u1ea3i nghi\u1ec7m \u0111\u01b0\u1ee3c c\u1ea3i thi\u1ec7n.<\/p>\n\n<p>\n          <strong>Th\u00eam chi ti\u1ebft<\/strong>\n        <\/p>\n\n<p>D\u01b0\u1edbi \u0111\u00e2y l\u00e0 m\u1ed9t s\u1ed1 c\u00e1ch ch\u00fang t\u00f4i s\u1eed d\u1ee5ng c\u00e1c Cookie n\u00e0y:<\/p>\n\n<ul class=\"wp-block-list\">\n<li>\u0110\u1ec3 t\u00ecm ra s\u1ed1 l\u01b0\u1ee3ng ng\u01b0\u1eddi th\u00f4, nh\u1eefng ng\u01b0\u1eddi \u0111\u00e3 \u0111\u1ebfn trang web c\u1ee7a ch\u00fang t\u00f4i v\u00e0 t\u1eeb \u0111\u00f3, \u0111\u1ec3 thi\u1ebft l\u1eadp r\u1eb1ng ch\u00fang t\u00f4i th\u00e0nh c\u00f4ng.<\/li>\n\n\n\n<li>\u0110\u1ec3 x\u00e1c minh xem qu\u1ea3ng c\u00e1o c\u00f3 \u0111\u1ed3ng \u00fd tr\u00ean trang web c\u1ee7a ch\u00fang t\u00f4i hay kh\u00f4ng<\/li>\n\n\n\n<li>\u0110\u1ec3 x\u00e1c \u0111\u1ecbnh v\u00e0 x\u00e1c \u0111\u1ecbnh c\u00e1c sai s\u00f3t v\u00e0 \u0111i\u1ec3m y\u1ebfu c\u1ee7a c\u00e1c trang web c\u1ee7a ch\u00fang t\u00f4i<\/li>\n\n\n\n<li>Ch\u00fang t\u00f4i c\u0169ng s\u1eed d\u1ee5ng nh\u1eefng th\u1ee9 nh\u01b0 Google Analytics \u0111\u1ec3 xem d\u1eef li\u1ec7u Cookie. \u0110i\u1ec1u n\u00e0y c\u00f3 l\u1ee3i cho ch\u00fang t\u00f4i trong vi\u1ec7c l\u00e0m cho c\u00e1c trang web c\u1ee7a ch\u00fang t\u00f4i t\u1ed1t h\u01a1n.<\/li>\n<\/ul>\n\n<p>\n          <strong>D\u1eef li\u1ec7u ch\u00fang t\u00f4i thu th\u1eadp<\/strong>\n        <\/p>\n\n<p>N\u1ebfu b\u1ea1n ch\u01b0a \u0111\u0103ng nh\u1eadp, c\u00e1c Cookie n\u00e0y kh\u00f4ng bi\u1ebft b\u1ea1n l\u00e0 ai. Tuy nhi\u00ean, n\u00f3 c\u00f3 th\u1ec3 thu th\u1eadp m\u1ed9t s\u1ed1 th\u00f4ng tin v\u1ec1 tr\u00ecnh duy\u1ec7t v\u00e0 m\u1ed9t s\u1ed1 s\u1ef1 ki\u1ec7n ch\u01b0a bi\u1ebft cho c\u00e1c m\u1ee5c \u0111\u00edch \u0111\u00e3 n\u00eau \u1edf tr\u00ean.<\/p>\n\n<p>\u0110\u00f4i khi m\u1ed9t s\u1ed1 Cookie n\u00e0y \u0111\u01b0\u1ee3c \u0111i\u1ec1u h\u00e0nh b\u1edfi c\u00e1c c\u00f4ng ty nh\u01b0 Google. Tuy nhi\u00ean, h\u1ecd ch\u1ec9 c\u00f3 th\u1ec3 s\u1eed d\u1ee5ng Cookie cho c\u00e1c m\u1ee5c \u0111\u00edch \/ ho\u1ea1t \u0111\u1ed9ng n\u00f3i tr\u00ean ngo\u1ea1i tr\u1eeb b\u1ea5t k\u1ef3 m\u1ee5c \u0111\u00edch n\u00e0o kh\u00e1c. Do \u0111\u00f3, h\u1ecd kh\u00f4ng th\u1ec3 li\u00ean k\u1ebft b\u1ea1n v\u1edbi Cookie.<\/p>\n\n<p>\n          <strong>Th\u00f4ng tin cookie<\/strong>\n        <\/p>\n\n<p>M\u1ed9t s\u1ed1 Cookie ch\u1ec9 l\u00e0 t\u1ea1m th\u1eddi. N\u00f3 bi\u1ebfn m\u1ea5t ngay khi b\u1ea1n \u0111\u00f3ng tr\u00ecnh duy\u1ec7t web c\u1ee7a m\u00ecnh. M\u1ed9t s\u1ed1 Cookie t\u1ed3n t\u1ea1i l\u00e2u h\u01a1n. Nh\u1eefng Cookie n\u00e0y b\u1ea1n c\u00f3 th\u1ec3 x\u00f3a b\u1ea5t c\u1ee9 khi n\u00e0o b\u1ea1n mu\u1ed1n b\u1eb1ng c\u00e1ch s\u1eed d\u1ee5ng c\u00e1c c\u00f4ng c\u1ee5 c\u1ee7a tr\u00ecnh duy\u1ec7t web c\u1ee7a b\u1ea1n.<\/p>\n\n<h2 class=\"wp-block-heading\">Cookie qu\u1ea3ng c\u00e1o c\u1ee7a b\u00ean th\u1ee9 ba<\/h2>\n\n<p>\n          <strong>M\u1ee5c \u0111\u00edch<\/strong>\n        <\/p>\n\n<ul class=\"wp-block-list\">\n<li>Nh\u1eefng Cookie n\u00e0y hi\u1ec3n th\u1ecb qu\u1ea3ng c\u00e1o cho b\u1ea1n d\u1ef1a tr\u00ean s\u1edf th\u00edch c\u1ee7a b\u1ea1n.<\/li>\n\n\n\n<li>H\u1ecd c\u0169ng ghi l\u1ea1i s\u1ed1 l\u1ea7n ng\u01b0\u1eddi ti\u00eau d\u00f9ng ti\u1ebfp x\u00fac v\u1edbi qu\u1ea3ng c\u00e1o v\u00e0 xem li\u1ec7u chi\u1ebfn d\u1ecbch qu\u1ea3ng c\u00e1o c\u00f3 hi\u1ec7u qu\u1ea3 hay kh\u00f4ng.<\/li>\n<\/ul>\n\n<p>\n          <strong>Th\u00eam th\u00f4ng tin<\/strong>\n        <\/p>\n\n<p>Nh\u1eefng Cookie n\u00e0y gi\u00fap ghi nh\u1edb c\u00e1c trang b\u1ea1n truy c\u1eadp trong trang web v\u00e0 m\u1ecdi th\u1ee9 b\u1ea1n th\u1ea5y. Th\u00f4ng tin thu th\u1eadp \u0111\u01b0\u1ee3c sau \u0111\u00f3 \u0111\u01b0\u1ee3c s\u1eed d\u1ee5ng \u0111\u1ec3 t\u00f9y ch\u1ec9nh c\u1ea3 trang web v\u00e0 qu\u1ea3ng c\u00e1o c\u00f3 li\u00ean quan \u0111\u1ebfn s\u1edf th\u00edch c\u1ee7a ng\u01b0\u1eddi d\u00f9ng. Ch\u00fang t\u00f4i c\u00f3 th\u1ec3 chia s\u1ebb th\u00f4ng tin n\u00e0y v\u1edbi nh\u1eefng ng\u01b0\u1eddi kh\u00e1c \u0111\u1ec3 ph\u00e2n ph\u00e1t qu\u1ea3ng c\u00e1o cho kh\u00e1ch h\u00e0ng v\u00e0 ph\u00e2n t\u00edch xem qu\u1ea3ng c\u00e1o c\u00f3 \u1ea3nh h\u01b0\u1edfng ch\u00ednh x\u00e1c hay kh\u00f4ng.<\/p>\n\n<p>Cookie \u0111\u01b0\u1ee3c nh\u1eafm m\u1ee5c ti\u00eau c\u0169ng c\u00f3 th\u1ec3:<\/p>\n\n<ul class=\"wp-block-list\">\n<li>Thu th\u1eadp th\u00f4ng tin v\u1ec1 ho\u1ea1t \u0111\u1ed9ng duy\u1ec7t web c\u1ee7a b\u1ea1n \u0111\u1ec3 ph\u00e2n ph\u1ed1i n\u1ed9i dung v\u00e0 qu\u1ea3ng c\u00e1o<\/li>\n\n\n\n<li>Chuy\u1ec3n th\u00f4ng tin l\u00ean ph\u01b0\u01a1ng ti\u1ec7n truy\u1ec1n th\u00f4ng x\u00e3 h\u1ed9i \u0111\u1ec3 qu\u1ea3ng c\u00e1o tr\u00ean ch\u00fang.<\/li>\n\n\n\n<li>Cung c\u1ea5p d\u1eef li\u1ec7u cho c\u00e1c nh\u00e0 qu\u1ea3ng c\u00e1o \u0111\u1ec3 theey c\u00f3 th\u1ec3 gi\u1edbi thi\u1ec7u cho b\u1ea1n nh\u1eefng qu\u1ea3ng c\u00e1o th\u00fa v\u1ecb.<\/li>\n\n\n\n<li>L\u00e0 m\u1ed9t c\u00f4ng c\u1ee5 t\u00ecm ki\u1ebfm t\u00f9y ch\u1ec9nh, ch\u1ec9 t\u1ea1o t\u00e0i li\u1ec7u cho b\u1ea1n d\u1ef1a tr\u00ean c\u00e1c t\u00e0i li\u1ec7u m\u00e0 b\u1ea1n \u0111\u00e3 xem<\/li>\n\n\n\n<li>\u0110\u1ec3 hi\u1ec3n th\u1ecb qu\u1ea3ng c\u00e1o cho b\u1ea1n khi b\u1ea1n truy c\u1eadp c\u00e1c trang web sau khi truy c\u1eadp trang web c\u1ee7a ch\u00fang t\u00f4i. M\u1ed9t \u0111o\u1ea1n m\u00e3 nh\u1ecf \u0111\u1eb7t cookie trong tr\u00ecnh duy\u1ec7t c\u1ee7a b\u1ea1n \u0111\u1ec3 b\u1eadt ho\u1eb7c t\u1eaft hi\u1ec3n th\u1ecb qu\u1ea3ng c\u00e1o tr\u00ean c\u00e1c trang web nh\u1ea5t \u0111\u1ecbnh l\u00e0 m\u1ea1ng hi\u1ec3n th\u1ecb c\u1ee7a google.<\/li>\n\n\n\n<li>\u0110\u1ec3 hi\u1ec3n th\u1ecb qu\u1ea3ng c\u00e1o c\u1ee7a ch\u00fang t\u00f4i b\u00ean c\u1ea1nh b\u1ea1n d\u1ef1a tr\u00ean l\u1ecbch s\u1eed duy\u1ec7t web m\u00e0 b\u1ea1n \u0111\u00e3 th\u1ef1c hi\u1ec7n tr\u00ean web tr\u00ean to\u00e0n th\u1ebf gi\u1edbi.<\/li>\n<\/ul>\n\n<h2 class=\"wp-block-heading\">Thu th\u1eadp th\u00f4ng tin<\/h2>\n\n<p>M\u1ea1ng qu\u1ea3ng c\u00e1o v\u00e0 d\u1ecbch v\u1ee5 ph\u00e2n t\u00edch l\u01b0u l\u01b0\u1ee3ng truy c\u1eadp ho\u1ea1t \u0111\u1ed9ng nh\u01b0 b\u00ean th\u1ee9 ba c\u0169ng c\u00f3 th\u1ec3 \u0111\u1eb7t Cookie tr\u00ean trang web c\u1ee7a b\u1ea1n. \u0110\u00e2y th\u01b0\u1eddng l\u00e0 c\u00e1c Cookie ch\u1ee9c n\u0103ng ho\u1eb7c ph\u00e2n t\u00edch. Th\u00f4ng tin c\u00e1 nh\u00e2n kh\u00f4ng \u0111\u01b0\u1ee3c n\u1eafm b\u1eaft, nh\u00e0 qu\u1ea3ng c\u00e1o kh\u00f4ng th\u1ec3 k\u1ebft n\u1ed1i Cookie v\u1edbi t\u00ean, \u0111\u1ecba ch\u1ec9 c\u1ee7a b\u1ea1n, v.v.<\/p>\n\n<p>Nh\u1eefng Cookie n\u00e0y \u0111\u01b0\u1ee3c \u0111\u1eb7t b\u1edfi c\u00e1c c\u00f4ng ty qu\u1ea3ng c\u00e1o kh\u00e1c v\u1edbi s\u1ef1 cho ph\u00e9p c\u1ee7a ch\u00fang t\u00f4i.<\/p>\n\n<p>\n          <strong>Kh\u1ea3 n\u0103ng \u00e1p d\u1ee5ng cookie<\/strong>\n        <\/p>\n\n<p>Cookie c\u1eadp nh\u1eadt c\u1ee7a b\u00ean th\u1ee9 ba c\u00f3 th\u1ec3 t\u1ed3n t\u1ea1i trong t\u1ed1i \u0111a 13 th\u00e1ng, ngh\u0129a l\u00e0 cho \u0111\u1ebfn khi b\u1eaft \u0111\u1ea7u c\u1eadp nh\u1eadt m\u1edbi.<\/p>\n\n<p>\n          <strong>L\u00e0m th\u1ebf n\u00e0o \u0111\u1ec3 ki\u1ec3m so\u00e1t Cookie?<\/strong>\n        <\/p>\n\n<p>Theo m\u1eb7c \u0111\u1ecbnh, h\u1ea7u h\u1ebft c\u00e1c tr\u00ecnh duy\u1ec7t ch\u1ea5p nh\u1eadn n\u1ea1p Cookie nh\u01b0ng b\u1ea1n c\u00f3 th\u1ec3 ch\u1ecdn ch\u1eb7n m\u1ed9t ph\u1ea7n ho\u1eb7c to\u00e0n b\u1ed9 ch\u00fang. Tham kh\u1ea3o tr\u1ee3 gi\u00fap tr\u00ecnh duy\u1ec7t c\u1ee7a b\u1ea1n \u0111\u1ec3 qu\u1ea3n l\u00fd vi\u1ec7c x\u00f3a\/x\u00f3a Cookie.<\/p>\n\n<p>Th\u1eadt t\u1ed1t khi bi\u1ebft c\u00e1c quy t\u1eafc cho cookie. N\u1ebfu b\u1ea1n ch\u1eb7n ch\u00fang, b\u1ea1n s\u1ebd th\u1ea5y r\u1eb1ng m\u1ed9t s\u1ed1 kh\u00eda c\u1ea1nh kh\u00e1c c\u1ee7a trang web kh\u00f4ng hi\u1ec7u qu\u1ea3 l\u1eafm:<\/p>\n\n<ul class=\"wp-block-list\">\n<li>Firefox<\/li>\n\n\n\n<li>Internet Explorer<\/li>\n\n\n\n<li>Google Chrome<\/li>\n\n\n\n<li>Tr\u00ecnh duy\u1ec7t web Safari c\u00f3 s\u1eb5n v\u00e0 \u0111\u01b0\u1ee3c thi\u1ebft k\u1ebf ban \u0111\u1ea7u cho m\u00e1y t\u00ednh Apple.<\/li>\n\n\n\n<li>Safari tr\u00ean iPhone \/ iPad<\/li>\n<\/ul>\n\n<p>\u0110\u1ed1i v\u1edbi c\u00e1c thi\u1ebft b\u1ecb di \u0111\u1ed9ng, h\u00e3y xem qua t\u00e0i li\u1ec7u \u0111\u01b0\u1ee3c \u0111\u1ec1 c\u1eadp trong s\u1ed5 tay Ch\u1eb7n cookie trong tr\u00ecnh duy\u1ec7t c\u1ee7a b\u1ea1n. T\u00ecm hi\u1ec3u th\u00eam v\u1ec1 cookie qu\u1ea3ng c\u00e1o tr\u1ef1c tuy\u1ebfn v\u00e0 ch\u1ecdn kh\u00f4ng tham gia t\u1ea1i http:\/\/www. youronlinechoices. EU\/. Nh\u1eadn th\u00f4ng tin v\u1ec1 c\u00e1c l\u1ef1a ch\u1ecdn qu\u1ea3ng c\u00e1o n\u1ec1n t\u1ea3ng t\u1ea1i http:\/\/appnexus. com\/system-coverage#choices.<\/p>\n\n<h2 class=\"wp-block-heading\">Li\u00ean h\u1ec7 ch\u00fang t\u00f4i<\/h2>\n\n<p>B\u1ea1n c\u00f3 b\u1ea5t k\u1ef3 c\u00e2u h\u1ecfi n\u00e0o v\u1ec1 cookie? E-mail: <strong>support@bookiessite. Com<\/strong>.<\/p>\n\n<p>Ch\u00ednh s\u00e1ch Cookie n\u00e0y \u0111\u01b0\u1ee3c c\u1eadp nh\u1eadt l\u1ea7n cu\u1ed1i v\u00e0o ng\u00e0y 22 th\u00e1ng 7 n\u0103m 2019.<\/p>\n","protected":false},"excerpt":{"rendered":"<p>Tr\u1ee3 gi\u00fap cookie C\u00e1c trang web v\u00e0 n\u1ed9i dung c\u1ee7a ch\u00fang t\u00f4i s\u1eed d\u1ee5ng &#8216;Cookie&#8217; khi b\u1ea1n truy c\u1eadp ch\u00fang. Cookie l\u00e0m \u0111\u01b0\u1ee3c nhi\u1ec1u vi\u1ec7c. Ch\u00ednh s\u00e1ch n\u00e0y cho b\u1ea1n bi\u1ebft: Cookie l\u00e0 g\u00ec? Cookie tr\u00ean trang web \u0111\u1ec1 c\u1eadp \u0111\u1ebfn c\u00e1c bit th\u00f4ng tin v\u0103n b\u1ea3n \u0111\u01b0\u1ee3c l\u01b0u tr\u1eef tr\u00ean m\u00e1y t\u00ednh c\u1ee7a ng\u01b0\u1eddi [&hellip;]<\/p>\n","protected":false},"author":1,"featured_media":0,"parent":0,"menu_order":0,"comment_status":"closed","ping_status":"closed","template":"","meta":{"inline_featured_image":false,"_uag_custom_page_level_css":"","site-sidebar-layout":"default","site-content-layout":"","ast-site-content-layout":"default","site-content-style":"default","site-sidebar-style":"default","ast-global-header-display":"","ast-banner-title-visibility":"","ast-main-header-display":"","ast-hfb-above-header-display":"","ast-hfb-below-header-display":"","ast-hfb-mobile-header-display":"","site-post-title":"","ast-breadcrumbs-content":"","ast-featured-img":"","footer-sml-layout":"","ast-disable-related-posts":"","theme-transparent-header-meta":"","adv-header-id-meta":"","stick-header-meta":"","header-above-stick-meta":"","header-main-stick-meta":"","header-below-stick-meta":"","astra-migrate-meta-layouts":"default","ast-page-background-enabled":"default","ast-page-background-meta":{"desktop":{"background-color":"var(--ast-global-color-4)","background-image":"","background-repeat":"repeat","background-position":"center center","background-size":"auto","background-attachment":"scroll","background-type":"","background-media":"","overlay-type":"","overlay-color":"","overlay-opacity":"","overlay-gradient":""},"tablet":{"background-color":"","background-image":"","background-repeat":"repeat","background-position":"center center","background-size":"auto","background-attachment":"scroll","background-type":"","background-media":"","overlay-type":"","overlay-color":"","overlay-opacity":"","overlay-gradient":""},"mobile":{"background-color":"","background-image":"","background-repeat":"repeat","background-position":"center center","background-size":"auto","background-attachment":"scroll","background-type":"","background-media":"","overlay-type":"","overlay-color":"","overlay-opacity":"","overlay-gradient":""}},"ast-content-background-meta":{"desktop":{"background-color":"var(--ast-global-color-5)","background-image":"","background-repeat":"repeat","background-position":"center center","background-size":"auto","background-attachment":"scroll","background-type":"","background-media":"","overlay-type":"","overlay-color":"","overlay-opacity":"","overlay-gradient":""},"tablet":{"background-color":"var(--ast-global-color-5)","background-image":"","background-repeat":"repeat","background-position":"center center","background-size":"auto","background-attachment":"scroll","background-type":"","background-media":"","overlay-type":"","overlay-color":"","overlay-opacity":"","overlay-gradient":""},"mobile":{"background-color":"var(--ast-global-color-5)","background-image":"","background-repeat":"repeat","background-position":"center center","background-size":"auto","background-attachment":"scroll","background-type":"","background-media":"","overlay-type":"","overlay-color":"","overlay-opacity":"","overlay-gradient":""}},"footnotes":""},"class_list":["post-957","page","type-page","status-publish","hentry"],"aioseo_notices":[],"acf":[],"uagb_featured_image_src":{"full":false,"thumbnail":false,"medium":false,"medium_large":false,"large":false,"1536x1536":false,"2048x2048":false},"uagb_author_info":{"display_name":"bookiessite","author_link":"https:\/\/bookiessite.com\/vi\/author\/bookiessite\/"},"uagb_comment_info":0,"uagb_excerpt":"Tr\u1ee3 gi\u00fap cookie C\u00e1c trang web v\u00e0 n\u1ed9i dung c\u1ee7a ch\u00fang t\u00f4i s\u1eed d\u1ee5ng &#8216;Cookie&#8217; khi b\u1ea1n truy c\u1eadp ch\u00fang. Cookie l\u00e0m \u0111\u01b0\u1ee3c nhi\u1ec1u vi\u1ec7c. Ch\u00ednh s\u00e1ch n\u00e0y cho b\u1ea1n bi\u1ebft: Cookie l\u00e0 g\u00ec? Cookie tr\u00ean trang web \u0111\u1ec1 c\u1eadp \u0111\u1ebfn c\u00e1c bit th\u00f4ng tin v\u0103n b\u1ea3n \u0111\u01b0\u1ee3c l\u01b0u tr\u1eef tr\u00ean m\u00e1y t\u00ednh c\u1ee7a ng\u01b0\u1eddi&hellip;","_links":{"self":[{"href":"https:\/\/bookiessite.com\/vi\/wp-json\/wp\/v2\/pages\/957","targetHints":{"allow":["GET"]}}],"collection":[{"href":"https:\/\/bookiessite.com\/vi\/wp-json\/wp\/v2\/pages"}],"about":[{"href":"https:\/\/bookiessite.com\/vi\/wp-json\/wp\/v2\/types\/page"}],"author":[{"embeddable":true,"href":"https:\/\/bookiessite.com\/vi\/wp-json\/wp\/v2\/users\/1"}],"replies":[{"embeddable":true,"href":"https:\/\/bookiessite.com\/vi\/wp-json\/wp\/v2\/comments?post=957"}],"version-history":[{"count":2,"href":"https:\/\/bookiessite.com\/vi\/wp-json\/wp\/v2\/pages\/957\/revisions"}],"predecessor-version":[{"id":77049,"href":"https:\/\/bookiessite.com\/vi\/wp-json\/wp\/v2\/pages\/957\/revisions\/77049"}],"wp:attachment":[{"href":"https:\/\/bookiessite.com\/vi\/wp-json\/wp\/v2\/media?parent=957"}],"curies":[{"name":"wp","href":"https:\/\/api.w.org\/{rel}","templated":true}]}}