{"id":30400,"date":"2012-12-04T05:11:48","date_gmt":"2012-12-04T05:11:48","guid":{"rendered":"https:\/\/bookiessite.com\/cac-dieu-khoan-va-dieu-kien\/"},"modified":"2024-07-16T04:51:27","modified_gmt":"2024-07-16T04:51:27","slug":"cac-dieu-khoan-va-dieu-kien","status":"publish","type":"page","link":"https:\/\/bookiessite.com\/vi\/cac-dieu-khoan-va-dieu-kien\/","title":{"rendered":"C\u00e1c \u0111i\u1ec1u kho\u1ea3n v\u00e0 \u0111i\u1ec1u ki\u1ec7n"},"content":{"rendered":"\n<h2 class=\"wp-block-heading\">C\u00e1c \u0111i\u1ec1u kho\u1ea3n v\u00e0 \u0111i\u1ec1u ki\u1ec7n<\/h2>\n\n<p>Ch\u00e0o m\u1eebng \u0111\u1ebfn v\u1edbi Trang web Bookies!<\/p>\n\n<p>C\u00e1c \u0111i\u1ec1u kho\u1ea3n v\u00e0 \u0111i\u1ec1u ki\u1ec7n n\u00e0y ph\u00e1c th\u1ea3o c\u00e1c quy t\u1eafc v\u00e0 quy \u0111\u1ecbnh \u0111\u1ed1i v\u1edbi vi\u1ec7c s\u1eed d\u1ee5ng Trang web c\u1ee7a Trang web Bookies, c\u00f3 t\u1ea1i https:\/\/bookiessite.com\/.<\/p>\n\n<p>B\u1eb1ng c\u00e1ch truy c\u1eadp trang web n\u00e0y, ch\u00fang t\u00f4i cho r\u1eb1ng b\u1ea1n ch\u1ea5p nh\u1eadn c\u00e1c \u0111i\u1ec1u kho\u1ea3n v\u00e0 \u0111i\u1ec1u ki\u1ec7n n\u00e0y. Kh\u00f4ng ti\u1ebfp t\u1ee5c s\u1eed d\u1ee5ng Trang web Bookies n\u1ebfu b\u1ea1n kh\u00f4ng \u0111\u1ed3ng \u00fd th\u1ef1c hi\u1ec7n t\u1ea5t c\u1ea3 c\u00e1c \u0111i\u1ec1u kho\u1ea3n v\u00e0 \u0111i\u1ec1u ki\u1ec7n \u0111\u01b0\u1ee3c n\u00eau tr\u00ean trang n\u00e0y.<\/p>\n\n<p>Thu\u1eadt ng\u1eef sau \u00e1p d\u1ee5ng cho c\u00e1c \u0110i\u1ec1u kho\u1ea3n v\u00e0 \u0110i\u1ec1u ki\u1ec7n n\u00e0y, Tuy\u00ean b\u1ed1 v\u1ec1 Quy\u1ec1n ri\u00eang t\u01b0 v\u00e0 Th\u00f4ng b\u00e1o t\u1eeb ch\u1ed1i tr\u00e1ch nhi\u1ec7m v\u00e0 t\u1ea5t c\u1ea3 c\u00e1c Th\u1ecfa thu\u1eadn: &#8220;Kh\u00e1ch h\u00e0ng&#8221;, &#8220;B\u1ea1n&#8221; v\u00e0 &#8220;C\u1ee7a b\u1ea1n&#8221; \u0111\u1ec1 c\u1eadp \u0111\u1ebfn b\u1ea1n, ng\u01b0\u1eddi \u0111\u0103ng nh\u1eadp v\u00e0o trang web n\u00e0y v\u00e0 tu\u00e2n th\u1ee7 c\u00e1c \u0111i\u1ec1u kho\u1ea3n v\u00e0 \u0111i\u1ec1u ki\u1ec7n c\u1ee7a C\u00f4ng ty. &#8220;C\u00f4ng ty&#8221;, &#8220;B\u1ea3n th\u00e2n&#8221;, &#8220;Ch\u00fang t\u00f4i&#8221;, &#8220;C\u1ee7a ch\u00fang t\u00f4i&#8221; v\u00e0 &#8220;Ch\u00fang t\u00f4i&#8221;, \u0111\u1ec1 c\u1eadp \u0111\u1ebfn C\u00f4ng ty c\u1ee7a ch\u00fang t\u00f4i. &#8220;B\u00ean&#8221;, &#8220;C\u00e1c b\u00ean&#8221; ho\u1eb7c &#8220;Ch\u00fang t\u00f4i&#8221;, \u0111\u1ec1 c\u1eadp \u0111\u1ebfn c\u1ea3 Kh\u00e1ch h\u00e0ng v\u00e0 ch\u00ednh ch\u00fang ta. T\u1ea5t c\u1ea3 c\u00e1c \u0111i\u1ec1u kho\u1ea3n \u0111\u1ec1 c\u1eadp \u0111\u1ebfn \u0111\u1ec1 ngh\u1ecb, ch\u1ea5p nh\u1eadn v\u00e0 xem x\u00e9t thanh to\u00e1n c\u1ea7n thi\u1ebft \u0111\u1ec3 th\u1ef1c hi\u1ec7n quy tr\u00ecnh h\u1ed7 tr\u1ee3 c\u1ee7a ch\u00fang t\u00f4i cho Kh\u00e1ch h\u00e0ng theo c\u00e1ch ph\u00f9 h\u1ee3p nh\u1ea5t v\u1edbi m\u1ee5c \u0111\u00edch r\u00f5 r\u00e0ng l\u00e0 \u0111\u00e1p \u1ee9ng nhu c\u1ea7u c\u1ee7a Kh\u00e1ch h\u00e0ng \u0111\u1ed1i v\u1edbi vi\u1ec7c cung c\u1ea5p c\u00e1c d\u1ecbch v\u1ee5 \u0111\u00e3 n\u00eau c\u1ee7a C\u00f4ng ty, ph\u00f9 h\u1ee3p v\u1edbi v\u00e0 tu\u00e2n theo lu\u1eadt ph\u00e1p hi\u1ec7n h\u00e0nh c\u1ee7a H\u00e0 Lan. B\u1ea5t k\u1ef3 vi\u1ec7c s\u1eed d\u1ee5ng thu\u1eadt ng\u1eef tr\u00ean ho\u1eb7c c\u00e1c t\u1eeb kh\u00e1c \u1edf d\u1ea1ng s\u1ed1 \u00edt, s\u1ed1 nhi\u1ec1u, vi\u1ebft hoa v\u00e0\/ho\u1eb7c anh \u1ea5y\/c\u00f4 \u1ea5y ho\u1eb7c h\u1ecd \u0111\u1ec1u \u0111\u01b0\u1ee3c coi l\u00e0 c\u00f3 th\u1ec3 thay th\u1ebf cho nhau v\u00e0 do \u0111\u00f3 \u0111\u01b0\u1ee3c coi l\u00e0 gi\u1ed1ng nhau.<\/p>\n\n<h3 class=\"wp-block-heading\">B\u00e1nh quy<\/h3>\n\n<p>Ch\u00fang t\u00f4i s\u1eed d\u1ee5ng cookie. Khi truy c\u1eadp Trang web Bookies, b\u1ea1n \u0111\u00e3 \u0111\u1ed3ng \u00fd s\u1eed d\u1ee5ng cookie theo Ch\u00ednh s\u00e1ch quy\u1ec1n ri\u00eang t\u01b0 c\u1ee7a Trang web Bookies.<\/p>\n\n<p>H\u1ea7u h\u1ebft c\u00e1c trang web t\u01b0\u01a1ng t\u00e1c \u0111\u1ec1u s\u1eed d\u1ee5ng cookie \u0111\u1ec3 cho ph\u00e9p ch\u00fang t\u00f4i truy xu\u1ea5t th\u00f4ng tin chi ti\u1ebft c\u1ee7a ng\u01b0\u1eddi d\u00f9ng cho m\u1ed7i l\u1ea7n truy c\u1eadp. Cookie \u0111\u01b0\u1ee3c trang web c\u1ee7a ch\u00fang t\u00f4i s\u1eed d\u1ee5ng \u0111\u1ec3 k\u00edch ho\u1ea1t ch\u1ee9c n\u0103ng c\u1ee7a m\u1ed9t s\u1ed1 khu v\u1ef1c nh\u1ea5t \u0111\u1ecbnh nh\u1eb1m gi\u00fap m\u1ecdi ng\u01b0\u1eddi truy c\u1eadp trang web c\u1ee7a ch\u00fang t\u00f4i d\u1ec5 d\u00e0ng h\u01a1n. M\u1ed9t s\u1ed1 \u0111\u1ed1i t\u00e1c li\u00ean k\u1ebft\/qu\u1ea3ng c\u00e1o c\u1ee7a ch\u00fang t\u00f4i c\u0169ng c\u00f3 th\u1ec3 s\u1eed d\u1ee5ng cookie.<\/p>\n\n<h3 class=\"wp-block-heading\">Gi\u1ea5y ph\u00e9p<\/h3>\n\n<p>Tr\u1eeb khi c\u00f3 quy \u0111\u1ecbnh kh\u00e1c, Trang web Bookies v\u00e0\/ho\u1eb7c ng\u01b0\u1eddi c\u1ea5p ph\u00e9p c\u1ee7a n\u00f3 s\u1edf h\u1eefu quy\u1ec1n s\u1edf h\u1eefu tr\u00ed tu\u1ec7 \u0111\u1ed1i v\u1edbi t\u1ea5t c\u1ea3 t\u00e0i li\u1ec7u tr\u00ean Trang web Bookies. T\u1ea5t c\u1ea3 c\u00e1c quy\u1ec1n s\u1edf h\u1eefu tr\u00ed tu\u1ec7 \u0111\u01b0\u1ee3c b\u1ea3o l\u01b0u. B\u1ea1n c\u00f3 th\u1ec3 truy c\u1eadp trang n\u00e0y t\u1eeb Trang web Bookies cho m\u1ee5c \u0111\u00edch s\u1eed d\u1ee5ng c\u00e1 nh\u00e2n c\u1ee7a ri\u00eang b\u1ea1n tu\u00e2n theo c\u00e1c h\u1ea1n ch\u1ebf \u0111\u01b0\u1ee3c \u0111\u1eb7t ra trong c\u00e1c \u0111i\u1ec1u kho\u1ea3n v\u00e0 \u0111i\u1ec1u ki\u1ec7n n\u00e0y.<\/p>\n\n<p>Ba\u0323n kh\u00f4ng \u0111\u01b0\u01a1\u0323c:<\/p>\n\n<ul class=\"wp-block-list\">\n<li>T\u00e1i xu\u1ea5t b\u1ea3n t\u00e0i li\u1ec7u t\u1eeb Bookies Site<\/li>\n\n\n\n<li>B\u00e1n, cho thu\u00ea ho\u1eb7c c\u1ea5p ph\u00e9p ph\u1ee5 t\u00e0i li\u1ec7u t\u1eeb Bookies Site<\/li>\n\n\n\n<li>Sao ch\u00e9p, sao ch\u00e9p ho\u1eb7c sao ch\u00e9p t\u00e0i li\u1ec7u t\u1eeb Trang web Bookies<\/li>\n\n\n\n<li>Ph\u00e2n ph\u1ed1i l\u1ea1i n\u1ed9i dung t\u1eeb Bookies Site<\/li>\n<\/ul>\n\n<p>Th\u1ecfa thu\u1eadn n\u00e0y s\u1ebd b\u1eaft \u0111\u1ea7u v\u00e0o ng\u00e0y c\u1ee7a th\u1ecfa thu\u1eadn n\u00e0y.<\/p>\n\n<p>C\u00e1c ph\u1ea7n c\u1ee7a trang web n\u00e0y t\u1ea1o c\u01a1 h\u1ed9i cho ng\u01b0\u1eddi d\u00f9ng \u0111\u0103ng v\u00e0 trao \u0111\u1ed5i \u00fd ki\u1ebfn c\u0169ng nh\u01b0 th\u00f4ng tin trong c\u00e1c khu v\u1ef1c nh\u1ea5t \u0111\u1ecbnh c\u1ee7a trang web. Trang web Bookies kh\u00f4ng l\u1ecdc, ch\u1ec9nh s\u1eeda, xu\u1ea5t b\u1ea3n ho\u1eb7c xem x\u00e9t c\u00e1c Nh\u1eadn x\u00e9t tr\u01b0\u1edbc khi ch\u00fang xu\u1ea5t hi\u1ec7n tr\u00ean trang web. Nh\u1eadn x\u00e9t kh\u00f4ng ph\u1ea3n \u00e1nh quan \u0111i\u1ec3m v\u00e0 \u00fd ki\u1ebfn c\u1ee7a Trang web Bookies, c\u00e1c \u0111\u1ea1i l\u00fd v\u00e0\/ho\u1eb7c chi nh\u00e1nh c\u1ee7a n\u00f3. Nh\u1eadn x\u00e9t ph\u1ea3n \u00e1nh quan \u0111i\u1ec3m v\u00e0 \u00fd ki\u1ebfn c\u1ee7a ng\u01b0\u1eddi \u0111\u0103ng quan \u0111i\u1ec3m v\u00e0 \u00fd ki\u1ebfn c\u1ee7a h\u1ecd. Trong ph\u1ea1m vi \u0111\u01b0\u1ee3c ph\u00e1p lu\u1eadt hi\u1ec7n h\u00e0nh cho ph\u00e9p, Trang web Bookies s\u1ebd kh\u00f4ng ch\u1ecbu tr\u00e1ch nhi\u1ec7m ph\u00e1p l\u00fd \u0111\u1ed1i v\u1edbi c\u00e1c Nh\u1eadn x\u00e9t ho\u1eb7c b\u1ea5t k\u1ef3 tr\u00e1ch nhi\u1ec7m ph\u00e1p l\u00fd, thi\u1ec7t h\u1ea1i ho\u1eb7c chi ph\u00ed n\u00e0o g\u00e2y ra v\u00e0\/ho\u1eb7c g\u00e1nh ch\u1ecbu do b\u1ea5t k\u1ef3 vi\u1ec7c s\u1eed d\u1ee5ng v\u00e0\/ho\u1eb7c \u0111\u0103ng t\u1ea3i v\u00e0\/ho\u1eb7c s\u1ef1 xu\u1ea5t hi\u1ec7n c\u1ee7a c\u00e1c Nh\u1eadn x\u00e9t tr\u00ean Trang web n\u00e0y.<\/p>\n\n<p>Trang web Bookies c\u00f3 quy\u1ec1n theo d\u00f5i t\u1ea5t c\u1ea3 c\u00e1c Nh\u1eadn x\u00e9t v\u00e0 x\u00f3a m\u1ecdi Nh\u1eadn x\u00e9t c\u00f3 th\u1ec3 b\u1ecb coi l\u00e0 kh\u00f4ng ph\u00f9 h\u1ee3p, g\u00e2y kh\u00f3 ch\u1ecbu ho\u1eb7c g\u00e2y ra vi ph\u1ea1m c\u00e1c \u0110i\u1ec1u kho\u1ea3n v\u00e0 \u0110i\u1ec1u ki\u1ec7n n\u00e0y. <\/p>\n\n<p>B\u1ea1n \u0111\u1ea3m b\u1ea3o v\u00e0 tuy\u00ean b\u1ed1 r\u1eb1ng:<\/p>\n\n<ul class=\"wp-block-list\">\n<li>B\u1ea1n c\u00f3 quy\u1ec1n \u0111\u0103ng Nh\u1eadn x\u00e9t tr\u00ean trang web c\u1ee7a ch\u00fang t\u00f4i v\u00e0 c\u00f3 t\u1ea5t c\u1ea3 c\u00e1c gi\u1ea5y ph\u00e9p v\u00e0 s\u1ef1 \u0111\u1ed3ng \u00fd c\u1ea7n thi\u1ebft \u0111\u1ec3 l\u00e0m nh\u01b0 v\u1eady;<\/li>\n\n\n\n<li>Nh\u1eadn x\u00e9t kh\u00f4ng x\u00e2m ph\u1ea1m b\u1ea5t k\u1ef3 quy\u1ec1n s\u1edf h\u1eefu tr\u00ed tu\u1ec7 n\u00e0o, bao g\u1ed3m nh\u01b0ng kh\u00f4ng gi\u1edbi h\u1ea1n b\u1ea3n quy\u1ec1n, b\u1eb1ng s\u00e1ng ch\u1ebf ho\u1eb7c nh\u00e3n hi\u1ec7u c\u1ee7a b\u1ea5t k\u1ef3 b\u00ean th\u1ee9 ba n\u00e0o;<\/li>\n\n\n\n<li>C\u00e1c Nh\u1eadn x\u00e9t kh\u00f4ng ch\u1ee9a b\u1ea5t k\u1ef3 t\u00e0i li\u1ec7u ph\u1ec9 b\u00e1ng, b\u00f4i nh\u1ecd, x\u00fac ph\u1ea1m, kh\u00f4ng \u0111\u1ee9ng \u0111\u1eafn ho\u1eb7c b\u1ea5t h\u1ee3p ph\u00e1p n\u00e0o kh\u00e1c l\u00e0 x\u00e2m ph\u1ea1m quy\u1ec1n ri\u00eang t\u01b0<\/li>\n\n\n\n<li>Nh\u1eadn x\u00e9t s\u1ebd kh\u00f4ng \u0111\u01b0\u1ee3c s\u1eed d\u1ee5ng \u0111\u1ec3 thu h\u00fat ho\u1eb7c th\u00fac \u0111\u1ea9y ho\u1ea1t \u0111\u1ed9ng kinh doanh ho\u1eb7c t\u00f9y ch\u1ec9nh ho\u1eb7c tr\u00ecnh b\u00e0y c\u00e1c ho\u1ea1t \u0111\u1ed9ng th\u01b0\u01a1ng m\u1ea1i ho\u1eb7c ho\u1ea1t \u0111\u1ed9ng b\u1ea5t h\u1ee3p ph\u00e1p.<\/li>\n<\/ul>\n\n<p>Theo \u0111\u00e2y, b\u1ea1n c\u1ea5p cho Trang web Bookies gi\u1ea5y ph\u00e9p kh\u00f4ng \u0111\u1ed9c quy\u1ec1n \u0111\u1ec3 s\u1eed d\u1ee5ng, sao ch\u00e9p, ch\u1ec9nh s\u1eeda v\u00e0 \u1ee7y quy\u1ec1n cho ng\u01b0\u1eddi kh\u00e1c s\u1eed d\u1ee5ng, sao ch\u00e9p v\u00e0 ch\u1ec9nh s\u1eeda b\u1ea5t k\u1ef3 Nh\u1eadn x\u00e9t n\u00e0o c\u1ee7a b\u1ea1n d\u01b0\u1edbi m\u1ecdi h\u00ecnh th\u1ee9c, \u0111\u1ecbnh d\u1ea1ng ho\u1eb7c ph\u01b0\u01a1ng ti\u1ec7n.<\/p>\n\n<h3 class=\"wp-block-heading\">Si\u00eau li\u00ean k\u1ebft \u0111\u1ebfn N\u1ed9i dung c\u1ee7a ch\u00fang t\u00f4i<\/h3>\n\n<p>C\u00e1c t\u1ed5 ch\u1ee9c sau \u0111\u00e2y c\u00f3 th\u1ec3 li\u00ean k\u1ebft \u0111\u1ebfn Trang web c\u1ee7a ch\u00fang t\u00f4i m\u00e0 kh\u00f4ng c\u1ea7n s\u1ef1 ch\u1ea5p thu\u1eadn tr\u01b0\u1edbc b\u1eb1ng v\u0103n b\u1ea3n:<\/p>\n\n<ul class=\"wp-block-list\">\n<li>C\u01a1 quan ch\u00ednh ph\u1ee7;<\/li>\n\n\n\n<li>C\u00f4ng c\u1ee5 t\u00ecm ki\u1ebfm;<\/li>\n\n\n\n<li>T\u1ed5 ch\u1ee9c tin t\u1ee9c;<\/li>\n\n\n\n<li>C\u00e1c nh\u00e0 ph\u00e2n ph\u1ed1i th\u01b0 m\u1ee5c tr\u1ef1c tuy\u1ebfn c\u00f3 th\u1ec3 li\u00ean k\u1ebft \u0111\u1ebfn Trang web c\u1ee7a ch\u00fang t\u00f4i gi\u1ed1ng nh\u01b0 c\u00e1ch h\u1ecd li\u00ean k\u1ebft v\u1edbi c\u00e1c Trang web c\u1ee7a c\u00e1c doanh nghi\u1ec7p \u0111\u01b0\u1ee3c li\u1ec7t k\u00ea kh\u00e1c; v\u00e0<\/li>\n\n\n\n<li>C\u00e1c Doanh nghi\u1ec7p \u0111\u01b0\u1ee3c C\u00f4ng nh\u1eadn tr\u00ean to\u00e0n h\u1ec7 th\u1ed1ng ngo\u1ea1i tr\u1eeb c\u00e1c t\u1ed5 ch\u1ee9c phi l\u1ee3i nhu\u1eadn, trung t\u00e2m mua s\u1eafm t\u1eeb thi\u1ec7n v\u00e0 c\u00e1c nh\u00f3m g\u00e2y qu\u1ef9 t\u1eeb thi\u1ec7n kh\u00f4ng \u0111\u01b0\u1ee3c ph\u00e9p li\u00ean k\u1ebft v\u1edbi trang web c\u1ee7a ch\u00fang t\u00f4i.<\/li>\n<\/ul>\n\n<p>C\u00e1c t\u1ed5 ch\u1ee9c n\u00e0y c\u00f3 th\u1ec3 li\u00ean k\u1ebft \u0111\u1ebfn trang ch\u1ee7 c\u1ee7a ch\u00fang t\u00f4i, \u0111\u1ebfn c\u00e1c \u1ea5n ph\u1ea9m ho\u1eb7c th\u00f4ng tin trang web kh\u00e1c mi\u1ec5n l\u00e0 li\u00ean k\u1ebft: (a) kh\u00f4ng l\u1eeba \u0111\u1ea3o theo b\u1ea5t k\u1ef3 c\u00e1ch n\u00e0o; (b) kh\u00f4ng ng\u1ee5 \u00fd sai v\u1ec1 t\u00e0i tr\u1ee3, ch\u1ee9ng th\u1ef1c ho\u1eb7c ph\u00ea duy\u1ec7t b\u00ean li\u00ean k\u1ebft v\u00e0 c\u00e1c s\u1ea3n ph\u1ea9m v\u00e0\/ho\u1eb7c d\u1ecbch v\u1ee5 c\u1ee7a b\u00ean li\u00ean k\u1ebft; v\u00e0 (c) ph\u00f9 h\u1ee3p v\u1edbi ng\u1eef c\u1ea3nh c\u1ee7a trang web c\u1ee7a b\u00ean li\u00ean k\u1ebft.<\/p>\n\n<h3 class=\"wp-block-heading\">iFrames<\/h3>\n\n<p>N\u1ebfu kh\u00f4ng c\u00f3 s\u1ef1 ch\u1ea5p thu\u1eadn tr\u01b0\u1edbc v\u00e0 s\u1ef1 cho ph\u00e9p b\u1eb1ng v\u0103n b\u1ea3n, b\u1ea1n kh\u00f4ng \u0111\u01b0\u1ee3c t\u1ea1o c\u00e1c khung xung quanh c\u00e1c Trang web c\u1ee7a ch\u00fang t\u00f4i \u0111\u1ec3 thay \u0111\u1ed5i c\u00e1ch tr\u00ecnh b\u00e0y ho\u1eb7c giao di\u1ec7n tr\u1ef1c quan c\u1ee7a Trang web c\u1ee7a ch\u00fang t\u00f4i theo b\u1ea5t k\u1ef3 c\u00e1ch n\u00e0o.<\/p>\n\n<h3 class=\"wp-block-heading\">Tr\u00e1ch nhi\u1ec7m n\u1ed9i dung<\/h3>\n\n<p>Ch\u00fang t\u00f4i s\u1ebd kh\u00f4ng ch\u1ecbu tr\u00e1ch nhi\u1ec7m v\u1ec1 b\u1ea5t k\u1ef3 n\u1ed9i dung n\u00e0o xu\u1ea5t hi\u1ec7n tr\u00ean Trang web c\u1ee7a b\u1ea1n. B\u1ea1n \u0111\u1ed3ng \u00fd b\u1ea3o v\u1ec7 v\u00e0 b\u1ea3o v\u1ec7 ch\u00fang t\u00f4i tr\u01b0\u1edbc m\u1ecdi khi\u1ebfu n\u1ea1i \u0111ang gia t\u0103ng tr\u00ean Trang web c\u1ee7a b\u1ea1n. Kh\u00f4ng c\u00f3 (c\u00e1c) li\u00ean k\u1ebft n\u00e0o xu\u1ea5t hi\u1ec7n tr\u00ean b\u1ea5t k\u1ef3 Trang web n\u00e0o c\u00f3 th\u1ec3 b\u1ecb hi\u1ec3u l\u00e0 b\u00f4i nh\u1ecd, t\u1ee5c t\u0129u ho\u1eb7c t\u1ed9i ph\u1ea1m ho\u1eb7c vi ph\u1ea1m, vi ph\u1ea1m ho\u1eb7c \u1ee7ng h\u1ed9 vi\u1ec7c vi ph\u1ea1m ho\u1eb7c vi ph\u1ea1m b\u1ea5t k\u1ef3 quy\u1ec1n n\u00e0o c\u1ee7a b\u00ean th\u1ee9 ba.<\/p>\n\n<h3 class=\"wp-block-heading\">Quy\u1ec1n ri\u00eang t\u01b0 c\u1ee7a b\u1ea1n<\/h3>\n\n<p>Vui l\u00f2ng \u0111\u1ecdc Ch\u00ednh s\u00e1ch b\u1ea3o m\u1eadt<\/p>\n\n<h3 class=\"wp-block-heading\">b\u1ea3o l\u01b0u quy\u1ec1n<\/h3>\n\n<p>Ch\u00fang t\u00f4i c\u00f3 quy\u1ec1n y\u00eau c\u1ea7u b\u1ea1n x\u00f3a t\u1ea5t c\u1ea3 c\u00e1c li\u00ean k\u1ebft ho\u1eb7c b\u1ea5t k\u1ef3 li\u00ean k\u1ebft c\u1ee5 th\u1ec3 n\u00e0o \u0111\u1ebfn Trang web c\u1ee7a ch\u00fang t\u00f4i. B\u1ea1n ch\u1ea5p thu\u1eadn x\u00f3a ngay l\u1eadp t\u1ee9c t\u1ea5t c\u1ea3 c\u00e1c li\u00ean k\u1ebft \u0111\u1ebfn Trang web c\u1ee7a ch\u00fang t\u00f4i theo y\u00eau c\u1ea7u. Ch\u00fang t\u00f4i c\u0169ng b\u1ea3o l\u01b0u quy\u1ec1n tu\u00e2n th\u1ee7 c\u00e1c \u0111i\u1ec1u kho\u1ea3n v\u00e0 \u0111i\u1ec1u ki\u1ec7n n\u00e0y c\u0169ng nh\u01b0 ch\u00ednh s\u00e1ch li\u00ean k\u1ebft b\u1ea5t k\u1ef3 l\u00fac n\u00e0o. B\u1eb1ng c\u00e1ch li\u00ean t\u1ee5c li\u00ean k\u1ebft v\u1edbi Trang web c\u1ee7a ch\u00fang t\u00f4i, b\u1ea1n \u0111\u1ed3ng \u00fd b\u1ecb r\u00e0ng bu\u1ed9c v\u00e0 tu\u00e2n theo c\u00e1c \u0111i\u1ec1u kho\u1ea3n v\u00e0 \u0111i\u1ec1u ki\u1ec7n li\u00ean k\u1ebft n\u00e0y.<\/p>\n\n<h3 class=\"wp-block-heading\">Lo\u1ea1i b\u1ecf c\u00e1c li\u00ean k\u1ebft t\u1eeb trang web c\u1ee7a ch\u00fang t\u00f4i<\/h3>\n\n<p>N\u1ebfu b\u1ea1n t\u00ecm th\u1ea5y b\u1ea5t k\u1ef3 li\u00ean k\u1ebft n\u00e0o tr\u00ean Trang web c\u1ee7a ch\u00fang t\u00f4i g\u00e2y kh\u00f3 ch\u1ecbu v\u00ec b\u1ea5t k\u1ef3 l\u00fd do g\u00ec, b\u1ea1n c\u00f3 th\u1ec3 li\u00ean h\u1ec7 v\u00e0 th\u00f4ng b\u00e1o cho ch\u00fang t\u00f4i b\u1ea5t c\u1ee9 l\u00fac n\u00e0o. Ch\u00fang t\u00f4i s\u1ebd xem x\u00e9t c\u00e1c y\u00eau c\u1ea7u x\u00f3a li\u00ean k\u1ebft nh\u01b0ng ch\u00fang t\u00f4i kh\u00f4ng b\u1eaft bu\u1ed9c ph\u1ea3i l\u00e0m nh\u01b0 v\u1eady ho\u1eb7c tr\u1ea3 l\u1eddi tr\u1ef1c ti\u1ebfp cho b\u1ea1n.<\/p>\n\n<p>Ch\u00fang t\u00f4i kh\u00f4ng \u0111\u1ea3m b\u1ea3o r\u1eb1ng th\u00f4ng tin tr\u00ean trang web n\u00e0y l\u00e0 ch\u00ednh x\u00e1c, ch\u00fang t\u00f4i kh\u00f4ng \u0111\u1ea3m b\u1ea3o t\u00ednh \u0111\u1ea7y \u0111\u1ee7 ho\u1eb7c ch\u00ednh x\u00e1c c\u1ee7a n\u00f3; ch\u00fang t\u00f4i c\u0169ng kh\u00f4ng h\u1ee9a \u0111\u1ea3m b\u1ea3o r\u1eb1ng trang web v\u1eabn c\u00f3 s\u1eb5n ho\u1eb7c t\u00e0i li\u1ec7u tr\u00ean trang web \u0111\u01b0\u1ee3c c\u1eadp nh\u1eadt.<\/p>\n\n<h3 class=\"wp-block-heading\">t\u1eeb ch\u1ed1i tr\u00e1ch nhi\u1ec7m<\/h3>\n\n<p>Trong ph\u1ea1m vi t\u1ed1i \u0111a \u0111\u01b0\u1ee3c ph\u00e1p lu\u1eadt hi\u1ec7n h\u00e0nh cho ph\u00e9p, ch\u00fang t\u00f4i lo\u1ea1i tr\u1eeb m\u1ecdi tuy\u00ean b\u1ed1, b\u1ea3o \u0111\u1ea3m v\u00e0 \u0111i\u1ec1u ki\u1ec7n li\u00ean quan \u0111\u1ebfn trang web c\u1ee7a ch\u00fang t\u00f4i v\u00e0 vi\u1ec7c s\u1eed d\u1ee5ng trang web n\u00e0y. Kh\u00f4ng c\u00f3 g\u00ec trong tuy\u00ean b\u1ed1 t\u1eeb ch\u1ed1i tr\u00e1ch nhi\u1ec7m n\u00e0y s\u1ebd:<\/p>\n\n<ul class=\"wp-block-list\">\n<li>gi\u1edbi h\u1ea1n ho\u1eb7c lo\u1ea1i tr\u1eeb tr\u00e1ch nhi\u1ec7m ph\u00e1p l\u00fd c\u1ee7a ch\u00fang t\u00f4i ho\u1eb7c c\u1ee7a b\u1ea1n \u0111\u1ed1i v\u1edbi tr\u01b0\u1eddng h\u1ee3p t\u1eed vong ho\u1eb7c th\u01b0\u01a1ng t\u00edch c\u00e1 nh\u00e2n;<\/li>\n\n\n\n<li>gi\u1edbi h\u1ea1n ho\u1eb7c lo\u1ea1i tr\u1eeb tr\u00e1ch nhi\u1ec7m ph\u00e1p l\u00fd c\u1ee7a ch\u00fang t\u00f4i ho\u1eb7c c\u1ee7a b\u1ea1n \u0111\u1ed1i v\u1edbi gian l\u1eadn ho\u1eb7c xuy\u00ean t\u1ea1c gian l\u1eadn;<\/li>\n\n\n\n<li>gi\u1edbi h\u1ea1n b\u1ea5t k\u1ef3 tr\u00e1ch nhi\u1ec7m ph\u00e1p l\u00fd n\u00e0o c\u1ee7a ch\u00fang t\u00f4i ho\u1eb7c c\u1ee7a b\u1ea1n theo b\u1ea5t k\u1ef3 c\u00e1ch n\u00e0o kh\u00f4ng \u0111\u01b0\u1ee3c ph\u00e9p theo lu\u1eadt hi\u1ec7n h\u00e0nh; ho\u1eb7c l\u00e0<\/li>\n\n\n\n<li>lo\u1ea1i tr\u1eeb b\u1ea5t k\u1ef3 tr\u00e1ch nhi\u1ec7m ph\u00e1p l\u00fd n\u00e0o c\u1ee7a ch\u00fang t\u00f4i ho\u1eb7c c\u1ee7a b\u1ea1n c\u00f3 th\u1ec3 kh\u00f4ng \u0111\u01b0\u1ee3c lo\u1ea1i tr\u1eeb theo lu\u1eadt hi\u1ec7n h\u00e0nh.<\/li>\n<\/ul>\n\n<p>C\u00e1c gi\u1edbi h\u1ea1n v\u00e0 c\u1ea5m tr\u00e1ch nhi\u1ec7m ph\u00e1p l\u00fd \u0111\u01b0\u1ee3c \u0111\u1eb7t ra trong Ph\u1ea7n n\u00e0y v\u00e0 c\u00e1c n\u01a1i kh\u00e1c trong tuy\u00ean b\u1ed1 t\u1eeb ch\u1ed1i tr\u00e1ch nhi\u1ec7m n\u00e0y: (a) ph\u1ea3i tu\u00e2n theo \u0111o\u1ea1n tr\u01b0\u1edbc; v\u00e0 (b) chi ph\u1ed1i t\u1ea5t c\u1ea3 tr\u00e1ch nhi\u1ec7m ph\u00e1p l\u00fd ph\u00e1t sinh theo tuy\u00ean b\u1ed1 t\u1eeb ch\u1ed1i tr\u00e1ch nhi\u1ec7m, bao g\u1ed3m tr\u00e1ch nhi\u1ec7m ph\u00e1p l\u00fd ph\u00e1t sinh trong h\u1ee3p \u0111\u1ed3ng, ngo\u00e0i h\u1ee3p \u0111\u1ed3ng v\u00e0 vi ph\u1ea1m ngh\u0129a v\u1ee5 theo lu\u1eadt \u0111\u1ecbnh.<\/p>\n\n<p>Mi\u1ec5n l\u00e0 trang web v\u00e0 th\u00f4ng tin c\u0169ng nh\u01b0 d\u1ecbch v\u1ee5 tr\u00ean trang web \u0111\u01b0\u1ee3c cung c\u1ea5p mi\u1ec5n ph\u00ed, ch\u00fang t\u00f4i s\u1ebd kh\u00f4ng ch\u1ecbu tr\u00e1ch nhi\u1ec7m cho b\u1ea5t k\u1ef3 t\u1ed5n th\u1ea5t ho\u1eb7c thi\u1ec7t h\u1ea1i n\u00e0o.<\/p>\n","protected":false},"excerpt":{"rendered":"<p>C\u00e1c \u0111i\u1ec1u kho\u1ea3n v\u00e0 \u0111i\u1ec1u ki\u1ec7n Ch\u00e0o m\u1eebng \u0111\u1ebfn v\u1edbi Trang web Bookies! C\u00e1c \u0111i\u1ec1u kho\u1ea3n v\u00e0 \u0111i\u1ec1u ki\u1ec7n n\u00e0y ph\u00e1c th\u1ea3o c\u00e1c quy t\u1eafc v\u00e0 quy \u0111\u1ecbnh \u0111\u1ed1i v\u1edbi vi\u1ec7c s\u1eed d\u1ee5ng Trang web c\u1ee7a Trang web Bookies, c\u00f3 t\u1ea1i https:\/\/bookiessite.com\/. B\u1eb1ng c\u00e1ch truy c\u1eadp trang web n\u00e0y, ch\u00fang t\u00f4i cho r\u1eb1ng b\u1ea1n ch\u1ea5p [&hellip;]<\/p>\n","protected":false},"author":1,"featured_media":0,"parent":0,"menu_order":0,"comment_status":"closed","ping_status":"closed","template":"","meta":{"inline_featured_image":false,"_uag_custom_page_level_css":"","site-sidebar-layout":"default","site-content-layout":"","ast-site-content-layout":"default","site-content-style":"default","site-sidebar-style":"default","ast-global-header-display":"","ast-banner-title-visibility":"","ast-main-header-display":"","ast-hfb-above-header-display":"","ast-hfb-below-header-display":"","ast-hfb-mobile-header-display":"","site-post-title":"","ast-breadcrumbs-content":"","ast-featured-img":"","footer-sml-layout":"","ast-disable-related-posts":"","theme-transparent-header-meta":"","adv-header-id-meta":"","stick-header-meta":"","header-above-stick-meta":"","header-main-stick-meta":"","header-below-stick-meta":"","astra-migrate-meta-layouts":"default","ast-page-background-enabled":"default","ast-page-background-meta":{"desktop":{"background-color":"var(--ast-global-color-4)","background-image":"","background-repeat":"repeat","background-position":"center center","background-size":"auto","background-attachment":"scroll","background-type":"","background-media":"","overlay-type":"","overlay-color":"","overlay-opacity":"","overlay-gradient":""},"tablet":{"background-color":"","background-image":"","background-repeat":"repeat","background-position":"center center","background-size":"auto","background-attachment":"scroll","background-type":"","background-media":"","overlay-type":"","overlay-color":"","overlay-opacity":"","overlay-gradient":""},"mobile":{"background-color":"","background-image":"","background-repeat":"repeat","background-position":"center center","background-size":"auto","background-attachment":"scroll","background-type":"","background-media":"","overlay-type":"","overlay-color":"","overlay-opacity":"","overlay-gradient":""}},"ast-content-background-meta":{"desktop":{"background-color":"var(--ast-global-color-5)","background-image":"","background-repeat":"repeat","background-position":"center center","background-size":"auto","background-attachment":"scroll","background-type":"","background-media":"","overlay-type":"","overlay-color":"","overlay-opacity":"","overlay-gradient":""},"tablet":{"background-color":"var(--ast-global-color-5)","background-image":"","background-repeat":"repeat","background-position":"center center","background-size":"auto","background-attachment":"scroll","background-type":"","background-media":"","overlay-type":"","overlay-color":"","overlay-opacity":"","overlay-gradient":""},"mobile":{"background-color":"var(--ast-global-color-5)","background-image":"","background-repeat":"repeat","background-position":"center center","background-size":"auto","background-attachment":"scroll","background-type":"","background-media":"","overlay-type":"","overlay-color":"","overlay-opacity":"","overlay-gradient":""}},"footnotes":""},"class_list":["post-30400","page","type-page","status-publish","hentry"],"aioseo_notices":[],"acf":[],"uagb_featured_image_src":{"full":false,"thumbnail":false,"medium":false,"medium_large":false,"large":false,"1536x1536":false,"2048x2048":false},"uagb_author_info":{"display_name":"bookiessite","author_link":"https:\/\/bookiessite.com\/vi\/author\/bookiessite\/"},"uagb_comment_info":0,"uagb_excerpt":"C\u00e1c \u0111i\u1ec1u kho\u1ea3n v\u00e0 \u0111i\u1ec1u ki\u1ec7n Ch\u00e0o m\u1eebng \u0111\u1ebfn v\u1edbi Trang web Bookies! C\u00e1c \u0111i\u1ec1u kho\u1ea3n v\u00e0 \u0111i\u1ec1u ki\u1ec7n n\u00e0y ph\u00e1c th\u1ea3o c\u00e1c quy t\u1eafc v\u00e0 quy \u0111\u1ecbnh \u0111\u1ed1i v\u1edbi vi\u1ec7c s\u1eed d\u1ee5ng Trang web c\u1ee7a Trang web Bookies, c\u00f3 t\u1ea1i https:\/\/bookiessite.com\/. B\u1eb1ng c\u00e1ch truy c\u1eadp trang web n\u00e0y, ch\u00fang t\u00f4i cho r\u1eb1ng b\u1ea1n ch\u1ea5p&hellip;","_links":{"self":[{"href":"https:\/\/bookiessite.com\/vi\/wp-json\/wp\/v2\/pages\/30400","targetHints":{"allow":["GET"]}}],"collection":[{"href":"https:\/\/bookiessite.com\/vi\/wp-json\/wp\/v2\/pages"}],"about":[{"href":"https:\/\/bookiessite.com\/vi\/wp-json\/wp\/v2\/types\/page"}],"author":[{"embeddable":true,"href":"https:\/\/bookiessite.com\/vi\/wp-json\/wp\/v2\/users\/1"}],"replies":[{"embeddable":true,"href":"https:\/\/bookiessite.com\/vi\/wp-json\/wp\/v2\/comments?post=30400"}],"version-history":[{"count":1,"href":"https:\/\/bookiessite.com\/vi\/wp-json\/wp\/v2\/pages\/30400\/revisions"}],"predecessor-version":[{"id":82263,"href":"https:\/\/bookiessite.com\/vi\/wp-json\/wp\/v2\/pages\/30400\/revisions\/82263"}],"wp:attachment":[{"href":"https:\/\/bookiessite.com\/vi\/wp-json\/wp\/v2\/media?parent=30400"}],"curies":[{"name":"wp","href":"https:\/\/api.w.org\/{rel}","templated":true}]}}