{"id":30045,"date":"2012-12-22T08:01:45","date_gmt":"2012-12-22T08:01:45","guid":{"rendered":"https:\/\/bookiessite.com\/tu-choi-trach-nhiem\/"},"modified":"2024-07-16T03:34:18","modified_gmt":"2024-07-16T03:34:18","slug":"tu-choi-trach-nhiem","status":"publish","type":"page","link":"https:\/\/bookiessite.com\/vi\/tu-choi-trach-nhiem\/","title":{"rendered":"Tuy\u00ean b\u1ed1 mi\u1ec5n tr\u1eeb tr\u00e1ch nhi\u1ec7m \u0111\u1ed1i v\u1edbi trang web Bookies"},"content":{"rendered":"\n<blockquote class=\"wp-block-quote is-layout-flow wp-block-quote-is-layout-flow\">\n<p>tuy\u00ean b\u1ed1 mi\u1ec5n tr\u1eeb tr\u00e1ch nhi\u1ec7m<\/p>\n\n\n\n<p>N\u1ebfu c\u1ea7n th\u00eam th\u00f4ng tin v\u1ec1 tuy\u00ean b\u1ed1 t\u1eeb ch\u1ed1i tr\u00e1ch nhi\u1ec7m c\u1ee7a trang web n\u00e0y ho\u1eb7c trong m\u1ecdi tr\u01b0\u1eddng h\u1ee3p li\u00ean quan \u0111\u1ebfn nh\u1eefng \u0111i\u1ec1u tr\u00ean th\u00ec vui l\u00f2ng li\u00ean h\u1ec7 v\u1edbi ch\u00fang t\u00f4i.<\/p>\n\n\n\n<p>Tuy\u00ean b\u1ed1 mi\u1ec5n tr\u1eeb tr\u00e1ch nhi\u1ec7m \u0111\u1ed1i v\u1edbi trang web Bookies<\/p>\n\n\n\n<p>T\u1ea5t c\u1ea3 th\u00f4ng tin tr\u00ean trang web n\u00e0y &#8211; <a href=\"https:\/\/\/bookiessite.com\/\" target=\"_blank\" rel=\"noopener nofollow\" title=\"Trang web nh&#xE0; c&#xE1;i\">https:\/\/\/bookiessite.com\/<\/a> &#8211; \u0111\u01b0\u1ee3c ph\u1ed5 bi\u1ebfn m\u1ed9t c\u00e1ch thi\u1ec7n ch\u00ed v\u00e0 ch\u1ec9 d\u00e0nh cho th\u00f4ng tin chung. Th\u00f4ng tin n\u00e0y \u0111\u01b0\u1ee3c chuy\u1ec3n ti\u1ebfp b\u1edfi Trang web Nh\u00e0 c\u00e1i kh\u00f4ng \u0111i k\u00e8m v\u1edbi b\u1ea5t k\u1ef3 b\u1ea3o \u0111\u1ea3m n\u00e0o t\u1eeb ph\u00eda c\u00f4ng ty li\u00ean quan \u0111\u1ebfn t\u00ednh \u0111\u1ea7y \u0111\u1ee7, \u0111\u1ed9 tin c\u1eady v\u00e0 ch\u00ednh x\u00e1c c\u1ee7a th\u00f4ng tin n\u00e0y. T\u1ea5t c\u1ea3 th\u00f4ng tin \u0111\u01b0\u1ee3c cung c\u1ea5p tr\u00ean trang web n\u00e0y (Trang web Nh\u00e0 c\u00e1i) n\u00ean \u0111\u01b0\u1ee3c s\u1eed d\u1ee5ng v\u1edbi r\u1ee7i ro c\u1ee7a ri\u00eang b\u1ea1n. Trang web Nh\u00e0 c\u00e1i s\u1ebd kh\u00f4ng ch\u1ecbu tr\u00e1ch nhi\u1ec7m cho b\u1ea5t k\u1ef3 t\u1ed5n th\u1ea5t v\u00e0 \/ ho\u1eb7c thi\u1ec7t h\u1ea1i n\u00e0o ph\u00e1t sinh t\u1eeb vi\u1ec7c s\u1eed d\u1ee5ng trang web n\u00e0y.<\/p>\n\n\n\n<p>Trong khi s\u1eed d\u1ee5ng c\u00e1c ph\u1ea7n c\u1ee7a trang web n\u00e0y, b\u1ea1n c\u0169ng c\u00f3 th\u1ec3 \u0111\u01b0\u1ee3c chuy\u1ec3n h\u01b0\u1edbng \u0111\u1ebfn c\u00e1c trang web kh\u00e1c th\u00f4ng qua c\u00e1c li\u00ean k\u1ebft \u0111\u1ebfn c\u00e1c trang web kh\u00e1c \u0111\u00f3. Do \u0111\u00f3, m\u1eb7c d\u00f9 ch\u00fang t\u00f4i kh\u00f4ng ng\u1eebng n\u1ed7 l\u1ef1c \u0111\u1ec3 \u0111\u1ea3m b\u1ea3o r\u1eb1ng c\u00e1c li\u00ean k\u1ebft \u0111\u01b0\u1ee3c cung c\u1ea5p d\u1eabn \u0111\u1ebfn trang web h\u1eefu \u00edch v\u00e0 \u0111\u1ea1o \u0111\u1ee9c h\u01a1n, ch\u00fang t\u00f4i kh\u00f4ng th\u1ec3 gi\u00e1m s\u00e1t n\u1ed9i dung v\u00e0 b\u1ea3n ch\u1ea5t c\u1ee7a c\u00e1c trang web \u0111\u00f3. C\u00e1c li\u00ean k\u1ebft nh\u01b0 v\u1eady \u0111\u1ebfn c\u00e1c trang web Internet kh\u00e1c kh\u00f4ng cho th\u1ea5y s\u1ef1 ch\u1ee9ng th\u1ef1c c\u1ee7a HTM \u0111\u1ed1i v\u1edbi t\u1ea5t c\u1ea3 c\u00e1c th\u00f4ng tin c\u00f3 trong c\u00e1c li\u00ean k\u1ebft n\u00e0y. C\u00e1c trang web, ch\u1ee7 s\u1edf h\u1eefu v\u00e0 n\u1ed9i dung trong \u0111\u00f3 c\u00f3 th\u1ec3 thay \u0111\u1ed5i m\u00e0 kh\u00f4ng c\u1ea7n th\u00f4ng b\u00e1o tr\u01b0\u1edbc v\u00e0 hi\u1ebfm khi ch\u00fang t\u00f4i c\u00f3 c\u01a1 h\u1ed9i x\u00f3a m\u1ed9t li\u00ean k\u1ebft m\u00e0 b\u00e2y gi\u1edd c\u00f3 th\u1ec3 l\u00e0 &#8216;x\u1ea5u&#8217;.<\/p>\n\n\n\n<p>\u0110i\u1ec1u quan tr\u1ecdng l\u00e0 b\u1ea1n c\u0169ng c\u1ea7n l\u01b0u \u00fd r\u1eb1ng m\u1ed9t khi b\u1ea1n nh\u1ea5p v\u00e0o c\u00e1c li\u00ean k\u1ebft s\u1ebd \u0111\u01b0a b\u1ea1n \u0111\u1ebfn trang web c\u1ee7a c\u00e1c c\u00f4ng ty kh\u00e1c, b\u1ea1n ph\u1ea3i tu\u00e2n theo c\u00e1c ch\u00ednh s\u00e1ch kh\u00e1c, kh\u00f4ng thu\u1ed9c quy\u1ec1n ki\u1ec3m so\u00e1t c\u1ee7a c\u00f4ng ty. \u0110i\u1ec1u kh\u00f4n ngoan l\u00e0 ng\u01b0\u1eddi d\u00f9ng, tr\u01b0\u1edbc khi kinh doanh ho\u1eb7c t\u1ea3i l\u00ean b\u1ea5t k\u1ef3 d\u1eef li\u1ec7u n\u00e0o v\u00e0o c\u00e1c trang web n\u00e0y, h\u00e3y \u0111\u1ecdc c\u00e1c ch\u00ednh s\u00e1ch b\u1ea3o m\u1eadt c\u0169ng nh\u01b0 &#8220;\u0110i\u1ec1u kho\u1ea3n d\u1ecbch v\u1ee5&#8221;.<\/p>\n\n\n\n<p>\u0110\u1ed3ng \u00fd<\/p>\n\n\n\n<p>M\u1ecdi ng\u01b0\u1eddi truy c\u1eadp v\u00e0 s\u1eed d\u1ee5ng trang web n\u00e0y \u0111\u1ec1u \u0111\u1ed3ng \u00fd v\u1edbi c\u00e1c quy \u0111\u1ecbnh c\u1ee7a tuy\u00ean b\u1ed1 t\u1eeb ch\u1ed1i tr\u00e1ch nhi\u1ec7m n\u00e0y.<\/p>\n\n\n\n<p>C\u1eadp nh\u1eadt<\/p>\n\n\n\n<p>N\u1ebfu t\u1ea1i b\u1ea5t k\u1ef3 th\u1eddi \u0111i\u1ec3m n\u00e0o t\u00e0i li\u1ec7u n\u00e0y \u0111\u01b0\u1ee3c c\u1eadp nh\u1eadt, s\u1eeda \u0111\u1ed5i ho\u1eb7c thay \u0111\u1ed5i theo b\u1ea5t k\u1ef3 c\u00e1ch n\u00e0o, b\u1ea3n s\u1eeda \u0111\u1ed5i s\u1ebd \u0111\u01b0\u1ee3c \u0111\u00e1nh d\u1ea5u \u1edf \u0111\u00e2y.<\/p>\n<\/blockquote>\n","protected":false},"excerpt":{"rendered":"<p>tuy\u00ean b\u1ed1 mi\u1ec5n tr\u1eeb tr\u00e1ch nhi\u1ec7m N\u1ebfu c\u1ea7n th\u00eam th\u00f4ng tin v\u1ec1 tuy\u00ean b\u1ed1 t\u1eeb ch\u1ed1i tr\u00e1ch nhi\u1ec7m c\u1ee7a trang web n\u00e0y ho\u1eb7c trong m\u1ecdi tr\u01b0\u1eddng h\u1ee3p li\u00ean quan \u0111\u1ebfn nh\u1eefng \u0111i\u1ec1u tr\u00ean th\u00ec vui l\u00f2ng li\u00ean h\u1ec7 v\u1edbi ch\u00fang t\u00f4i. Tuy\u00ean b\u1ed1 mi\u1ec5n tr\u1eeb tr\u00e1ch nhi\u1ec7m \u0111\u1ed1i v\u1edbi trang web Bookies T\u1ea5t c\u1ea3 th\u00f4ng [&hellip;]<\/p>\n","protected":false},"author":1,"featured_media":0,"parent":0,"menu_order":0,"comment_status":"closed","ping_status":"closed","template":"","meta":{"inline_featured_image":false,"_uag_custom_page_level_css":"","site-sidebar-layout":"default","site-content-layout":"","ast-site-content-layout":"default","site-content-style":"default","site-sidebar-style":"default","ast-global-header-display":"","ast-banner-title-visibility":"","ast-main-header-display":"","ast-hfb-above-header-display":"","ast-hfb-below-header-display":"","ast-hfb-mobile-header-display":"","site-post-title":"","ast-breadcrumbs-content":"","ast-featured-img":"","footer-sml-layout":"","ast-disable-related-posts":"","theme-transparent-header-meta":"","adv-header-id-meta":"","stick-header-meta":"","header-above-stick-meta":"","header-main-stick-meta":"","header-below-stick-meta":"","astra-migrate-meta-layouts":"default","ast-page-background-enabled":"default","ast-page-background-meta":{"desktop":{"background-color":"var(--ast-global-color-4)","background-image":"","background-repeat":"repeat","background-position":"center center","background-size":"auto","background-attachment":"scroll","background-type":"","background-media":"","overlay-type":"","overlay-color":"","overlay-opacity":"","overlay-gradient":""},"tablet":{"background-color":"","background-image":"","background-repeat":"repeat","background-position":"center center","background-size":"auto","background-attachment":"scroll","background-type":"","background-media":"","overlay-type":"","overlay-color":"","overlay-opacity":"","overlay-gradient":""},"mobile":{"background-color":"","background-image":"","background-repeat":"repeat","background-position":"center center","background-size":"auto","background-attachment":"scroll","background-type":"","background-media":"","overlay-type":"","overlay-color":"","overlay-opacity":"","overlay-gradient":""}},"ast-content-background-meta":{"desktop":{"background-color":"var(--ast-global-color-5)","background-image":"","background-repeat":"repeat","background-position":"center center","background-size":"auto","background-attachment":"scroll","background-type":"","background-media":"","overlay-type":"","overlay-color":"","overlay-opacity":"","overlay-gradient":""},"tablet":{"background-color":"var(--ast-global-color-5)","background-image":"","background-repeat":"repeat","background-position":"center center","background-size":"auto","background-attachment":"scroll","background-type":"","background-media":"","overlay-type":"","overlay-color":"","overlay-opacity":"","overlay-gradient":""},"mobile":{"background-color":"var(--ast-global-color-5)","background-image":"","background-repeat":"repeat","background-position":"center center","background-size":"auto","background-attachment":"scroll","background-type":"","background-media":"","overlay-type":"","overlay-color":"","overlay-opacity":"","overlay-gradient":""}},"footnotes":""},"class_list":["post-30045","page","type-page","status-publish","hentry"],"aioseo_notices":[],"acf":[],"uagb_featured_image_src":{"full":false,"thumbnail":false,"medium":false,"medium_large":false,"large":false,"1536x1536":false,"2048x2048":false},"uagb_author_info":{"display_name":"bookiessite","author_link":"https:\/\/bookiessite.com\/vi\/author\/bookiessite\/"},"uagb_comment_info":0,"uagb_excerpt":"tuy\u00ean b\u1ed1 mi\u1ec5n tr\u1eeb tr\u00e1ch nhi\u1ec7m N\u1ebfu c\u1ea7n th\u00eam th\u00f4ng tin v\u1ec1 tuy\u00ean b\u1ed1 t\u1eeb ch\u1ed1i tr\u00e1ch nhi\u1ec7m c\u1ee7a trang web n\u00e0y ho\u1eb7c trong m\u1ecdi tr\u01b0\u1eddng h\u1ee3p li\u00ean quan \u0111\u1ebfn nh\u1eefng \u0111i\u1ec1u tr\u00ean th\u00ec vui l\u00f2ng li\u00ean h\u1ec7 v\u1edbi ch\u00fang t\u00f4i. Tuy\u00ean b\u1ed1 mi\u1ec5n tr\u1eeb tr\u00e1ch nhi\u1ec7m \u0111\u1ed1i v\u1edbi trang web Bookies T\u1ea5t c\u1ea3 th\u00f4ng&hellip;","_links":{"self":[{"href":"https:\/\/bookiessite.com\/vi\/wp-json\/wp\/v2\/pages\/30045","targetHints":{"allow":["GET"]}}],"collection":[{"href":"https:\/\/bookiessite.com\/vi\/wp-json\/wp\/v2\/pages"}],"about":[{"href":"https:\/\/bookiessite.com\/vi\/wp-json\/wp\/v2\/types\/page"}],"author":[{"embeddable":true,"href":"https:\/\/bookiessite.com\/vi\/wp-json\/wp\/v2\/users\/1"}],"replies":[{"embeddable":true,"href":"https:\/\/bookiessite.com\/vi\/wp-json\/wp\/v2\/comments?post=30045"}],"version-history":[{"count":2,"href":"https:\/\/bookiessite.com\/vi\/wp-json\/wp\/v2\/pages\/30045\/revisions"}],"predecessor-version":[{"id":77076,"href":"https:\/\/bookiessite.com\/vi\/wp-json\/wp\/v2\/pages\/30045\/revisions\/77076"}],"wp:attachment":[{"href":"https:\/\/bookiessite.com\/vi\/wp-json\/wp\/v2\/media?parent=30045"}],"curies":[{"name":"wp","href":"https:\/\/api.w.org\/{rel}","templated":true}]}}