{"id":18358,"date":"2012-12-22T08:47:15","date_gmt":"2012-12-22T08:47:15","guid":{"rendered":"https:\/\/bookiessite.com\/lien-he-chung-toi\/"},"modified":"2024-07-16T03:24:26","modified_gmt":"2024-07-16T03:24:26","slug":"lien-he-chung-toi","status":"publish","type":"page","link":"https:\/\/bookiessite.com\/vi\/lien-he-chung-toi\/","title":{"rendered":"Li\u00ean h\u1ec7 ch\u00fang t\u00f4i"},"content":{"rendered":"\n<p>Li\u00ean h\u1ec7 ch\u00fang t\u00f4i<\/p>\n\n<p>Ngo\u00e0i ra, v\u1edbi <a href=\"https:\/\/bookiessite.com\/vi\/\" target=\"_blank\" rel=\"noopener\" title=\"Trang web nh&#xE0; c&#xE1;i\">trang web nh\u00e0 c\u00e1i<\/a>, b\u1ea1n c\u00f3 th\u1ec3 ch\u1eafc ch\u1eafn r\u1eb1ng c\u00e2u tr\u1ea3 l\u1eddi cho c\u00e1c c\u00e2u h\u1ecfi b\u1ea1n c\u00f3, ch\u1ec9 l\u00e0 m\u1ed9t c\u00fa nh\u1ea5p chu\u1ed9t. B\u1ea1n c\u00f3 th\u1ec3 li\u00ean h\u1ec7 v\u1edbi nh\u00f3m chuy\u00ean gia c\u1ee7a ch\u00fang t\u00f4i b\u1ea5t c\u1ee9 l\u00fac n\u00e0o b\u1edfi v\u00ec, nh\u01b0 b\u1ea1n bi\u1ebft, ch\u00fang t\u00f4i lu\u00f4n s\u1eb5n s\u00e0ng ph\u1ee5c v\u1ee5 b\u1ea1n 24\/7! Cho d\u00f9 \u0111\u00f3 l\u00e0 c\u00e2u h\u1ecfi li\u00ean quan \u0111\u1ebfn c\u00e1c d\u1ecbch v\u1ee5 ch\u00fang t\u00f4i cung c\u1ea5p hay ch\u1ec9 \u0111\u01a1n gi\u1ea3n l\u00e0 &#8216;xin ch\u00e0o&#8217;, ch\u00e0o m\u1eebng, ch\u00fang t\u00f4i lu\u00f4n s\u1eb5n s\u00e0ng h\u1ed7 tr\u1ee3. T\u1ea5t c\u1ea3 nh\u1eefng g\u00ec b\u1ea1n ph\u1ea3i l\u00e0m l\u00e0 g\u1eedi truy v\u1ea5n c\u1ee7a m\u00ecnh \u0111\u1ebfn b\u1ed9 ph\u1eadn h\u1ed7 tr\u1ee3 c\u1ee7a trang web, ch\u00ednh th\u1ee9c \u0111\u01b0\u1ee3c \u0111\u1eb7t t\u1ea1i  <strong>support@bookiessite. Com<\/strong>  V\u00e0 ch\u00fang t\u00f4i s\u1ebd r\u1ea5t vui khi m\u1edf r\u1ed9ng b\u00e0n tay. \u0110\u1eebng ng\u1ed3i n\u1eefa &#8211; \u0111\u00e3 \u0111\u1ebfn l\u00fac c\u00e2u h\u1ecfi c\u1ee7a b\u1ea1n \u0111\u01b0\u1ee3c tr\u1ea3 l\u1eddi v\u00e0 n\u01a1i n\u00e0o t\u1ed1t h\u01a1n cho th\u00f4ng tin n\u00e0y h\u01a1n l\u00e0 t\u1eeb trang web c\u1ee7a nh\u00e0 c\u00e1i. Li\u00ean h\u1ec7 v\u1edbi ban qu\u1ea3n l\u00fd ngay h\u00f4m nay \u0111\u1ec3 t\u00ecm hi\u1ec3u c\u00e1ch ch\u00fang t\u00f4i c\u00f3 th\u1ec3 h\u1ed7 tr\u1ee3 b\u1ea1n.<\/p>\n\n<div class=\"wp-block-uagb-forms uagb-forms__outer-wrap uagb-block-ddb1fa45 uagb-forms__medium-btn\"><form class=\"uagb-forms-main-form\" method=\"post\" autocomplete=\"on\" name=\"uagb-form-ddb1fa45\">\n          \n\n          <div class=\"wp-block-uagb-forms-name uagb-forms-name-wrap uagb-forms-field-set uagb-block-fe82063e\">\n            <div class=\"uagb-forms-name-label required uagb-forms-input-label\" id=\"fe82063e\">T\u00ean th\u00e1nh<\/div>\n            <input type=\"text\" placeholder=\"John\" required=\"\" class=\"uagb-forms-name-input uagb-forms-input\" name=\"fe82063e\" autocomplete=\"given-name\">\n          <\/div>\n          \n\n        \n\n\n\n          \n\n          <div class=\"wp-block-uagb-forms-name uagb-forms-name-wrap uagb-forms-field-set uagb-block-479d3f82\">\n            <div class=\"uagb-forms-name-label required uagb-forms-input-label\" id=\"479d3f82\">H\u1ecd<\/div>\n            <input type=\"text\" placeholder=\"Wilson\" required=\"\" class=\"uagb-forms-name-input uagb-forms-input\" name=\"479d3f82\" autocomplete=\"family-name\">\n          <\/div>\n          \n\n        \n\n\n\n          \n\n          <div class=\"wp-block-uagb-forms-email uagb-forms-email-wrap uagb-forms-field-set uagb-block-01a3d36d\">\n            <div class=\"uagb-forms-email-label uagb-forms-input-label\" id=\"01a3d36d\">Email<\/div>\n            <input type=\"email\" class=\"uagb-forms-email-input uagb-forms-input\" placeholder=\"example@mail.com\" name=\"01a3d36d\" autocomplete=\"email\">\n          <\/div>\n          \n\n        \n\n\n\n          \n\n          <div class=\"wp-block-uagb-forms-textarea uagb-forms-textarea-wrap uagb-forms-field-set uagb-block-0e2cb2b9\">\n            <div class=\"uagb-forms-textarea-label required uagb-forms-input-label\" id=\"0e2cb2b9\">Th\u00f4ng \u0111i\u1ec7p<\/div>\n            <textarea required=\"\" class=\"uagb-forms-textarea-input uagb-forms-input\" rows=\"4\" placeholder=\"Nh\u1eadp tin nh\u1eafn c\u1ee7a b\u1ea1n\" name=\"0e2cb2b9\" autocomplete=\"off\"><\/textarea>\n          <\/div>\n          \n\n        \n<div class=\"uagb-forms-form-hidden-data\"><input type=\"hidden\" class=\"uagb_forms_form_label\" value=\"Spectra Form\"\/><input type=\"hidden\" class=\"uagb_forms_form_id\" value=\"uagb-form-ddb1fa45\"\/><\/div><div class=\"uagb-form-reacaptcha-error-ddb1fa45\"><\/div><div class=\"uagb-forms-main-submit-button-wrap wp-block-button\"><button class=\"uagb-forms-main-submit-button wp-block-button__link\"><div class=\"uagb-forms-main-submit-button-text\">Tr\u00ecnh<\/div><\/button><\/div><\/form><div class=\"uagb-forms-success-message-ddb1fa45 uagb-forms-submit-message-hide\"><span>The form has been submitted successfully!<\/span><\/div><div class=\"uagb-forms-failed-message-ddb1fa45 uagb-forms-submit-message-hide\"><span>There has been some error while submitting the form. Please verify all form fields again.<\/span><\/div><\/div>\n\n<p>Ch\u00fang t\u00f4i mong mu\u1ed1n \u0111\u01b0\u1ee3c nghe t\u1eeb b\u1ea1n s\u1edbm!<\/p>\n\n<p>Nh\u00f3m trang web c\u1ee7a nh\u00e0 c\u00e1i<\/p>\n","protected":false},"excerpt":{"rendered":"<p>Li\u00ean h\u1ec7 ch\u00fang t\u00f4i Ngo\u00e0i ra, v\u1edbi trang web nh\u00e0 c\u00e1i, b\u1ea1n c\u00f3 th\u1ec3 ch\u1eafc ch\u1eafn r\u1eb1ng c\u00e2u tr\u1ea3 l\u1eddi cho c\u00e1c c\u00e2u h\u1ecfi b\u1ea1n c\u00f3, ch\u1ec9 l\u00e0 m\u1ed9t c\u00fa nh\u1ea5p chu\u1ed9t. B\u1ea1n c\u00f3 th\u1ec3 li\u00ean h\u1ec7 v\u1edbi nh\u00f3m chuy\u00ean gia c\u1ee7a ch\u00fang t\u00f4i b\u1ea5t c\u1ee9 l\u00fac n\u00e0o b\u1edfi v\u00ec, nh\u01b0 b\u1ea1n bi\u1ebft, ch\u00fang t\u00f4i [&hellip;]<\/p>\n","protected":false},"author":1,"featured_media":0,"parent":0,"menu_order":0,"comment_status":"closed","ping_status":"closed","template":"","meta":{"inline_featured_image":false,"_uag_custom_page_level_css":"","site-sidebar-layout":"default","site-content-layout":"","ast-site-content-layout":"default","site-content-style":"default","site-sidebar-style":"default","ast-global-header-display":"","ast-banner-title-visibility":"","ast-main-header-display":"","ast-hfb-above-header-display":"","ast-hfb-below-header-display":"","ast-hfb-mobile-header-display":"","site-post-title":"","ast-breadcrumbs-content":"","ast-featured-img":"","footer-sml-layout":"","ast-disable-related-posts":"","theme-transparent-header-meta":"","adv-header-id-meta":"","stick-header-meta":"","header-above-stick-meta":"","header-main-stick-meta":"","header-below-stick-meta":"","astra-migrate-meta-layouts":"default","ast-page-background-enabled":"default","ast-page-background-meta":{"desktop":{"background-color":"var(--ast-global-color-4)","background-image":"","background-repeat":"repeat","background-position":"center center","background-size":"auto","background-attachment":"scroll","background-type":"","background-media":"","overlay-type":"","overlay-color":"","overlay-opacity":"","overlay-gradient":""},"tablet":{"background-color":"","background-image":"","background-repeat":"repeat","background-position":"center center","background-size":"auto","background-attachment":"scroll","background-type":"","background-media":"","overlay-type":"","overlay-color":"","overlay-opacity":"","overlay-gradient":""},"mobile":{"background-color":"","background-image":"","background-repeat":"repeat","background-position":"center center","background-size":"auto","background-attachment":"scroll","background-type":"","background-media":"","overlay-type":"","overlay-color":"","overlay-opacity":"","overlay-gradient":""}},"ast-content-background-meta":{"desktop":{"background-color":"var(--ast-global-color-5)","background-image":"","background-repeat":"repeat","background-position":"center center","background-size":"auto","background-attachment":"scroll","background-type":"","background-media":"","overlay-type":"","overlay-color":"","overlay-opacity":"","overlay-gradient":""},"tablet":{"background-color":"var(--ast-global-color-5)","background-image":"","background-repeat":"repeat","background-position":"center center","background-size":"auto","background-attachment":"scroll","background-type":"","background-media":"","overlay-type":"","overlay-color":"","overlay-opacity":"","overlay-gradient":""},"mobile":{"background-color":"var(--ast-global-color-5)","background-image":"","background-repeat":"repeat","background-position":"center center","background-size":"auto","background-attachment":"scroll","background-type":"","background-media":"","overlay-type":"","overlay-color":"","overlay-opacity":"","overlay-gradient":""}},"footnotes":""},"class_list":["post-18358","page","type-page","status-publish","hentry"],"aioseo_notices":[],"acf":[],"uagb_featured_image_src":{"full":false,"thumbnail":false,"medium":false,"medium_large":false,"large":false,"1536x1536":false,"2048x2048":false},"uagb_author_info":{"display_name":"bookiessite","author_link":"https:\/\/bookiessite.com\/vi\/author\/bookiessite\/"},"uagb_comment_info":0,"uagb_excerpt":"Li\u00ean h\u1ec7 ch\u00fang t\u00f4i Ngo\u00e0i ra, v\u1edbi trang web nh\u00e0 c\u00e1i, b\u1ea1n c\u00f3 th\u1ec3 ch\u1eafc ch\u1eafn r\u1eb1ng c\u00e2u tr\u1ea3 l\u1eddi cho c\u00e1c c\u00e2u h\u1ecfi b\u1ea1n c\u00f3, ch\u1ec9 l\u00e0 m\u1ed9t c\u00fa nh\u1ea5p chu\u1ed9t. B\u1ea1n c\u00f3 th\u1ec3 li\u00ean h\u1ec7 v\u1edbi nh\u00f3m chuy\u00ean gia c\u1ee7a ch\u00fang t\u00f4i b\u1ea5t c\u1ee9 l\u00fac n\u00e0o b\u1edfi v\u00ec, nh\u01b0 b\u1ea1n bi\u1ebft, ch\u00fang t\u00f4i&hellip;","_links":{"self":[{"href":"https:\/\/bookiessite.com\/vi\/wp-json\/wp\/v2\/pages\/18358","targetHints":{"allow":["GET"]}}],"collection":[{"href":"https:\/\/bookiessite.com\/vi\/wp-json\/wp\/v2\/pages"}],"about":[{"href":"https:\/\/bookiessite.com\/vi\/wp-json\/wp\/v2\/types\/page"}],"author":[{"embeddable":true,"href":"https:\/\/bookiessite.com\/vi\/wp-json\/wp\/v2\/users\/1"}],"replies":[{"embeddable":true,"href":"https:\/\/bookiessite.com\/vi\/wp-json\/wp\/v2\/comments?post=18358"}],"version-history":[{"count":4,"href":"https:\/\/bookiessite.com\/vi\/wp-json\/wp\/v2\/pages\/18358\/revisions"}],"predecessor-version":[{"id":77023,"href":"https:\/\/bookiessite.com\/vi\/wp-json\/wp\/v2\/pages\/18358\/revisions\/77023"}],"wp:attachment":[{"href":"https:\/\/bookiessite.com\/vi\/wp-json\/wp\/v2\/media?parent=18358"}],"curies":[{"name":"wp","href":"https:\/\/api.w.org\/{rel}","templated":true}]}}