{"id":18310,"date":"2012-12-22T08:13:29","date_gmt":"2012-12-22T08:13:29","guid":{"rendered":"https:\/\/bookiessite.com\/ve-chung-toi\/"},"modified":"2024-07-16T01:22:25","modified_gmt":"2024-07-16T01:22:25","slug":"ve-chung-toi","status":"publish","type":"page","link":"https:\/\/bookiessite.com\/vi\/ve-chung-toi\/","title":{"rendered":"V\u1ec1 ch\u00fang t\u00f4i"},"content":{"rendered":"\n<blockquote class=\"wp-block-quote is-layout-flow wp-block-quote-is-layout-flow\">\n<h2 class=\"wp-block-heading\">Ch\u00e0o m\u1eebng b\u1ea1n \u0111\u1ebfn v\u1edbi bookiessite. Com<\/h2>\n\n\n\n<p>Nh\u00e0 c\u00e1i. \u0110i\u1ec1u n\u00e0y l\u00e0 do com l\u00e0 m\u1ed9t N\u1ec1n t\u1ea3ng trang web nh\u00e0 c\u00e1i chuy\u00ean nghi\u1ec7p. \u1ede \u0111\u00e2y b\u1ea1n s\u1ebd ch\u1ec9 t\u00ecm th\u1ea5y nh\u1eefng \u0111i\u1ec1u th\u00fa v\u1ecb v\u00e0 c\u00f3 l\u1ebd nh\u1ea5t l\u00e0 b\u1ea1n s\u1ebd th\u00edch n\u00f3. Ch\u00fang t\u00f4i mong mu\u1ed1n gi\u1edbi thi\u1ec7u cho b\u1ea1n c\u00e1c trang web nh\u00e0 c\u00e1i h\u00e0ng \u0111\u1ea7u bao g\u1ed3m c\u00e1c nguy\u00ean t\u1eafc v\u1ec1 \u0111\u1ed9 tin c\u1eady v\u00e0 trang web c\u00e1 c\u01b0\u1ee3c. M\u1ee5c ti\u00eau c\u1ee7a ch\u00fang t\u00f4i l\u00e0 l\u00e0m cho ni\u1ec1m \u0111am m\u00ea trang web nh\u00e0 c\u00e1i c\u1ee7a ch\u00fang t\u00f4i tr\u1edf th\u00e0nh m\u1ed9t doanh nghi\u1ec7p tr\u1ef1c tuy\u1ebfn th\u00e0nh c\u00f4ng. Ch\u00fang t\u00f4i tin r\u1eb1ng b\u1ea1n s\u1ebd th\u00edch trang web c\u1ee7a nh\u00e0 c\u00e1i nhi\u1ec1u nh\u01b0 ch\u00fang t\u00f4i th\u00edch cung c\u1ea5p cho b\u1ea1n.<\/p>\n\n\n\n<h2 class=\"wp-block-heading\">\u0110\u00e1nh b\u1ea1c vui v\u1ebb<\/h2>\n\n\n\n<p>N\u1ebfu b\u1ea1n \u0111ang t\u00ecm ki\u1ebfm nh\u00e0 c\u00e1i th\u00ec b\u1ea1n \u0111\u00e3 h\u1ea1 c\u00e1nh \u0111\u00fang n\u01a1i v\u00ec trang web Bookies l\u00e0 t\u1ed1t nh\u1ea5t cho \u0111i\u1ec1u \u0111\u00f3. T\u1ea5t nhi\u00ean, nhi\u1ec7m v\u1ee5 ch\u00ednh c\u1ee7a ch\u00fang t\u00f4i l\u00e0 h\u1ed7 tr\u1ee3 b\u1ea1n l\u1ef1a ch\u1ecdn c\u00e1c t\u00f9y ch\u1ecdn ph\u00f9 h\u1ee3p v\u00e0 c\u00f3 l\u1ee3i nh\u1ea5t \u0111\u1ec3 \u0111\u1eb7t c\u01b0\u1ee3c v\u00e0o c\u00e1c s\u1ef1 ki\u1ec7n th\u1ec3 thao. \u0110\u00f3 l\u00e0 l\u00fd do t\u1ea1i sao do m\u1ed9t \u0111\u1ed9i ng\u0169 chuy\u00ean gia v\u00e0 chuy\u00ean gia m\u1ea1nh m\u1ebd, ch\u00fang t\u00f4i c\u00f3 th\u1ec3 cung c\u1ea5p cho b\u1ea1n t\u1ea5t c\u1ea3 th\u00f4ng tin v\u1ec1 c\u00e1c trang web nh\u00e0 c\u00e1i. V\u1ec1 t\u1ea7m nh\u00ecn c\u1ee7a c\u00f4ng ty, \u0111\u00f3 l\u00e0 l\u00e0m cho cu\u1ed9c s\u1ed1ng c\u1ee7a t\u1ea5t c\u1ea3 c\u00e1c \u0111\u1ed1i t\u01b0\u1ee3ng trong l\u0129nh v\u1ef1c c\u00e1 c\u01b0\u1ee3c th\u1ec3 thao tr\u1ef1c tuy\u1ebfn tr\u1edf n\u00ean d\u1ec5 d\u00e0ng v\u00e0 t\u01b0\u01a1i s\u00e1ng h\u01a1n. V\u00ec v\u1eady, cho d\u00f9 b\u1ea1n l\u00e0 ng\u01b0\u1eddi ch\u01a1i m\u1edbi hay b\u1ea1n \u0111ang t\u00ecm ki\u1ebfm c\u00e1c h\u01b0\u1edbng d\u1eabn v\u1ec1 c\u00e1ch \u0111\u1eb7t c\u01b0\u1ee3c, th\u00ec xin ch\u00fac m\u1eebng, b\u1ea1n \u0111\u00e3 \u0111\u1ebfn \u0111\u00fang trang. Ch\u00fang t\u00f4i ch\u00fac b\u1ea1n t\u1eadn h\u01b0\u1edfng trang web c\u1ee7a ch\u00fang t\u00f4i v\u00e0 c\u00f3 kho\u1ea3ng th\u1eddi gian vui v\u1ebb khi ch\u01a1i, c\u1ea3m \u01a1n b\u1ea1n \u0111\u00e3 \u1edf b\u00ean ch\u00fang t\u00f4i v\u00e0 ch\u00fac may m\u1eafn!<\/p>\n\n\n\n<h2 class=\"wp-block-heading\">c\u00e1 c\u01b0\u1ee3c vui v\u1ebb<\/h2>\n\n\n\n<p>\u0110\u00f3 l\u00e0 ni\u1ec1m vui c\u1ee7a ch\u00fang t\u00f4i \u0111\u1ec3 ch\u00e0o \u0111\u00f3n b\u1ea1n \u0111\u1ebfn trang web c\u1ee7a ch\u00fang t\u00f4i v\u00e0 ch\u00fang t\u00f4i hy v\u1ecdng r\u1eb1ng b\u1ea1n th\u00edch trang web c\u1ee7a ch\u00fang t\u00f4i. \u0110\u00e2y l\u00e0 l\u1ea7n \u0111\u1ea7u ti\u00ean b\u1ea1n truy c\u1eadp trang bookiessite v\u00e0 ch\u00fang t\u00f4i mu\u1ed1n ch\u00e0o \u0111\u00f3n b\u1ea1n v\u00e0 hy v\u1ecdng s\u1ebd g\u1eb7p b\u1ea1n th\u01b0\u1eddng xuy\u00ean h\u01a1n. \u0110\u1ed1i v\u1edbi b\u1ea5t k\u1ef3 c\u00e2u h\u1ecfi ho\u1eb7c m\u1ed1i quan t\u00e2m n\u00e0o, ch\u00fang t\u00f4i r\u1ea5t mu\u1ed1n nghe t\u1eeb b\u1ea1n ho\u1eb7c b\u1ea5t k\u1ef3 c\u00e2u h\u1ecfi n\u00e0o m\u00e0 b\u1ea1n c\u00f3 th\u1ec3 c\u00f3. N\u1ebfu b\u1ea1n c\u1ea7n b\u1ea5t k\u1ef3 s\u1ef1 gi\u00fap \u0111\u1ee1 n\u00e0o, ch\u00fang t\u00f4i \u1edf \u0111\u00e2y cho b\u1ea1n, ch\u1ec9 c\u1ea7n cho ch\u00fang t\u00f4i bi\u1ebft. Ch\u00fang t\u00f4i c\u1ea3m \u01a1n b\u1ea1n \u0111\u00e3 gh\u00e9 th\u0103m trang web nh\u00e0 c\u00e1i v\u00e0 ch\u00fang t\u00f4i mong \u0111\u01b0\u1ee3c g\u1eb7p b\u1ea1n \u1edf ph\u00eda b\u00ean kia c\u1ee7a nh\u1eefng chi\u1ebfn th\u1eafng v\u00e0 th\u1ea5t b\u1ea1i! Ch\u00fac m\u1eebng c\u00e1 c\u01b0\u1ee3c!<\/p>\n\n\n\n<p>Ch\u00fang t\u00f4i ch\u00fac b\u1ea1n g\u1eb7p may m\u1eafn khi s\u1eed d\u1ee5ng trang web c\u1ee7a ch\u00fang t\u00f4i cho t\u1ea5t c\u1ea3 c\u00e1c v\u1ea5n \u0111\u1ec1 v\u00e0 y\u00eau c\u1ea7u li\u00ean quan \u0111\u1ebfn nh\u00e0 c\u00e1i. Do \u0111\u00f3, nh\u00f3m c\u1ee7a ch\u00fang t\u00f4i l\u00e0m vi\u1ec7c \u0111\u1ec3 \u0111\u1ea3m b\u1ea3o r\u1eb1ng b\u1ea1n \u0111\u01b0\u1ee3c cung c\u1ea5p th\u00f4ng tin m\u1edbi nh\u1ea5t s\u1ebd h\u1ed7 tr\u1ee3 b\u1ea1n \u0111\u01b0a ra quy\u1ebft \u0111\u1ecbnh \u0111\u00fang \u0111\u1eafn khi n\u00f3i \u0111\u1ebfn c\u00e1 c\u01b0\u1ee3c c\u1ee7a c\u00e1c m\u00f4n th\u1ec3 thao kh\u00e1c nhau. \u0110\u00f3 l\u00e0 l\u00fd do t\u1ea1i sao ch\u00fang t\u00f4i l\u00e0m vi\u1ec7c \u0111\u1ec3 c\u1ea3i thi\u1ec7n tr\u1ea3i nghi\u1ec7m c\u1ee7a b\u1ea1n v\u1ec1 c\u00e1 c\u01b0\u1ee3c th\u1ec3 thao tr\u1ef1c tuy\u1ebfn v\u00e0 b\u1ea1n lu\u00f4n c\u00f3 th\u1ec3 h\u1ecfi nh\u00f3m h\u1ed7 tr\u1ee3 c\u1ee7a ch\u00fang t\u00f4i b\u1ea5t k\u1ef3 c\u00e2u h\u1ecfi ho\u1eb7c th\u1eafc m\u1eafc n\u00e0o. M\u1ed9t l\u1ea7n n\u1eefa, ch\u00fang t\u00f4i mu\u1ed1n c\u1ea3m \u01a1n b\u1ea1n \u0111\u00e3 ch\u1ecdn bookiessite v\u00e0 ch\u00fang t\u00f4i hy v\u1ecdng r\u1eb1ng b\u1ea1n s\u1ebd may m\u1eafn trong c\u00e1 c\u01b0\u1ee3c trong t\u01b0\u01a1ng lai! Ch\u00fac m\u1eebng c\u00e1 c\u01b0\u1ee3c! -Nh\u00e0 c\u00e1i nh\u00f3m. Com<\/p>\n\n\n\n<h2 class=\"wp-block-heading\">d\u1ecbch v\u1ee5 ch\u1ea5t l\u01b0\u1ee3ng<\/h2>\n\n\n\n<p>Ch\u00fang t\u00f4i hy v\u1ecdng r\u1eb1ng th\u00f4ng qua trang web n\u00e0y, b\u1ea1n s\u1ebd c\u00f3 th\u1ec3 nh\u1eadn \u0111\u01b0\u1ee3c t\u1ea5t c\u1ea3 th\u00f4ng tin m\u00e0 b\u1ea1n c\u1ea7n li\u00ean quan \u0111\u1ebfn c\u00e1 c\u01b0\u1ee3c th\u1ec3 thao tr\u1ef1c tuy\u1ebfn \u0111\u1ec3 b\u1ea1n c\u00f3 th\u1ec3 \u0111\u01b0a ra quy\u1ebft \u0111\u1ecbnh \u0111\u00fang \u0111\u1eafn. M\u1ee5c ti\u00eau c\u1ee7a ch\u00fang t\u00f4i l\u00e0 tr\u1edf th\u00e0nh nh\u00e0 c\u00e1i th\u1ec3 thao tr\u1ef1c tuy\u1ebfn t\u1ed1t nh\u1ea5t v\u00e0 n\u1ebfu c\u00f3 b\u1ea5t c\u1ee9 \u0111i\u1ec1u g\u00ec b\u1ea1n mu\u1ed1n h\u1ecfi ho\u1eb7c n\u00f3i v\u1edbi ch\u00fang t\u00f4i, ch\u00fang t\u00f4i lu\u00f4n s\u1eb5n s\u00e0ng l\u1eafng nghe. T\u00f4i mu\u1ed1n nh\u00e2n c\u01a1 h\u1ed9i n\u00e0y \u0111\u1ec3 c\u1ea3m \u01a1n b\u1ea1n \u0111\u00e3 d\u00e0nh th\u1eddi gian v\u00e0 \u0111\u00e3 ch\u1ecdn nh\u00e0 c\u00e1i v\u00e0 ch\u00fac b\u1ea1n may m\u1eafn trong t\u1ea5t c\u1ea3 c\u00e1c n\u1ed7 l\u1ef1c c\u00e1 c\u01b0\u1ee3c trong t\u01b0\u01a1ng lai c\u1ee7a m\u00ecnh! Ch\u00fac m\u1eebng c\u00e1 c\u01b0\u1ee3c! -\u0110\u1ed9i  <a href=\"https:\/\/bookiessite.com\/vi\/\" target=\"_blank\" rel=\"noopener\" title=\"Nh&#xE0; c&#xE1;i. Com\">Nh\u00e0 c\u00e1i. Com<\/a><\/p>\n\n\n\n<h2 class=\"wp-block-heading\">B\u1ea1n \u0111ang t\u00ecm ki\u1ebfm m\u1ed9t nh\u00e0 c\u00e1i? T\u00ecm ki\u1ebfm c\u1ee7a b\u1ea1n k\u1ebft th\u00fac \u1edf \u0111\u00e2y!<\/h2>\n\n\n\n<p>Ch\u00fang t\u00f4i mong mu\u1ed1n \u0111\u1ea3m b\u1ea3o r\u1eb1ng kh\u00e1ch h\u00e0ng c\u00f3 \u0111\u01b0\u1ee3c c\u00e1c trang web v\u00e0 d\u1ecbch v\u1ee5 nh\u00e0 c\u00e1i t\u1ed1t nh\u1ea5t \u0111\u1ec3 h\u1ecd \u0111\u1eb7t c\u01b0\u1ee3c v\u00e0o c\u00e1c d\u1ecbp th\u1ec3 thao. Nh\u00f3m t\u00e1c gi\u1ea3 \u0111\u01b0\u1ee3c th\u00e0nh l\u1eadp b\u1edfi c\u00e1c chuy\u00ean gia gi\u00e0u kinh nghi\u1ec7m v\u00e0 l\u00e0nh ngh\u1ec1 trong l\u0129nh v\u1ef1c c\u00e1 c\u01b0\u1ee3c th\u1ec3 thao tr\u1ef1c tuy\u1ebfn, nh\u1eefng ng\u01b0\u1eddi l\u00e0m vi\u1ec7c \u0111\u1ec3 cung c\u1ea5p cho b\u1ea1n t\u1ea5t c\u1ea3 c\u00e1c d\u1eef li\u1ec7u c\u1ea7n thi\u1ebft v\u1ec1 l\u0129nh v\u1ef1c n\u00e0y. V\u00ec v\u1eady, n\u1ebfu b\u1ea1n l\u00e0 ng\u01b0\u1eddi m\u1edbi b\u1eaft \u0111\u1ea7u, ho\u1eb7c \u0111\u01a1n gi\u1ea3n l\u00e0 c\u1ea7n m\u1ed9t s\u1ed1 m\u1eb9o, bookiessite s\u1ebd gi\u00fap b\u1ea1n. \u0110\u00f3 l\u00e0 ni\u1ec1m vui c\u1ee7a ch\u00fang t\u00f4i \u0111\u00e3 c\u00f3 b\u1ea1n tr\u00ean trang web nh\u00e0 c\u00e1i, c\u1ea3m \u01a1n b\u1ea1n \u0111\u00e3 gh\u00e9 th\u0103m trang web c\u1ee7a ch\u00fang t\u00f4i v\u00e0 ch\u00fac may m\u1eafn trong c\u00e1c ho\u1ea1t \u0111\u1ed9ng c\u00e1 c\u01b0\u1ee3c trong t\u01b0\u01a1ng lai c\u1ee7a b\u1ea1n! Ch\u00fac m\u1eebng c\u00e1 c\u01b0\u1ee3c! -Nh\u00e0 c\u00e1i nh\u00f3m. Com<\/p>\n\n\n\n<p>N\u1ebfu b\u1ea1n c\u00f3 th\u1ec3 mu\u1ed1n h\u1ecfi, ho\u1eb7c \u0111\u01b0a ra \u00fd ki\u1ebfn ho\u1eb7c \u0111\u1ec1 xu\u1ea5t c\u1ee7a b\u1ea1n, vui l\u00f2ng li\u00ean h\u1ec7 v\u1edbi ch\u00fang t\u00f4i.<\/p>\n\n\n\n<p>\u2013 \ud83d\ude42 \u2013 Nh\u00e0 c\u00e1i nh\u00f3m. Com.<\/p>\n\n\n\n<p>Ch\u00fang t\u00f4i hy v\u1ecdng b\u1ea1n th\u00edch trang web c\u1ee7a ch\u00fang t\u00f4i nhi\u1ec1u nh\u01b0 ch\u00fang t\u00f4i th\u00edch t\u1ea1o ra n\u00f3.<\/p>\n\n\n\n<p>Ch\u00fac m\u1ed9t ng\u00e0y t\u1ed1t l\u00e0nh!<\/p>\n<\/blockquote>\n","protected":false},"excerpt":{"rendered":"<p>Ch\u00e0o m\u1eebng b\u1ea1n \u0111\u1ebfn v\u1edbi bookiessite. Com Nh\u00e0 c\u00e1i. \u0110i\u1ec1u n\u00e0y l\u00e0 do com l\u00e0 m\u1ed9t N\u1ec1n t\u1ea3ng trang web nh\u00e0 c\u00e1i chuy\u00ean nghi\u1ec7p. \u1ede \u0111\u00e2y b\u1ea1n s\u1ebd ch\u1ec9 t\u00ecm th\u1ea5y nh\u1eefng \u0111i\u1ec1u th\u00fa v\u1ecb v\u00e0 c\u00f3 l\u1ebd nh\u1ea5t l\u00e0 b\u1ea1n s\u1ebd th\u00edch n\u00f3. Ch\u00fang t\u00f4i mong mu\u1ed1n gi\u1edbi thi\u1ec7u cho b\u1ea1n c\u00e1c trang web [&hellip;]<\/p>\n","protected":false},"author":1,"featured_media":0,"parent":0,"menu_order":0,"comment_status":"closed","ping_status":"closed","template":"","meta":{"inline_featured_image":false,"_uag_custom_page_level_css":"","site-sidebar-layout":"default","site-content-layout":"","ast-site-content-layout":"default","site-content-style":"default","site-sidebar-style":"default","ast-global-header-display":"","ast-banner-title-visibility":"","ast-main-header-display":"","ast-hfb-above-header-display":"","ast-hfb-below-header-display":"","ast-hfb-mobile-header-display":"","site-post-title":"","ast-breadcrumbs-content":"","ast-featured-img":"","footer-sml-layout":"","ast-disable-related-posts":"","theme-transparent-header-meta":"","adv-header-id-meta":"","stick-header-meta":"","header-above-stick-meta":"","header-main-stick-meta":"","header-below-stick-meta":"","astra-migrate-meta-layouts":"default","ast-page-background-enabled":"default","ast-page-background-meta":{"desktop":{"background-color":"var(--ast-global-color-4)","background-image":"","background-repeat":"repeat","background-position":"center center","background-size":"auto","background-attachment":"scroll","background-type":"","background-media":"","overlay-type":"","overlay-color":"","overlay-opacity":"","overlay-gradient":""},"tablet":{"background-color":"","background-image":"","background-repeat":"repeat","background-position":"center center","background-size":"auto","background-attachment":"scroll","background-type":"","background-media":"","overlay-type":"","overlay-color":"","overlay-opacity":"","overlay-gradient":""},"mobile":{"background-color":"","background-image":"","background-repeat":"repeat","background-position":"center center","background-size":"auto","background-attachment":"scroll","background-type":"","background-media":"","overlay-type":"","overlay-color":"","overlay-opacity":"","overlay-gradient":""}},"ast-content-background-meta":{"desktop":{"background-color":"var(--ast-global-color-5)","background-image":"","background-repeat":"repeat","background-position":"center center","background-size":"auto","background-attachment":"scroll","background-type":"","background-media":"","overlay-type":"","overlay-color":"","overlay-opacity":"","overlay-gradient":""},"tablet":{"background-color":"var(--ast-global-color-5)","background-image":"","background-repeat":"repeat","background-position":"center center","background-size":"auto","background-attachment":"scroll","background-type":"","background-media":"","overlay-type":"","overlay-color":"","overlay-opacity":"","overlay-gradient":""},"mobile":{"background-color":"var(--ast-global-color-5)","background-image":"","background-repeat":"repeat","background-position":"center center","background-size":"auto","background-attachment":"scroll","background-type":"","background-media":"","overlay-type":"","overlay-color":"","overlay-opacity":"","overlay-gradient":""}},"footnotes":""},"class_list":["post-18310","page","type-page","status-publish","hentry"],"aioseo_notices":[],"acf":[],"uagb_featured_image_src":{"full":false,"thumbnail":false,"medium":false,"medium_large":false,"large":false,"1536x1536":false,"2048x2048":false},"uagb_author_info":{"display_name":"bookiessite","author_link":"https:\/\/bookiessite.com\/vi\/author\/bookiessite\/"},"uagb_comment_info":0,"uagb_excerpt":"Ch\u00e0o m\u1eebng b\u1ea1n \u0111\u1ebfn v\u1edbi bookiessite. Com Nh\u00e0 c\u00e1i. \u0110i\u1ec1u n\u00e0y l\u00e0 do com l\u00e0 m\u1ed9t N\u1ec1n t\u1ea3ng trang web nh\u00e0 c\u00e1i chuy\u00ean nghi\u1ec7p. \u1ede \u0111\u00e2y b\u1ea1n s\u1ebd ch\u1ec9 t\u00ecm th\u1ea5y nh\u1eefng \u0111i\u1ec1u th\u00fa v\u1ecb v\u00e0 c\u00f3 l\u1ebd nh\u1ea5t l\u00e0 b\u1ea1n s\u1ebd th\u00edch n\u00f3. Ch\u00fang t\u00f4i mong mu\u1ed1n gi\u1edbi thi\u1ec7u cho b\u1ea1n c\u00e1c trang web&hellip;","_links":{"self":[{"href":"https:\/\/bookiessite.com\/vi\/wp-json\/wp\/v2\/pages\/18310","targetHints":{"allow":["GET"]}}],"collection":[{"href":"https:\/\/bookiessite.com\/vi\/wp-json\/wp\/v2\/pages"}],"about":[{"href":"https:\/\/bookiessite.com\/vi\/wp-json\/wp\/v2\/types\/page"}],"author":[{"embeddable":true,"href":"https:\/\/bookiessite.com\/vi\/wp-json\/wp\/v2\/users\/1"}],"replies":[{"embeddable":true,"href":"https:\/\/bookiessite.com\/vi\/wp-json\/wp\/v2\/comments?post=18310"}],"version-history":[{"count":2,"href":"https:\/\/bookiessite.com\/vi\/wp-json\/wp\/v2\/pages\/18310\/revisions"}],"predecessor-version":[{"id":71399,"href":"https:\/\/bookiessite.com\/vi\/wp-json\/wp\/v2\/pages\/18310\/revisions\/71399"}],"wp:attachment":[{"href":"https:\/\/bookiessite.com\/vi\/wp-json\/wp\/v2\/media?parent=18310"}],"curies":[{"name":"wp","href":"https:\/\/api.w.org\/{rel}","templated":true}]}}