{"id":793,"date":"2012-12-04T05:11:48","date_gmt":"2012-12-04T05:11:48","guid":{"rendered":"https:\/\/bookiessite.com\/politica-de-cookies\/"},"modified":"2024-07-16T03:30:03","modified_gmt":"2024-07-16T03:30:03","slug":"politica-de-cookies","status":"publish","type":"page","link":"https:\/\/bookiessite.com\/pt-br\/politica-de-cookies\/","title":{"rendered":"Pol\u00edtica de cookies"},"content":{"rendered":"\n<h2 class=\"wp-block-heading\">Ajuda de cookies<\/h2>\n\n<p>Nossos sites e conte\u00fados utilizam &#8216;Cookies&#8217; quando voc\u00ea os visita. Os cookies fazem muitas coisas. Esta pol\u00edtica informa:<\/p>\n\n<ul class=\"wp-block-list\">\n<li>&#8211; O que s\u00e3o Cookies<\/li>\n\n\n\n<li>\u00c9 por isso que \u00e9 necess\u00e1rio usar Cookies.<\/li>\n\n\n\n<li>&#8211; Como utilizamos os Cookies<\/li>\n\n\n\n<li>Dicas sobre cookies<\/li>\n<\/ul>\n\n<p>\n          <strong>O que s\u00e3o cookies?<\/strong>\n        <\/p>\n\n<p>Os cookies no site referem-se a bits de informa\u00e7\u00f5es textuais que s\u00e3o armazenados no computador do usu\u00e1rio. Este formul\u00e1rio reside no seu dispositivo no momento em que voc\u00ea navega pelos sites. O cookie \u00e9 enviado de volta ao seu navegador cada vez que voc\u00ea visita esses sites.<\/p>\n\n<p>\n          <strong>Por que utilizamos cookies?<\/strong>\n        <\/p>\n\n<p>No entanto, se o seu argumento for para o uso de cookies, voc\u00ea pode se ater a declara\u00e7\u00f5es como Cookies para melhorar sua experi\u00eancia na web. Eles garantem que dados e processos compreens\u00edveis e tang\u00edveis sejam executados com efici\u00eancia.<\/p>\n\n<p>\n          <strong>Eles s\u00e3o divididos em cookies de sess\u00e3o e cookies persistentes em nossos sites.<\/strong>\n        <\/p>\n\n<p>Os cookies de sess\u00e3o s\u00e3o tempor\u00e1rios. Ele permitia que voc\u00ea entre as p\u00e1ginas e, se voc\u00ea quiser retornar \u00e0 mesma p\u00e1gina, ele se lembra de algumas de suas configura\u00e7\u00f5es anteriores. Os cookies persistentes fazem com que voc\u00ea seja lembrado como a pr\u00f3xima vez que retornar ao site ou mostrar an\u00fancios com base em seu interesse.<\/p>\n\n<p>\n          <strong>Como usamos cookies?<\/strong>\n        <\/p>\n\n<p>Os cookies podem ser definidos pelo site visitado (prim\u00e1rio) ou por outras organiza\u00e7\u00f5es (terceiros). Os cookies de terceiros podem rastrear os comportamentos dos navegadores e exibir conte\u00fados adequados a eles.<\/p>\n\n<p>Os cookies t\u00eam muitas fun\u00e7\u00f5es, mas as que aplicamos s\u00e3o de 4 tipos:<\/p>\n\n<ul class=\"wp-block-list\">\n<li>&#8211; Biscoitos Stringently Essential<\/li>\n\n\n\n<li>Cookies de fun\u00e7\u00e3o<\/li>\n\n\n\n<li>Biscoitos de desempenho<\/li>\n\n\n\n<li>Marketing de terceiros\/cookies direcionados<\/li>\n<\/ul>\n\n<p>Aqui est\u00e1 mais sobre os tipos de cookies mencionados acima, seu funcionamento e tamb\u00e9m se eles s\u00e3o capazes de coletar dados pessoais?<\/p>\n\n<h2 class=\"wp-block-heading\">Tipo de cookie<\/h2>\n\n<p>Esses cookies s\u00e3o essenciais para o bom funcionamento do nosso site. Eles permitem que voc\u00ea acesse outros aspectos que desejar, por exemplo, seu boletim de apostas. N\u00f3s os utilizamos para apresentar conte\u00fado e fornecer servi\u00e7os solicitados.<\/p>\n\n<p>Esses cookies permitem que seu dispositivo receba informa\u00e7\u00f5es do nosso site para exibir as p\u00e1ginas e usar os recursos. Ele tamb\u00e9m permite que voc\u00ea navegue para p\u00e1ginas visualizadas anteriormente.<\/p>\n\n<p>\n          <strong>Mais informa\u00e7\u00f5es<\/strong>\n        <\/p>\n\n<p>Abaixo est\u00e3o alguns exemplos dos tipos de Cookies que s\u00e3o classificados como essenciais:<\/p>\n\n<ul class=\"wp-block-list\">\n<li>Para armazenar informa\u00e7\u00f5es em seu dispositivo e trazer para o nosso site<\/li>\n\n\n\n<li>Para facilitar para voc\u00ea e para que voc\u00ea n\u00e3o fa\u00e7a login toda vez que quiser fazer um coment\u00e1rio nos blogs que ocasionalmente s\u00e3o publicados na p\u00e1gina da web.<\/li>\n\n\n\n<li>Para ajudar a lembrar suas escolhas de boletim de apostas para que, quando voc\u00ea estiver em um evento ao vivo, fa\u00e7a a aposta<\/li>\n<\/ul>\n\n<p>Esses cookies n\u00e3o s\u00e3o persistentes, o que significa que as informa\u00e7\u00f5es e seus detalhes de login n\u00e3o s\u00e3o salvos ap\u00f3s o logout.<\/p>\n\n<p>\n          <strong>Armazenamento de informa\u00e7\u00f5es<\/strong>\n        <\/p>\n\n<p>Alguns cookies coletam suas informa\u00e7\u00f5es pessoais para funcionar. Podem armazenar:<\/p>\n\n<ul class=\"wp-block-list\">\n<li>&#8211; Endere\u00e7o IP<\/li>\n\n\n\n<li>Detalhes do local<\/li>\n\n\n\n<li>Status de login<\/li>\n\n\n\n<li>Expira\u00e7\u00e3o do cookie<\/li>\n<\/ul>\n\n<p>Esses cookies s\u00e3o exclu\u00eddos quando voc\u00ea fecha o navegador.<\/p>\n\n<h2 class=\"wp-block-heading\">Cookies de funcionalidade<\/h2>\n\n<p>Esses cookies restauram suas prefer\u00eancias pessoais para ajud\u00e1-lo a ter a melhor experi\u00eancia. Eles tamb\u00e9m aumentam a produtividade do site, armazenando suas prefer\u00eancias. Estes s\u00e3o cookies de funcionalidade que lembram coisas como a prefer\u00eancia de idioma para melhorar a visita.<\/p>\n\n<p>\n          <strong>Saber mais<\/strong>\n        <\/p>\n\n<p>Abaixo est\u00e3o alguns dos Cookies de Funcionalidade que s\u00e3o comumente usados em diferentes sites:<\/p>\n\n<ul class=\"wp-block-list\">\n<li>Recordando o idioma selecionado, o local visitado e os an\u00fancios escolhidos da sess\u00e3o anterior.<\/li>\n\n\n\n<li>Conservando os d\u00edgitos do boletim de apostas<\/li>\n\n\n\n<li>Monitoramento do uso de alguns dos recursos da p\u00e1gina<\/li>\n\n\n\n<li>Exibindo links de artigos semelhantes<\/li>\n<\/ul>\n\n<p>\n          <strong>Armazenamento de informa\u00e7\u00f5es<\/strong>\n        <\/p>\n\n<p>Alguns coletam dados pessoais para poder fornecer os servi\u00e7os descritos.<\/p>\n\n<p>\n          <strong>Vida simples dos cookies<\/strong>\n        <\/p>\n\n<p>Os cookies b\u00e1sicos expiram ap\u00f3s dois anos. Eles s\u00e3o cookies e voc\u00ea tem o privil\u00e9gio e a capacidade de apag\u00e1-los do seu navegador da web a qualquer momento antes que expirem.<\/p>\n\n<h2 class=\"wp-block-heading\">Como funcionam os cookies<\/h2>\n\n<p>\n          <strong>Por que os usamos<\/strong>\n        <\/p>\n\n<p>Os cookies anal\u00edticos s\u00e3o aqueles que nos permitem aprender como as pessoas usam nosso site. Esses cookies coletam dados do usu\u00e1rio que nos ajudam a melhorar o desempenho de nossos sites e fornecer aos usu\u00e1rios uma experi\u00eancia aprimorada.<\/p>\n\n<p>\n          <strong>Saber mais<\/strong>\n        <\/p>\n\n<p>Aqui est\u00e3o algumas maneiras de usar esses cookies:<\/p>\n\n<ul class=\"wp-block-list\">\n<li>Para descobrir o n\u00famero bruto de pessoas que vieram ao nosso site e, a partir da\u00ed, estabelecer que somos bem-sucedidos.<\/li>\n\n\n\n<li>Para verificar se os an\u00fancios est\u00e3o de acordo com nosso site<\/li>\n\n\n\n<li>Para localizar e identificar as falhas e fraquezas de nossos sites<\/li>\n\n\n\n<li>Tamb\u00e9m usamos coisas como o Google Analytics para visualizar os dados do Cookie. Isso nos beneficia em tornar nossos sites melhores.<\/li>\n<\/ul>\n\n<p>\n          <strong>Quais dados coletamos<\/strong>\n        <\/p>\n\n<p>Se voc\u00ea n\u00e3o estiver conectado a esses cookies, n\u00e3o fa\u00e7a ideia de quem voc\u00ea \u00e9. No entanto, ele pode coletar algumas informa\u00e7\u00f5es sobre o navegador e alguns fatos desconhecidos para os fins mencionados acima.<\/p>\n\n<p>Ocasionalmente, alguns desses cookies s\u00e3o executados por empresas como o Google. No entanto, eles s\u00f3 podem usar os Cookies para os fins\/atividades acima mencionados, excluindo qualquer outra finalidade. Assim, eles n\u00e3o podem vincul\u00e1-lo aos Cookies.<\/p>\n\n<p>\n          <strong>Informa\u00e7\u00f5es sobre cookies<\/strong>\n        <\/p>\n\n<p>Alguns cookies s\u00e3o tempor\u00e1rios. Ele desaparece no momento em que voc\u00ea fecha o navegador da web. Alguns cookies duram mais. Esses cookies voc\u00ea pode remover sempre que quiser usando as ferramentas do seu navegador da web.<\/p>\n\n<h2 class=\"wp-block-heading\">Cookies de an\u00fancios de terceiros<\/h2>\n\n<p>\n          <strong>Finalidade<\/strong>\n        <\/p>\n\n<ul class=\"wp-block-list\">\n<li>Esses cookies exibem an\u00fancios para voc\u00ea com base em suas prefer\u00eancias.<\/li>\n\n\n\n<li>Eles tamb\u00e9m registram quantas vezes os consumidores s\u00e3o expostos a um an\u00fancio e veem se uma campanha publicit\u00e1ria \u00e9 eficaz.<\/li>\n<\/ul>\n\n<p>\n          <strong>Mais informa\u00e7\u00f5es<\/strong>\n        <\/p>\n\n<p>Esses cookies ajudam na mem\u00f3ria das p\u00e1ginas que voc\u00ea visita no site e de tudo o que voc\u00ea v\u00ea. As informa\u00e7\u00f5es coletadas s\u00e3o ent\u00e3o utilizadas na personaliza\u00e7\u00e3o do site e dos an\u00fancios com relev\u00e2ncia para as prefer\u00eancias do usu\u00e1rio. Podemos compartilhar essas informa\u00e7\u00f5es com outras pessoas para veicular an\u00fancios aos clientes e analisar se os an\u00fancios s\u00e3o afetivos com precis\u00e3o.<\/p>\n\n<p>Os cookies direcionados tamb\u00e9m podem:<\/p>\n\n<ul class=\"wp-block-list\">\n<li>Colete informa\u00e7\u00f5es sobre sua navega\u00e7\u00e3o para fornecer conte\u00fado e an\u00fancios<\/li>\n\n\n\n<li>Passe as informa\u00e7\u00f5es para as m\u00eddias sociais para anunciar nelas.<\/li>\n\n\n\n<li>Forne\u00e7a dados aos anunciantes para que eles possam apresentar an\u00fancios interessantes.<\/li>\n\n\n\n<li>Sendo um mecanismo de pesquisa personalizado, crie material apenas para voc\u00ea com base nos materiais que voc\u00ea examinou<\/li>\n\n\n\n<li>Para exibir an\u00fancios para voc\u00ea quando voc\u00ea visita sites depois de visitar nosso site. Um pequeno peda\u00e7o de c\u00f3digo coloca um cookie em seu navegador para ativar ou desativar a exibi\u00e7\u00e3o de an\u00fancios em determinados sites, que \u00e9 a rede de exibi\u00e7\u00e3o do Google.<\/li>\n\n\n\n<li>Para exibir nossa publicidade al\u00e9m de voc\u00ea com base no hist\u00f3rico de navega\u00e7\u00e3o que voc\u00ea fez na rede mundial de computadores.<\/li>\n<\/ul>\n\n<h2 class=\"wp-block-heading\">Coleta de informa\u00e7\u00f5es<\/h2>\n\n<p>Redes de an\u00fancios e servi\u00e7os de an\u00e1lise de tr\u00e1fego que atuam como terceiros tamb\u00e9m podem colocar cookies em seus sites. Geralmente, s\u00e3o os cookies funcionais ou anal\u00edticos. As informa\u00e7\u00f5es individuais n\u00e3o s\u00e3o capturadas, os anunciantes n\u00e3o podem conectar os cookies ao seu nome, endere\u00e7o, etc.<\/p>\n\n<p>Esses cookies s\u00e3o colocados por outras empresas de publicidade com nossa permiss\u00e3o.<\/p>\n\n<p>\n          <strong>Aplicabilidade de Cookie<\/strong>\n        <\/p>\n\n<p>Os Cookies de Terceiros atualizados podem permanecer por at\u00e9 13 meses, ou seja, at\u00e9 que uma nova atualiza\u00e7\u00e3o seja iniciada.<\/p>\n\n<p>\n          <strong>Como controlar os Cookies?<\/strong>\n        <\/p>\n\n<p>Por padr\u00e3o, a maioria dos navegadores aceita o dep\u00f3sito de Cookies, mas voc\u00ea pode optar por bloque\u00e1-los parcial ou totalmente. Consulte a ajuda do seu navegador para gerenciar a remo\u00e7\u00e3o\/exclus\u00e3o de cookies.<\/p>\n\n<p>\u00c9 bom conhecer as regras para cookies. Se voc\u00ea bloque\u00e1-los, descobrir\u00e1 que mais alguns aspectos do site n\u00e3o s\u00e3o muito eficazes:<\/p>\n\n<ul class=\"wp-block-list\">\n<li>Raposa de fogo<\/li>\n\n\n\n<li>Explorador do Internet<\/li>\n\n\n\n<li>Google Chrome<\/li>\n\n\n\n<li>O navegador Safari est\u00e1 dispon\u00edvel e foi originalmente projetado para computadores Apple.<\/li>\n\n\n\n<li>Safari no iPhone\/iPad<\/li>\n<\/ul>\n\n<p>Quanto aos dispositivos m\u00f3veis, consulte o material mencionado no manual Bloquear cookies no seu navegador. Saiba mais sobre cookies de an\u00fancios on-line e desativa\u00e7\u00f5es em http:\/\/www. suas escolhas online. UE\/. Obtenha informa\u00e7\u00f5es sobre as op\u00e7\u00f5es de an\u00fancios da plataforma em http:\/\/appnexus. com\/system-coverage#choices.<\/p>\n\n<h2 class=\"wp-block-heading\">Contacte-nos<\/h2>\n\n<p>Tem alguma d\u00favida sobre cookies? Email:  <strong>support@bookiessite. com<\/strong>.<\/p>\n\n<p>Esta Pol\u00edtica de Cookies foi atualizada pela \u00faltima vez em 22 de julho de 2019.<\/p>\n","protected":false},"excerpt":{"rendered":"<p>Ajuda de cookies Nossos sites e conte\u00fados utilizam &#8216;Cookies&#8217; quando voc\u00ea os visita. Os cookies fazem muitas coisas. Esta pol\u00edtica informa: O que s\u00e3o cookies? Os cookies no site referem-se a bits de informa\u00e7\u00f5es textuais que s\u00e3o armazenados no computador do usu\u00e1rio. Este formul\u00e1rio reside no seu dispositivo no momento em que voc\u00ea navega pelos [&hellip;]<\/p>\n","protected":false},"author":1,"featured_media":0,"parent":0,"menu_order":0,"comment_status":"closed","ping_status":"closed","template":"","meta":{"inline_featured_image":false,"_uag_custom_page_level_css":"","site-sidebar-layout":"default","site-content-layout":"","ast-site-content-layout":"default","site-content-style":"default","site-sidebar-style":"default","ast-global-header-display":"","ast-banner-title-visibility":"","ast-main-header-display":"","ast-hfb-above-header-display":"","ast-hfb-below-header-display":"","ast-hfb-mobile-header-display":"","site-post-title":"","ast-breadcrumbs-content":"","ast-featured-img":"","footer-sml-layout":"","ast-disable-related-posts":"","theme-transparent-header-meta":"","adv-header-id-meta":"","stick-header-meta":"","header-above-stick-meta":"","header-main-stick-meta":"","header-below-stick-meta":"","astra-migrate-meta-layouts":"default","ast-page-background-enabled":"default","ast-page-background-meta":{"desktop":{"background-color":"var(--ast-global-color-4)","background-image":"","background-repeat":"repeat","background-position":"center center","background-size":"auto","background-attachment":"scroll","background-type":"","background-media":"","overlay-type":"","overlay-color":"","overlay-opacity":"","overlay-gradient":""},"tablet":{"background-color":"","background-image":"","background-repeat":"repeat","background-position":"center center","background-size":"auto","background-attachment":"scroll","background-type":"","background-media":"","overlay-type":"","overlay-color":"","overlay-opacity":"","overlay-gradient":""},"mobile":{"background-color":"","background-image":"","background-repeat":"repeat","background-position":"center center","background-size":"auto","background-attachment":"scroll","background-type":"","background-media":"","overlay-type":"","overlay-color":"","overlay-opacity":"","overlay-gradient":""}},"ast-content-background-meta":{"desktop":{"background-color":"var(--ast-global-color-5)","background-image":"","background-repeat":"repeat","background-position":"center center","background-size":"auto","background-attachment":"scroll","background-type":"","background-media":"","overlay-type":"","overlay-color":"","overlay-opacity":"","overlay-gradient":""},"tablet":{"background-color":"var(--ast-global-color-5)","background-image":"","background-repeat":"repeat","background-position":"center center","background-size":"auto","background-attachment":"scroll","background-type":"","background-media":"","overlay-type":"","overlay-color":"","overlay-opacity":"","overlay-gradient":""},"mobile":{"background-color":"var(--ast-global-color-5)","background-image":"","background-repeat":"repeat","background-position":"center center","background-size":"auto","background-attachment":"scroll","background-type":"","background-media":"","overlay-type":"","overlay-color":"","overlay-opacity":"","overlay-gradient":""}},"footnotes":""},"class_list":["post-793","page","type-page","status-publish","hentry"],"aioseo_notices":[],"acf":[],"uagb_featured_image_src":{"full":false,"thumbnail":false,"medium":false,"medium_large":false,"large":false,"1536x1536":false,"2048x2048":false},"uagb_author_info":{"display_name":"bookiessite","author_link":"https:\/\/bookiessite.com\/pt-br\/author\/bookiessite\/"},"uagb_comment_info":0,"uagb_excerpt":"Ajuda de cookies Nossos sites e conte\u00fados utilizam &#8216;Cookies&#8217; quando voc\u00ea os visita. Os cookies fazem muitas coisas. Esta pol\u00edtica informa: O que s\u00e3o cookies? Os cookies no site referem-se a bits de informa\u00e7\u00f5es textuais que s\u00e3o armazenados no computador do usu\u00e1rio. Este formul\u00e1rio reside no seu dispositivo no momento em que voc\u00ea navega pelos&hellip;","_links":{"self":[{"href":"https:\/\/bookiessite.com\/pt-br\/wp-json\/wp\/v2\/pages\/793","targetHints":{"allow":["GET"]}}],"collection":[{"href":"https:\/\/bookiessite.com\/pt-br\/wp-json\/wp\/v2\/pages"}],"about":[{"href":"https:\/\/bookiessite.com\/pt-br\/wp-json\/wp\/v2\/types\/page"}],"author":[{"embeddable":true,"href":"https:\/\/bookiessite.com\/pt-br\/wp-json\/wp\/v2\/users\/1"}],"replies":[{"embeddable":true,"href":"https:\/\/bookiessite.com\/pt-br\/wp-json\/wp\/v2\/comments?post=793"}],"version-history":[{"count":2,"href":"https:\/\/bookiessite.com\/pt-br\/wp-json\/wp\/v2\/pages\/793\/revisions"}],"predecessor-version":[{"id":77041,"href":"https:\/\/bookiessite.com\/pt-br\/wp-json\/wp\/v2\/pages\/793\/revisions\/77041"}],"wp:attachment":[{"href":"https:\/\/bookiessite.com\/pt-br\/wp-json\/wp\/v2\/media?parent=793"}],"curies":[{"name":"wp","href":"https:\/\/api.w.org\/{rel}","templated":true}]}}