{"id":792,"date":"2012-12-04T05:11:48","date_gmt":"2012-12-04T05:11:48","guid":{"rendered":"https:\/\/bookiessite.com\/jogos-responsaveis\/"},"modified":"2024-07-16T04:30:18","modified_gmt":"2024-07-16T04:30:18","slug":"jogos-responsaveis","status":"publish","type":"page","link":"https:\/\/bookiessite.com\/pt-br\/jogos-responsaveis\/","title":{"rendered":"Jogos Respons\u00e1veis"},"content":{"rendered":"\n<h3 class=\"wp-block-heading\">Consideramos os nossos clientes e os nossos deveres sociais extremamente s\u00e9rios em bookiessite.<\/h3>\n\n<p>Os nossos produtos s\u00e3o concebidos para o seu entretenimento e prazer, pelo que nos dedicamos a fornecer uma assist\u00eancia boa, aceit\u00e1vel e socialmente respons\u00e1vel. Queremos que qualquer pessoa tenha prazer nos nossos produtos de forma segura e respons\u00e1vel. Estamos felizes por in\u00fameros visitantes leais do website revisitarem repetidamente para tirar prazer dos nossos produtos de apostas desportivas. Sentimo-nos no procedimento firme mas honesto para uma aposta sensata. Coloc\u00e1mos agora em pr\u00e1tica uma variedade de medidas para assegurar que todos os que apreciam o nosso apoio sejam capazes de o fazer de forma t\u00e3o segura quanto poss\u00edvel.<\/p>\n\n<p>A bookiessite est\u00e1 empenhada em ajudar os seus clientes a desfrutar de jogos de v\u00eddeo e os nossos artigos destinam-se geralmente a fornecer uma experi\u00eancia interessante e agrad\u00e1vel. Os jogos de v\u00eddeo sensatos s\u00e3o, na verdade, um jogo de grande import\u00e2ncia e se pensarmos que apostar se tornou uma dificuldade, a ajuda \u00e9 facilmente acess\u00edvel. Deve estabelecer por si pr\u00f3prio os limites do casino seguro e aderir a esses limites.<\/p>\n\n<h3 class=\"wp-block-heading\">Se pensa que pode ter um problema com as suas apostas, pense nas preocupa\u00e7\u00f5es subsequentes:<\/h3>\n\n<ol class=\"wp-block-list\">\n<li>Pode optar por apostar para passar tempo com os seus familiares, amigos ou outros m\u00e9todos para ter tempo?<\/li>\n\n\n\n<li>Poderia tomar, descansar ou oferecer bens valiosos para obter dinheiro para apostar?<\/li>\n\n\n\n<li>Alguma vez sente falta do trabalho ou da universidade ou faculdade para poder arriscar?<\/li>\n\n\n\n<li>Sente que as apostas s\u00e3o na realidade uma sa\u00edda para qualquer exist\u00eancia aborrecida ou insatisfeita?<\/li>\n\n\n\n<li>J\u00e1 jogou todos os seus fundos \u00e0 parte, e foi incapaz de gerir refei\u00e7\u00f5es ou bens de transporte?<\/li>\n\n\n\n<li>Mentiria ou cobriria quanto tempo ou dinheiro gastou a apostar?<\/li>\n\n\n\n<li>Alguma vez foi censurado por ter apostado em excesso?<\/li>\n\n\n\n<li>Sente-se stressado se deixar cair o seu dinheiro atrav\u00e9s de apostas? Aposta-se mais para fornecer o \u00fanico al\u00edvio?<\/li>\n\n\n\n<li>Est\u00e1 a sentir um impulso para recuperar todos os seus fracassos sem demora, assim que ocorrer um dano como resultado de uma aposta?<\/li>\n\n\n\n<li>Vai responder a discuss\u00f5es, preocupa\u00e7\u00f5es ou desilus\u00f5es com o desejo de apostar muito mais? As apostas permitem-lhe deprimir-se ou suicidar-se?<\/li>\n<\/ol>\n\n<p>Quanto melhores forem as respostas que ofereceu em rela\u00e7\u00e3o \u00e0s perguntas acima, maior ser\u00e1 o n\u00famero de apostas significativas que poder\u00e1 ter. Se pensa ter dificuldade em apostar, entre em contacto com a linha de ajuda privada GamCare no n\u00famero 0808 8020 133 ou dirija-se \u00e0 GamCare.<\/p>\n\n<p>bookiessite verificar\u00e1 a ac\u00e7\u00e3o de apostas a fim de detectar as dificuldades de apostas. No entanto, as apostas problem\u00e1ticas s\u00e3o dif\u00edceis de detectar e n\u00e3o somos profissionais qualificados no tratamento de apostas problem\u00e1ticas. N\u00e3o podemos assumir a responsabilidade de detectar todos os casos de apostas de emiss\u00e3o e o nosso acompanhamento \u00e9 fornecido como um apoio adicional para os compradores. Sempre que suspeitarmos que possa ter um problema, poupamos o direito legal de o contactar e tamb\u00e9m, a nosso exclusivo crit\u00e9rio, de suspender a sua conta banc\u00e1ria e negar a utiliza\u00e7\u00e3o dos nossos produtos, uma vez que pensamos que possa precisar de apoio devido a uma dificuldade no casino. No caso de ser contactado, questionamos qual a sua co-fun\u00e7\u00e3o com a equipa de servi\u00e7o ao cliente, temos agora no cora\u00e7\u00e3o as suas melhores paix\u00f5es.<\/p>\n\n<h3 class=\"wp-block-heading\">Regras:<\/h3>\n\n<p>Todas as transac\u00e7\u00f5es bookiessite s\u00e3o cobertas pelos nossos Stipulations, bem como por quaisquer Regras de Apostas espec\u00edficas. Cri\u00e1mos uma excelente energia para criar as nossas regras claras e transl\u00facidas e somos cautelosos na sua aplica\u00e7\u00e3o t\u00e3o eficaz e equitativa quanto poss\u00edvel. Os consumidores devem ter 18 anos de idade ou mais. O nome de utilizador e a discri\u00e7\u00e3o de seguran\u00e7a ser\u00e3o da responsabilidade do cliente. Apostas, quando colocadas n\u00e3o podem ser modificadas. Para os seus dados completos consulte as nossas Regras de Jogo e os nossos Stipulations.<\/p>\n\n<h3 class=\"wp-block-heading\">Estabelecimento de Limita\u00e7\u00f5es de Dep\u00f3sito:<\/h3>\n\n<ol class=\"wp-block-list\">\n<li>Este centro permite-lhe restringir o dinheiro que pode depositar na web ao seu perfil, numa funda\u00e7\u00e3o de vinte e quatro horas, 7 dias ou 30 dias.<\/li>\n\n\n\n<li>Estas quantidades podem ser revistas para baixo em qualquer altura, mas qualquer aumento s\u00f3 poder\u00e1 ser aplicado posteriormente no pedido.<\/li>\n\n\n\n<li>A nossa equipa da Client Solutions fornecer\u00e1 com prazer mais informa\u00e7\u00f5es essenciais, mas n\u00e3o poder\u00e3o ignorar as restri\u00e7\u00f5es estabelecidas pelo cliente.<\/li>\n\n\n\n<li>Pode de facto estabelecer ou alterar os seus Limites de Dep\u00f3sito utilizando a Minha Conta e, depois disso, os Limites de Dep\u00f3sito quando entrar na sua conta.<\/li>\n<\/ol>\n\n<h3 class=\"wp-block-heading\">Estabelecimento de um limite de perdas nos casinos da Internet:<\/h3>\n\n<p>Este centro permite-lhe estabelecer uma redu\u00e7\u00e3o de danos, determinando a soma m\u00e1xima de que se poderia livrar ao participar em alguns dos nossos t\u00edtulos de jogos de casino na Internet e depois estabelecer um per\u00edodo de tempo suficiente, que se aplica, por exemplo, a vinte e quatro horas, uma semana ou 30 dias.<\/p>\n\n<p>Pode estabelecer ou alterar o seu Limite de Redu\u00e7\u00e3o do Casino On-line, indo \u00e0 Minha conta banc\u00e1ria, Controlos de Apostas, ap\u00f3s o que os Limites do Casino quando entrar nas contas.<\/p>\n\n<h3 class=\"wp-block-heading\">Por favor, tome nota destes:<\/h3>\n\n<p>Diminuir os limites adquirem resultados imediatos quando estabelecidos inicialmente &#8211; eles funcionam a partir do seu tempo e tempo escolhidos por si e s\u00e3o depois automaticamente redefinidos e recome\u00e7ados, por exemplo<\/p>\n\n<p>Se estabelecer uma redu\u00e7\u00e3o de \u00a1\u00ea100 por semana na segunda-feira ao meio-dia, as perdas ser\u00e3o seguidas a partir dessa data e hora em particular, juntamente com a sua simples elimina\u00e7\u00e3o de perder mais de \u00a1\u00ea100 em qualquer tipo de jogos on-line do nosso estabelecimento de apostas at\u00e9 \u00e0 ades\u00e3o \u00e0 segunda-feira ao meio-dia.<\/p>\n\n<p>O limite de perdas seria ent\u00e3o redefinido para o per\u00edodo de 7 dias e n\u00e3o teria em conta quaisquer ganhos ou d\u00e9fices produzidos ao longo dos \u00faltimos dias ou outro antes disso.<\/p>\n\n<p>Se optar por baixar um limite de corrente que tenha estabelecido, a altera\u00e7\u00e3o exigir\u00e1 um resultado imediato.<\/p>\n\n<p>Se desejar aumentar um limite pr\u00e9-existente que tenha estabelecido, tem de voltar a este site ap\u00f3s pelo menos 24 horas e obter um bom movimento para reconfirmar que deseja que esta altera\u00e7\u00e3o considere o resultado.<\/p>\n\n<p>Qualquer altera\u00e7\u00e3o no seu pedido de restri\u00e7\u00e3o servir\u00e1 como &#8216;reset&#8217; de qualquer limite previamente estabelecido. A mais recente restri\u00e7\u00e3o nunca considerar\u00e1 quaisquer ganhos ou falhas feitas antes de verificar isto.<\/p>\n\n<p>A nossa equipa de Consumer Solutions ter\u00e1 todo o prazer em fornecer quaisquer outros detalhes necess\u00e1rios, mas n\u00e3o poder\u00e1 ultrapassar os limites estabelecidos por si.<\/p>\n\n<h3 class=\"wp-block-heading\">Protec\u00e7\u00e3o contra as apostas menores de idade:<\/h3>\n\n<p>bookiessite exige que os consumidores anunciem que s\u00e3o de idade legal para se envolverem em actividades de apostas. Concentramo-nos em medidas sensatas para verificar isto, incluindo a verifica\u00e7\u00e3o el\u00e9ctrica do grupo et\u00e1rio e inspec\u00e7\u00f5es aleat\u00f3rias ao grupo et\u00e1rio. Todos n\u00f3s n\u00e3o objectivamos os menores utilizando a nossa publicidade e marketing.<\/p>\n\n<h3 class=\"wp-block-heading\">Ajude-nos a evitar que as crian\u00e7as apostem:<\/h3>\n\n<p>Na verdade, \u00e9 ilegal permitir que os menores de 18 anos arrisquem, pelo que questionamos os nossos clientes para completar o seu aspecto para garantir que tal n\u00e3o aconte\u00e7a. Pedimos a cada um dos nossos compradores, e na verdade, \u00e9 realmente sua obriga\u00e7\u00e3o, certificar-se de que a sua conta n\u00e3o \u00e9 utilizada para apostas de menores de idade. Algumas recomenda\u00e7\u00f5es sobre como garantir que isto n\u00e3o ocorra s\u00e3o oferecidas em baixo:<\/p>\n\n<ol class=\"wp-block-list\">\n<li>N\u00e3o abandone o seu pc sozinho quando estiver ligado ao nosso s\u00edtio da Internet.<\/li>\n\n\n\n<li>N\u00e3o se esque\u00e7a de sair sempre que sair do nosso website.<\/li>\n\n\n\n<li>N\u00e3o falar\u00e1 sobre o seu cart\u00e3o de d\u00e9bito ou detalhes da sua conta banc\u00e1ria.<\/li>\n\n\n\n<li>N\u00e3o mantenha a solu\u00e7\u00e3o &#8220;Preserve a Senha&#8221; ligada.<\/li>\n\n\n\n<li>Utilizar software inform\u00e1tico de seguran\u00e7a infantil.<\/li>\n\n\n\n<li>Fa\u00e7a perfis individuais de utilizadores de computadores pessoais para os seus filhos.<\/li>\n\n\n\n<li>Uma vez que tenha conhecimento de um consumidor registado abaixo da faixa et\u00e1ria legal no seu sistema legal, lembre-se de contactar Buyer Solutions.<\/li>\n<\/ol>\n\n<h3 class=\"wp-block-heading\">Os pais gerem:<\/h3>\n\n<p>H\u00e1 uma s\u00e9rie de software de terceira gera\u00e7\u00e3o que as m\u00e3es e os pais ou tutores podem utilizar para monitorizar ou reduzir a aplica\u00e7\u00e3o da liga\u00e7\u00e3o \u00e0 Internet do seu computador:<\/p>\n\n<ul class=\"wp-block-list\">\n<li>1. O software de filtragem de bab\u00e1s da Internet do Reino Unido protege as crian\u00e7as de conte\u00fados on-line impr\u00f3prios: www.netnanny.com.<\/li>\n\n\n\n<li>2. CYBERsitter aplica\u00e7\u00e3o de filtragem que permite \u00e0s m\u00e3es e pais adicionar os seus pr\u00f3prios sites pessoais no bar: www.cybersitter.com.<\/li>\n<\/ul>\n\n<h3 class=\"wp-block-heading\">Exclus\u00e3o pessoal:<\/h3>\n\n<p>Para um casal de clientes o casino pode ser um problema s\u00e9rio. Fornecemos-lhe uma solu\u00e7\u00e3o de auto-exclus\u00e3o que pode ser facilmente aplicada a pedido de um cliente. Se desejar retirar-se pessoalmente do acesso aos nossos artigos, por favor contacte os Provedores de Clientes ou decida auto-excluir-se aqui mesmo. Ter\u00e1 de especificar o per\u00edodo de tempo durante o qual pretende ser auto-exclu\u00eddo, que vai desde meio ano at\u00e9 \u00e0 sua exclus\u00e3o de longa dura\u00e7\u00e3o. O procedimento e os efeitos da auto-exclus\u00e3o s\u00e3o destacados abaixo:<\/p>\n\n<ol class=\"wp-block-list\">\n<li>Se o solicitar atrav\u00e9s dos Servi\u00e7os Profissionais do Cliente, um agente responder\u00e1 e solicitar\u00e1 que o cliente confirme o seu pedido. Isto \u00e9 feito para assegurar que o pedido n\u00e3o foi submetido atrav\u00e9s de algu\u00e9m que obteve acesso n\u00e3o autorizado \u00e0 sua conta banc\u00e1ria.<\/li>\n\n\n\n<li>Quando o per\u00edodo de tempo pessoal-remove come\u00e7a, pode esperar n\u00e3o conseguir ter acesso \u00e0 sua conta. Quaisquer fundos no seu perfil ser\u00e3o provavelmente retirados e enviados de volta para si, como estipulado pelas nossas estipula\u00e7\u00f5es.<\/li>\n\n\n\n<li>Durante o per\u00edodo de exclus\u00e3o pessoal, faremos todos os esfor\u00e7os razo\u00e1veis para assegurar que seja retirado dos nossos an\u00fancios. Isto nem sempre significa que estamos equipados para n\u00e3o estarmos definitivamente expostos a campanhas publicit\u00e1rias n\u00e3o direccionadas e comuns.<\/li>\n\n\n\n<li>No final do tempo de auto-exclus\u00e3o, pode telefonar-nos e pedir que lhe seja dado acesso \u00e0 nossa mercadoria de jogos de v\u00eddeo. Deve pedir esta modifica\u00e7\u00e3o pessoalmente (directamente, telem\u00f3vel, Skype, mensagens instant\u00e2neas s\u00e3o adequadas), o correio electr\u00f3nico com que se fala n\u00e3o \u00e9 realmente satisfat\u00f3rio.<\/li>\n\n\n\n<li>Note-se, por favor, que s\u00f3 ap\u00f3s uma \u00f3bvia &#8220;auto-exclus\u00e3o&#8221; \u00e9 que o seu dinheiro ser\u00e1 parado com base no tempo arranjado. Normalmente todos os perfis t\u00eam estado &#8216;fechados&#8217; e podem ser reabertos a qualquer momento, a pedido do cliente.<\/li>\n<\/ol>\n\n<h3 class=\"wp-block-heading\">GAMSTOP:<\/h3>\n\n<p>Caso esteja a considerar a auto-exclus\u00e3o, poder\u00e1 desejar criar uma conta no GAMSTOP.<\/p>\n\n<p>GAMSTOP \u00e9 um servi\u00e7o sem custos que lhe permite sair pessoalmente de todas as empresas de apostas online licenciadas na Wonderful Britain.<\/p>\n\n<p>Para saber mais e para se juntar ao GAMSTOP, visite o GAMSTOP.<\/p>\n","protected":false},"excerpt":{"rendered":"<p>Consideramos os nossos clientes e os nossos deveres sociais extremamente s\u00e9rios em bookiessite. Os nossos produtos s\u00e3o concebidos para o seu entretenimento e prazer, pelo que nos dedicamos a fornecer uma assist\u00eancia boa, aceit\u00e1vel e socialmente respons\u00e1vel. Queremos que qualquer pessoa tenha prazer nos nossos produtos de forma segura e respons\u00e1vel. Estamos felizes por in\u00fameros [&hellip;]<\/p>\n","protected":false},"author":1,"featured_media":0,"parent":0,"menu_order":0,"comment_status":"closed","ping_status":"closed","template":"","meta":{"inline_featured_image":false,"_uag_custom_page_level_css":"","site-sidebar-layout":"default","site-content-layout":"","ast-site-content-layout":"default","site-content-style":"default","site-sidebar-style":"default","ast-global-header-display":"","ast-banner-title-visibility":"","ast-main-header-display":"","ast-hfb-above-header-display":"","ast-hfb-below-header-display":"","ast-hfb-mobile-header-display":"","site-post-title":"","ast-breadcrumbs-content":"","ast-featured-img":"","footer-sml-layout":"","ast-disable-related-posts":"","theme-transparent-header-meta":"","adv-header-id-meta":"","stick-header-meta":"","header-above-stick-meta":"","header-main-stick-meta":"","header-below-stick-meta":"","astra-migrate-meta-layouts":"default","ast-page-background-enabled":"default","ast-page-background-meta":{"desktop":{"background-color":"var(--ast-global-color-4)","background-image":"","background-repeat":"repeat","background-position":"center center","background-size":"auto","background-attachment":"scroll","background-type":"","background-media":"","overlay-type":"","overlay-color":"","overlay-opacity":"","overlay-gradient":""},"tablet":{"background-color":"","background-image":"","background-repeat":"repeat","background-position":"center center","background-size":"auto","background-attachment":"scroll","background-type":"","background-media":"","overlay-type":"","overlay-color":"","overlay-opacity":"","overlay-gradient":""},"mobile":{"background-color":"","background-image":"","background-repeat":"repeat","background-position":"center center","background-size":"auto","background-attachment":"scroll","background-type":"","background-media":"","overlay-type":"","overlay-color":"","overlay-opacity":"","overlay-gradient":""}},"ast-content-background-meta":{"desktop":{"background-color":"var(--ast-global-color-5)","background-image":"","background-repeat":"repeat","background-position":"center center","background-size":"auto","background-attachment":"scroll","background-type":"","background-media":"","overlay-type":"","overlay-color":"","overlay-opacity":"","overlay-gradient":""},"tablet":{"background-color":"var(--ast-global-color-5)","background-image":"","background-repeat":"repeat","background-position":"center center","background-size":"auto","background-attachment":"scroll","background-type":"","background-media":"","overlay-type":"","overlay-color":"","overlay-opacity":"","overlay-gradient":""},"mobile":{"background-color":"var(--ast-global-color-5)","background-image":"","background-repeat":"repeat","background-position":"center center","background-size":"auto","background-attachment":"scroll","background-type":"","background-media":"","overlay-type":"","overlay-color":"","overlay-opacity":"","overlay-gradient":""}},"footnotes":""},"class_list":["post-792","page","type-page","status-publish","hentry"],"aioseo_notices":[],"acf":[],"uagb_featured_image_src":{"full":false,"thumbnail":false,"medium":false,"medium_large":false,"large":false,"1536x1536":false,"2048x2048":false},"uagb_author_info":{"display_name":"bookiessite","author_link":"https:\/\/bookiessite.com\/pt-br\/author\/bookiessite\/"},"uagb_comment_info":0,"uagb_excerpt":"Consideramos os nossos clientes e os nossos deveres sociais extremamente s\u00e9rios em bookiessite. Os nossos produtos s\u00e3o concebidos para o seu entretenimento e prazer, pelo que nos dedicamos a fornecer uma assist\u00eancia boa, aceit\u00e1vel e socialmente respons\u00e1vel. Queremos que qualquer pessoa tenha prazer nos nossos produtos de forma segura e respons\u00e1vel. Estamos felizes por in\u00fameros&hellip;","_links":{"self":[{"href":"https:\/\/bookiessite.com\/pt-br\/wp-json\/wp\/v2\/pages\/792","targetHints":{"allow":["GET"]}}],"collection":[{"href":"https:\/\/bookiessite.com\/pt-br\/wp-json\/wp\/v2\/pages"}],"about":[{"href":"https:\/\/bookiessite.com\/pt-br\/wp-json\/wp\/v2\/types\/page"}],"author":[{"embeddable":true,"href":"https:\/\/bookiessite.com\/pt-br\/wp-json\/wp\/v2\/users\/1"}],"replies":[{"embeddable":true,"href":"https:\/\/bookiessite.com\/pt-br\/wp-json\/wp\/v2\/comments?post=792"}],"version-history":[{"count":1,"href":"https:\/\/bookiessite.com\/pt-br\/wp-json\/wp\/v2\/pages\/792\/revisions"}],"predecessor-version":[{"id":80213,"href":"https:\/\/bookiessite.com\/pt-br\/wp-json\/wp\/v2\/pages\/792\/revisions\/80213"}],"wp:attachment":[{"href":"https:\/\/bookiessite.com\/pt-br\/wp-json\/wp\/v2\/media?parent=792"}],"curies":[{"name":"wp","href":"https:\/\/api.w.org\/{rel}","templated":true}]}}