{"id":30414,"date":"2012-12-04T05:11:48","date_gmt":"2012-12-04T05:11:48","guid":{"rendered":"https:\/\/bookiessite.com\/termos-e-condicoes\/"},"modified":"2024-07-16T04:51:18","modified_gmt":"2024-07-16T04:51:18","slug":"termos-e-condicoes","status":"publish","type":"page","link":"https:\/\/bookiessite.com\/pt-br\/termos-e-condicoes\/","title":{"rendered":"Termos e Condi\u00e7\u00f5es"},"content":{"rendered":"\n<h2 class=\"wp-block-heading\">Termos e Condi\u00e7\u00f5es<\/h2>\n\n<p>Bem-vindo ao site da Bookies!<\/p>\n\n<p>Estes termos e condi\u00e7\u00f5es descrevem as regras e regulamentos para a utiliza\u00e7\u00e3o do site da Bookies Site, localizado em https:\/\/bookiessite.com\/.<\/p>\n\n<p>Ao aceder a este s\u00edtio web, assumimos que aceita estes termos e condi\u00e7\u00f5es. N\u00e3o continue a utilizar o site da Bookies se n\u00e3o concordar em aceitar todos os termos e condi\u00e7\u00f5es indicados nesta p\u00e1gina.<\/p>\n\n<p>A seguinte terminologia aplica-se aos presentes Termos e Condi\u00e7\u00f5es, Declara\u00e7\u00e3o de Privacidade e Aviso de Isen\u00e7\u00e3o de Responsabilidade e a todos os Acordos: &#8220;Cliente&#8221;, &#8220;Voc\u00ea&#8221; e &#8220;Seu&#8221; referem-se a si, a pessoa que faz o login neste website e cumpre os termos e condi\u00e7\u00f5es da Empresa. &#8220;A Empresa&#8221;, &#8220;N\u00f3s pr\u00f3prios&#8221;, &#8220;N\u00f3s&#8221;, &#8220;Nosso&#8221; e &#8220;N\u00f3s&#8221;, refere-se \u00e0 nossa Empresa. &#8220;Partido&#8221;, &#8220;Partes&#8221;, ou &#8220;N\u00f3s&#8221;, refere-se tanto ao Cliente como a n\u00f3s pr\u00f3prios. Todos os termos referem-se \u00e0 oferta, aceita\u00e7\u00e3o e considera\u00e7\u00e3o do pagamento necess\u00e1rio para empreender o processo da nossa assist\u00eancia ao Cliente da forma mais apropriada para o objectivo expresso de satisfazer as necessidades do Cliente no que respeita \u00e0 presta\u00e7\u00e3o dos servi\u00e7os declarados da Empresa, de acordo e sujeito \u00e0 lei vigente nos Pa\u00edses Baixos. Qualquer uso da terminologia acima ou outras palavras no singular, plural, capitaliza\u00e7\u00e3o e\/ou ele\/ela ou eles, s\u00e3o considerados como permut\u00e1veis e, portanto, como referindo-se ao mesmo.<\/p>\n\n<h3 class=\"wp-block-heading\">Biscoitos<\/h3>\n\n<p>Utilizamos o uso de cookies. Ao aceder ao S\u00edtio Bookies, concordou em utilizar cookies de acordo com a Pol\u00edtica de Privacidade do S\u00edtio Bookies.<\/p>\n\n<p>A maioria dos sites interactivos utiliza cookies para nos permitir recuperar os detalhes do utilizador para cada visita. Os cookies s\u00e3o utilizados pelo nosso website para permitir a funcionalidade de certas \u00e1reas para facilitar a visita das pessoas que visitam o nosso website. Alguns dos nossos parceiros afiliados\/parceiros publicit\u00e1rios podem tamb\u00e9m utilizar cookies.<\/p>\n\n<h3 class=\"wp-block-heading\">Licen\u00e7a<\/h3>\n\n<p>Salvo indica\u00e7\u00e3o em contr\u00e1rio, o Site da Bookies e\/ou os seus licenciadores possuem os direitos de propriedade intelectual de todo o material no Site da Bookies. Todos os direitos de propriedade intelectual s\u00e3o reservados. Pode aceder a este s\u00edtio a partir do S\u00edtio Bookies para seu uso pessoal sujeito a restri\u00e7\u00f5es estabelecidas nestes termos e condi\u00e7\u00f5es.<\/p>\n\n<p>N\u00e3o deve:<\/p>\n\n<ul class=\"wp-block-list\">\n<li>Republicar material do site Bookies<\/li>\n\n\n\n<li>Venda, aluguer ou sub-licenciamento de material da Bookies Site<\/li>\n\n\n\n<li>Reproduzir, duplicar ou copiar material do site Bookies<\/li>\n\n\n\n<li>Redistribuir conte\u00fado do site Bookies<\/li>\n<\/ul>\n\n<p>O presente Acordo ter\u00e1 in\u00edcio na data do mesmo.<\/p>\n\n<p>Partes deste website oferecem aos utilizadores a oportunidade de publicar e trocar opini\u00f5es e informa\u00e7\u00f5es em certas \u00e1reas do website. O Site dos Bookies n\u00e3o filtra, edita, publica ou rev\u00ea Coment\u00e1rios antes da sua presen\u00e7a no site. Os coment\u00e1rios n\u00e3o reflectem os pontos de vista e opini\u00f5es da Bookies Site,seus agentes e\/ou afiliados. Os coment\u00e1rios reflectem os pontos de vista e opini\u00f5es da pessoa que publica os seus pontos de vista e opini\u00f5es. Na medida do permitido pela legisla\u00e7\u00e3o aplic\u00e1vel, o S\u00edtio de Bookies n\u00e3o ser\u00e1 respons\u00e1vel pelos Coment\u00e1rios ou por qualquer responsabilidade, danos ou despesas causadas e\/ou sofridas como resultado de qualquer utiliza\u00e7\u00e3o e\/ou publica\u00e7\u00e3o e\/ou aparecimento dos Coment\u00e1rios neste S\u00edtio.<\/p>\n\n<p>A Bookies Site reserva-se o direito de monitorizar todos os Coment\u00e1rios e remover quaisquer Coment\u00e1rios que possam ser considerados inapropriados, ofensivos ou que causem viola\u00e7\u00e3o destes Termos e Condi\u00e7\u00f5es.  <\/p>\n\n<p>O senhor garante e representa isso:<\/p>\n\n<ul class=\"wp-block-list\">\n<li>Tem o direito de publicar os Coment\u00e1rios no nosso s\u00edtio web e tem todas as licen\u00e7as e consentimentos necess\u00e1rios para o fazer;<\/li>\n\n\n\n<li>Os Coment\u00e1rios n\u00e3o invadem qualquer direito de propriedade intelectual, incluindo, sem limita\u00e7\u00e3o, direitos de autor, patentes ou marcas comerciais de terceiros;<\/li>\n\n\n\n<li>Os Coment\u00e1rios n\u00e3o cont\u00eam qualquer material difamat\u00f3rio, calunioso, ofensivo, indecente ou ilegal, que seja uma invas\u00e3o de privacidade<\/li>\n\n\n\n<li>Os Coment\u00e1rios n\u00e3o ser\u00e3o utilizados para solicitar ou promover neg\u00f3cios ou costumes ou apresentar actividades comerciais ou actividades ilegais.<\/li>\n<\/ul>\n\n<p>Pelo presente concede ao S\u00edtio dos Bookies uma licen\u00e7a n\u00e3o exclusiva para utilizar, reproduzir, editar e autorizar outros a utilizar, reproduzir e editar qualquer um dos seus Coment\u00e1rios em qualquer e todas as formas, formatos ou suportes.<\/p>\n\n<h3 class=\"wp-block-heading\">Hiperliga\u00e7\u00e3o ao nosso conte\u00fado<\/h3>\n\n<p>As seguintes organiza\u00e7\u00f5es podem criar um link para o nosso s\u00edtio web sem aprova\u00e7\u00e3o pr\u00e9via por escrito:<\/p>\n\n<ul class=\"wp-block-list\">\n<li>Ag\u00eancias governamentais;<\/li>\n\n\n\n<li>Motores de pesquisa;<\/li>\n\n\n\n<li>Organiza\u00e7\u00f5es de not\u00edcias;<\/li>\n\n\n\n<li>Os distribuidores de direct\u00f3rios em linha podem ligar ao nosso Website da mesma forma que hiperligam para os Websites de outras empresas listadas; e<\/li>\n\n\n\n<li>Empresas acreditadas em todo o sistema, excepto organiza\u00e7\u00f5es sem fins lucrativos, centros comerciais de caridade e grupos de angaria\u00e7\u00e3o de fundos de caridade que n\u00e3o podem fazer hiperliga\u00e7\u00f5es para o nosso s\u00edtio Web.<\/li>\n<\/ul>\n\n<p>Estas organiza\u00e7\u00f5es podem ligar \u00e0 nossa p\u00e1gina inicial, a publica\u00e7\u00f5es ou a outras informa\u00e7\u00f5es do Website, desde que a liga\u00e7\u00e3o seja feita: (a) n\u00e3o \u00e9 de forma alguma enganosa; (b) n\u00e3o implica falsamente o patroc\u00ednio, endosso ou aprova\u00e7\u00e3o da parte que liga e dos seus produtos e\/ou servi\u00e7os; e (c) enquadra-se no contexto do site da parte que liga.<\/p>\n\n<h3 class=\"wp-block-heading\">iFrames<\/h3>\n\n<p>Sem aprova\u00e7\u00e3o pr\u00e9via e autoriza\u00e7\u00e3o por escrito, n\u00e3o poder\u00e1 criar frames em torno das nossas p\u00e1ginas Web que alterem de forma alguma a apresenta\u00e7\u00e3o visual ou a apar\u00eancia do nosso Website.<\/p>\n\n<h3 class=\"wp-block-heading\">Responsabilidade pelo conte\u00fado<\/h3>\n\n<p>N\u00e3o nos responsabilizaremos por qualquer conte\u00fado que apare\u00e7a no seu Website. Concorda em proteger-nos e defender-nos contra todas as reivindica\u00e7\u00f5es que surjam no seu Website. Nenhum link(s) deve aparecer em qualquer Website que possa ser interpretado como calunioso, obsceno ou criminoso, ou que infrinja, de outra forma viole, ou advogue a infrac\u00e7\u00e3o ou outra viola\u00e7\u00e3o de quaisquer direitos de terceiros.<\/p>\n\n<h3 class=\"wp-block-heading\">A sua privacidade<\/h3>\n\n<p>Por favor leia a Pol\u00edtica de Privacidade<\/p>\n\n<h3 class=\"wp-block-heading\">Reserva de Direitos<\/h3>\n\n<p>Reservamo-nos o direito de lhe pedir que remova todos os links ou qualquer link em particular para o nosso Website. O utilizador aprova a remo\u00e7\u00e3o imediata de todos os links para o nosso Website mediante pedido. Tamb\u00e9m nos reservamos o direito de aceitar estes termos e condi\u00e7\u00f5es e \u00e9 pol\u00edtica de liga\u00e7\u00e3o em qualquer altura. Ao criar uma liga\u00e7\u00e3o cont\u00ednua ao nosso Website, concorda em estar vinculado e seguir estes termos e condi\u00e7\u00f5es de liga\u00e7\u00e3o.<\/p>\n\n<h3 class=\"wp-block-heading\">Remo\u00e7\u00e3o de links do nosso website<\/h3>\n\n<p>Se encontrar algum link no nosso Website que seja ofensivo por qualquer raz\u00e3o, \u00e9 livre de nos contactar e informar-nos a qualquer momento. Consideraremos pedidos para remover liga\u00e7\u00f5es, mas n\u00e3o somos obrigados a faz\u00ea-lo ou a responder-lhe directamente.<\/p>\n\n<p>N\u00e3o garantimos que a informa\u00e7\u00e3o neste website esteja correcta, n\u00e3o garantimos a sua integridade ou exactid\u00e3o; nem garantimos que o website permane\u00e7a dispon\u00edvel ou que o material do website seja mantido actualizado.<\/p>\n\n<h3 class=\"wp-block-heading\">Ren\u00fancia de responsabilidade<\/h3>\n\n<p>Na medida m\u00e1xima permitida pela lei aplic\u00e1vel, exclu\u00edmos todas as representa\u00e7\u00f5es, garantias e condi\u00e7\u00f5es relacionadas com o nosso website e a utiliza\u00e7\u00e3o deste website. Nada nesta declara\u00e7\u00e3o de exonera\u00e7\u00e3o de responsabilidade o far\u00e1:<\/p>\n\n<ul class=\"wp-block-list\">\n<li>limitar ou excluir a nossa ou a sua responsabilidade por morte ou danos pessoais;<\/li>\n\n\n\n<li>limitar ou excluir a nossa ou a sua responsabilidade por fraude ou deturpa\u00e7\u00e3o fraudulenta;<\/li>\n\n\n\n<li>limitar as nossas ou as suas responsabilidades de qualquer forma que n\u00e3o seja permitida pela lei aplic\u00e1vel; ou<\/li>\n\n\n\n<li>excluir quaisquer das nossas ou das suas responsabilidades que n\u00e3o possam ser exclu\u00eddas ao abrigo da lei aplic\u00e1vel.<\/li>\n<\/ul>\n\n<p>As limita\u00e7\u00f5es e proibi\u00e7\u00f5es de responsabilidade estabelecidas nesta Sec\u00e7\u00e3o e em qualquer outra parte desta exonera\u00e7\u00e3o de responsabilidade: (a) est\u00e3o sujeitos ao par\u00e1grafo anterior; e (b) reger todas as responsabilidades decorrentes da ren\u00fancia de responsabilidade, incluindo responsabilidades decorrentes de contrato, de delito civil e de viola\u00e7\u00e3o do dever legal.<\/p>\n\n<p>Desde que o website e as informa\u00e7\u00f5es e servi\u00e7os no website sejam fornecidos gratuitamente, n\u00e3o seremos respons\u00e1veis por qualquer perda ou dano de qualquer natureza.<\/p>\n","protected":false},"excerpt":{"rendered":"<p>Termos e Condi\u00e7\u00f5es Bem-vindo ao site da Bookies! Estes termos e condi\u00e7\u00f5es descrevem as regras e regulamentos para a utiliza\u00e7\u00e3o do site da Bookies Site, localizado em https:\/\/bookiessite.com\/. Ao aceder a este s\u00edtio web, assumimos que aceita estes termos e condi\u00e7\u00f5es. N\u00e3o continue a utilizar o site da Bookies se n\u00e3o concordar em aceitar todos [&hellip;]<\/p>\n","protected":false},"author":1,"featured_media":0,"parent":0,"menu_order":0,"comment_status":"closed","ping_status":"closed","template":"","meta":{"inline_featured_image":false,"_uag_custom_page_level_css":"","site-sidebar-layout":"default","site-content-layout":"","ast-site-content-layout":"default","site-content-style":"default","site-sidebar-style":"default","ast-global-header-display":"","ast-banner-title-visibility":"","ast-main-header-display":"","ast-hfb-above-header-display":"","ast-hfb-below-header-display":"","ast-hfb-mobile-header-display":"","site-post-title":"","ast-breadcrumbs-content":"","ast-featured-img":"","footer-sml-layout":"","ast-disable-related-posts":"","theme-transparent-header-meta":"","adv-header-id-meta":"","stick-header-meta":"","header-above-stick-meta":"","header-main-stick-meta":"","header-below-stick-meta":"","astra-migrate-meta-layouts":"default","ast-page-background-enabled":"default","ast-page-background-meta":{"desktop":{"background-color":"var(--ast-global-color-4)","background-image":"","background-repeat":"repeat","background-position":"center center","background-size":"auto","background-attachment":"scroll","background-type":"","background-media":"","overlay-type":"","overlay-color":"","overlay-opacity":"","overlay-gradient":""},"tablet":{"background-color":"","background-image":"","background-repeat":"repeat","background-position":"center center","background-size":"auto","background-attachment":"scroll","background-type":"","background-media":"","overlay-type":"","overlay-color":"","overlay-opacity":"","overlay-gradient":""},"mobile":{"background-color":"","background-image":"","background-repeat":"repeat","background-position":"center center","background-size":"auto","background-attachment":"scroll","background-type":"","background-media":"","overlay-type":"","overlay-color":"","overlay-opacity":"","overlay-gradient":""}},"ast-content-background-meta":{"desktop":{"background-color":"var(--ast-global-color-5)","background-image":"","background-repeat":"repeat","background-position":"center center","background-size":"auto","background-attachment":"scroll","background-type":"","background-media":"","overlay-type":"","overlay-color":"","overlay-opacity":"","overlay-gradient":""},"tablet":{"background-color":"var(--ast-global-color-5)","background-image":"","background-repeat":"repeat","background-position":"center center","background-size":"auto","background-attachment":"scroll","background-type":"","background-media":"","overlay-type":"","overlay-color":"","overlay-opacity":"","overlay-gradient":""},"mobile":{"background-color":"var(--ast-global-color-5)","background-image":"","background-repeat":"repeat","background-position":"center center","background-size":"auto","background-attachment":"scroll","background-type":"","background-media":"","overlay-type":"","overlay-color":"","overlay-opacity":"","overlay-gradient":""}},"footnotes":""},"class_list":["post-30414","page","type-page","status-publish","hentry"],"aioseo_notices":[],"acf":[],"uagb_featured_image_src":{"full":false,"thumbnail":false,"medium":false,"medium_large":false,"large":false,"1536x1536":false,"2048x2048":false},"uagb_author_info":{"display_name":"bookiessite","author_link":"https:\/\/bookiessite.com\/pt-br\/author\/bookiessite\/"},"uagb_comment_info":0,"uagb_excerpt":"Termos e Condi\u00e7\u00f5es Bem-vindo ao site da Bookies! Estes termos e condi\u00e7\u00f5es descrevem as regras e regulamentos para a utiliza\u00e7\u00e3o do site da Bookies Site, localizado em https:\/\/bookiessite.com\/. Ao aceder a este s\u00edtio web, assumimos que aceita estes termos e condi\u00e7\u00f5es. N\u00e3o continue a utilizar o site da Bookies se n\u00e3o concordar em aceitar todos&hellip;","_links":{"self":[{"href":"https:\/\/bookiessite.com\/pt-br\/wp-json\/wp\/v2\/pages\/30414","targetHints":{"allow":["GET"]}}],"collection":[{"href":"https:\/\/bookiessite.com\/pt-br\/wp-json\/wp\/v2\/pages"}],"about":[{"href":"https:\/\/bookiessite.com\/pt-br\/wp-json\/wp\/v2\/types\/page"}],"author":[{"embeddable":true,"href":"https:\/\/bookiessite.com\/pt-br\/wp-json\/wp\/v2\/users\/1"}],"replies":[{"embeddable":true,"href":"https:\/\/bookiessite.com\/pt-br\/wp-json\/wp\/v2\/comments?post=30414"}],"version-history":[{"count":2,"href":"https:\/\/bookiessite.com\/pt-br\/wp-json\/wp\/v2\/pages\/30414\/revisions"}],"predecessor-version":[{"id":82257,"href":"https:\/\/bookiessite.com\/pt-br\/wp-json\/wp\/v2\/pages\/30414\/revisions\/82257"}],"wp:attachment":[{"href":"https:\/\/bookiessite.com\/pt-br\/wp-json\/wp\/v2\/media?parent=30414"}],"curies":[{"name":"wp","href":"https:\/\/api.w.org\/{rel}","templated":true}]}}