{"id":30066,"date":"2012-12-22T08:01:45","date_gmt":"2012-12-22T08:01:45","guid":{"rendered":"https:\/\/bookiessite.com\/renuncia-de-responsabilidade\/"},"modified":"2024-07-16T03:34:02","modified_gmt":"2024-07-16T03:34:02","slug":"renuncia-de-responsabilidade","status":"publish","type":"page","link":"https:\/\/bookiessite.com\/pt-br\/renuncia-de-responsabilidade\/","title":{"rendered":"Aviso de isen\u00e7\u00e3o de responsabilidade para o site Bookies"},"content":{"rendered":"\n<blockquote class=\"wp-block-quote is-layout-flow wp-block-quote-is-layout-flow\">\n<p>Ren\u00fancias de responsabilidade<\/p>\n\n\n\n<p>Se forem necess\u00e1rias mais informa\u00e7\u00f5es sobre a isen\u00e7\u00e3o de responsabilidade deste site ou, em qualquer caso, sobre o acima, sinta-se \u00e0 vontade para entrar em contato conosco.<\/p>\n\n\n\n<p>S\u00edtio de Isen\u00e7\u00e3o de Responsabilidade para os Bookies<\/p>\n\n\n\n<p>Todas as informa\u00e7\u00f5es contidas neste site \u2013 <a href=\"https:\/\/\/bookiessite.com\/\" target=\"_blank\" rel=\"noopener nofollow\" title=\"site de casas de apostas\">https:\/\/\/bookiessite.com\/<\/a> \u2013 s\u00e3o divulgadas de boa f\u00e9 e destinam-se apenas a informa\u00e7\u00f5es gerais. Essas informa\u00e7\u00f5es transmitidas pelo Site Bookies n\u00e3o v\u00eam com nenhuma garantia por parte da empresa em rela\u00e7\u00e3o \u00e0 integridade, confiabilidade e precis\u00e3o dessas informa\u00e7\u00f5es. Todas as informa\u00e7\u00f5es fornecidas neste site (Site de Casas de Apostas) devem ser usadas por sua conta e risco. O Bookies Site n\u00e3o se responsabiliza por qualquer perda e\/ou dano decorrente do uso deste site.<\/p>\n\n\n\n<p>Ao usar partes deste site, voc\u00ea tamb\u00e9m pode ser direcionado para outros sites por meio de links para esses outros sites. Assim, embora nos esforcemos constantemente para garantir que os links fornecidos levem a um site mais \u00fatil e \u00e9tico, n\u00e3o podemos monitorar o conte\u00fado e a natureza de tais sites. Esses links para outros sites da Internet n\u00e3o indicam o endosso da HTM de todas as informa\u00e7\u00f5es contidas nesses links. Sites, propriet\u00e1rios e conte\u00fado dentro deles podem ser alterados sem aviso pr\u00e9vio e pode ser raro termos a chance de excluir um link que agora pode ser &#8220;ruim&#8221;.<\/p>\n\n\n\n<p>Tamb\u00e9m \u00e9 importante que voc\u00ea tamb\u00e9m observe que, depois de clicar em links que o levar\u00e3o a sites de outras empresas, voc\u00ea estar\u00e1 sujeito a outras pol\u00edticas, que n\u00e3o est\u00e3o sob o controle da empresa. \u00c9 aconselh\u00e1vel que os usu\u00e1rios, antes de fazer neg\u00f3cios ou fazer upload de quaisquer dados para esses sites, leiam as pol\u00edticas de privacidade, bem como os &#8220;Termos de Servi\u00e7o&#8221;.<\/p>\n\n\n\n<p>Consentimento<\/p>\n\n\n\n<p>Todas as pessoas que entram e utilizam este site concordam com as estipula\u00e7\u00f5es desta isen\u00e7\u00e3o de responsabilidade.<\/p>\n\n\n\n<p>Actualiza\u00e7\u00e3o<\/p>\n\n\n\n<p>Se em algum momento este documento for atualizado, alterado ou de alguma forma alterado, a revis\u00e3o ser\u00e1 destacada aqui.<\/p>\n<\/blockquote>\n","protected":false},"excerpt":{"rendered":"<p>Ren\u00fancias de responsabilidade Se forem necess\u00e1rias mais informa\u00e7\u00f5es sobre a isen\u00e7\u00e3o de responsabilidade deste site ou, em qualquer caso, sobre o acima, sinta-se \u00e0 vontade para entrar em contato conosco. S\u00edtio de Isen\u00e7\u00e3o de Responsabilidade para os Bookies Todas as informa\u00e7\u00f5es contidas neste site \u2013 https:\/\/\/bookiessite.com\/ \u2013 s\u00e3o divulgadas de boa f\u00e9 e destinam-se apenas [&hellip;]<\/p>\n","protected":false},"author":1,"featured_media":0,"parent":0,"menu_order":0,"comment_status":"closed","ping_status":"closed","template":"","meta":{"inline_featured_image":false,"_uag_custom_page_level_css":"","site-sidebar-layout":"default","site-content-layout":"","ast-site-content-layout":"default","site-content-style":"default","site-sidebar-style":"default","ast-global-header-display":"","ast-banner-title-visibility":"","ast-main-header-display":"","ast-hfb-above-header-display":"","ast-hfb-below-header-display":"","ast-hfb-mobile-header-display":"","site-post-title":"","ast-breadcrumbs-content":"","ast-featured-img":"","footer-sml-layout":"","ast-disable-related-posts":"","theme-transparent-header-meta":"","adv-header-id-meta":"","stick-header-meta":"","header-above-stick-meta":"","header-main-stick-meta":"","header-below-stick-meta":"","astra-migrate-meta-layouts":"default","ast-page-background-enabled":"default","ast-page-background-meta":{"desktop":{"background-color":"var(--ast-global-color-4)","background-image":"","background-repeat":"repeat","background-position":"center center","background-size":"auto","background-attachment":"scroll","background-type":"","background-media":"","overlay-type":"","overlay-color":"","overlay-opacity":"","overlay-gradient":""},"tablet":{"background-color":"","background-image":"","background-repeat":"repeat","background-position":"center center","background-size":"auto","background-attachment":"scroll","background-type":"","background-media":"","overlay-type":"","overlay-color":"","overlay-opacity":"","overlay-gradient":""},"mobile":{"background-color":"","background-image":"","background-repeat":"repeat","background-position":"center center","background-size":"auto","background-attachment":"scroll","background-type":"","background-media":"","overlay-type":"","overlay-color":"","overlay-opacity":"","overlay-gradient":""}},"ast-content-background-meta":{"desktop":{"background-color":"var(--ast-global-color-5)","background-image":"","background-repeat":"repeat","background-position":"center center","background-size":"auto","background-attachment":"scroll","background-type":"","background-media":"","overlay-type":"","overlay-color":"","overlay-opacity":"","overlay-gradient":""},"tablet":{"background-color":"var(--ast-global-color-5)","background-image":"","background-repeat":"repeat","background-position":"center center","background-size":"auto","background-attachment":"scroll","background-type":"","background-media":"","overlay-type":"","overlay-color":"","overlay-opacity":"","overlay-gradient":""},"mobile":{"background-color":"var(--ast-global-color-5)","background-image":"","background-repeat":"repeat","background-position":"center center","background-size":"auto","background-attachment":"scroll","background-type":"","background-media":"","overlay-type":"","overlay-color":"","overlay-opacity":"","overlay-gradient":""}},"footnotes":""},"class_list":["post-30066","page","type-page","status-publish","hentry"],"aioseo_notices":[],"acf":[],"uagb_featured_image_src":{"full":false,"thumbnail":false,"medium":false,"medium_large":false,"large":false,"1536x1536":false,"2048x2048":false},"uagb_author_info":{"display_name":"bookiessite","author_link":"https:\/\/bookiessite.com\/pt-br\/author\/bookiessite\/"},"uagb_comment_info":0,"uagb_excerpt":"Ren\u00fancias de responsabilidade Se forem necess\u00e1rias mais informa\u00e7\u00f5es sobre a isen\u00e7\u00e3o de responsabilidade deste site ou, em qualquer caso, sobre o acima, sinta-se \u00e0 vontade para entrar em contato conosco. S\u00edtio de Isen\u00e7\u00e3o de Responsabilidade para os Bookies Todas as informa\u00e7\u00f5es contidas neste site \u2013 https:\/\/\/bookiessite.com\/ \u2013 s\u00e3o divulgadas de boa f\u00e9 e destinam-se apenas&hellip;","_links":{"self":[{"href":"https:\/\/bookiessite.com\/pt-br\/wp-json\/wp\/v2\/pages\/30066","targetHints":{"allow":["GET"]}}],"collection":[{"href":"https:\/\/bookiessite.com\/pt-br\/wp-json\/wp\/v2\/pages"}],"about":[{"href":"https:\/\/bookiessite.com\/pt-br\/wp-json\/wp\/v2\/types\/page"}],"author":[{"embeddable":true,"href":"https:\/\/bookiessite.com\/pt-br\/wp-json\/wp\/v2\/users\/1"}],"replies":[{"embeddable":true,"href":"https:\/\/bookiessite.com\/pt-br\/wp-json\/wp\/v2\/comments?post=30066"}],"version-history":[{"count":2,"href":"https:\/\/bookiessite.com\/pt-br\/wp-json\/wp\/v2\/pages\/30066\/revisions"}],"predecessor-version":[{"id":77066,"href":"https:\/\/bookiessite.com\/pt-br\/wp-json\/wp\/v2\/pages\/30066\/revisions\/77066"}],"wp:attachment":[{"href":"https:\/\/bookiessite.com\/pt-br\/wp-json\/wp\/v2\/media?parent=30066"}],"curies":[{"name":"wp","href":"https:\/\/api.w.org\/{rel}","templated":true}]}}