{"id":18368,"date":"2012-12-22T08:47:15","date_gmt":"2012-12-22T08:47:15","guid":{"rendered":"https:\/\/bookiessite.com\/contacte-nos\/"},"modified":"2024-07-16T03:24:06","modified_gmt":"2024-07-16T03:24:06","slug":"contacte-nos","status":"publish","type":"page","link":"https:\/\/bookiessite.com\/pt-br\/contacte-nos\/","title":{"rendered":"Contacte-nos"},"content":{"rendered":"\n<p>Contacte-nos<\/p>\n\n<p>Alternativamente, com o <a href=\"https:\/\/bookiessite.com\/pt-br\/\" target=\"_blank\" rel=\"noopener\" title=\"site de casas de apostas\">site de apostas<\/a>, voc\u00ea pode ter certeza de que as respostas \u00e0s perguntas que voc\u00ea tem est\u00e3o a apenas um clique de dist\u00e2ncia. Voc\u00ea pode entrar em contato com nossa equipe de especialistas a qualquer momento porque, como voc\u00ea sabe, estamos dispon\u00edveis para voc\u00ea 24 horas por dia, 7 dias por semana! Quer se trate de perguntas sobre os servi\u00e7os que oferecemos ou apenas um simples &#8216;ol\u00e1&#8217;, bem-vindo, estamos aqui para ajudar. Tudo o que voc\u00ea precisa fazer \u00e9 enviar sua consulta para o departamento de suporte do site, oficialmente localizado em  <strong>support@bookiessite. com<\/strong>  e ficaremos mais do que felizes em estender a m\u00e3o. N\u00e3o se sente mais &#8211; \u00e9 hora de suas perguntas serem respondidas e que melhor lugar para essas informa\u00e7\u00f5es do que no site do apostador. Entre em contato com a ger\u00eancia hoje para descobrir como podemos ajud\u00e1-lo.<\/p>\n\n<div class=\"wp-block-uagb-forms uagb-forms__outer-wrap uagb-block-ddb1fa45 uagb-forms__medium-btn\"><form class=\"uagb-forms-main-form\" method=\"post\" autocomplete=\"on\" name=\"uagb-form-ddb1fa45\">\n          \n\n          <div class=\"wp-block-uagb-forms-name uagb-forms-name-wrap uagb-forms-field-set uagb-block-fe82063e\">\n            <div class=\"uagb-forms-name-label required uagb-forms-input-label\" id=\"fe82063e\">Nome pr\u00f3prio<\/div>\n            <input type=\"text\" placeholder=\"Jo\u00e3o\" required=\"\" class=\"uagb-forms-name-input uagb-forms-input\" name=\"fe82063e\" autocomplete=\"given-name\">\n          <\/div>\n          \n\n        \n\n\n\n          \n\n          <div class=\"wp-block-uagb-forms-name uagb-forms-name-wrap uagb-forms-field-set uagb-block-479d3f82\">\n            <div class=\"uagb-forms-name-label required uagb-forms-input-label\" id=\"479d3f82\">Apelido<\/div>\n            <input type=\"text\" placeholder=\"Wilson\" required=\"\" class=\"uagb-forms-name-input uagb-forms-input\" name=\"479d3f82\" autocomplete=\"family-name\">\n          <\/div>\n          \n\n        \n\n\n\n          \n\n          <div class=\"wp-block-uagb-forms-email uagb-forms-email-wrap uagb-forms-field-set uagb-block-01a3d36d\">\n            <div class=\"uagb-forms-email-label uagb-forms-input-label\" id=\"01a3d36d\">Correio eletr\u00f3nico<\/div>\n            <input type=\"email\" class=\"uagb-forms-email-input uagb-forms-input\" placeholder=\"example@mail.com\" name=\"01a3d36d\" autocomplete=\"email\">\n          <\/div>\n          \n\n        \n\n\n\n          \n\n          <div class=\"wp-block-uagb-forms-textarea uagb-forms-textarea-wrap uagb-forms-field-set uagb-block-0e2cb2b9\">\n            <div class=\"uagb-forms-textarea-label required uagb-forms-input-label\" id=\"0e2cb2b9\">Mensagem<\/div>\n            <textarea required=\"\" class=\"uagb-forms-textarea-input uagb-forms-input\" rows=\"4\" placeholder=\"Introduza a sua mensagem\" name=\"0e2cb2b9\" autocomplete=\"off\"><\/textarea>\n          <\/div>\n          \n\n        \n<div class=\"uagb-forms-form-hidden-data\"><input type=\"hidden\" class=\"uagb_forms_form_label\" value=\"Spectra Form\"\/><input type=\"hidden\" class=\"uagb_forms_form_id\" value=\"uagb-form-ddb1fa45\"\/><\/div><div class=\"uagb-form-reacaptcha-error-ddb1fa45\"><\/div><div class=\"uagb-forms-main-submit-button-wrap wp-block-button\"><button class=\"uagb-forms-main-submit-button wp-block-button__link\"><div class=\"uagb-forms-main-submit-button-text\">Enviar<\/div><\/button><\/div><\/form><div class=\"uagb-forms-success-message-ddb1fa45 uagb-forms-submit-message-hide\"><span>The form has been submitted successfully!<\/span><\/div><div class=\"uagb-forms-failed-message-ddb1fa45 uagb-forms-submit-message-hide\"><span>There has been some error while submitting the form. Please verify all form fields again.<\/span><\/div><\/div>\n\n<p>Aguardamos ansiosamente a sua resposta em breve!<\/p>\n\n<p>A equipa do site do apostador<\/p>\n","protected":false},"excerpt":{"rendered":"<p>Contacte-nos Alternativamente, com o site de apostas, voc\u00ea pode ter certeza de que as respostas \u00e0s perguntas que voc\u00ea tem est\u00e3o a apenas um clique de dist\u00e2ncia. Voc\u00ea pode entrar em contato com nossa equipe de especialistas a qualquer momento porque, como voc\u00ea sabe, estamos dispon\u00edveis para voc\u00ea 24 horas por dia, 7 dias por [&hellip;]<\/p>\n","protected":false},"author":1,"featured_media":0,"parent":0,"menu_order":0,"comment_status":"closed","ping_status":"closed","template":"","meta":{"inline_featured_image":false,"_uag_custom_page_level_css":"","site-sidebar-layout":"default","site-content-layout":"","ast-site-content-layout":"default","site-content-style":"default","site-sidebar-style":"default","ast-global-header-display":"","ast-banner-title-visibility":"","ast-main-header-display":"","ast-hfb-above-header-display":"","ast-hfb-below-header-display":"","ast-hfb-mobile-header-display":"","site-post-title":"","ast-breadcrumbs-content":"","ast-featured-img":"","footer-sml-layout":"","ast-disable-related-posts":"","theme-transparent-header-meta":"","adv-header-id-meta":"","stick-header-meta":"","header-above-stick-meta":"","header-main-stick-meta":"","header-below-stick-meta":"","astra-migrate-meta-layouts":"default","ast-page-background-enabled":"default","ast-page-background-meta":{"desktop":{"background-color":"var(--ast-global-color-4)","background-image":"","background-repeat":"repeat","background-position":"center center","background-size":"auto","background-attachment":"scroll","background-type":"","background-media":"","overlay-type":"","overlay-color":"","overlay-opacity":"","overlay-gradient":""},"tablet":{"background-color":"","background-image":"","background-repeat":"repeat","background-position":"center center","background-size":"auto","background-attachment":"scroll","background-type":"","background-media":"","overlay-type":"","overlay-color":"","overlay-opacity":"","overlay-gradient":""},"mobile":{"background-color":"","background-image":"","background-repeat":"repeat","background-position":"center center","background-size":"auto","background-attachment":"scroll","background-type":"","background-media":"","overlay-type":"","overlay-color":"","overlay-opacity":"","overlay-gradient":""}},"ast-content-background-meta":{"desktop":{"background-color":"var(--ast-global-color-5)","background-image":"","background-repeat":"repeat","background-position":"center center","background-size":"auto","background-attachment":"scroll","background-type":"","background-media":"","overlay-type":"","overlay-color":"","overlay-opacity":"","overlay-gradient":""},"tablet":{"background-color":"var(--ast-global-color-5)","background-image":"","background-repeat":"repeat","background-position":"center center","background-size":"auto","background-attachment":"scroll","background-type":"","background-media":"","overlay-type":"","overlay-color":"","overlay-opacity":"","overlay-gradient":""},"mobile":{"background-color":"var(--ast-global-color-5)","background-image":"","background-repeat":"repeat","background-position":"center center","background-size":"auto","background-attachment":"scroll","background-type":"","background-media":"","overlay-type":"","overlay-color":"","overlay-opacity":"","overlay-gradient":""}},"footnotes":""},"class_list":["post-18368","page","type-page","status-publish","hentry"],"aioseo_notices":[],"acf":[],"uagb_featured_image_src":{"full":false,"thumbnail":false,"medium":false,"medium_large":false,"large":false,"1536x1536":false,"2048x2048":false},"uagb_author_info":{"display_name":"bookiessite","author_link":"https:\/\/bookiessite.com\/pt-br\/author\/bookiessite\/"},"uagb_comment_info":0,"uagb_excerpt":"Contacte-nos Alternativamente, com o site de apostas, voc\u00ea pode ter certeza de que as respostas \u00e0s perguntas que voc\u00ea tem est\u00e3o a apenas um clique de dist\u00e2ncia. Voc\u00ea pode entrar em contato com nossa equipe de especialistas a qualquer momento porque, como voc\u00ea sabe, estamos dispon\u00edveis para voc\u00ea 24 horas por dia, 7 dias por&hellip;","_links":{"self":[{"href":"https:\/\/bookiessite.com\/pt-br\/wp-json\/wp\/v2\/pages\/18368","targetHints":{"allow":["GET"]}}],"collection":[{"href":"https:\/\/bookiessite.com\/pt-br\/wp-json\/wp\/v2\/pages"}],"about":[{"href":"https:\/\/bookiessite.com\/pt-br\/wp-json\/wp\/v2\/types\/page"}],"author":[{"embeddable":true,"href":"https:\/\/bookiessite.com\/pt-br\/wp-json\/wp\/v2\/users\/1"}],"replies":[{"embeddable":true,"href":"https:\/\/bookiessite.com\/pt-br\/wp-json\/wp\/v2\/comments?post=18368"}],"version-history":[{"count":4,"href":"https:\/\/bookiessite.com\/pt-br\/wp-json\/wp\/v2\/pages\/18368\/revisions"}],"predecessor-version":[{"id":77020,"href":"https:\/\/bookiessite.com\/pt-br\/wp-json\/wp\/v2\/pages\/18368\/revisions\/77020"}],"wp:attachment":[{"href":"https:\/\/bookiessite.com\/pt-br\/wp-json\/wp\/v2\/media?parent=18368"}],"curies":[{"name":"wp","href":"https:\/\/api.w.org\/{rel}","templated":true}]}}