{"id":18320,"date":"2012-12-22T08:13:29","date_gmt":"2012-12-22T08:13:29","guid":{"rendered":"https:\/\/bookiessite.com\/about-us\/"},"modified":"2024-07-16T01:21:06","modified_gmt":"2024-07-16T01:21:06","slug":"sobre-nos","status":"publish","type":"page","link":"https:\/\/bookiessite.com\/pt-br\/sobre-nos\/","title":{"rendered":"Sobre n\u00f3s"},"content":{"rendered":"\n<blockquote class=\"wp-block-quote is-layout-flow wp-block-quote-is-layout-flow\">\n<h2 class=\"wp-block-heading\">Bem-vindo ao bookiessite. com<\/h2>\n\n\n\n<p>site de apostas. Isso ocorre porque com \u00e9 uma plataforma de site de apostas profissional. Aqui voc\u00ea encontrar\u00e1 apenas o interessante e, muito provavelmente, voc\u00ea vai gostar. Nosso objetivo \u00e9 apresentar a voc\u00ea os melhores sites de apostas que cobrem os princ\u00edpios de confiabilidade e o site de apostas. Nosso objetivo \u00e9 fazer com que a paix\u00e3o do nosso site de apostas se torne um neg\u00f3cio online de sucesso. Acreditamos que voc\u00ea apreciar\u00e1 o site do apostador tanto quanto gostamos de fornec\u00ea-lo a voc\u00ea.<\/p>\n\n\n\n<h2 class=\"wp-block-heading\">Jogo Feliz<\/h2>\n\n\n\n<p>Se voc\u00ea est\u00e1 em busca de casas de apostas, ent\u00e3o voc\u00ea chegou ao lugar certo porque o site de casas de apostas \u00e9 o melhor para isso. Obviamente, nossa principal miss\u00e3o \u00e9 ajud\u00e1-lo a selecionar as op\u00e7\u00f5es mais lucrativas e adequadas para apostar nos eventos esportivos. \u00c9 por isso que, devido a uma forte equipe de especialistas e profissionais, podemos fornecer todas as informa\u00e7\u00f5es sobre sites de apostas. Sobre a vis\u00e3o da empresa, \u00e9 tornar a vida de todos os sujeitos na esfera das apostas esportivas online mais f\u00e1cil e brilhante. Ent\u00e3o, se voc\u00ea \u00e9 um novo jogador ou est\u00e1 em busca de diretrizes sobre como apostar, parab\u00e9ns, voc\u00ea chegou \u00e0 p\u00e1gina certa. Desejamos que voc\u00ea aproveite nosso site e se divirta enquanto joga, obrigado por estar conosco e boa sorte!<\/p>\n\n\n\n<h2 class=\"wp-block-heading\">Apostas Felizes<\/h2>\n\n\n\n<p>\u00c9 um prazer receb\u00ea-lo em nosso site e esperamos que voc\u00ea goste do nosso site. Esta \u00e9 a primeira vez que voc\u00ea visita a p\u00e1gina do site de apostas e gostar\u00edamos de receb\u00ea-lo e esperamos v\u00ea-lo com mais frequ\u00eancia. Para qualquer d\u00favida ou preocupa\u00e7\u00e3o, adorar\u00edamos ouvir de voc\u00ea ou qualquer d\u00favida que voc\u00ea possa ter. Se precisar de ajuda, estamos aqui para ajud\u00e1-lo, basta nos avisar. Agradecemos sua visita ao site de apostas e estamos ansiosos para conhec\u00ea-lo do outro lado das vit\u00f3rias e derrotas! Feliz Aposta!<\/p>\n\n\n\n<p>Desejamos que voc\u00ea tenha boa sorte ao usar nosso site para todos os problemas e requisitos relacionados a casas de apostas. Portanto, nossa equipe trabalha para garantir que voc\u00ea receba as informa\u00e7\u00f5es mais recentes que o ajudar\u00e3o a tomar as decis\u00f5es certas quando se trata de apostas em diferentes esportes. \u00c9 por isso que trabalhamos para melhorar sua experi\u00eancia com as apostas esportivas online e voc\u00ea sempre pode tirar d\u00favidas ou preocupa\u00e7\u00f5es \u00e0 nossa equipe de suporte. Mais uma vez, gostar\u00edamos de agradecer por escolher o site de apostas e esperamos que voc\u00ea tenha sorte em suas apostas futuras! Feliz Aposta! -Equipe de casas de apostas. com<\/p>\n\n\n\n<h2 class=\"wp-block-heading\">Servi\u00e7o de qualidade<\/h2>\n\n\n\n<p>Esperamos que, atrav\u00e9s deste site, voc\u00ea esteja em condi\u00e7\u00f5es de obter todas as informa\u00e7\u00f5es necess\u00e1rias sobre as apostas esportivas online, para que possa tomar a decis\u00e3o certa. \u00c9 nosso objetivo ser as melhores casas de apostas esportivas online e se houver algo que voc\u00ea queira nos perguntar ou dizer, estamos sempre dispostos a ouvir. Gostaria de aproveitar esta oportunidade para agradecer pelo seu tempo e por escolher o site de apostas e que voc\u00ea tenha sorte em todos os seus futuros empreendimentos de apostas! Feliz Aposta! -Equipe  <a href=\"https:\/\/bookiessite.com\/pt-br\/\" target=\"_blank\" rel=\"noopener\" title=\"site de apostas. com\">site de apostas. com<\/a><\/p>\n\n\n\n<h2 class=\"wp-block-heading\">Voc\u00ea est\u00e1 em busca de um agenciador de apostas? Sua busca termina aqui!<\/h2>\n\n\n\n<p>Nosso objetivo \u00e9 garantir que os clientes obtenham os melhores sites e servi\u00e7os de apostas para fazer suas apostas em ocasi\u00f5es esportivas. A equipe de autores \u00e9 formada por especialistas experientes e qualificados na esfera das apostas esportivas online, que trabalham para fornecer a voc\u00ea todos os dados essenciais sobre a esfera. Assim, se voc\u00ea \u00e9 iniciante ou simplesmente precisa de algumas dicas, o site de apostas ir\u00e1 ajud\u00e1-lo. \u00c9 um prazer t\u00ea-lo no site de apostas, obrigado por visitar nosso site e boa sorte em suas futuras atividades de apostas! Feliz Aposta! -Equipe de casas de apostas. com<\/p>\n\n\n\n<p>Se voc\u00ea quiser perguntar ou dar suas opini\u00f5es ou sugest\u00f5es, sinta-se \u00e0 vontade para entrar em contato conosco.<\/p>\n\n\n\n<p>\u2013 \ud83d\ude42 \u2013 Site de apostas da equipe. com.<\/p>\n\n\n\n<p>Esperamos que voc\u00ea tenha gostado do nosso site tanto quanto n\u00f3s gostamos de cri\u00e1-lo.<\/p>\n\n\n\n<p>Tenha um bom dia!<\/p>\n<\/blockquote>\n","protected":false},"excerpt":{"rendered":"<p>Bem-vindo ao bookiessite. com site de apostas. Isso ocorre porque com \u00e9 uma plataforma de site de apostas profissional. Aqui voc\u00ea encontrar\u00e1 apenas o interessante e, muito provavelmente, voc\u00ea vai gostar. Nosso objetivo \u00e9 apresentar a voc\u00ea os melhores sites de apostas que cobrem os princ\u00edpios de confiabilidade e o site de apostas. Nosso objetivo [&hellip;]<\/p>\n","protected":false},"author":1,"featured_media":0,"parent":0,"menu_order":0,"comment_status":"closed","ping_status":"closed","template":"","meta":{"inline_featured_image":false,"_uag_custom_page_level_css":"","site-sidebar-layout":"default","site-content-layout":"","ast-site-content-layout":"default","site-content-style":"default","site-sidebar-style":"default","ast-global-header-display":"","ast-banner-title-visibility":"","ast-main-header-display":"","ast-hfb-above-header-display":"","ast-hfb-below-header-display":"","ast-hfb-mobile-header-display":"","site-post-title":"","ast-breadcrumbs-content":"","ast-featured-img":"","footer-sml-layout":"","ast-disable-related-posts":"","theme-transparent-header-meta":"","adv-header-id-meta":"","stick-header-meta":"","header-above-stick-meta":"","header-main-stick-meta":"","header-below-stick-meta":"","astra-migrate-meta-layouts":"default","ast-page-background-enabled":"default","ast-page-background-meta":{"desktop":{"background-color":"var(--ast-global-color-4)","background-image":"","background-repeat":"repeat","background-position":"center center","background-size":"auto","background-attachment":"scroll","background-type":"","background-media":"","overlay-type":"","overlay-color":"","overlay-opacity":"","overlay-gradient":""},"tablet":{"background-color":"","background-image":"","background-repeat":"repeat","background-position":"center center","background-size":"auto","background-attachment":"scroll","background-type":"","background-media":"","overlay-type":"","overlay-color":"","overlay-opacity":"","overlay-gradient":""},"mobile":{"background-color":"","background-image":"","background-repeat":"repeat","background-position":"center center","background-size":"auto","background-attachment":"scroll","background-type":"","background-media":"","overlay-type":"","overlay-color":"","overlay-opacity":"","overlay-gradient":""}},"ast-content-background-meta":{"desktop":{"background-color":"var(--ast-global-color-5)","background-image":"","background-repeat":"repeat","background-position":"center center","background-size":"auto","background-attachment":"scroll","background-type":"","background-media":"","overlay-type":"","overlay-color":"","overlay-opacity":"","overlay-gradient":""},"tablet":{"background-color":"var(--ast-global-color-5)","background-image":"","background-repeat":"repeat","background-position":"center center","background-size":"auto","background-attachment":"scroll","background-type":"","background-media":"","overlay-type":"","overlay-color":"","overlay-opacity":"","overlay-gradient":""},"mobile":{"background-color":"var(--ast-global-color-5)","background-image":"","background-repeat":"repeat","background-position":"center center","background-size":"auto","background-attachment":"scroll","background-type":"","background-media":"","overlay-type":"","overlay-color":"","overlay-opacity":"","overlay-gradient":""}},"footnotes":""},"class_list":["post-18320","page","type-page","status-publish","hentry"],"aioseo_notices":[],"acf":[],"uagb_featured_image_src":{"full":false,"thumbnail":false,"medium":false,"medium_large":false,"large":false,"1536x1536":false,"2048x2048":false},"uagb_author_info":{"display_name":"bookiessite","author_link":"https:\/\/bookiessite.com\/pt-br\/author\/bookiessite\/"},"uagb_comment_info":0,"uagb_excerpt":"Bem-vindo ao bookiessite. com site de apostas. Isso ocorre porque com \u00e9 uma plataforma de site de apostas profissional. Aqui voc\u00ea encontrar\u00e1 apenas o interessante e, muito provavelmente, voc\u00ea vai gostar. Nosso objetivo \u00e9 apresentar a voc\u00ea os melhores sites de apostas que cobrem os princ\u00edpios de confiabilidade e o site de apostas. Nosso objetivo&hellip;","_links":{"self":[{"href":"https:\/\/bookiessite.com\/pt-br\/wp-json\/wp\/v2\/pages\/18320","targetHints":{"allow":["GET"]}}],"collection":[{"href":"https:\/\/bookiessite.com\/pt-br\/wp-json\/wp\/v2\/pages"}],"about":[{"href":"https:\/\/bookiessite.com\/pt-br\/wp-json\/wp\/v2\/types\/page"}],"author":[{"embeddable":true,"href":"https:\/\/bookiessite.com\/pt-br\/wp-json\/wp\/v2\/users\/1"}],"replies":[{"embeddable":true,"href":"https:\/\/bookiessite.com\/pt-br\/wp-json\/wp\/v2\/comments?post=18320"}],"version-history":[{"count":2,"href":"https:\/\/bookiessite.com\/pt-br\/wp-json\/wp\/v2\/pages\/18320\/revisions"}],"predecessor-version":[{"id":71398,"href":"https:\/\/bookiessite.com\/pt-br\/wp-json\/wp\/v2\/pages\/18320\/revisions\/71398"}],"wp:attachment":[{"href":"https:\/\/bookiessite.com\/pt-br\/wp-json\/wp\/v2\/media?parent=18320"}],"curies":[{"name":"wp","href":"https:\/\/api.w.org\/{rel}","templated":true}]}}