{"id":668,"date":"2012-12-04T05:11:48","date_gmt":"2012-12-04T05:11:48","guid":{"rendered":"https:\/\/bookiessite.com\/gioco-responsabile\/"},"modified":"2024-07-16T04:28:36","modified_gmt":"2024-07-16T04:28:36","slug":"gioco-responsabile","status":"publish","type":"page","link":"https:\/\/bookiessite.com\/it\/gioco-responsabile\/","title":{"rendered":"Gioco responsabile"},"content":{"rendered":"\n<h3 class=\"wp-block-heading\">In bookiessite consideriamo con estrema seriet\u00e0 i nostri clienti e i nostri doveri sociali.<\/h3>\n\n<p>I nostri prodotti sono progettati per il vostro divertimento e piacere, pertanto ci impegniamo a fornire un&#8217;assistenza valida, accettabile e socialmente responsabile. Vogliamo che chiunque possa godere dei nostri prodotti in modo sicuro e responsabile. Siamo lieti che numerosi e fedeli visitatori del sito web lo visitino ripetutamente per approfittare dei nostri prodotti per le scommesse sportive. Siamo convinti che la procedura per le scommesse sensate sia ferma ma onesta. Abbiamo messo in atto una serie di misure per garantire che tutti coloro che apprezzano il nostro supporto siano in grado di farlo nel modo pi\u00f9 sicuro possibile.<\/p>\n\n<p>bookiessite si impegna ad aiutare i propri clienti a divertirsi con i videogiochi e i nostri articoli sono solitamente pensati per fornire un&#8217;esperienza interessante e divertente. I videogiochi sensati sono in realt\u00e0 una differenza severa e se pensate che scommettere sia diventato una difficolt\u00e0, l&#8217;aiuto \u00e8 facilmente accessibile. Dovete stabilire da soli i limiti di sicurezza del casin\u00f2 e rispettarli.<\/p>\n\n<h3 class=\"wp-block-heading\">Se pensate di avere un problema con le scommesse, riflettete sui seguenti aspetti:<\/h3>\n\n<ol class=\"wp-block-list\">\n<li>Potete scegliere di scommettere sul tempo da trascorrere con i vostri familiari, amici o altri metodi per avere tempo?<\/li>\n\n\n\n<li>Potreste prendere, lasciare o offrire beni di valore per ottenere denaro per il gioco d&#8217;azzardo?<\/li>\n\n\n\n<li>Ha mai saltato il lavoro o l&#8217;universit\u00e0 o il college per poter rischiare?<\/li>\n\n\n\n<li>Avete la sensazione che le scommesse siano in realt\u00e0 una via d&#8217;uscita da un&#8217;esistenza noiosa o insoddisfatta?<\/li>\n\n\n\n<li>Avete giocato tutti i vostri fondi e non siete stati in grado di gestire i pasti o i trasporti?<\/li>\n\n\n\n<li>Mentireste o coprireste il tempo o il denaro speso per le scommesse?<\/li>\n\n\n\n<li>Vi hanno mai rimproverato di aver scommesso troppo?<\/li>\n\n\n\n<li>Vi sentite stressati se lasciate cadere il vostro denaro attraverso le scommesse? L&#8217;unico sollievo sarebbe rappresentato dall&#8217;aumento delle scommesse?<\/li>\n\n\n\n<li>Avete voglia di recuperare subito tutti i vostri fallimenti quando vi capita di subire un danno a causa delle scommesse?<\/li>\n\n\n\n<li>Risponderete ai litigi, alle preoccupazioni o alle delusioni con la voglia di giocare ancora di pi\u00f9? Scommettere vi permette di essere depressi o di avere tendenze suicide?<\/li>\n<\/ol>\n\n<p>Quanto pi\u00f9 buone sono le risposte offerte alle domande di cui sopra, tanto maggiore \u00e8 il numero di scommesse significative che potreste avere. Se pensate di avere problemi di scommessa, contattate la linea di assistenza privata GamCare al numero 0808 8020 133 o andate su GamCare.<\/p>\n\n<p>bookiessite controller\u00e0 l&#8217;azione di scommessa al fine di individuare le difficolt\u00e0 di scommessa. Tuttavia, le scommesse problematiche sono difficili da individuare e noi non siamo professionisti esperti nel trattamento delle scommesse problematiche. Non possiamo assumerci la responsabilit\u00e0 di individuare tutti i casi di scommesse problematiche e il nostro monitoraggio \u00e8 fornito come ulteriore supporto per gli acquirenti. Ogni volta che sospettiamo che l&#8217;utente possa avere un problema, ci riserviamo il diritto legale di contattarlo e anche, a nostra esclusiva discrezione, di sospendere il suo conto bancario e di negare l&#8217;uso dei nostri prodotti nel momento in cui riteniamo che possa avere bisogno di assistenza a causa di una difficolt\u00e0 con il casin\u00f2. Nel caso in cui siate stati contattati, vi chiediamo di collaborare con il team del servizio clienti, perch\u00e9 abbiamo a cuore le vostre migliori passioni.<\/p>\n\n<h3 class=\"wp-block-heading\">Regole:<\/h3>\n\n<p>Tutte le transazioni su bookiessite sono coperte dalle nostre Condizioni e da qualsiasi regolamento specifico sulle scommesse. Abbiamo creato un&#8217;eccellente energia per rendere le nostre regole chiare e trasparenti e siamo attenti a farle rispettare nel modo pi\u00f9 efficace ed equo possibile. I consumatori devono avere almeno 18 anni. Il nome utente e la discrezione sulla sicurezza sono a carico del cliente. Le scommesse, una volta piazzate, non possono essere modificate. Per i dettagli completi, consultare le nostre Regole di gioco e le nostre Condizioni.<\/p>\n\n<h3 class=\"wp-block-heading\">Definizione dei limiti di deposito:<\/h3>\n\n<ol class=\"wp-block-list\">\n<li>Questo centro vi permette di limitare il denaro che potete depositare sul web al vostro profilo su base ventiquattro ore, sette giorni o trenta giorni.<\/li>\n\n\n\n<li>Queste quantit\u00e0 possono essere riviste al ribasso in qualsiasi momento, ma un eventuale aumento potrebbe essere applicato solo successivamente alla richiesta.<\/li>\n\n\n\n<li>Il nostro staff di Client Solutions sar\u00e0 lieto di fornire ulteriori informazioni essenziali, ma non \u00e8 in grado di annullare le restrizioni imposte dall&#8217;utente.<\/li>\n\n\n\n<li>Potete stabilire o modificare i vostri limiti di deposito utilizzando Il mio conto e successivamente Limiti di deposito quando siete connessi al vostro conto.<\/li>\n<\/ol>\n\n<h3 class=\"wp-block-heading\">Stabilire un limite di perdita per i casin\u00f2 su Internet:<\/h3>\n\n<p>Questo centro vi permette di stabilire una riduzione del danno determinando la somma massima che potreste sbarazzarvi partecipando ad alcuni dei nostri titoli di casin\u00f2 su internet e poi stabilire un periodo di tempo sufficiente per cui questo sia applicabile, ad esempio ventiquattro ore, una settimana o 30 giorni.<\/p>\n\n<p>Potete stabilire o modificare il vostro Limite di riduzione del casin\u00f2 online andando su Il mio conto in banca, Controlli delle scommesse e poi Limiti del casin\u00f2 quando siete connessi al conto.<\/p>\n\n<h3 class=\"wp-block-heading\">Si prega di notare questi:<\/h3>\n\n<p>I limiti di riduzione acquisiscono un risultato immediato quando vengono stabiliti inizialmente &#8211; operano a partire dal tempo e dall&#8217;ora scelti da voi e vengono poi automaticamente ripristinati e ricominciati, ad esempio.<\/p>\n\n<p>Se si imposta una riduzione di \u00a1\u00ea100 a settimana il luned\u00ec a mezzogiorno, le perdite saranno seguite a partire da quella particolare data e ora, con la semplice eliminazione delle perdite superiori a \u00a1\u00ea100 su qualsiasi tipo di gioco online del nostro centro scommesse fino al luned\u00ec successivo a mezzogiorno.<\/p>\n\n<p>Il limite di perdita verr\u00e0 quindi azzerato per i 7 giorni successivi e non terr\u00e0 conto di eventuali guadagni o deficit prodotti negli ultimi giorni o in altri precedenti.<\/p>\n\n<p>Se si sceglie di abbassare un limite di corrente stabilito, la modifica richieder\u00e0 un risultato immediato.<\/p>\n\n<p>Se desiderate aumentare un limite preesistente che avete impostato, dovete tornare su questo sito dopo almeno un&#8217;ora e mezza e ottenere un buon movimento per riconfermare che volete che questa modifica prenda in considerazione il risultato.<\/p>\n\n<p>Qualsiasi modifica della restrizione richiesta servir\u00e0 a &#8220;resettare&#8221; i limiti precedentemente impostati. La nuovissima restrizione non prender\u00e0 mai in considerazione le vincite o i fallimenti effettuati prima che voi lo abbiate verificato.<\/p>\n\n<p>Il nostro personale addetto alle soluzioni per i consumatori sar\u00e0 lieto di fornire ulteriori dettagli, ma non \u00e8 in grado di superare i limiti stabiliti dall&#8217;utente.<\/p>\n\n<h3 class=\"wp-block-heading\">Protezione contro le scommesse non effettuate:<\/h3>\n\n<p>bookiessite richiede che i consumatori dichiarino di essere maggiorenni per poter svolgere attivit\u00e0 di scommessa. Ci concentriamo su misure ragionevoli per verificarlo, tra cui la verifica elettrica dei gruppi di et\u00e0 e le ispezioni casuali dei gruppi di et\u00e0. Noi tutti non ci poniamo l&#8217;obiettivo di far utilizzare ai minori la nostra pubblicit\u00e0 e il nostro marketing.<\/p>\n\n<h3 class=\"wp-block-heading\">Aiutateci a prevenire le scommesse dei bambini:<\/h3>\n\n<p>\u00c8 illegale permettere a chi ha meno di 18 anni di rischiare, quindi chiediamo ai nostri clienti di fare la loro parte per assicurarsi che questo non accada. Chiediamo a tutti i nostri acquirenti, e in realt\u00e0 \u00e8 vostro obbligo, di assicurarvi che il vostro conto non venga utilizzato per scommesse di minorenni. Di seguito sono riportati alcuni consigli per evitare che ci\u00f2 accada:<\/p>\n\n<ol class=\"wp-block-list\">\n<li>Non abbandonate il vostro pc da solo quando siete collegati al nostro sito Internet.<\/li>\n\n\n\n<li>Assicuratevi di uscire ogni volta che lasciate il nostro sito web.<\/li>\n\n\n\n<li>Non parlate dei dati della vostra carta di credito o del vostro conto bancario.<\/li>\n\n\n\n<li>Non tenere attivata la soluzione &#8220;Conserva password&#8221;.<\/li>\n\n\n\n<li>Utilizzare un software di sicurezza per bambini.<\/li>\n\n\n\n<li>Create profili utente individuali per i vostri figli.<\/li>\n\n\n\n<li>Una volta che si viene a conoscenza di un consumatore registrato al di sotto dell&#8217;et\u00e0 legale nel proprio ordinamento, ricordarsi di contattare Buyer Solutions.<\/li>\n<\/ol>\n\n<h3 class=\"wp-block-heading\">Gestione dei genitori:<\/h3>\n\n<p>Esistono numerosi software di terze parti che le mamme e i pap\u00e0 o i tutori possono utilizzare per monitorare o ridurre l&#8217;applicazione della connessione Internet del loro computer:<\/p>\n\n<ul class=\"wp-block-list\">\n<li>1. Il software di filtraggio Nanny protegge i bambini da contenuti online non adatti: www.netnanny.com.<\/li>\n\n\n\n<li>2. Applicazione di filtraggio CYBERsitter che consente a madri e padri di aggiungere i propri siti personali alla barra: www.cybersitter.com.<\/li>\n<\/ul>\n\n<h3 class=\"wp-block-heading\">Esclusione personale:<\/h3>\n\n<p>Per un paio di clienti il casin\u00f2 potrebbe essere un problema serio. Vi forniamo una soluzione di autoesclusione che pu\u00f2 essere facilmente applicata su richiesta del cliente. Se desiderate rimuovere personalmente l&#8217;accesso ai nostri articoli, siete pregati di contattare i Fornitori di clienti o di decidere di autoescludervi qui. Dovrete specificare il periodo di tempo per il quale intendete autoescludervi, che va da mezzo anno fino all&#8217;esclusione di lunga durata. La procedura e gli effetti dell&#8217;autoesclusione sono evidenziati di seguito:<\/p>\n\n<ol class=\"wp-block-list\">\n<li>Se lo richiedete tramite i servizi professionali per i clienti, un agente vi risponder\u00e0 e vi chieder\u00e0 di confermare la vostra richiesta. Ci\u00f2 serve a garantire che la richiesta non sia stata presentata da qualcuno che ha ottenuto un accesso non autorizzato al vostro conto bancario.<\/li>\n\n\n\n<li>Quando scatta il periodo di rimozione personale, ci si pu\u00f2 aspettare di non poter accedere al proprio account. Tutti i fondi presenti nel vostro profilo saranno probabilmente ritirati e rispediti a voi come previsto dalle nostre clausole.<\/li>\n\n\n\n<li>Durante il periodo di esclusione personale, faremo tutto il possibile per garantire che l&#8217;utente venga ripreso dai nostri annunci. Questo non significa sempre che siamo attrezzati per non essere esposti a campagne pubblicitarie comuni e non mirate.<\/li>\n\n\n\n<li>Al termine del periodo di autoesclusione potrete chiamarci e chiedere di poter accedere al nostro merchandising di videogiochi. \u00c8 necessario chiedere questa modifica di persona (direttamente, telefono cellulare, Skype, IM sono adatti), parlare via e-mail non \u00e8 davvero soddisfacente.<\/li>\n\n\n\n<li>Si prega di notare che solo in seguito a un&#8217;ovvia richiesta di &#8220;autoesclusione&#8221; il denaro verr\u00e0 bloccato in base all&#8217;orario stabilito. Di solito tutti i profili sono in stato &#8220;chiuso&#8221; e possono essere riaperti in qualsiasi momento su richiesta del cliente.<\/li>\n<\/ol>\n\n<h3 class=\"wp-block-heading\">GAMSTOP:<\/h3>\n\n<p>Se state pensando di autoescludervi, potete creare un conto con GAMSTOP.<\/p>\n\n<p>GAMSTOP \u00e8 un servizio gratuito che consente di uscire da tutte le attivit\u00e0 di scommesse online autorizzate in Gran Bretagna.<\/p>\n\n<p>Per saperne di pi\u00f9 e per unirsi a GAMSTOP, visitate il sito GAMSTOP.<\/p>\n","protected":false},"excerpt":{"rendered":"<p>In bookiessite consideriamo con estrema seriet\u00e0 i nostri clienti e i nostri doveri sociali. I nostri prodotti sono progettati per il vostro divertimento e piacere, pertanto ci impegniamo a fornire un&#8217;assistenza valida, accettabile e socialmente responsabile. Vogliamo che chiunque possa godere dei nostri prodotti in modo sicuro e responsabile. Siamo lieti che numerosi e fedeli [&hellip;]<\/p>\n","protected":false},"author":1,"featured_media":0,"parent":0,"menu_order":0,"comment_status":"closed","ping_status":"closed","template":"","meta":{"inline_featured_image":false,"_uag_custom_page_level_css":"","site-sidebar-layout":"default","site-content-layout":"","ast-site-content-layout":"default","site-content-style":"default","site-sidebar-style":"default","ast-global-header-display":"","ast-banner-title-visibility":"","ast-main-header-display":"","ast-hfb-above-header-display":"","ast-hfb-below-header-display":"","ast-hfb-mobile-header-display":"","site-post-title":"","ast-breadcrumbs-content":"","ast-featured-img":"","footer-sml-layout":"","ast-disable-related-posts":"","theme-transparent-header-meta":"","adv-header-id-meta":"","stick-header-meta":"","header-above-stick-meta":"","header-main-stick-meta":"","header-below-stick-meta":"","astra-migrate-meta-layouts":"default","ast-page-background-enabled":"default","ast-page-background-meta":{"desktop":{"background-color":"var(--ast-global-color-4)","background-image":"","background-repeat":"repeat","background-position":"center center","background-size":"auto","background-attachment":"scroll","background-type":"","background-media":"","overlay-type":"","overlay-color":"","overlay-opacity":"","overlay-gradient":""},"tablet":{"background-color":"","background-image":"","background-repeat":"repeat","background-position":"center center","background-size":"auto","background-attachment":"scroll","background-type":"","background-media":"","overlay-type":"","overlay-color":"","overlay-opacity":"","overlay-gradient":""},"mobile":{"background-color":"","background-image":"","background-repeat":"repeat","background-position":"center center","background-size":"auto","background-attachment":"scroll","background-type":"","background-media":"","overlay-type":"","overlay-color":"","overlay-opacity":"","overlay-gradient":""}},"ast-content-background-meta":{"desktop":{"background-color":"var(--ast-global-color-5)","background-image":"","background-repeat":"repeat","background-position":"center center","background-size":"auto","background-attachment":"scroll","background-type":"","background-media":"","overlay-type":"","overlay-color":"","overlay-opacity":"","overlay-gradient":""},"tablet":{"background-color":"var(--ast-global-color-5)","background-image":"","background-repeat":"repeat","background-position":"center center","background-size":"auto","background-attachment":"scroll","background-type":"","background-media":"","overlay-type":"","overlay-color":"","overlay-opacity":"","overlay-gradient":""},"mobile":{"background-color":"var(--ast-global-color-5)","background-image":"","background-repeat":"repeat","background-position":"center center","background-size":"auto","background-attachment":"scroll","background-type":"","background-media":"","overlay-type":"","overlay-color":"","overlay-opacity":"","overlay-gradient":""}},"footnotes":""},"class_list":["post-668","page","type-page","status-publish","hentry"],"aioseo_notices":[],"acf":[],"uagb_featured_image_src":{"full":false,"thumbnail":false,"medium":false,"medium_large":false,"large":false,"1536x1536":false,"2048x2048":false},"uagb_author_info":{"display_name":"bookiessite","author_link":"https:\/\/bookiessite.com\/it\/author\/bookiessite\/"},"uagb_comment_info":0,"uagb_excerpt":"In bookiessite consideriamo con estrema seriet\u00e0 i nostri clienti e i nostri doveri sociali. I nostri prodotti sono progettati per il vostro divertimento e piacere, pertanto ci impegniamo a fornire un&#8217;assistenza valida, accettabile e socialmente responsabile. Vogliamo che chiunque possa godere dei nostri prodotti in modo sicuro e responsabile. Siamo lieti che numerosi e fedeli&hellip;","_links":{"self":[{"href":"https:\/\/bookiessite.com\/it\/wp-json\/wp\/v2\/pages\/668","targetHints":{"allow":["GET"]}}],"collection":[{"href":"https:\/\/bookiessite.com\/it\/wp-json\/wp\/v2\/pages"}],"about":[{"href":"https:\/\/bookiessite.com\/it\/wp-json\/wp\/v2\/types\/page"}],"author":[{"embeddable":true,"href":"https:\/\/bookiessite.com\/it\/wp-json\/wp\/v2\/users\/1"}],"replies":[{"embeddable":true,"href":"https:\/\/bookiessite.com\/it\/wp-json\/wp\/v2\/comments?post=668"}],"version-history":[{"count":1,"href":"https:\/\/bookiessite.com\/it\/wp-json\/wp\/v2\/pages\/668\/revisions"}],"predecessor-version":[{"id":80172,"href":"https:\/\/bookiessite.com\/it\/wp-json\/wp\/v2\/pages\/668\/revisions\/80172"}],"wp:attachment":[{"href":"https:\/\/bookiessite.com\/it\/wp-json\/wp\/v2\/media?parent=668"}],"curies":[{"name":"wp","href":"https:\/\/api.w.org\/{rel}","templated":true}]}}