{"id":30059,"date":"2012-12-22T08:01:45","date_gmt":"2012-12-22T08:01:45","guid":{"rendered":"https:\/\/bookiessite.com\/disclaimer\/"},"modified":"2024-07-16T03:33:34","modified_gmt":"2024-07-16T03:33:34","slug":"dichiarazione-di-non-responsabilita","status":"publish","type":"page","link":"https:\/\/bookiessite.com\/it\/dichiarazione-di-non-responsabilita\/","title":{"rendered":"Disclaimer per il sito dei bookies"},"content":{"rendered":"\n<blockquote class=\"wp-block-quote is-layout-flow wp-block-quote-is-layout-flow\">\n<p>Esclusioni di responsabilit\u00e0<\/p>\n\n\n\n<p>Se sono necessarie ulteriori informazioni sul disclaimer di questo sito o comunque in merito a quanto sopra, non esitate a mettervi in contatto con noi.<\/p>\n\n\n\n<p>Esclusioni di responsabilit\u00e0 per il sito dei bookies<\/p>\n\n\n\n<p>Tutte le informazioni contenute in questo sito web \u2013 <a href=\"https:\/\/\/bookiessite.com\/\" target=\"_blank\" rel=\"noopener nofollow\" title=\"Sito dei bookmaker\">https:\/\/\/bookiessite.com\/<\/a> \u2013 sono diffuse in buona fede e sono destinate esclusivamente a informazioni generali. Queste informazioni trasmesse dal sito di Bookies non sono accompagnate da alcuna garanzia da parte della societ\u00e0 in merito alla completezza, affidabilit\u00e0 e accuratezza di queste informazioni. Tutte le informazioni fornite su questo sito web (sito dei bookmaker) devono essere utilizzate a proprio rischio. Il sito dei bookmaker non pu\u00f2 essere ritenuto responsabile per eventuali perdite e\/o danni derivanti dall&#8217;uso di questo sito web.<\/p>\n\n\n\n<p>Durante l&#8217;utilizzo di parti di questo sito Web, l&#8217;utente pu\u00f2 anche essere indirizzato ad altri siti Web tramite collegamenti a tali altri siti. Pertanto, sebbene ci sforziamo costantemente di garantire che i collegamenti forniti portino a siti Web pi\u00f9 utili ed etici, non siamo in grado di monitorare il contenuto e la natura di tali siti. Tali collegamenti ad altri siti Internet non indicano l&#8217;approvazione da parte di HTM di tutte le informazioni contenute in tali collegamenti. I siti, i proprietari e i contenuti al loro interno possono essere modificati senza preavviso e potrebbe essere raro che abbiamo la possibilit\u00e0 di eliminare un link che ora potrebbe essere &#8220;cattivo&#8221;.<\/p>\n\n\n\n<p>\u00c8 anche importante notare che una volta cliccato sui link che ti porteranno ai siti web di altre societ\u00e0, sei soggetto ad altre politiche, che non sono sotto il controllo delle societ\u00e0. \u00c8 consigliabile che gli utenti, prima di fare affari o caricare qualsiasi dato in questi siti, leggano le politiche sulla privacy e i &#8220;Termini di servizio&#8221;.<\/p>\n\n\n\n<p>Consenso<\/p>\n\n\n\n<p>Ogni persona che accede e utilizza questo sito web accetta le disposizioni di questo disclaimer.<\/p>\n\n\n\n<p>Aggiornamento<\/p>\n\n\n\n<p>Se in qualsiasi momento questo documento viene aggiornato, modificato o in qualsiasi modo modificato, la revisione verr\u00e0 evidenziata qui.<\/p>\n<\/blockquote>\n","protected":false},"excerpt":{"rendered":"<p>Esclusioni di responsabilit\u00e0 Se sono necessarie ulteriori informazioni sul disclaimer di questo sito o comunque in merito a quanto sopra, non esitate a mettervi in contatto con noi. Esclusioni di responsabilit\u00e0 per il sito dei bookies Tutte le informazioni contenute in questo sito web \u2013 https:\/\/\/bookiessite.com\/ \u2013 sono diffuse in buona fede e sono destinate [&hellip;]<\/p>\n","protected":false},"author":1,"featured_media":0,"parent":0,"menu_order":0,"comment_status":"closed","ping_status":"closed","template":"","meta":{"inline_featured_image":false,"_uag_custom_page_level_css":"","site-sidebar-layout":"default","site-content-layout":"","ast-site-content-layout":"default","site-content-style":"default","site-sidebar-style":"default","ast-global-header-display":"","ast-banner-title-visibility":"","ast-main-header-display":"","ast-hfb-above-header-display":"","ast-hfb-below-header-display":"","ast-hfb-mobile-header-display":"","site-post-title":"","ast-breadcrumbs-content":"","ast-featured-img":"","footer-sml-layout":"","ast-disable-related-posts":"","theme-transparent-header-meta":"","adv-header-id-meta":"","stick-header-meta":"","header-above-stick-meta":"","header-main-stick-meta":"","header-below-stick-meta":"","astra-migrate-meta-layouts":"default","ast-page-background-enabled":"default","ast-page-background-meta":{"desktop":{"background-color":"var(--ast-global-color-4)","background-image":"","background-repeat":"repeat","background-position":"center center","background-size":"auto","background-attachment":"scroll","background-type":"","background-media":"","overlay-type":"","overlay-color":"","overlay-opacity":"","overlay-gradient":""},"tablet":{"background-color":"","background-image":"","background-repeat":"repeat","background-position":"center center","background-size":"auto","background-attachment":"scroll","background-type":"","background-media":"","overlay-type":"","overlay-color":"","overlay-opacity":"","overlay-gradient":""},"mobile":{"background-color":"","background-image":"","background-repeat":"repeat","background-position":"center center","background-size":"auto","background-attachment":"scroll","background-type":"","background-media":"","overlay-type":"","overlay-color":"","overlay-opacity":"","overlay-gradient":""}},"ast-content-background-meta":{"desktop":{"background-color":"var(--ast-global-color-5)","background-image":"","background-repeat":"repeat","background-position":"center center","background-size":"auto","background-attachment":"scroll","background-type":"","background-media":"","overlay-type":"","overlay-color":"","overlay-opacity":"","overlay-gradient":""},"tablet":{"background-color":"var(--ast-global-color-5)","background-image":"","background-repeat":"repeat","background-position":"center center","background-size":"auto","background-attachment":"scroll","background-type":"","background-media":"","overlay-type":"","overlay-color":"","overlay-opacity":"","overlay-gradient":""},"mobile":{"background-color":"var(--ast-global-color-5)","background-image":"","background-repeat":"repeat","background-position":"center center","background-size":"auto","background-attachment":"scroll","background-type":"","background-media":"","overlay-type":"","overlay-color":"","overlay-opacity":"","overlay-gradient":""}},"footnotes":""},"class_list":["post-30059","page","type-page","status-publish","hentry"],"aioseo_notices":[],"acf":[],"uagb_featured_image_src":{"full":false,"thumbnail":false,"medium":false,"medium_large":false,"large":false,"1536x1536":false,"2048x2048":false},"uagb_author_info":{"display_name":"bookiessite","author_link":"https:\/\/bookiessite.com\/it\/author\/bookiessite\/"},"uagb_comment_info":0,"uagb_excerpt":"Esclusioni di responsabilit\u00e0 Se sono necessarie ulteriori informazioni sul disclaimer di questo sito o comunque in merito a quanto sopra, non esitate a mettervi in contatto con noi. Esclusioni di responsabilit\u00e0 per il sito dei bookies Tutte le informazioni contenute in questo sito web \u2013 https:\/\/\/bookiessite.com\/ \u2013 sono diffuse in buona fede e sono destinate&hellip;","_links":{"self":[{"href":"https:\/\/bookiessite.com\/it\/wp-json\/wp\/v2\/pages\/30059","targetHints":{"allow":["GET"]}}],"collection":[{"href":"https:\/\/bookiessite.com\/it\/wp-json\/wp\/v2\/pages"}],"about":[{"href":"https:\/\/bookiessite.com\/it\/wp-json\/wp\/v2\/types\/page"}],"author":[{"embeddable":true,"href":"https:\/\/bookiessite.com\/it\/wp-json\/wp\/v2\/users\/1"}],"replies":[{"embeddable":true,"href":"https:\/\/bookiessite.com\/it\/wp-json\/wp\/v2\/comments?post=30059"}],"version-history":[{"count":2,"href":"https:\/\/bookiessite.com\/it\/wp-json\/wp\/v2\/pages\/30059\/revisions"}],"predecessor-version":[{"id":77058,"href":"https:\/\/bookiessite.com\/it\/wp-json\/wp\/v2\/pages\/30059\/revisions\/77058"}],"wp:attachment":[{"href":"https:\/\/bookiessite.com\/it\/wp-json\/wp\/v2\/media?parent=30059"}],"curies":[{"name":"wp","href":"https:\/\/api.w.org\/{rel}","templated":true}]}}