{"id":18376,"date":"2012-12-22T08:47:15","date_gmt":"2012-12-22T08:47:15","guid":{"rendered":"https:\/\/bookiessite.com\/contatto\/"},"modified":"2024-07-16T03:23:43","modified_gmt":"2024-07-16T03:23:43","slug":"contatto","status":"publish","type":"page","link":"https:\/\/bookiessite.com\/it\/contatto\/","title":{"rendered":"Contatto"},"content":{"rendered":"\n<p>Contatto<\/p>\n\n<p>In alternativa, con il <a href=\"https:\/\/bookiessite.com\/it\/\" target=\"_blank\" rel=\"noopener\" title=\"Sito dei bookmaker\">sito dei bookmaker<\/a>, puoi essere sicuro che le risposte alle domande che hai, sono a portata di clic. Puoi contattare il nostro team di esperti in qualsiasi momento perch\u00e9, come sai, siamo a tua disposizione 24 ore su 24, 7 giorni su 7! Che si tratti di domande relative ai servizi che offriamo o solo di un semplice &#8220;ciao&#8221;, benvenuto, siamo qui per aiutarti. Tutto quello che devi fare \u00e8 inviare la tua richiesta al reparto di supporto del sito, che si trova ufficialmente all&#8217;indirizzo  <strong>support@bookiessite. Com<\/strong>  E noi saremo pi\u00f9 che felici di tendere una mano. Non sederti pi\u00f9: \u00e8 giunto il momento che le tue domande ricevano risposta e quale posto migliore per queste informazioni se non dal sito del bookmaker. Contatta la direzione oggi stesso per scoprire come possiamo aiutarti.<\/p>\n\n<div class=\"wp-block-uagb-forms uagb-forms__outer-wrap uagb-block-ddb1fa45 uagb-forms__medium-btn\"><form class=\"uagb-forms-main-form\" method=\"post\" autocomplete=\"on\" name=\"uagb-form-ddb1fa45\">\n          \n\n          <div class=\"wp-block-uagb-forms-name uagb-forms-name-wrap uagb-forms-field-set uagb-block-fe82063e\">\n            <div class=\"uagb-forms-name-label required uagb-forms-input-label\" id=\"fe82063e\">Nome<\/div>\n            <input type=\"text\" placeholder=\"Giovanni\" required=\"\" class=\"uagb-forms-name-input uagb-forms-input\" name=\"fe82063e\" autocomplete=\"given-name\">\n          <\/div>\n          \n\n        \n\n\n\n          \n\n          <div class=\"wp-block-uagb-forms-name uagb-forms-name-wrap uagb-forms-field-set uagb-block-479d3f82\">\n            <div class=\"uagb-forms-name-label required uagb-forms-input-label\" id=\"479d3f82\">Cognome<\/div>\n            <input type=\"text\" placeholder=\"Wilson\" required=\"\" class=\"uagb-forms-name-input uagb-forms-input\" name=\"479d3f82\" autocomplete=\"family-name\">\n          <\/div>\n          \n\n        \n\n\n\n          \n\n          <div class=\"wp-block-uagb-forms-email uagb-forms-email-wrap uagb-forms-field-set uagb-block-01a3d36d\">\n            <div class=\"uagb-forms-email-label uagb-forms-input-label\" id=\"01a3d36d\">Email<\/div>\n            <input type=\"email\" class=\"uagb-forms-email-input uagb-forms-input\" placeholder=\"example@mail.com\" name=\"01a3d36d\" autocomplete=\"email\">\n          <\/div>\n          \n\n        \n\n\n\n          \n\n          <div class=\"wp-block-uagb-forms-textarea uagb-forms-textarea-wrap uagb-forms-field-set uagb-block-0e2cb2b9\">\n            <div class=\"uagb-forms-textarea-label required uagb-forms-input-label\" id=\"0e2cb2b9\">Messaggio<\/div>\n            <textarea required=\"\" class=\"uagb-forms-textarea-input uagb-forms-input\" rows=\"4\" placeholder=\"Inserisci il tuo messaggio\" name=\"0e2cb2b9\" autocomplete=\"off\"><\/textarea>\n          <\/div>\n          \n\n        \n<div class=\"uagb-forms-form-hidden-data\"><input type=\"hidden\" class=\"uagb_forms_form_label\" value=\"Spectra Form\"\/><input type=\"hidden\" class=\"uagb_forms_form_id\" value=\"uagb-form-ddb1fa45\"\/><\/div><div class=\"uagb-form-reacaptcha-error-ddb1fa45\"><\/div><div class=\"uagb-forms-main-submit-button-wrap wp-block-button\"><button class=\"uagb-forms-main-submit-button wp-block-button__link\"><div class=\"uagb-forms-main-submit-button-text\">Invia<\/div><\/button><\/div><\/form><div class=\"uagb-forms-success-message-ddb1fa45 uagb-forms-submit-message-hide\"><span>The form has been submitted successfully!<\/span><\/div><div class=\"uagb-forms-failed-message-ddb1fa45 uagb-forms-submit-message-hide\"><span>There has been some error while submitting the form. Please verify all form fields again.<\/span><\/div><\/div>\n\n<p>Saremo lieti di sentirvi presto!<\/p>\n\n<p>Il sito dell&#8217;allibratore Team<\/p>\n","protected":false},"excerpt":{"rendered":"<p>Contatto In alternativa, con il sito dei bookmaker, puoi essere sicuro che le risposte alle domande che hai, sono a portata di clic. Puoi contattare il nostro team di esperti in qualsiasi momento perch\u00e9, come sai, siamo a tua disposizione 24 ore su 24, 7 giorni su 7! Che si tratti di domande relative ai [&hellip;]<\/p>\n","protected":false},"author":1,"featured_media":0,"parent":0,"menu_order":0,"comment_status":"closed","ping_status":"closed","template":"","meta":{"inline_featured_image":false,"_uag_custom_page_level_css":"","site-sidebar-layout":"default","site-content-layout":"","ast-site-content-layout":"default","site-content-style":"default","site-sidebar-style":"default","ast-global-header-display":"","ast-banner-title-visibility":"","ast-main-header-display":"","ast-hfb-above-header-display":"","ast-hfb-below-header-display":"","ast-hfb-mobile-header-display":"","site-post-title":"","ast-breadcrumbs-content":"","ast-featured-img":"","footer-sml-layout":"","ast-disable-related-posts":"","theme-transparent-header-meta":"","adv-header-id-meta":"","stick-header-meta":"","header-above-stick-meta":"","header-main-stick-meta":"","header-below-stick-meta":"","astra-migrate-meta-layouts":"default","ast-page-background-enabled":"default","ast-page-background-meta":{"desktop":{"background-color":"var(--ast-global-color-4)","background-image":"","background-repeat":"repeat","background-position":"center center","background-size":"auto","background-attachment":"scroll","background-type":"","background-media":"","overlay-type":"","overlay-color":"","overlay-opacity":"","overlay-gradient":""},"tablet":{"background-color":"","background-image":"","background-repeat":"repeat","background-position":"center center","background-size":"auto","background-attachment":"scroll","background-type":"","background-media":"","overlay-type":"","overlay-color":"","overlay-opacity":"","overlay-gradient":""},"mobile":{"background-color":"","background-image":"","background-repeat":"repeat","background-position":"center center","background-size":"auto","background-attachment":"scroll","background-type":"","background-media":"","overlay-type":"","overlay-color":"","overlay-opacity":"","overlay-gradient":""}},"ast-content-background-meta":{"desktop":{"background-color":"var(--ast-global-color-5)","background-image":"","background-repeat":"repeat","background-position":"center center","background-size":"auto","background-attachment":"scroll","background-type":"","background-media":"","overlay-type":"","overlay-color":"","overlay-opacity":"","overlay-gradient":""},"tablet":{"background-color":"var(--ast-global-color-5)","background-image":"","background-repeat":"repeat","background-position":"center center","background-size":"auto","background-attachment":"scroll","background-type":"","background-media":"","overlay-type":"","overlay-color":"","overlay-opacity":"","overlay-gradient":""},"mobile":{"background-color":"var(--ast-global-color-5)","background-image":"","background-repeat":"repeat","background-position":"center center","background-size":"auto","background-attachment":"scroll","background-type":"","background-media":"","overlay-type":"","overlay-color":"","overlay-opacity":"","overlay-gradient":""}},"footnotes":""},"class_list":["post-18376","page","type-page","status-publish","hentry"],"aioseo_notices":[],"acf":[],"uagb_featured_image_src":{"full":false,"thumbnail":false,"medium":false,"medium_large":false,"large":false,"1536x1536":false,"2048x2048":false},"uagb_author_info":{"display_name":"bookiessite","author_link":"https:\/\/bookiessite.com\/it\/author\/bookiessite\/"},"uagb_comment_info":0,"uagb_excerpt":"Contatto In alternativa, con il sito dei bookmaker, puoi essere sicuro che le risposte alle domande che hai, sono a portata di clic. Puoi contattare il nostro team di esperti in qualsiasi momento perch\u00e9, come sai, siamo a tua disposizione 24 ore su 24, 7 giorni su 7! Che si tratti di domande relative ai&hellip;","_links":{"self":[{"href":"https:\/\/bookiessite.com\/it\/wp-json\/wp\/v2\/pages\/18376","targetHints":{"allow":["GET"]}}],"collection":[{"href":"https:\/\/bookiessite.com\/it\/wp-json\/wp\/v2\/pages"}],"about":[{"href":"https:\/\/bookiessite.com\/it\/wp-json\/wp\/v2\/types\/page"}],"author":[{"embeddable":true,"href":"https:\/\/bookiessite.com\/it\/wp-json\/wp\/v2\/users\/1"}],"replies":[{"embeddable":true,"href":"https:\/\/bookiessite.com\/it\/wp-json\/wp\/v2\/comments?post=18376"}],"version-history":[{"count":6,"href":"https:\/\/bookiessite.com\/it\/wp-json\/wp\/v2\/pages\/18376\/revisions"}],"predecessor-version":[{"id":77015,"href":"https:\/\/bookiessite.com\/it\/wp-json\/wp\/v2\/pages\/18376\/revisions\/77015"}],"wp:attachment":[{"href":"https:\/\/bookiessite.com\/it\/wp-json\/wp\/v2\/media?parent=18376"}],"curies":[{"name":"wp","href":"https:\/\/api.w.org\/{rel}","templated":true}]}}