{"id":18327,"date":"2012-12-22T08:13:29","date_gmt":"2012-12-22T08:13:29","guid":{"rendered":"https:\/\/bookiessite.com\/chi-siamo\/"},"modified":"2024-07-16T01:21:01","modified_gmt":"2024-07-16T01:21:01","slug":"chi-siamo","status":"publish","type":"page","link":"https:\/\/bookiessite.com\/it\/chi-siamo\/","title":{"rendered":"Chi siamo"},"content":{"rendered":"\n<blockquote class=\"wp-block-quote is-layout-flow wp-block-quote-is-layout-flow\">\n<h2 class=\"wp-block-heading\">Benvenuto sul sito dei bookmaker. Com<\/h2>\n\n\n\n<p>bookiessito. Questo perch\u00e9 com \u00e8 una piattaforma di siti di bookmaker professionali. Qui troverai solo ci\u00f2 che ti interessa e, molto probabilmente, ti piacer\u00e0. Il nostro obiettivo \u00e8 quello di presentarti i migliori siti di bookmaker che coprono i principi di affidabilit\u00e0 e il sito di scommesse. Il nostro obiettivo \u00e8 quello di far s\u00ec che la passione per i nostri bookmaker diventi un business online di successo. Confidiamo che apprezzerai il sito del bookmaker tanto quanto noi ci divertiamo a fornirtelo.<\/p>\n\n\n\n<h2 class=\"wp-block-heading\">Buon gioco<\/h2>\n\n\n\n<p>Se sei alla ricerca di bookmaker, sei arrivato nel posto giusto perch\u00e9 il sito dei bookmaker \u00e8 il migliore per questo. Naturalmente, la nostra missione principale \u00e8 quella di assisterti nella selezione delle opzioni pi\u00f9 redditizie e adatte per scommettere sugli eventi sportivi. Ecco perch\u00e9 grazie a un forte team di specialisti e professionisti possiamo fornirti tutte le informazioni sui siti di bookmaker. Per quanto riguarda la visione dell&#8217;azienda, \u00e8 quella di rendere la vita di tutti i soggetti nella sfera delle scommesse sportive online pi\u00f9 facile e luminosa. Quindi, che tu sia un nuovo giocatore o che tu sia alla ricerca di linee guida su come scommettere, allora congratulazioni, sei arrivato alla pagina giusta. Ti auguriamo di goderti il nostro sito Web e divertirti mentre giochi, grazie per essere stato con noi e buona fortuna!<\/p>\n\n\n\n<h2 class=\"wp-block-heading\">Scommesse felici<\/h2>\n\n\n\n<p>\u00c8 nostro piacere darvi il benvenuto sul nostro sito e speriamo che il nostro sito vi piaccia. Questa \u00e8 la prima volta che visiti la pagina del sito dei bookmaker e vorremmo darti il benvenuto e speriamo di vederti pi\u00f9 spesso. Per qualsiasi domanda o dubbio, ci piacerebbe avere tue notizie o qualsiasi domanda tu possa avere. Se hai bisogno di aiuto, siamo qui per te, faccelo sapere. Ti ringraziamo per la tua visita al sito dei bookmaker e non vediamo l&#8217;ora di incontrarti dall&#8217;altra parte delle vittorie e delle sconfitte! Buone scommesse!<\/p>\n\n\n\n<p>Ti auguriamo di avere buona fortuna durante l&#8217;utilizzo del nostro sito Web per tutti i problemi e le esigenze relative ai bookmaker. Pertanto, il nostro team lavora per garantire che ti vengano offerte le informazioni pi\u00f9 recenti che ti aiuteranno a prendere le decisioni giuste quando si tratta di scommettere su diversi sport. Ecco perch\u00e9 lavoriamo per migliorare la tua esperienza con le scommesse sportive online e puoi sempre porre al nostro team di supporto qualsiasi domanda o dubbio. Ancora una volta, vorremmo ringraziarti per aver scelto il sito di bookies e speriamo che sarai fortunato nelle tue future scommesse! Buone scommesse! -Sito di bookmaker della squadra. Com<\/p>\n\n\n\n<h2 class=\"wp-block-heading\">Servizio di qualit\u00e0<\/h2>\n\n\n\n<p>Speriamo che attraverso questo sito, sarai in grado di ottenere tutte le informazioni di cui hai bisogno riguardo alle scommesse sportive online in modo da poter essere in grado di prendere la decisione giusta. Il nostro obiettivo \u00e8 quello di essere i migliori bookmaker sportivi online e se c&#8217;\u00e8 qualcosa che vuoi chiederci o dirci, siamo sempre disposti ad ascoltare. Vorrei cogliere l&#8217;occasione per ringraziarti per il tuo tempo e per aver scelto il sito di bookmaker e che tu possa essere fortunato in tutti i tuoi futuri sforzi di scommesse! Buone scommesse! -Squadra  <a href=\"https:\/\/bookiessite.com\/it\/\" target=\"_blank\" rel=\"noopener\" title=\"bookiessito. Com\"><\/a><a href=\"https:\/\/bookiessite.com\/it\/\">bookiessito.<\/a> Com<\/p>\n\n\n\n<h2 class=\"wp-block-heading\">Sei alla ricerca di un allibratore? La tua ricerca finisce qui!<\/h2>\n\n\n\n<p>Il nostro obiettivo \u00e8 garantire che i clienti ottengano i migliori siti e servizi di bookmaker per piazzare le loro scommesse nelle occasioni sportive. Il team di autori \u00e8 formato da specialisti esperti e competenti nell&#8217;ambito delle scommesse sportive online, che lavorano per fornirti tutti i dati essenziali sulla sfera. Quindi, se sei un principiante, o semplicemente hai bisogno di qualche consiglio, bookiessite ti aiuter\u00e0. \u00c8 un piacere averti avuto sul sito dei bookmaker, grazie per aver visitato il nostro sito e buona fortuna per le tue future attivit\u00e0 di scommesse! Buone scommesse! -Sito di bookmaker della squadra. Com<\/p>\n\n\n\n<p>Se desideri chiedere o dare le tue opinioni o suggerimenti, non esitare a metterti in contatto con noi.<\/p>\n\n\n\n<p>\u2013 \ud83d\ude42 \u2013 Sito bookmaker della squadra. Com.<\/p>\n\n\n\n<p>Ci auguriamo che il nostro sito vi sia piaciuto tanto quanto noi ci siamo divertiti a crearlo.<\/p>\n\n\n\n<p>Buona giornata!<\/p>\n<\/blockquote>\n","protected":false},"excerpt":{"rendered":"<p>Benvenuto sul sito dei bookmaker. Com bookiessito. Questo perch\u00e9 com \u00e8 una piattaforma di siti di bookmaker professionali. Qui troverai solo ci\u00f2 che ti interessa e, molto probabilmente, ti piacer\u00e0. Il nostro obiettivo \u00e8 quello di presentarti i migliori siti di bookmaker che coprono i principi di affidabilit\u00e0 e il sito di scommesse. Il nostro [&hellip;]<\/p>\n","protected":false},"author":1,"featured_media":0,"parent":0,"menu_order":0,"comment_status":"closed","ping_status":"closed","template":"","meta":{"inline_featured_image":false,"_uag_custom_page_level_css":"","site-sidebar-layout":"default","site-content-layout":"","ast-site-content-layout":"default","site-content-style":"default","site-sidebar-style":"default","ast-global-header-display":"","ast-banner-title-visibility":"","ast-main-header-display":"","ast-hfb-above-header-display":"","ast-hfb-below-header-display":"","ast-hfb-mobile-header-display":"","site-post-title":"","ast-breadcrumbs-content":"","ast-featured-img":"","footer-sml-layout":"","ast-disable-related-posts":"","theme-transparent-header-meta":"","adv-header-id-meta":"","stick-header-meta":"","header-above-stick-meta":"","header-main-stick-meta":"","header-below-stick-meta":"","astra-migrate-meta-layouts":"default","ast-page-background-enabled":"default","ast-page-background-meta":{"desktop":{"background-color":"var(--ast-global-color-4)","background-image":"","background-repeat":"repeat","background-position":"center center","background-size":"auto","background-attachment":"scroll","background-type":"","background-media":"","overlay-type":"","overlay-color":"","overlay-opacity":"","overlay-gradient":""},"tablet":{"background-color":"","background-image":"","background-repeat":"repeat","background-position":"center center","background-size":"auto","background-attachment":"scroll","background-type":"","background-media":"","overlay-type":"","overlay-color":"","overlay-opacity":"","overlay-gradient":""},"mobile":{"background-color":"","background-image":"","background-repeat":"repeat","background-position":"center center","background-size":"auto","background-attachment":"scroll","background-type":"","background-media":"","overlay-type":"","overlay-color":"","overlay-opacity":"","overlay-gradient":""}},"ast-content-background-meta":{"desktop":{"background-color":"var(--ast-global-color-5)","background-image":"","background-repeat":"repeat","background-position":"center center","background-size":"auto","background-attachment":"scroll","background-type":"","background-media":"","overlay-type":"","overlay-color":"","overlay-opacity":"","overlay-gradient":""},"tablet":{"background-color":"var(--ast-global-color-5)","background-image":"","background-repeat":"repeat","background-position":"center center","background-size":"auto","background-attachment":"scroll","background-type":"","background-media":"","overlay-type":"","overlay-color":"","overlay-opacity":"","overlay-gradient":""},"mobile":{"background-color":"var(--ast-global-color-5)","background-image":"","background-repeat":"repeat","background-position":"center center","background-size":"auto","background-attachment":"scroll","background-type":"","background-media":"","overlay-type":"","overlay-color":"","overlay-opacity":"","overlay-gradient":""}},"footnotes":""},"class_list":["post-18327","page","type-page","status-publish","hentry"],"aioseo_notices":[],"acf":[],"uagb_featured_image_src":{"full":false,"thumbnail":false,"medium":false,"medium_large":false,"large":false,"1536x1536":false,"2048x2048":false},"uagb_author_info":{"display_name":"bookiessite","author_link":"https:\/\/bookiessite.com\/it\/author\/bookiessite\/"},"uagb_comment_info":0,"uagb_excerpt":"Benvenuto sul sito dei bookmaker. Com bookiessito. Questo perch\u00e9 com \u00e8 una piattaforma di siti di bookmaker professionali. Qui troverai solo ci\u00f2 che ti interessa e, molto probabilmente, ti piacer\u00e0. Il nostro obiettivo \u00e8 quello di presentarti i migliori siti di bookmaker che coprono i principi di affidabilit\u00e0 e il sito di scommesse. Il nostro&hellip;","_links":{"self":[{"href":"https:\/\/bookiessite.com\/it\/wp-json\/wp\/v2\/pages\/18327","targetHints":{"allow":["GET"]}}],"collection":[{"href":"https:\/\/bookiessite.com\/it\/wp-json\/wp\/v2\/pages"}],"about":[{"href":"https:\/\/bookiessite.com\/it\/wp-json\/wp\/v2\/types\/page"}],"author":[{"embeddable":true,"href":"https:\/\/bookiessite.com\/it\/wp-json\/wp\/v2\/users\/1"}],"replies":[{"embeddable":true,"href":"https:\/\/bookiessite.com\/it\/wp-json\/wp\/v2\/comments?post=18327"}],"version-history":[{"count":2,"href":"https:\/\/bookiessite.com\/it\/wp-json\/wp\/v2\/pages\/18327\/revisions"}],"predecessor-version":[{"id":71397,"href":"https:\/\/bookiessite.com\/it\/wp-json\/wp\/v2\/pages\/18327\/revisions\/71397"}],"wp:attachment":[{"href":"https:\/\/bookiessite.com\/it\/wp-json\/wp\/v2\/media?parent=18327"}],"curies":[{"name":"wp","href":"https:\/\/api.w.org\/{rel}","templated":true}]}}