{"id":470,"date":"2012-12-04T05:11:48","date_gmt":"2012-12-04T05:11:48","guid":{"rendered":"https:\/\/bookiessite.com\/jeu-responsable\/"},"modified":"2024-07-16T04:30:09","modified_gmt":"2024-07-16T04:30:09","slug":"jeu-responsable","status":"publish","type":"page","link":"https:\/\/bookiessite.com\/fr\/jeu-responsable\/","title":{"rendered":"Jeu responsable"},"content":{"rendered":"\n<h3 class=\"wp-block-heading\">Chez bookiessite, nous consid\u00e9rons nos clients et nos devoirs soci\u00e9taux extr\u00eamement s\u00e9rieusement.<\/h3>\n\n<p>Nos produits sont con\u00e7us pour votre divertissement et votre plaisir, c&rsquo;est pourquoi nous nous attachons \u00e0 fournir une assistance de qualit\u00e9, acceptable et socialement responsable. Nous voulons que chacun puisse prendre plaisir \u00e0 nos produits en toute s\u00e9curit\u00e9 et de mani\u00e8re responsable. Nous sommes heureux que de nombreux visiteurs fid\u00e8les reviennent r\u00e9guli\u00e8rement sur notre site pour profiter de nos produits de paris sportifs. Nous croyons en une proc\u00e9dure ferme mais honn\u00eate pour des paris raisonnables. Nous avons maintenant mis en place une s\u00e9rie de mesures pour garantir que tous ceux qui appr\u00e9cient notre soutien soient capables de le faire de la mani\u00e8re la plus s\u00fbre possible.<\/p>\n\n<p>bookiessite s&rsquo;engage \u00e0 aider ses clients \u00e0 appr\u00e9cier les jeux vid\u00e9o et nos articles sont g\u00e9n\u00e9ralement destin\u00e9s \u00e0 fournir une exp\u00e9rience int\u00e9ressante et agr\u00e9able. Les jeux vid\u00e9o sensibles sont en fait une diff\u00e9rence importante et si vous pensez que le pari est devenu une difficult\u00e9, une aide est facilement accessible. Vous devez \u00e9tablir vous-m\u00eame des limites de s\u00e9curit\u00e9 pour le casino et les respecter.<\/p>\n\n<h3 class=\"wp-block-heading\">Si vous pensez avoir un probl\u00e8me avec vos paris, pensez aux pr\u00e9occupations suivantes :<\/h3>\n\n<ol class=\"wp-block-list\">\n<li>Pouvez-vous choisir de parier sur le fait de passer du temps avec les membres de votre famille, vos amis ou d&rsquo;autres m\u00e9thodes pour avoir du temps ?<\/li>\n\n\n\n<li>Pourriez-vous prendre, reposer ou offrir des biens de valeur pour obtenir de l&rsquo;argent pour jouer ?<\/li>\n\n\n\n<li>Vous arrive-t-il de manquer le travail, l&rsquo;universit\u00e9 ou l&rsquo;\u00e9cole pour vous permettre de prendre des risques ?<\/li>\n\n\n\n<li>Avez-vous l&rsquo;impression que les paris sont en fait un moyen de sortir d&rsquo;une existence ennuyeuse ou insatisfaite ?<\/li>\n\n\n\n<li>Avez-vous perdu tous vos fonds au jeu, et avez-vous \u00e9t\u00e9 incapable de g\u00e9rer les repas ou les biens de transport ?<\/li>\n\n\n\n<li>Mentiriez-vous ou dissimuleriez-vous le temps ou l&rsquo;argent consacr\u00e9s aux paris ?<\/li>\n\n\n\n<li>Vous a-t-on d\u00e9j\u00e0 reproch\u00e9 de parier de mani\u00e8re excessive ?<\/li>\n\n\n\n<li>Vous vous sentez stress\u00e9 si vous abandonnez votre argent en pariant ? L&rsquo;augmentation des paris serait-elle la seule solution ?<\/li>\n\n\n\n<li>Avez-vous envie de r\u00e9cup\u00e9rer sans tarder tous vos \u00e9checs lorsque vous subissez un dommage \u00e0 la suite d&rsquo;un pari ?<\/li>\n\n\n\n<li>Allez-vous r\u00e9pondre aux querelles, aux inqui\u00e9tudes ou aux d\u00e9ceptions par l&rsquo;envie de jouer davantage ? Le pari vous permet-il d&rsquo;\u00eatre d\u00e9prim\u00e9 ou suicidaire ?<\/li>\n<\/ol>\n\n<p>Plus vous r\u00e9pondrez aux questions ci-dessus, plus vous aurez de chances d&rsquo;avoir un probl\u00e8me de pari important. Si vous pensez avoir des difficult\u00e9s \u00e0 parier, contactez la ligne d&rsquo;assistance priv\u00e9e GamCare au 0808 8020 133 ou rendez-vous sur GamCare.<\/p>\n\n<p>bookiessite v\u00e9rifiera l&rsquo;action des paris afin de d\u00e9terminer la zone de difficult\u00e9 des paris. N\u00e9anmoins, les paris probl\u00e9matiques sont difficiles \u00e0 rep\u00e9rer et nous ne sommes pas des professionnels qualifi\u00e9s dans le traitement des paris probl\u00e9matiques. Nous ne pouvons pas prendre la responsabilit\u00e9 de rep\u00e9rer tous les cas de paris probl\u00e9matiques et notre suivi est fourni comme un soutien suppl\u00e9mentaire pour les acheteurs. Si nous soup\u00e7onnons que vous avez un probl\u00e8me, nous nous r\u00e9servons le droit de vous contacter et, \u00e0 notre seule discr\u00e9tion, de suspendre votre compte bancaire et de vous interdire l&rsquo;utilisation de nos produits si nous pensons que vous avez besoin d&rsquo;aide en raison d&rsquo;une difficult\u00e9 li\u00e9e au casino. Si vous \u00eates contact\u00e9, nous vous demandons de co-fonctionner avec l&rsquo;\u00e9quipe du service client\u00e8le, nous avons maintenant vos meilleures passions \u00e0 c\u0153ur.<\/p>\n\n<h3 class=\"wp-block-heading\">R\u00e8gles :<\/h3>\n\n<p>Toutes les transactions effectu\u00e9es sur le site de bookiessite sont couvertes par nos Stipulations ainsi que par toute r\u00e8gle de pari sp\u00e9cifique. Nous avons d\u00e9ploy\u00e9 une excellente \u00e9nergie pour rendre nos r\u00e8gles claires et transparentes et nous veillons \u00e0 les faire appliquer de mani\u00e8re aussi efficace et \u00e9quitable que possible. Les consommateurs doivent \u00eatre \u00e2g\u00e9s de 18 ans ou plus. Le client devra faire preuve de discr\u00e9tion en mati\u00e8re d&rsquo;utilisation et de s\u00e9curit\u00e9. Les paris, lorsqu&rsquo;ils sont plac\u00e9s, ne peuvent \u00eatre modifi\u00e9s. Pour conna\u00eetre tous les d\u00e9tails, consultez nos R\u00e8gles de jeu et nos Stipulations.<\/p>\n\n<h3 class=\"wp-block-heading\">\u00c9tablissement de limites de d\u00e9p\u00f4t :<\/h3>\n\n<ol class=\"wp-block-list\">\n<li>Ce centre vous permet de limiter l&rsquo;argent que vous pouvez d\u00e9poser sur le web \u00e0 votre profil sur une base de vingt-quatre heures, sept jours ou trente jours.<\/li>\n\n\n\n<li>Ces quantit\u00e9s peuvent \u00eatre r\u00e9vis\u00e9es \u00e0 la baisse \u00e0 tout moment, mais toute augmentation ne pourra \u00eatre appliqu\u00e9e que plus tard dans la demande.<\/li>\n\n\n\n<li>Notre \u00e9quipe de Client Solutions se fera un plaisir de fournir des informations compl\u00e9mentaires essentielles, mais elle ne peut pas passer outre les restrictions que vous avez d\u00e9finies.<\/li>\n\n\n\n<li>Vous pouvez en fait \u00e9tablir ou modifier vos limites de d\u00e9p\u00f4t en utilisant Mon compte et ensuite Limites de d\u00e9p\u00f4t lorsque vous \u00eates connect\u00e9 \u00e0 votre compte.<\/li>\n<\/ol>\n\n<h3 class=\"wp-block-heading\">\u00c9tablissement d&rsquo;une limite de perte de casino sur Internet :<\/h3>\n\n<p>Ce centre vous permet d&rsquo;\u00e9tablir une r\u00e9duction des dommages en d\u00e9terminant la somme la plus \u00e9lev\u00e9e dont vous pouvez vous d\u00e9barrasser en prenant part \u00e0 certains de nos titres de jeux de casino sur Internet, puis de d\u00e9terminer la p\u00e9riode de temps \u00e0 laquelle elle s&rsquo;applique, par exemple vingt-quatre heures, une semaine ou trente jours.<\/p>\n\n<p>Vous pouvez \u00e9tablir ou modifier votre limite de r\u00e9duction du casino en ligne en allant dans Mon compte bancaire, Contr\u00f4les des paris puis Limites du casino lorsque vous \u00eates connect\u00e9 aux comptes.<\/p>\n\n<h3 class=\"wp-block-heading\">Veuillez les noter :<\/h3>\n\n<p>Les fronti\u00e8res de diminution acqui\u00e8rent le r\u00e9sultat imm\u00e9diatement quand \u00e9tablies initialement &#8211; elles fonctionnent de votre temps et temps choisi par vous et sont alors automatiquement remises \u00e0 z\u00e9ro et recommencent par ex.<\/p>\n\n<p>Si vous \u00e9tablissez une r\u00e9duction de 100 \u00a1 par semaine le lundi \u00e0 midi, les pertes seront suivies \u00e0 partir de cette date et de cette heure particuli\u00e8res et vous ne pourrez plus perdre plus de 100 \u00a1 sur n&rsquo;importe quel jeu en ligne de notre \u00e9tablissement de paris jusqu&rsquo;au lundi suivant \u00e0 midi.<\/p>\n\n<p>La limite de perte sera alors r\u00e9initialis\u00e9e pour les 7 jours suivants et ne tiendra pas compte des gains ou des d\u00e9ficits produits au cours des derniers jours ou d&rsquo;un autre avant cela.<\/p>\n\n<p>Si vous choisissez d&rsquo;abaisser une limite de courant que vous avez \u00e9tablie, la modification exigera un r\u00e9sultat imm\u00e9diat.<\/p>\n\n<p>Si vous souhaitez augmenter une limite pr\u00e9existante que vous avez mise en place, vous devez revenir sur ce site apr\u00e8s au moins un tour d&rsquo;horloge et obtenir une bonne motion pour reconfirmer que vous voulez que ce changement prenne en compte le r\u00e9sultat.<\/p>\n\n<p>Toute modification de la limite que vous demandez servira de \u00ab\u00a0remise \u00e0 z\u00e9ro\u00a0\u00bb de toute limite ant\u00e9rieure. La nouvelle restriction ne prendra jamais en compte les gains ou les \u00e9checs r\u00e9alis\u00e9s avant que vous ne v\u00e9rifiiez ceci.<\/p>\n\n<p>Notre \u00e9quipe des solutions pour les consommateurs se fera un plaisir de fournir tous les d\u00e9tails n\u00e9cessaires, mais elle ne peut pas passer outre les limites que vous avez fix\u00e9es.<\/p>\n\n<h3 class=\"wp-block-heading\">Protection contre les paris trop anciens :<\/h3>\n\n<p>bookiessite exige des consommateurs qu&rsquo;ils annoncent qu&rsquo;ils ont l&rsquo;\u00e2ge l\u00e9gal pour s&rsquo;engager dans des activit\u00e9s de paris. Nous nous concentrons sur des mesures judicieuses pour v\u00e9rifier cela, notamment la v\u00e9rification \u00e9lectrique des groupes d&rsquo;\u00e2ge et les inspections al\u00e9atoires des groupes d&rsquo;\u00e2ge. Nous ne souhaitons pas que des mineurs utilisent notre publicit\u00e9 et notre marketing.<\/p>\n\n<h3 class=\"wp-block-heading\">Aidez-nous \u00e0 emp\u00eacher les enfants de parier :<\/h3>\n\n<p>Il est en effet ill\u00e9gal de permettre \u00e0 des personnes de moins de 18 ans de prendre des risques, c&rsquo;est pourquoi nous demandons \u00e0 nos clients de veiller \u00e0 ce que cela ne se produise pas. Nous demandons \u00e0 chacun de nos acheteurs, et c&rsquo;est d&rsquo;ailleurs votre obligation, de veiller \u00e0 ce que votre compte ne soit pas utilis\u00e9 pour des paris de mineurs. Vous trouverez ci-dessous quelques recommandations sur la mani\u00e8re d&rsquo;\u00e9viter que cela ne se produise :<\/p>\n\n<ol class=\"wp-block-list\">\n<li>Ne laissez pas votre ordinateur seul lorsque vous \u00eates connect\u00e9 \u00e0 notre site Internet.<\/li>\n\n\n\n<li>Veillez \u00e0 vous d\u00e9connecter chaque fois que vous quittez notre site web.<\/li>\n\n\n\n<li>Ne parlez pas des d\u00e9tails de votre carte de cr\u00e9dit ou de votre compte bancaire.<\/li>\n\n\n\n<li>Ne gardez pas la solution \u00ab\u00a0Conserver le mot de passe\u00a0\u00bb activ\u00e9e.<\/li>\n\n\n\n<li>Utilisez un logiciel de s\u00e9curit\u00e9 pour enfants.<\/li>\n\n\n\n<li>Cr\u00e9ez des profils d&rsquo;utilisateur d&rsquo;ordinateur personnel individuels pour vos enfants.<\/li>\n\n\n\n<li>D\u00e8s que vous apprenez qu&rsquo;un consommateur enregistr\u00e9 n&rsquo;a pas atteint l&rsquo;\u00e2ge l\u00e9gal dans son syst\u00e8me juridique, n&rsquo;oubliez pas de contacter Buyer Solutions.<\/li>\n<\/ol>\n\n<h3 class=\"wp-block-heading\">Les parents g\u00e8rent :<\/h3>\n\n<p>Il existe un certain nombre de logiciels tiers que les m\u00e8res et les p\u00e8res ou les tuteurs peuvent utiliser pour surveiller ou r\u00e9duire l&rsquo;application de la connexion Internet de leur ordinateur :<\/p>\n\n<ul class=\"wp-block-list\">\n<li>1. Web britannique Le logiciel de filtrage Nanny prot\u00e8ge les enfants des contenus en ligne inappropri\u00e9s : www.netnanny.com.<\/li>\n\n\n\n<li>2. Application de filtrage CYBERsitter permettant aux m\u00e8res et aux p\u00e8res d&rsquo;ajouter leurs sites personnels au bar : www.cybersitter.com.<\/li>\n<\/ul>\n\n<h3 class=\"wp-block-heading\">Exclusion personnelle :<\/h3>\n\n<p>Pour quelques clients, le casino peut \u00eatre un probl\u00e8me s\u00e9rieux. Nous vous fournissons une solution d&rsquo;auto-exclusion qui peut \u00eatre facilement appliqu\u00e9e \u00e0 la demande d&rsquo;un client. Si vous souhaitez vous retirer personnellement de l&rsquo;acc\u00e8s \u00e0 nos articles, veuillez prendre contact avec les fournisseurs clients ou d\u00e9cider de vous auto-exclure ici. Vous devrez pr\u00e9ciser la dur\u00e9e de votre auto-exclusion, qui peut aller d&rsquo;une demi-ann\u00e9e \u00e0 une exclusion de longue dur\u00e9e. La proc\u00e9dure et les effets de l&rsquo;auto-exclusion sont mis en \u00e9vidence ci-dessous :<\/p>\n\n<ol class=\"wp-block-list\">\n<li>Si vous en faites la demande via les services professionnels \u00e0 la client\u00e8le, un agent vous r\u00e9pondra et vous demandera de confirmer votre demande. Cela permet de s&rsquo;assurer que la demande n&rsquo;a pas \u00e9t\u00e9 soumise par une personne ayant obtenu un acc\u00e8s non autoris\u00e9 \u00e0 votre compte bancaire.<\/li>\n\n\n\n<li>Lorsque la p\u00e9riode de suppression des donn\u00e9es personnelles commence, vous pouvez vous attendre \u00e0 ne pas pouvoir acc\u00e9der \u00e0 votre compte. Les fonds se trouvant dans votre profil seront probablement retir\u00e9s et vous seront renvoy\u00e9s conform\u00e9ment \u00e0 nos stipulations.<\/li>\n\n\n\n<li>Pendant la p\u00e9riode d&rsquo;exclusion personnelle, nous ferons tout ce qui est raisonnablement possible pour que vous soyez retir\u00e9 de nos annonces. Cela ne veut pas toujours dire que nous sommes \u00e9quip\u00e9s pour ne pas \u00eatre expos\u00e9s \u00e0 des campagnes publicitaires communes et non cibl\u00e9es.<\/li>\n\n\n\n<li>\u00c0 la fin de la p\u00e9riode d&rsquo;auto-exclusion, vous pouvez nous appeler et demander \u00e0 avoir acc\u00e8s \u00e0 nos produits de jeux vid\u00e9o. Vous devez demander cette modification en personne (directement, le t\u00e9l\u00e9phone portable, Skype, IM sont appropri\u00e9s), parler par email n&rsquo;est pas vraiment satisfaisant.<\/li>\n\n\n\n<li>Veuillez noter que ce n&rsquo;est que sur demande \u00e9vidente d'\u00a0\u00bbauto-exclusion\u00a0\u00bb que votre argent sera bloqu\u00e9 en fonction de l&rsquo;heure pr\u00e9vue. En r\u00e8gle g\u00e9n\u00e9rale, tous les profils ont le statut \u00ab\u00a0ferm\u00e9\u00a0\u00bb et peuvent \u00eatre rouverts \u00e0 tout moment \u00e0 la demande du client.<\/li>\n<\/ol>\n\n<h3 class=\"wp-block-heading\">GAMSTOP :<\/h3>\n\n<p>Si vous envisagez de vous auto-exclure, vous pouvez cr\u00e9er un compte aupr\u00e8s de GAMSTOP.<\/p>\n\n<p>GAMSTOP est un service gratuit qui vous permet de vous retirer personnellement de toutes les entreprises de paris en ligne autoris\u00e9es en Grande-Bretagne.<\/p>\n\n<p>Pour en savoir plus et pour adh\u00e9rer \u00e0 GAMSTOP, veuillez consulter le site GAMSTOP.<\/p>\n","protected":false},"excerpt":{"rendered":"<p>Chez bookiessite, nous consid\u00e9rons nos clients et nos devoirs soci\u00e9taux extr\u00eamement s\u00e9rieusement. Nos produits sont con\u00e7us pour votre divertissement et votre plaisir, c&rsquo;est pourquoi nous nous attachons \u00e0 fournir une assistance de qualit\u00e9, acceptable et socialement responsable. Nous voulons que chacun puisse prendre plaisir \u00e0 nos produits en toute s\u00e9curit\u00e9 et de mani\u00e8re responsable. Nous [&hellip;]<\/p>\n","protected":false},"author":1,"featured_media":0,"parent":0,"menu_order":0,"comment_status":"closed","ping_status":"closed","template":"","meta":{"inline_featured_image":false,"_uag_custom_page_level_css":"","site-sidebar-layout":"default","site-content-layout":"","ast-site-content-layout":"default","site-content-style":"default","site-sidebar-style":"default","ast-global-header-display":"","ast-banner-title-visibility":"","ast-main-header-display":"","ast-hfb-above-header-display":"","ast-hfb-below-header-display":"","ast-hfb-mobile-header-display":"","site-post-title":"","ast-breadcrumbs-content":"","ast-featured-img":"","footer-sml-layout":"","ast-disable-related-posts":"","theme-transparent-header-meta":"","adv-header-id-meta":"","stick-header-meta":"","header-above-stick-meta":"","header-main-stick-meta":"","header-below-stick-meta":"","astra-migrate-meta-layouts":"default","ast-page-background-enabled":"default","ast-page-background-meta":{"desktop":{"background-color":"var(--ast-global-color-4)","background-image":"","background-repeat":"repeat","background-position":"center center","background-size":"auto","background-attachment":"scroll","background-type":"","background-media":"","overlay-type":"","overlay-color":"","overlay-opacity":"","overlay-gradient":""},"tablet":{"background-color":"","background-image":"","background-repeat":"repeat","background-position":"center center","background-size":"auto","background-attachment":"scroll","background-type":"","background-media":"","overlay-type":"","overlay-color":"","overlay-opacity":"","overlay-gradient":""},"mobile":{"background-color":"","background-image":"","background-repeat":"repeat","background-position":"center center","background-size":"auto","background-attachment":"scroll","background-type":"","background-media":"","overlay-type":"","overlay-color":"","overlay-opacity":"","overlay-gradient":""}},"ast-content-background-meta":{"desktop":{"background-color":"var(--ast-global-color-5)","background-image":"","background-repeat":"repeat","background-position":"center center","background-size":"auto","background-attachment":"scroll","background-type":"","background-media":"","overlay-type":"","overlay-color":"","overlay-opacity":"","overlay-gradient":""},"tablet":{"background-color":"var(--ast-global-color-5)","background-image":"","background-repeat":"repeat","background-position":"center center","background-size":"auto","background-attachment":"scroll","background-type":"","background-media":"","overlay-type":"","overlay-color":"","overlay-opacity":"","overlay-gradient":""},"mobile":{"background-color":"var(--ast-global-color-5)","background-image":"","background-repeat":"repeat","background-position":"center center","background-size":"auto","background-attachment":"scroll","background-type":"","background-media":"","overlay-type":"","overlay-color":"","overlay-opacity":"","overlay-gradient":""}},"footnotes":""},"class_list":["post-470","page","type-page","status-publish","hentry"],"aioseo_notices":[],"acf":[],"uagb_featured_image_src":{"full":false,"thumbnail":false,"medium":false,"medium_large":false,"large":false,"1536x1536":false,"2048x2048":false},"uagb_author_info":{"display_name":"bookiessite","author_link":"https:\/\/bookiessite.com\/fr\/author\/bookiessite\/"},"uagb_comment_info":0,"uagb_excerpt":"Chez bookiessite, nous consid\u00e9rons nos clients et nos devoirs soci\u00e9taux extr\u00eamement s\u00e9rieusement. Nos produits sont con\u00e7us pour votre divertissement et votre plaisir, c&rsquo;est pourquoi nous nous attachons \u00e0 fournir une assistance de qualit\u00e9, acceptable et socialement responsable. Nous voulons que chacun puisse prendre plaisir \u00e0 nos produits en toute s\u00e9curit\u00e9 et de mani\u00e8re responsable. Nous\u2026","_links":{"self":[{"href":"https:\/\/bookiessite.com\/fr\/wp-json\/wp\/v2\/pages\/470","targetHints":{"allow":["GET"]}}],"collection":[{"href":"https:\/\/bookiessite.com\/fr\/wp-json\/wp\/v2\/pages"}],"about":[{"href":"https:\/\/bookiessite.com\/fr\/wp-json\/wp\/v2\/types\/page"}],"author":[{"embeddable":true,"href":"https:\/\/bookiessite.com\/fr\/wp-json\/wp\/v2\/users\/1"}],"replies":[{"embeddable":true,"href":"https:\/\/bookiessite.com\/fr\/wp-json\/wp\/v2\/comments?post=470"}],"version-history":[{"count":1,"href":"https:\/\/bookiessite.com\/fr\/wp-json\/wp\/v2\/pages\/470\/revisions"}],"predecessor-version":[{"id":80181,"href":"https:\/\/bookiessite.com\/fr\/wp-json\/wp\/v2\/pages\/470\/revisions\/80181"}],"wp:attachment":[{"href":"https:\/\/bookiessite.com\/fr\/wp-json\/wp\/v2\/media?parent=470"}],"curies":[{"name":"wp","href":"https:\/\/api.w.org\/{rel}","templated":true}]}}