{"id":30049,"date":"2012-12-22T08:01:45","date_gmt":"2012-12-22T08:01:45","guid":{"rendered":"https:\/\/bookiessite.com\/clause-de-non-responsabilite\/"},"modified":"2024-07-16T03:33:23","modified_gmt":"2024-07-16T03:33:23","slug":"clause-de-non-responsabilite","status":"publish","type":"page","link":"https:\/\/bookiessite.com\/fr\/clause-de-non-responsabilite\/","title":{"rendered":"Avis de non-responsabilit\u00e9 pour le site des bookmakers"},"content":{"rendered":"\n<blockquote class=\"wp-block-quote is-layout-flow wp-block-quote-is-layout-flow\">\n<p>Avis de non-responsabilit\u00e9<\/p>\n\n\n\n<p>Si de plus amples informations sont n\u00e9cessaires sur la clause de non-responsabilit\u00e9 de ce site ou dans tous les cas concernant ce qui pr\u00e9c\u00e8de, n\u2019h\u00e9sitez pas \u00e0 nous contacter.<\/p>\n\n\n\n<p>Avis de non-responsabilit\u00e9 pour le site des bookmakers<\/p>\n\n\n\n<p>Toutes les informations figurant sur ce site \u2013 <a href=\"https:\/\/\/bookiessite.com\/\" target=\"_blank\" rel=\"noopener nofollow\" title=\"Site des bookmakers\">https:\/\/\/bookiessite.com\/<\/a> \u2013 sont diffus\u00e9es de bonne foi et ne sont destin\u00e9es qu\u2019\u00e0 titre d\u2019information g\u00e9n\u00e9rale. Ces informations relay\u00e9es par le site Bookies ne s\u2019accompagnent d\u2019aucune garantie de la part de la soci\u00e9t\u00e9 quant \u00e0 l\u2019exhaustivit\u00e9, la fiabilit\u00e9 et l\u2019exactitude de ces informations. Toutes les informations fournies sur ce site Web (site des bookmakers) doivent \u00eatre utilis\u00e9es \u00e0 vos risques et p\u00e9rils. Le site des bookmakers ne peut \u00eatre tenu responsable de toute perte et\/ou dommage r\u00e9sultant de l\u2019utilisation de ce site Web.<\/p>\n\n\n\n<p>Lors de l\u2019utilisation de certaines parties de ce site Web, vous pouvez \u00e9galement \u00eatre dirig\u00e9 vers d\u2019autres sites Web par le biais de liens vers ces autres sites. Ainsi, bien que nous nous efforcions constamment de faire en sorte que les liens fournis m\u00e8nent \u00e0 un site Web plus utile et \u00e9thique, nous ne sommes pas en mesure de contr\u00f4ler le contenu et la nature de ces sites. De tels liens vers d\u2019autres sites Internet n\u2019indiquent pas que HTM approuve toute l\u2019information contenue dans ces liens. Les sites, les propri\u00e9taires et le contenu qu\u2019ils contiennent peuvent \u00eatre modifi\u00e9s sans pr\u00e9avis et il peut \u00eatre rare que nous ayons la possibilit\u00e9 de supprimer un lien qui peut maintenant \u00eatre \u00ab mauvais \u00bb.<\/p>\n\n\n\n<p>Il est \u00e9galement important que vous notiez qu\u2019une fois que vous cliquez sur des liens qui vous m\u00e8neront aux sites Web d\u2019autres entreprises, vous \u00eates soumis \u00e0 d\u2019autres politiques, qui ne sont pas sous le contr\u00f4le de l\u2019entreprise. Il est sage que les utilisateurs, avant de faire des affaires ou de t\u00e9l\u00e9charger des donn\u00e9es sur ces sites, lisent les politiques de confidentialit\u00e9 ainsi que les \u00ab Conditions d\u2019utilisation \u00bb.<\/p>\n\n\n\n<p>Consentement<\/p>\n\n\n\n<p>Toute personne qui entre et utilise ce site Web accepte les dispositions de la pr\u00e9sente clause de non-responsabilit\u00e9.<\/p>\n\n\n\n<p>Mise \u00e0 jour<\/p>\n\n\n\n<p>Si, \u00e0 tout moment, ce document est mis \u00e0 jour, amend\u00e9 ou chang\u00e9 de quelque mani\u00e8re que ce soit, la r\u00e9vision sera mise en \u00e9vidence ici.<\/p>\n<\/blockquote>\n","protected":false},"excerpt":{"rendered":"<p>Avis de non-responsabilit\u00e9 Si de plus amples informations sont n\u00e9cessaires sur la clause de non-responsabilit\u00e9 de ce site ou dans tous les cas concernant ce qui pr\u00e9c\u00e8de, n\u2019h\u00e9sitez pas \u00e0 nous contacter. Avis de non-responsabilit\u00e9 pour le site des bookmakers Toutes les informations figurant sur ce site \u2013 https:\/\/\/bookiessite.com\/ \u2013 sont diffus\u00e9es de bonne foi [&hellip;]<\/p>\n","protected":false},"author":1,"featured_media":0,"parent":0,"menu_order":0,"comment_status":"closed","ping_status":"closed","template":"","meta":{"inline_featured_image":false,"_uag_custom_page_level_css":"","site-sidebar-layout":"default","site-content-layout":"","ast-site-content-layout":"default","site-content-style":"default","site-sidebar-style":"default","ast-global-header-display":"","ast-banner-title-visibility":"","ast-main-header-display":"","ast-hfb-above-header-display":"","ast-hfb-below-header-display":"","ast-hfb-mobile-header-display":"","site-post-title":"","ast-breadcrumbs-content":"","ast-featured-img":"","footer-sml-layout":"","ast-disable-related-posts":"","theme-transparent-header-meta":"","adv-header-id-meta":"","stick-header-meta":"","header-above-stick-meta":"","header-main-stick-meta":"","header-below-stick-meta":"","astra-migrate-meta-layouts":"default","ast-page-background-enabled":"default","ast-page-background-meta":{"desktop":{"background-color":"var(--ast-global-color-4)","background-image":"","background-repeat":"repeat","background-position":"center center","background-size":"auto","background-attachment":"scroll","background-type":"","background-media":"","overlay-type":"","overlay-color":"","overlay-opacity":"","overlay-gradient":""},"tablet":{"background-color":"","background-image":"","background-repeat":"repeat","background-position":"center center","background-size":"auto","background-attachment":"scroll","background-type":"","background-media":"","overlay-type":"","overlay-color":"","overlay-opacity":"","overlay-gradient":""},"mobile":{"background-color":"","background-image":"","background-repeat":"repeat","background-position":"center center","background-size":"auto","background-attachment":"scroll","background-type":"","background-media":"","overlay-type":"","overlay-color":"","overlay-opacity":"","overlay-gradient":""}},"ast-content-background-meta":{"desktop":{"background-color":"var(--ast-global-color-5)","background-image":"","background-repeat":"repeat","background-position":"center center","background-size":"auto","background-attachment":"scroll","background-type":"","background-media":"","overlay-type":"","overlay-color":"","overlay-opacity":"","overlay-gradient":""},"tablet":{"background-color":"var(--ast-global-color-5)","background-image":"","background-repeat":"repeat","background-position":"center center","background-size":"auto","background-attachment":"scroll","background-type":"","background-media":"","overlay-type":"","overlay-color":"","overlay-opacity":"","overlay-gradient":""},"mobile":{"background-color":"var(--ast-global-color-5)","background-image":"","background-repeat":"repeat","background-position":"center center","background-size":"auto","background-attachment":"scroll","background-type":"","background-media":"","overlay-type":"","overlay-color":"","overlay-opacity":"","overlay-gradient":""}},"footnotes":""},"class_list":["post-30049","page","type-page","status-publish","hentry"],"aioseo_notices":[],"acf":[],"uagb_featured_image_src":{"full":false,"thumbnail":false,"medium":false,"medium_large":false,"large":false,"1536x1536":false,"2048x2048":false},"uagb_author_info":{"display_name":"bookiessite","author_link":"https:\/\/bookiessite.com\/fr\/author\/bookiessite\/"},"uagb_comment_info":0,"uagb_excerpt":"Avis de non-responsabilit\u00e9 Si de plus amples informations sont n\u00e9cessaires sur la clause de non-responsabilit\u00e9 de ce site ou dans tous les cas concernant ce qui pr\u00e9c\u00e8de, n\u2019h\u00e9sitez pas \u00e0 nous contacter. Avis de non-responsabilit\u00e9 pour le site des bookmakers Toutes les informations figurant sur ce site \u2013 https:\/\/\/bookiessite.com\/ \u2013 sont diffus\u00e9es de bonne foi\u2026","_links":{"self":[{"href":"https:\/\/bookiessite.com\/fr\/wp-json\/wp\/v2\/pages\/30049","targetHints":{"allow":["GET"]}}],"collection":[{"href":"https:\/\/bookiessite.com\/fr\/wp-json\/wp\/v2\/pages"}],"about":[{"href":"https:\/\/bookiessite.com\/fr\/wp-json\/wp\/v2\/types\/page"}],"author":[{"embeddable":true,"href":"https:\/\/bookiessite.com\/fr\/wp-json\/wp\/v2\/users\/1"}],"replies":[{"embeddable":true,"href":"https:\/\/bookiessite.com\/fr\/wp-json\/wp\/v2\/comments?post=30049"}],"version-history":[{"count":2,"href":"https:\/\/bookiessite.com\/fr\/wp-json\/wp\/v2\/pages\/30049\/revisions"}],"predecessor-version":[{"id":77056,"href":"https:\/\/bookiessite.com\/fr\/wp-json\/wp\/v2\/pages\/30049\/revisions\/77056"}],"wp:attachment":[{"href":"https:\/\/bookiessite.com\/fr\/wp-json\/wp\/v2\/media?parent=30049"}],"curies":[{"name":"wp","href":"https:\/\/api.w.org\/{rel}","templated":true}]}}