{"id":18388,"date":"2012-12-22T08:47:15","date_gmt":"2012-12-22T08:47:15","guid":{"rendered":"https:\/\/bookiessite.com\/nous-contacter\/"},"modified":"2024-07-16T03:23:33","modified_gmt":"2024-07-16T03:23:33","slug":"nous-contacter","status":"publish","type":"page","link":"https:\/\/bookiessite.com\/fr\/nous-contacter\/","title":{"rendered":"Nous contacter"},"content":{"rendered":"\n<p>Nous contacter<\/p>\n\n<p>Alternativement, avec <a href=\"https:\/\/bookiessite.com\/fr\/\" target=\"_blank\" rel=\"noopener\" title=\"Site des bookmakers\">le site de bookmakers<\/a>, vous pouvez \u00eatre s\u00fbr que les r\u00e9ponses \u00e0 vos questions ne sont qu\u2019\u00e0 un clic. Vous pouvez joindre notre \u00e9quipe d\u2019experts \u00e0 tout moment car, comme vous le savez, nous sommes disponibles pour vous 24h\/24 et 7j\/7 ! Qu\u2019il s\u2019agisse de questions concernant les services que nous offrons ou d\u2019un simple \u00ab bonjour \u00bb, bienvenue, nous sommes l\u00e0 pour vous aider. Tout ce que vous avez \u00e0 faire est d\u2019envoyer votre demande au service d\u2019assistance du site, officiellement situ\u00e9 \u00e0 l\u2019adresse  <strong>support@bookiessite. Com<\/strong>  Et nous serons plus qu\u2019heureux de vous tendre la main. Ne vous asseyez plus &#8211; il est grand temps que l\u2019on r\u00e9ponde \u00e0 vos questions et quel meilleur endroit pour ces informations que sur le site du bookmaker. Contactez la direction d\u00e8s aujourd\u2019hui pour savoir comment nous pouvons vous aider.<\/p>\n\n<div class=\"wp-block-uagb-forms uagb-forms__outer-wrap uagb-block-ddb1fa45 uagb-forms__medium-btn\"><form class=\"uagb-forms-main-form\" method=\"post\" autocomplete=\"on\" name=\"uagb-form-ddb1fa45\">\n          \n\n          <div class=\"wp-block-uagb-forms-name uagb-forms-name-wrap uagb-forms-field-set uagb-block-fe82063e\">\n            <div class=\"uagb-forms-name-label required uagb-forms-input-label\" id=\"fe82063e\">Pr\u00e9nom<\/div>\n            <input type=\"text\" placeholder=\"Jean\" required=\"\" class=\"uagb-forms-name-input uagb-forms-input\" name=\"fe82063e\" autocomplete=\"given-name\">\n          <\/div>\n          \n\n        \n\n\n\n          \n\n          <div class=\"wp-block-uagb-forms-name uagb-forms-name-wrap uagb-forms-field-set uagb-block-479d3f82\">\n            <div class=\"uagb-forms-name-label required uagb-forms-input-label\" id=\"479d3f82\">Nom de famille<\/div>\n            <input type=\"text\" placeholder=\"Wilson\" required=\"\" class=\"uagb-forms-name-input uagb-forms-input\" name=\"479d3f82\" autocomplete=\"family-name\">\n          <\/div>\n          \n\n        \n\n\n\n          \n\n          <div class=\"wp-block-uagb-forms-email uagb-forms-email-wrap uagb-forms-field-set uagb-block-01a3d36d\">\n            <div class=\"uagb-forms-email-label uagb-forms-input-label\" id=\"01a3d36d\">Courriel<\/div>\n            <input type=\"email\" class=\"uagb-forms-email-input uagb-forms-input\" placeholder=\"example@mail.com\" name=\"01a3d36d\" autocomplete=\"email\">\n          <\/div>\n          \n\n        \n\n\n\n          \n\n          <div class=\"wp-block-uagb-forms-textarea uagb-forms-textarea-wrap uagb-forms-field-set uagb-block-0e2cb2b9\">\n            <div class=\"uagb-forms-textarea-label required uagb-forms-input-label\" id=\"0e2cb2b9\">Message<\/div>\n            <textarea required=\"\" class=\"uagb-forms-textarea-input uagb-forms-input\" rows=\"4\" placeholder=\"Saisissez votre message\" name=\"0e2cb2b9\" autocomplete=\"off\"><\/textarea>\n          <\/div>\n          \n\n        \n<div class=\"uagb-forms-form-hidden-data\"><input type=\"hidden\" class=\"uagb_forms_form_label\" value=\"Spectra Form\"\/><input type=\"hidden\" class=\"uagb_forms_form_id\" value=\"uagb-form-ddb1fa45\"\/><\/div><div class=\"uagb-form-reacaptcha-error-ddb1fa45\"><\/div><div class=\"uagb-forms-main-submit-button-wrap wp-block-button\"><button class=\"uagb-forms-main-submit-button wp-block-button__link\"><div class=\"uagb-forms-main-submit-button-text\">Soumettre<\/div><\/button><\/div><\/form><div class=\"uagb-forms-success-message-ddb1fa45 uagb-forms-submit-message-hide\"><span>The form has been submitted successfully!<\/span><\/div><div class=\"uagb-forms-failed-message-ddb1fa45 uagb-forms-submit-message-hide\"><span>There has been some error while submitting the form. Please verify all form fields again.<\/span><\/div><\/div>\n\n<p>Nous esp\u00e9rons avoir bient\u00f4t de vos nouvelles !<\/p>\n\n<p>L&rsquo;\u00e9quipe du site du bookmaker<\/p>\n","protected":false},"excerpt":{"rendered":"<p>Nous contacter Alternativement, avec le site de bookmakers, vous pouvez \u00eatre s\u00fbr que les r\u00e9ponses \u00e0 vos questions ne sont qu\u2019\u00e0 un clic. Vous pouvez joindre notre \u00e9quipe d\u2019experts \u00e0 tout moment car, comme vous le savez, nous sommes disponibles pour vous 24h\/24 et 7j\/7 ! Qu\u2019il s\u2019agisse de questions concernant les services que nous [&hellip;]<\/p>\n","protected":false},"author":1,"featured_media":0,"parent":0,"menu_order":0,"comment_status":"closed","ping_status":"closed","template":"","meta":{"inline_featured_image":false,"_uag_custom_page_level_css":"","site-sidebar-layout":"default","site-content-layout":"","ast-site-content-layout":"default","site-content-style":"default","site-sidebar-style":"default","ast-global-header-display":"","ast-banner-title-visibility":"","ast-main-header-display":"","ast-hfb-above-header-display":"","ast-hfb-below-header-display":"","ast-hfb-mobile-header-display":"","site-post-title":"","ast-breadcrumbs-content":"","ast-featured-img":"","footer-sml-layout":"","ast-disable-related-posts":"","theme-transparent-header-meta":"","adv-header-id-meta":"","stick-header-meta":"","header-above-stick-meta":"","header-main-stick-meta":"","header-below-stick-meta":"","astra-migrate-meta-layouts":"default","ast-page-background-enabled":"default","ast-page-background-meta":{"desktop":{"background-color":"var(--ast-global-color-4)","background-image":"","background-repeat":"repeat","background-position":"center center","background-size":"auto","background-attachment":"scroll","background-type":"","background-media":"","overlay-type":"","overlay-color":"","overlay-opacity":"","overlay-gradient":""},"tablet":{"background-color":"","background-image":"","background-repeat":"repeat","background-position":"center center","background-size":"auto","background-attachment":"scroll","background-type":"","background-media":"","overlay-type":"","overlay-color":"","overlay-opacity":"","overlay-gradient":""},"mobile":{"background-color":"","background-image":"","background-repeat":"repeat","background-position":"center center","background-size":"auto","background-attachment":"scroll","background-type":"","background-media":"","overlay-type":"","overlay-color":"","overlay-opacity":"","overlay-gradient":""}},"ast-content-background-meta":{"desktop":{"background-color":"var(--ast-global-color-5)","background-image":"","background-repeat":"repeat","background-position":"center center","background-size":"auto","background-attachment":"scroll","background-type":"","background-media":"","overlay-type":"","overlay-color":"","overlay-opacity":"","overlay-gradient":""},"tablet":{"background-color":"var(--ast-global-color-5)","background-image":"","background-repeat":"repeat","background-position":"center center","background-size":"auto","background-attachment":"scroll","background-type":"","background-media":"","overlay-type":"","overlay-color":"","overlay-opacity":"","overlay-gradient":""},"mobile":{"background-color":"var(--ast-global-color-5)","background-image":"","background-repeat":"repeat","background-position":"center center","background-size":"auto","background-attachment":"scroll","background-type":"","background-media":"","overlay-type":"","overlay-color":"","overlay-opacity":"","overlay-gradient":""}},"footnotes":""},"class_list":["post-18388","page","type-page","status-publish","hentry"],"aioseo_notices":[],"acf":[],"uagb_featured_image_src":{"full":false,"thumbnail":false,"medium":false,"medium_large":false,"large":false,"1536x1536":false,"2048x2048":false},"uagb_author_info":{"display_name":"bookiessite","author_link":"https:\/\/bookiessite.com\/fr\/author\/bookiessite\/"},"uagb_comment_info":0,"uagb_excerpt":"Nous contacter Alternativement, avec le site de bookmakers, vous pouvez \u00eatre s\u00fbr que les r\u00e9ponses \u00e0 vos questions ne sont qu\u2019\u00e0 un clic. Vous pouvez joindre notre \u00e9quipe d\u2019experts \u00e0 tout moment car, comme vous le savez, nous sommes disponibles pour vous 24h\/24 et 7j\/7 ! Qu\u2019il s\u2019agisse de questions concernant les services que nous\u2026","_links":{"self":[{"href":"https:\/\/bookiessite.com\/fr\/wp-json\/wp\/v2\/pages\/18388","targetHints":{"allow":["GET"]}}],"collection":[{"href":"https:\/\/bookiessite.com\/fr\/wp-json\/wp\/v2\/pages"}],"about":[{"href":"https:\/\/bookiessite.com\/fr\/wp-json\/wp\/v2\/types\/page"}],"author":[{"embeddable":true,"href":"https:\/\/bookiessite.com\/fr\/wp-json\/wp\/v2\/users\/1"}],"replies":[{"embeddable":true,"href":"https:\/\/bookiessite.com\/fr\/wp-json\/wp\/v2\/comments?post=18388"}],"version-history":[{"count":4,"href":"https:\/\/bookiessite.com\/fr\/wp-json\/wp\/v2\/pages\/18388\/revisions"}],"predecessor-version":[{"id":77014,"href":"https:\/\/bookiessite.com\/fr\/wp-json\/wp\/v2\/pages\/18388\/revisions\/77014"}],"wp:attachment":[{"href":"https:\/\/bookiessite.com\/fr\/wp-json\/wp\/v2\/media?parent=18388"}],"curies":[{"name":"wp","href":"https:\/\/api.w.org\/{rel}","templated":true}]}}