{"id":18302,"date":"2012-12-22T08:13:29","date_gmt":"2012-12-22T08:13:29","guid":{"rendered":"https:\/\/bookiessite.com\/a-propos-de-nous\/"},"modified":"2024-07-16T01:20:38","modified_gmt":"2024-07-16T01:20:38","slug":"a-propos-de-nous","status":"publish","type":"page","link":"https:\/\/bookiessite.com\/fr\/a-propos-de-nous\/","title":{"rendered":"A propos de nous"},"content":{"rendered":"\n<blockquote class=\"wp-block-quote is-layout-flow wp-block-quote-is-layout-flow\">\n<h2 class=\"wp-block-heading\">Bienvenue sur le site des bookmakers. Com<\/h2>\n\n\n\n<p>bookiessite. En effet, com est une plate-forme de site de bookmakers professionnels. Ici, vous ne trouverez que ce qui est int\u00e9ressant et, tr\u00e8s probablement, vous l\u2019aimerez. Notre objectif est de vous pr\u00e9senter les meilleurs sites de bookmakers couvrant les principes de fiabilit\u00e9 et le site de paris. Notre objectif est de faire de notre passion pour le site de bookmakers une entreprise en ligne prosp\u00e8re. Nous esp\u00e9rons que vous appr\u00e9cierez le site du bookmaker autant que nous aimons vous le fournir.<\/p>\n\n\n\n<h2 class=\"wp-block-heading\">Bons jeux d&rsquo;argent<\/h2>\n\n\n\n<p>Si vous \u00eates \u00e0 la recherche de bookmakers, vous avez atterri au bon endroit car le site Bookies est le meilleur pour cela. Bien s\u00fbr, notre mission premi\u00e8re est de vous aider \u00e0 s\u00e9lectionner les options les plus rentables et les plus appropri\u00e9es pour parier sur les \u00e9v\u00e9nements sportifs. C\u2019est pourquoi, gr\u00e2ce \u00e0 une solide \u00e9quipe de sp\u00e9cialistes et de professionnels, nous pouvons vous fournir toutes les informations sur les sites de bookmakers. En ce qui concerne la vision de l\u2019entreprise, il s\u2019agit de rendre la vie de tous les sujets dans le domaine des paris sportifs en ligne plus facile et plus lumineuse. Donc, que vous soyez un nouveau joueur ou que vous soyez \u00e0 la recherche de directives sur la fa\u00e7on de parier, alors f\u00e9licitations, vous avez atterri sur la bonne page. Nous vous souhaitons de profiter de notre site Web et de passer un bon moment en jouant, merci d\u2019\u00eatre avec nous et bonne chance\u00a0!<\/p>\n\n\n\n<h2 class=\"wp-block-heading\">Bons paris<\/h2>\n\n\n\n<p>C\u2019est avec plaisir que nous vous accueillons sur notre site et nous esp\u00e9rons que notre site vous plaira. C\u2019est la premi\u00e8re fois que vous visitez la page du bookiessite et nous aimerions vous souhaiter la bienvenue et esp\u00e9rons vous voir plus souvent. Pour toute question ou pr\u00e9occupation, nous serions ravis d\u2019avoir de vos nouvelles ou de toute question que vous pourriez avoir. Si vous avez besoin d\u2019aide, nous sommes l\u00e0 pour vous, faites-le nous savoir. Nous vous remercions de votre visite sur le site des bookmakers et nous avons h\u00e2te de vous rencontrer de l\u2019autre c\u00f4t\u00e9 des victoires et des d\u00e9faites ! Bons paris !<\/p>\n\n\n\n<p>Nous souhaitons que vous ayez bonne chance lors de l\u2019utilisation de notre site Web pour tous les probl\u00e8mes et exigences li\u00e9s aux bookmakers. Par cons\u00e9quent, notre \u00e9quipe s\u2019efforce de s\u2019assurer que vous disposez des informations les plus r\u00e9centes qui vous aideront \u00e0 prendre les bonnes d\u00e9cisions en ce qui concerne les paris sur diff\u00e9rents sports. C\u2019est pourquoi nous nous effor\u00e7ons d\u2019am\u00e9liorer votre exp\u00e9rience des paris sportifs en ligne et vous pouvez toujours poser des questions ou des pr\u00e9occupations \u00e0 notre \u00e9quipe d\u2019assistance. Encore une fois, nous tenons \u00e0 vous remercier d\u2019avoir choisi bookmakerssite et nous esp\u00e9rons que vous aurez de la chance dans vos futurs paris ! Bons paris ! -Site bookmakers de l\u2019\u00e9quipe. Com<\/p>\n\n\n\n<h2 class=\"wp-block-heading\">Un service de qualit\u00e9<\/h2>\n\n\n\n<p>Nous esp\u00e9rons que gr\u00e2ce \u00e0 ce site, vous serez en mesure d\u2019obtenir toutes les informations dont vous avez besoin concernant les paris sportifs en ligne afin que vous puissiez \u00eatre en mesure de prendre la bonne d\u00e9cision. Notre objectif est d\u2019\u00eatre les meilleurs bookmakers sportifs en ligne et s\u2019il y a quelque chose que vous voulez demander ou nous dire, nous sommes toujours pr\u00eats \u00e0 vous \u00e9couter. Je voudrais profiter de cette occasion pour vous remercier pour votre temps et pour avoir choisi bookmakerssite et puissiez-vous avoir de la chance dans tous vos futurs efforts de paris\u00a0! Bons paris ! -\u00c9quipe  <a href=\"https:\/\/bookiessite.com\/fr\/\" target=\"_blank\" rel=\"noopener\" title=\"bookiessite. Com\"><\/a><a href=\"https:\/\/bookiessite.com\/fr\/\">bookiessite.<\/a> Com<\/p>\n\n\n\n<h2 class=\"wp-block-heading\">\u00cates-vous \u00e0 la recherche d\u2019un bookmaker ? Votre recherche se termine ici !<\/h2>\n\n\n\n<p>Notre objectif est de faire en sorte que les clients obtiennent les meilleurs sites et services de bookmakers pour qu\u2019ils puissent placer leurs paris lors d\u2019\u00e9v\u00e9nements sportifs. L\u2019\u00e9quipe d\u2019auteurs est form\u00e9e de sp\u00e9cialistes exp\u00e9riment\u00e9s et qualifi\u00e9s dans le domaine des paris sportifs en ligne, qui s\u2019efforcent de vous fournir toutes les donn\u00e9es essentielles sur le domaine. Ainsi, si vous \u00eates d\u00e9butant, ou si vous avez simplement besoin de quelques conseils, bookiessite vous aidera. C\u2019est un plaisir pour nous de vous avoir eu sur le site des bookmakers, merci de visiter notre site et bonne chance dans vos futures activit\u00e9s de paris\u00a0! Bons paris ! -Site bookmakers de l\u2019\u00e9quipe. Com<\/p>\n\n\n\n<p>Si vous souhaitez poser des questions, ou donner votre avis ou vos suggestions, n\u2019h\u00e9sitez pas \u00e0 nous contacter.<\/p>\n\n\n\n<p>\u2013 \ud83d\ude42 \u2013 Site de bookmakers d\u2019\u00e9quipe. Com.<\/p>\n\n\n\n<p>Nous esp\u00e9rons que vous avez appr\u00e9ci\u00e9 notre site autant que nous avons aim\u00e9 le cr\u00e9er.<\/p>\n\n\n\n<p>Passez une bonne journ\u00e9e !<\/p>\n<\/blockquote>\n","protected":false},"excerpt":{"rendered":"<p>Bienvenue sur le site des bookmakers. Com bookiessite. En effet, com est une plate-forme de site de bookmakers professionnels. Ici, vous ne trouverez que ce qui est int\u00e9ressant et, tr\u00e8s probablement, vous l\u2019aimerez. Notre objectif est de vous pr\u00e9senter les meilleurs sites de bookmakers couvrant les principes de fiabilit\u00e9 et le site de paris. Notre [&hellip;]<\/p>\n","protected":false},"author":1,"featured_media":0,"parent":0,"menu_order":0,"comment_status":"closed","ping_status":"closed","template":"","meta":{"inline_featured_image":false,"_uag_custom_page_level_css":"","site-sidebar-layout":"default","site-content-layout":"","ast-site-content-layout":"default","site-content-style":"default","site-sidebar-style":"default","ast-global-header-display":"","ast-banner-title-visibility":"","ast-main-header-display":"","ast-hfb-above-header-display":"","ast-hfb-below-header-display":"","ast-hfb-mobile-header-display":"","site-post-title":"","ast-breadcrumbs-content":"","ast-featured-img":"","footer-sml-layout":"","ast-disable-related-posts":"","theme-transparent-header-meta":"","adv-header-id-meta":"","stick-header-meta":"","header-above-stick-meta":"","header-main-stick-meta":"","header-below-stick-meta":"","astra-migrate-meta-layouts":"default","ast-page-background-enabled":"default","ast-page-background-meta":{"desktop":{"background-color":"var(--ast-global-color-4)","background-image":"","background-repeat":"repeat","background-position":"center center","background-size":"auto","background-attachment":"scroll","background-type":"","background-media":"","overlay-type":"","overlay-color":"","overlay-opacity":"","overlay-gradient":""},"tablet":{"background-color":"","background-image":"","background-repeat":"repeat","background-position":"center center","background-size":"auto","background-attachment":"scroll","background-type":"","background-media":"","overlay-type":"","overlay-color":"","overlay-opacity":"","overlay-gradient":""},"mobile":{"background-color":"","background-image":"","background-repeat":"repeat","background-position":"center center","background-size":"auto","background-attachment":"scroll","background-type":"","background-media":"","overlay-type":"","overlay-color":"","overlay-opacity":"","overlay-gradient":""}},"ast-content-background-meta":{"desktop":{"background-color":"var(--ast-global-color-5)","background-image":"","background-repeat":"repeat","background-position":"center center","background-size":"auto","background-attachment":"scroll","background-type":"","background-media":"","overlay-type":"","overlay-color":"","overlay-opacity":"","overlay-gradient":""},"tablet":{"background-color":"var(--ast-global-color-5)","background-image":"","background-repeat":"repeat","background-position":"center center","background-size":"auto","background-attachment":"scroll","background-type":"","background-media":"","overlay-type":"","overlay-color":"","overlay-opacity":"","overlay-gradient":""},"mobile":{"background-color":"var(--ast-global-color-5)","background-image":"","background-repeat":"repeat","background-position":"center center","background-size":"auto","background-attachment":"scroll","background-type":"","background-media":"","overlay-type":"","overlay-color":"","overlay-opacity":"","overlay-gradient":""}},"footnotes":""},"class_list":["post-18302","page","type-page","status-publish","hentry"],"aioseo_notices":[],"acf":[],"uagb_featured_image_src":{"full":false,"thumbnail":false,"medium":false,"medium_large":false,"large":false,"1536x1536":false,"2048x2048":false},"uagb_author_info":{"display_name":"bookiessite","author_link":"https:\/\/bookiessite.com\/fr\/author\/bookiessite\/"},"uagb_comment_info":0,"uagb_excerpt":"Bienvenue sur le site des bookmakers. Com bookiessite. En effet, com est une plate-forme de site de bookmakers professionnels. Ici, vous ne trouverez que ce qui est int\u00e9ressant et, tr\u00e8s probablement, vous l\u2019aimerez. Notre objectif est de vous pr\u00e9senter les meilleurs sites de bookmakers couvrant les principes de fiabilit\u00e9 et le site de paris. Notre\u2026","_links":{"self":[{"href":"https:\/\/bookiessite.com\/fr\/wp-json\/wp\/v2\/pages\/18302","targetHints":{"allow":["GET"]}}],"collection":[{"href":"https:\/\/bookiessite.com\/fr\/wp-json\/wp\/v2\/pages"}],"about":[{"href":"https:\/\/bookiessite.com\/fr\/wp-json\/wp\/v2\/types\/page"}],"author":[{"embeddable":true,"href":"https:\/\/bookiessite.com\/fr\/wp-json\/wp\/v2\/users\/1"}],"replies":[{"embeddable":true,"href":"https:\/\/bookiessite.com\/fr\/wp-json\/wp\/v2\/comments?post=18302"}],"version-history":[{"count":2,"href":"https:\/\/bookiessite.com\/fr\/wp-json\/wp\/v2\/pages\/18302\/revisions"}],"predecessor-version":[{"id":71391,"href":"https:\/\/bookiessite.com\/fr\/wp-json\/wp\/v2\/pages\/18302\/revisions\/71391"}],"wp:attachment":[{"href":"https:\/\/bookiessite.com\/fr\/wp-json\/wp\/v2\/media?parent=18302"}],"curies":[{"name":"wp","href":"https:\/\/api.w.org\/{rel}","templated":true}]}}