{"id":874,"date":"2012-12-04T05:11:48","date_gmt":"2012-12-04T05:11:48","guid":{"rendered":"https:\/\/bookiessite.com\/politica-de-cookies\/"},"modified":"2024-07-16T03:30:52","modified_gmt":"2024-07-16T03:30:52","slug":"politica-de-cookies","status":"publish","type":"page","link":"https:\/\/bookiessite.com\/es\/politica-de-cookies\/","title":{"rendered":"Pol\u00edtica de cookies"},"content":{"rendered":"\n<h2 class=\"wp-block-heading\">Ayuda de cookies<\/h2>\n\n<p>Nuestros sitios web y contenidos utilizan \u00abcookies\u00bb cuando los visita. Las cookies hacen muchas cosas. Esta p\u00f3liza le indica:<\/p>\n\n<ul class=\"wp-block-list\">\n<li>&#8211; Qu\u00e9 son las cookies<\/li>\n\n\n\n<li>Es por eso que es necesario utilizar Cookies.<\/li>\n\n\n\n<li>&#8211; C\u00f3mo utilizamos las cookies<\/li>\n\n\n\n<li>Consejos sobre las cookies<\/li>\n<\/ul>\n\n<p>\n          <strong>\u00bfQu\u00e9 son las cookies?<\/strong>\n        <\/p>\n\n<p>Las cookies en el sitio web se refieren a fragmentos de informaci\u00f3n textual que se almacenan en el ordenador del usuario. Este formulario reside en su dispositivo en el momento en que navega por los sitios. La cookie se env\u00eda de vuelta a su navegador cada vez que visita esos sitios.<\/p>\n\n<p>\n          <strong>\u00bfPor qu\u00e9 utilizamos cookies?<\/strong>\n        <\/p>\n\n<p>Sin embargo, si su argumento es a favor del uso de cookies, puede ce\u00f1irse a afirmaciones como Las cookies mejoran su experiencia web. Se encargan de que los datos y procesos comprensibles y tangibles se ejecuten de manera eficiente.<\/p>\n\n<p>\n          <strong>Se dividen en cookies de sesi\u00f3n y cookies persistentes en nuestros sitios.<\/strong>\n        <\/p>\n\n<p>Las cookies de sesi\u00f3n son temporales. Le permite pasar de una p\u00e1gina a otra y, si desea volver a la misma p\u00e1gina, recuerda algunas de sus configuraciones anteriores. Las cookies persistentes hacen que se le recuerde como la pr\u00f3xima vez que regrese al sitio o le muestren anuncios basados en su inter\u00e9s.<\/p>\n\n<p>\n          <strong>\u00bfC\u00f3mo utilizamos las cookies?<\/strong>\n        <\/p>\n\n<p>Las cookies pueden ser establecidas por el sitio web visitado (de origen) u otras organizaciones (de terceros). Las cookies de terceros pueden rastrear los comportamientos de los navegadores y mostrar contenidos que les convienen.<\/p>\n\n<p>Las cookies tienen muchas funciones, pero las que aplicamos son de 4 tipos:<\/p>\n\n<ul class=\"wp-block-list\">\n<li>&#8211; Cookies estrictamente esenciales<\/li>\n\n\n\n<li>Cookies de funci\u00f3n<\/li>\n\n\n\n<li>Cookies de rendimiento<\/li>\n\n\n\n<li>Cookies de marketing\/dirigidas de terceros<\/li>\n<\/ul>\n\n<p>Aqu\u00ed hay m\u00e1s informaci\u00f3n sobre los tipos de cookies mencionados anteriormente, su funcionamiento y tambi\u00e9n si son capaces de recopilar datos personales.<\/p>\n\n<h2 class=\"wp-block-heading\">Tipo de cookie<\/h2>\n\n<p>Estas cookies son esenciales para el correcto funcionamiento de nuestro sitio web. Le permiten acceder a otros aspectos que desee, por ejemplo, su boleto de apuestas. Los utilizamos para presentarle el contenido y proporcionarle los servicios que solicite.<\/p>\n\n<p>Estas cookies permiten que su dispositivo reciba informaci\u00f3n de nuestro sitio para mostrar las p\u00e1ginas y utilizar las funciones. Tambi\u00e9n le permite navegar a p\u00e1ginas vistas anteriormente.<\/p>\n\n<p>\n          <strong>M\u00e1s informaci\u00f3n<\/strong>\n        <\/p>\n\n<p>A continuaci\u00f3n se muestran algunos ejemplos de los tipos de cookies que se clasifican como esenciales:<\/p>\n\n<ul class=\"wp-block-list\">\n<li>Para almacenar informaci\u00f3n en su dispositivo y traerla a nuestro sitio web<\/li>\n\n\n\n<li>Para pon\u00e9rtelo m\u00e1s f\u00e1cil y para que no inicies sesi\u00f3n cada vez que quieras hacer un comentario en los blogs que ocasionalmente se publican en la p\u00e1gina web.<\/li>\n\n\n\n<li>Para ayudar a recordar sus opciones de boleto de apuestas para que cuando est\u00e9 en un evento en vivo para realizar la apuesta<\/li>\n<\/ul>\n\n<p>Estas cookies no son persistentes, lo que significa que la informaci\u00f3n y sus datos de inicio de sesi\u00f3n no se guardan despu\u00e9s de cerrar la sesi\u00f3n.<\/p>\n\n<p>\n          <strong>Almacenamiento de informaci\u00f3n<\/strong>\n        <\/p>\n\n<p>Algunas cookies recopilan su informaci\u00f3n personal para funcionar. Pueden almacenar:<\/p>\n\n<ul class=\"wp-block-list\">\n<li>&#8211; Direcci\u00f3n IP<\/li>\n\n\n\n<li>Detalles de la ubicaci\u00f3n<\/li>\n\n\n\n<li>Estado de inicio de sesi\u00f3n<\/li>\n\n\n\n<li>Caducidad de las cookies<\/li>\n<\/ul>\n\n<p>Estas cookies se eliminan cuando cierra su navegador.<\/p>\n\n<h2 class=\"wp-block-heading\">Cookies de funcionalidad<\/h2>\n\n<p>Estas cookies restauran sus preferencias personales para ayudarlo a tener la mejor experiencia. Tambi\u00e9n aumentan la productividad del sitio al almacenar sus preferencias. Se trata de cookies de funcionalidad que recuerdan cosas como la preferencia de idioma para mejorar la visita.<\/p>\n\n<p>\n          <strong>M\u00e1s detalles<\/strong>\n        <\/p>\n\n<p>A continuaci\u00f3n se muestran algunas de las cookies de funcionalidad que se utilizan com\u00fanmente en diferentes sitios web:<\/p>\n\n<ul class=\"wp-block-list\">\n<li>Recordando el idioma seleccionado, el lugar visitado y los anuncios elegidos de la sesi\u00f3n anterior.<\/li>\n\n\n\n<li>Conservar los d\u00edgitos del cup\u00f3n de apuestas<\/li>\n\n\n\n<li>Seguimiento del uso de algunas de las funciones de la p\u00e1gina<\/li>\n\n\n\n<li>Visualizaci\u00f3n de enlaces de art\u00edculos similares<\/li>\n<\/ul>\n\n<p>\n          <strong>Almacenamiento de informaci\u00f3n<\/strong>\n        <\/p>\n\n<p>Algunos recopilan datos personales con el fin de poder prestar los servicios descritos.<\/p>\n\n<p>\n          <strong>Vida de cookies simples<\/strong>\n        <\/p>\n\n<p>Las cookies b\u00e1sicas caducan a los dos a\u00f1os. Son cookies, y usted tiene el privilegio y la capacidad de borrarlas de su navegador web en cualquier momento antes de que caduquen.<\/p>\n\n<h2 class=\"wp-block-heading\">C\u00f3mo funcionan las cookies<\/h2>\n\n<p>\n          <strong>\u00bfPor qu\u00e9 los usamos?<\/strong>\n        <\/p>\n\n<p>Las cookies anal\u00edticas son aquellas que nos permiten conocer c\u00f3mo las personas utilizan nuestro sitio web. Esas cookies recopilan datos del usuario que nos ayudan a mejorar el rendimiento de nuestros sitios web y a proporcionar a los usuarios una mejor experiencia.<\/p>\n\n<p>\n          <strong>M\u00e1s detalles<\/strong>\n        <\/p>\n\n<p>Estas son algunas de las formas en que utilizamos estas cookies:<\/p>\n\n<ul class=\"wp-block-list\">\n<li>Para averiguar el n\u00famero bruto de personas que llegaron a nuestro sitio y, por lo tanto, establecer que tenemos \u00e9xito.<\/li>\n\n\n\n<li>Para verificar si los anuncios concuerdan en nuestro sitio<\/li>\n\n\n\n<li>Con el fin de localizar e identificar los defectos y debilidades de nuestros sitios<\/li>\n\n\n\n<li>Tambi\u00e9n utilizamos cosas como Google Analytics para ver los datos de las cookies. Esto nos beneficia a la hora de mejorar nuestros sitios web.<\/li>\n<\/ul>\n\n<p>\n          <strong>\u00bfQu\u00e9 datos recopilamos?<\/strong>\n        <\/p>\n\n<p>Si no est\u00e1 registrado en estas cookies, no tiene ni idea de qui\u00e9n es usted. Sin embargo, puede recopilar cierta informaci\u00f3n sobre el navegador y algunos hechos desconocidos para los fines mencionados anteriormente.<\/p>\n\n<p>Ocasionalmente, algunas de estas cookies son administradas por empresas como Google. Sin embargo, solo pueden utilizar las cookies para los fines\/actividades antes mencionados, excluyendo cualquier otro prop\u00f3sito. Por lo tanto, no pueden vincularlo con las Cookies.<\/p>\n\n<p>\n          <strong>Informaci\u00f3n de cookies<\/strong>\n        <\/p>\n\n<p>Algunas cookies son temporales. Desaparece en el momento en que cierra su navegador web. Algunas cookies duran m\u00e1s. Estas cookies las puede eliminar cuando lo desee utilizando las herramientas de su navegador web.<\/p>\n\n<h2 class=\"wp-block-heading\">Cookies publicitarias de terceros<\/h2>\n\n<p>\n          <strong>Prop\u00f3sito<\/strong>\n        <\/p>\n\n<ul class=\"wp-block-list\">\n<li>Estas cookies le muestran anuncios que se basan en sus preferencias.<\/li>\n\n\n\n<li>Tambi\u00e9n registran cu\u00e1ntas veces los consumidores est\u00e1n expuestos a un anuncio y ven si una campa\u00f1a publicitaria es efectiva.<\/li>\n<\/ul>\n\n<p>\n          <strong>M\u00e1s informaci\u00f3n<\/strong>\n        <\/p>\n\n<p>Estas cookies ayudan con la memoria de las p\u00e1ginas que visita dentro del sitio y todo lo que ve. La informaci\u00f3n recopilada se utiliza para personalizar tanto el sitio como los anuncios con relevancia para las preferencias del usuario. Es posible que compartamos esta informaci\u00f3n con otros para publicar anuncios a los clientes y analizar si los anuncios son precisos y efectivos.<\/p>\n\n<p>Las cookies dirigidas tambi\u00e9n pueden:<\/p>\n\n<ul class=\"wp-block-list\">\n<li>Recopilar informaci\u00f3n sobre su navegaci\u00f3n para ofrecer contenido y anuncios<\/li>\n\n\n\n<li>Pasa la informaci\u00f3n a las redes sociales para anunciarte en ellas.<\/li>\n\n\n\n<li>Proporcionar datos a los anunciantes para que puedan presentarle anuncios interesantes.<\/li>\n\n\n\n<li>Al ser un motor de b\u00fasqueda personalizado, haga material solo para usted en funci\u00f3n de los materiales que ha mirado<\/li>\n\n\n\n<li>Para mostrarle anuncios cuando visita sitios web despu\u00e9s de visitar nuestro sitio. Un peque\u00f1o fragmento de c\u00f3digo coloca una cookie en su navegador para habilitar o deshabilitar la visualizaci\u00f3n de anuncios en ciertos sitios, que es la red de visualizaci\u00f3n de Google.<\/li>\n\n\n\n<li>Para mostrar nuestra publicidad adem\u00e1s de usted en funci\u00f3n del historial de navegaci\u00f3n que ha realizado en la web.<\/li>\n<\/ul>\n\n<h2 class=\"wp-block-heading\">Recopilaci\u00f3n de informaci\u00f3n<\/h2>\n\n<p>Las redes publicitarias y los servicios de an\u00e1lisis de tr\u00e1fico que act\u00faan como terceros tambi\u00e9n pueden colocar cookies en sus sitios. A menudo se trata de cookies funcionales o anal\u00edticas. La informaci\u00f3n individual no se captura, los anunciantes no pueden conectar cookies a su nombre, direcci\u00f3n, etc\u00e9tera.<\/p>\n\n<p>Estas cookies son colocadas por otras empresas publicitarias con nuestro permiso.<\/p>\n\n<p>\n          <strong>Aplicabilidad de las cookies<\/strong>\n        <\/p>\n\n<p>Las cookies de terceros actualizadas pueden permanecer hasta 13 meses, es decir, hasta que se inicie una nueva actualizaci\u00f3n.<\/p>\n\n<p>\n          <strong>\u00bfC\u00f3mo controlar las cookies?<\/strong>\n        <\/p>\n\n<p>De forma predeterminada, la mayor\u00eda de los navegadores aceptan el dep\u00f3sito de cookies, pero puede optar por bloquearlas parcial o totalmente. Consulte la ayuda de su navegador para gestionar la eliminaci\u00f3n\/eliminaci\u00f3n de cookies.<\/p>\n\n<p>Es bueno conocer las reglas para las cookies. Si los bloquea, encontrar\u00e1 que ciertos aspectos m\u00e1s del sitio web no son muy efectivos:<\/p>\n\n<ul class=\"wp-block-list\">\n<li>Firefox (en ingl\u00e9s)<\/li>\n\n\n\n<li>Internet Explore\u00adr<\/li>\n\n\n\n<li>Google Chrome<\/li>\n\n\n\n<li>El navegador web Safari est\u00e1 disponible y originalmente dise\u00f1ado para computadoras Apple.<\/li>\n\n\n\n<li>Safari en iPhone\/iPad<\/li>\n<\/ul>\n\n<p>En cuanto a los dispositivos m\u00f3viles, consulte el material mencionado en el manual Bloquear cookies en su navegador. Obtenga m\u00e1s informaci\u00f3n sobre las cookies de anuncios en l\u00ednea y las opciones de exclusi\u00f3n en http:\/\/www. Sus opciones en l\u00ednea. UE\/. Obt\u00e9n informaci\u00f3n sobre las opciones de anuncios de la plataforma en http:\/\/appnexus. com\/cobertura-delsistema#opciones.<\/p>\n\n<h2 class=\"wp-block-heading\">Contacto<\/h2>\n\n<p>\u00bfTienes alguna pregunta sobre las cookies? Correo electr\u00f3nico: <strong>support@bookiessite. COM<\/strong>.<\/p>\n\n<p>Esta Pol\u00edtica de cookies se actualiz\u00f3 por \u00faltima vez el 22 de julio de 2019.<\/p>\n","protected":false},"excerpt":{"rendered":"<p>Ayuda de cookies Nuestros sitios web y contenidos utilizan \u00abcookies\u00bb cuando los visita. Las cookies hacen muchas cosas. Esta p\u00f3liza le indica: \u00bfQu\u00e9 son las cookies? Las cookies en el sitio web se refieren a fragmentos de informaci\u00f3n textual que se almacenan en el ordenador del usuario. Este formulario reside en su dispositivo en el [&hellip;]<\/p>\n","protected":false},"author":1,"featured_media":0,"parent":0,"menu_order":0,"comment_status":"closed","ping_status":"closed","template":"","meta":{"inline_featured_image":false,"_uag_custom_page_level_css":"","site-sidebar-layout":"default","site-content-layout":"","ast-site-content-layout":"default","site-content-style":"default","site-sidebar-style":"default","ast-global-header-display":"","ast-banner-title-visibility":"","ast-main-header-display":"","ast-hfb-above-header-display":"","ast-hfb-below-header-display":"","ast-hfb-mobile-header-display":"","site-post-title":"","ast-breadcrumbs-content":"","ast-featured-img":"","footer-sml-layout":"","ast-disable-related-posts":"","theme-transparent-header-meta":"","adv-header-id-meta":"","stick-header-meta":"","header-above-stick-meta":"","header-main-stick-meta":"","header-below-stick-meta":"","astra-migrate-meta-layouts":"default","ast-page-background-enabled":"default","ast-page-background-meta":{"desktop":{"background-color":"var(--ast-global-color-4)","background-image":"","background-repeat":"repeat","background-position":"center center","background-size":"auto","background-attachment":"scroll","background-type":"","background-media":"","overlay-type":"","overlay-color":"","overlay-opacity":"","overlay-gradient":""},"tablet":{"background-color":"","background-image":"","background-repeat":"repeat","background-position":"center center","background-size":"auto","background-attachment":"scroll","background-type":"","background-media":"","overlay-type":"","overlay-color":"","overlay-opacity":"","overlay-gradient":""},"mobile":{"background-color":"","background-image":"","background-repeat":"repeat","background-position":"center center","background-size":"auto","background-attachment":"scroll","background-type":"","background-media":"","overlay-type":"","overlay-color":"","overlay-opacity":"","overlay-gradient":""}},"ast-content-background-meta":{"desktop":{"background-color":"var(--ast-global-color-5)","background-image":"","background-repeat":"repeat","background-position":"center center","background-size":"auto","background-attachment":"scroll","background-type":"","background-media":"","overlay-type":"","overlay-color":"","overlay-opacity":"","overlay-gradient":""},"tablet":{"background-color":"var(--ast-global-color-5)","background-image":"","background-repeat":"repeat","background-position":"center center","background-size":"auto","background-attachment":"scroll","background-type":"","background-media":"","overlay-type":"","overlay-color":"","overlay-opacity":"","overlay-gradient":""},"mobile":{"background-color":"var(--ast-global-color-5)","background-image":"","background-repeat":"repeat","background-position":"center center","background-size":"auto","background-attachment":"scroll","background-type":"","background-media":"","overlay-type":"","overlay-color":"","overlay-opacity":"","overlay-gradient":""}},"footnotes":""},"class_list":["post-874","page","type-page","status-publish","hentry"],"aioseo_notices":[],"acf":[],"uagb_featured_image_src":{"full":false,"thumbnail":false,"medium":false,"medium_large":false,"large":false,"1536x1536":false,"2048x2048":false},"uagb_author_info":{"display_name":"bookiessite","author_link":"https:\/\/bookiessite.com\/es\/author\/bookiessite\/"},"uagb_comment_info":0,"uagb_excerpt":"Ayuda de cookies Nuestros sitios web y contenidos utilizan \u00abcookies\u00bb cuando los visita. Las cookies hacen muchas cosas. Esta p\u00f3liza le indica: \u00bfQu\u00e9 son las cookies? Las cookies en el sitio web se refieren a fragmentos de informaci\u00f3n textual que se almacenan en el ordenador del usuario. Este formulario reside en su dispositivo en el&hellip;","_links":{"self":[{"href":"https:\/\/bookiessite.com\/es\/wp-json\/wp\/v2\/pages\/874","targetHints":{"allow":["GET"]}}],"collection":[{"href":"https:\/\/bookiessite.com\/es\/wp-json\/wp\/v2\/pages"}],"about":[{"href":"https:\/\/bookiessite.com\/es\/wp-json\/wp\/v2\/types\/page"}],"author":[{"embeddable":true,"href":"https:\/\/bookiessite.com\/es\/wp-json\/wp\/v2\/users\/1"}],"replies":[{"embeddable":true,"href":"https:\/\/bookiessite.com\/es\/wp-json\/wp\/v2\/comments?post=874"}],"version-history":[{"count":2,"href":"https:\/\/bookiessite.com\/es\/wp-json\/wp\/v2\/pages\/874\/revisions"}],"predecessor-version":[{"id":77045,"href":"https:\/\/bookiessite.com\/es\/wp-json\/wp\/v2\/pages\/874\/revisions\/77045"}],"wp:attachment":[{"href":"https:\/\/bookiessite.com\/es\/wp-json\/wp\/v2\/media?parent=874"}],"curies":[{"name":"wp","href":"https:\/\/api.w.org\/{rel}","templated":true}]}}