{"id":873,"date":"2012-12-04T05:11:48","date_gmt":"2012-12-04T05:11:48","guid":{"rendered":"https:\/\/bookiessite.com\/juego-responsable\/"},"modified":"2024-07-16T04:30:18","modified_gmt":"2024-07-16T04:30:18","slug":"juego-responsable","status":"publish","type":"page","link":"https:\/\/bookiessite.com\/es\/juego-responsable\/","title":{"rendered":"Juego responsable"},"content":{"rendered":"\n<h3 class=\"wp-block-heading\">En bookiessite nos tomamos muy en serio a nuestros clientes y nuestros deberes sociales.<\/h3>\n\n<p>Nuestros productos est\u00e1n dise\u00f1ados para su entretenimiento y placer, por lo que nos dedicamos a proporcionar una asistencia buena, aceptable y socialmente responsable. Queremos que cualquiera pueda disfrutar de nuestros productos de forma segura y responsable. Nos alegramos de que numerosos visitantes fieles vuelvan a visitarnos para disfrutar de nuestros productos de apuestas deportivas. Nos sentimos en el procedimiento firme pero honesto para las apuestas sensatas. Ahora hemos puesto en marcha una serie de medidas para garantizar que todos los que aprecian nuestro apoyo sean capaces de hacerlo de la forma m\u00e1s segura posible.<\/p>\n\n<p>bookiessite se compromete a ayudar a sus clientes a disfrutar de los videojuegos y nuestros art\u00edculos suelen estar pensados para proporcionar una experiencia interesante y divertida. Sensible juegos de video es en realidad un grave hacer una diferencia y si usted piensa como apuestas se ha convertido en una dificultad ayuda es f\u00e1cilmente accesible. Debes establecer por tu cuenta los l\u00edmites de seguridad del casino y ce\u00f1irte a ellos.<\/p>\n\n<h3 class=\"wp-block-heading\">Si cree que puede tener un problema con sus apuestas, piense en las siguientes cuestiones:<\/h3>\n\n<ol class=\"wp-block-list\">\n<li>\u00bfPuede optar por apostar por pasar tiempo con sus familiares, amigos u otros m\u00e9todos para tener tiempo?<\/li>\n\n\n\n<li>\u00bfPodr\u00edas tomar, dejar u ofrecer bienes valiosos para obtener dinero en efectivo para apostar?<\/li>\n\n\n\n<li>\u00bfFalta alguna vez al trabajo, a la universidad o al colegio para poder arriesgarse?<\/li>\n\n\n\n<li>\u00bfExperimenta la sensaci\u00f3n de que apostar es realmente una salida a cualquier existencia aburrida o insatisfecha?<\/li>\n\n\n\n<li>\u00bfSe ha jugado todos sus fondos aparte, y ha sido incapaz de gestionar las comidas o la propiedad de transporte?<\/li>\n\n\n\n<li>\u00bfMentir\u00edas o encubrir\u00edas cu\u00e1nto tiempo o dinero gastaste apostando?<\/li>\n\n\n\n<li>\u00bfLe han reprochado alguna vez que apueste en exceso?<\/li>\n\n\n\n<li>\u00bfTe sientes estresado si dejas caer tu dinero a trav\u00e9s de las apuestas? \u00bfSer\u00eda m\u00e1s apuestas el \u00fanico alivio?<\/li>\n\n\n\n<li>\u00bfSiente el impulso de recuperar todos sus fracasos sin demora una vez que se produce un da\u00f1o como resultado de las apuestas?<\/li>\n\n\n\n<li>\u00bfResponder\u00e1s a las peleas, preocupaciones o decepciones con ganas de jugar mucho m\u00e1s? \u00bfApostar te permite deprimirte o tener tendencias suicidas?<\/li>\n<\/ol>\n\n<p>Cuanto mejores sean las respuestas que ofrezca a las preguntas anteriores, mayor ser\u00e1 el n\u00famero de apuestas importantes que pueda tener. Si cree que tiene dificultades para apostar, p\u00f3ngase en contacto con la l\u00ednea de ayuda privada GamCare en el 0808 8020 133 o visite GamCare.<\/p>\n\n<p>bookiessite comprobar\u00e1 la acci\u00f3n de apuestas con el fin de \u00e1rea de apuestas dificultad. No obstante, las apuestas problem\u00e1ticas son dif\u00edciles de detectar y no somos profesionales expertos en el tratamiento de las apuestas problem\u00e1ticas. No podemos responsabilizarnos de detectar todos los casos de apuestas problem\u00e1ticas y nuestro seguimiento se proporciona como una ayuda adicional para los compradores. Siempre que sospechemos que puede tener un problema, nos reservamos el derecho legal de ponernos en contacto con usted y tambi\u00e9n, a nuestra entera discreci\u00f3n, de suspender su cuenta bancaria y denegarle el uso de nuestros productos cuando pensemos que puede necesitar ayuda debido a una dificultad en el casino. En caso de que se pongan en contacto con usted, le pedimos que coopere con el equipo de atenci\u00f3n al cliente, ya que tenemos en cuenta sus intereses.<\/p>\n\n<h3 class=\"wp-block-heading\">Reglas:<\/h3>\n\n<p>Todas las transacciones de bookiessite est\u00e1n cubiertas por nuestras Estipulaciones, as\u00ed como por cualquier Regla de Apuestas espec\u00edfica. Hemos creado una excelente energ\u00eda para crear nuestras reglas claras y transl\u00facidas y ser cautelosos en hacerlas cumplir de la manera m\u00e1s eficaz y equitativa posible. Los consumidores deben tener 18 a\u00f1os o m\u00e1s. La discreci\u00f3n sobre el nombre de usuario y la seguridad ser\u00e1 responsabilidad del cliente. Las apuestas, cuando se colocan, no pueden modificarse. Para conocer todos los detalles, consulte nuestras Reglas de juego y nuestras Estipulaciones.<\/p>\n\n<h3 class=\"wp-block-heading\">Establecimiento de l\u00edmites de dep\u00f3sito:<\/h3>\n\n<ol class=\"wp-block-list\">\n<li>Este centro le permite restringir el dinero que usted puede depositar en la web a su perfil, ya sea en una veinticuatro horas, 7 d\u00edas o 30 d\u00edas de base.<\/li>\n\n\n\n<li>Estas cantidades pueden revisarse a la baja en cualquier momento, pero cualquier aumento s\u00f3lo podr\u00eda aplicarse posteriormente en la solicitud.<\/li>\n\n\n\n<li>Nuestro equipo de Atenci\u00f3n al Cliente estar\u00e1 encantado de facilitarle m\u00e1s informaci\u00f3n, pero no puede anular las restricciones que usted haya establecido.<\/li>\n\n\n\n<li>Puede establecer o modificar sus L\u00edmites de Ingreso a trav\u00e9s de Mi Cuenta y despu\u00e9s de L\u00edmites de Dep\u00f3sito cuando acceda a su cuenta.<\/li>\n<\/ol>\n\n<h3 class=\"wp-block-heading\">Establecimiento de un l\u00edmite de p\u00e9rdidas del casino en Internet:<\/h3>\n\n<p>Este centro le permite establecer un da\u00f1o reducir mediante la determinaci\u00f3n de la mayor suma que podr\u00eda deshacerse de la hora de tomar parte en algunos de nuestros t\u00edtulos de juegos de casino en Internet y, a continuaci\u00f3n, establecer suficiente per\u00edodo de tiempo esto es aplicable a, por ejemplo, veinticuatro horas, 1 semana o 30 d\u00edas.<\/p>\n\n<p>Usted puede establecer o modificar su L\u00edmite de Reducci\u00f3n en el casino en l\u00ednea yendo a Mi cuenta bancaria, Controles de apuestas despu\u00e9s de lo cual los L\u00edmites de Casino cuando se inicia sesi\u00f3n en las cuentas.<\/p>\n\n<h3 class=\"wp-block-heading\">Tenga en cuenta esto:<\/h3>\n\n<p>Disminuir los l\u00edmites adquieren resultado inmediatamente cuando se establecen inicialmente &#8211; que operan a partir de su tiempo y el tiempo elegido por usted y luego se restablecen autom\u00e1ticamente y empezar de nuevo por ejemplo.<\/p>\n\n<p>Si establece una reducci\u00f3n de \u00a1\u00ea100 por semana el lunes al mediod\u00eda, las p\u00e9rdidas se seguir\u00e1n a partir de esa fecha y hora en particular y usted simplemente quedar\u00e1 eliminado de perder m\u00e1s de \u00a1\u00ea100 en cualquier tipo de juegos en l\u00ednea de nuestro establecimiento de apuestas hasta el lunes siguiente al mediod\u00eda.<\/p>\n\n<p>El l\u00edmite de p\u00e9rdidas se restablecer\u00eda entonces para los 7 d\u00edas siguientes y no tendr\u00e1 en cuenta las ganancias o d\u00e9ficits producidos a lo largo de los \u00faltimos d\u00edas u otros anteriores.<\/p>\n\n<p>Si decides bajar un l\u00edmite de corriente que hayas establecido, la alteraci\u00f3n requerir\u00e1 resultado al instante.<\/p>\n\n<p>Si usted quisiera aumentar un l\u00edmite preexistente que usted ha fijado, usted tiene que conseguir de nuevo a este sitio despu\u00e9s de por lo menos alrededor del reloj y conseguir el buen movimiento para reconfirmar que usted quisiera que este cambio considerara resultado.<\/p>\n\n<p>Cualquier cambio en la restricci\u00f3n que solicite servir\u00e1 como \u00abreinicio\u00bb de cualquier l\u00edmite anterior establecido. La restricci\u00f3n m\u00e1s reciente nunca tendr\u00e1 en cuenta las ganancias o fallos realizados antes de que usted verifique esto.<\/p>\n\n<p>Nuestro equipo de Soluciones al Consumidor estar\u00e1 encantado de facilitarle m\u00e1s informaci\u00f3n, pero no puede anular los l\u00edmites establecidos por usted.<\/p>\n\n<h3 class=\"wp-block-heading\">Protecci\u00f3n contra las apuestas menores de edad:<\/h3>\n\n<p>bookiessite requiere que los consumidores anuncien que son mayores de edad para participar en actividades de apuestas. Nos centramos en medidas sensatas para comprobarlo, como la verificaci\u00f3n el\u00e9ctrica de los grupos de edad y las inspecciones aleatorias de los grupos de edad. Todos nosotros no objetivamos que los menores utilicen nuestra publicidad y marketing.<\/p>\n\n<h3 class=\"wp-block-heading\">Ay\u00fadanos a evitar que los ni\u00f1os apuesten:<\/h3>\n\n<p>En realidad, es ilegal permitir que los menores de 18 a\u00f1os corran riesgos, por lo que pedimos a nuestros clientes que cumplan con su deber de asegurarse de que esto no ocurra. Pedimos a cada uno de nuestros compradores, y en realidad es su obligaci\u00f3n, que se aseguren de que su cuenta no se utiliza para apuestas de menores. A continuaci\u00f3n se ofrecen algunas recomendaciones para evitar que esto ocurra:<\/p>\n\n<ol class=\"wp-block-list\">\n<li>No abandone su ordenador cuando est\u00e9 conectado a nuestro sitio web.<\/li>\n\n\n\n<li>Aseg\u00farese de cerrar la sesi\u00f3n cada vez que salga de nuestro sitio web.<\/li>\n\n\n\n<li>No hable de los datos de su tarjeta de cr\u00e9dito ni de su cuenta bancaria.<\/li>\n\n\n\n<li>No mantenga activada la soluci\u00f3n \u00abConservar contrase\u00f1a\u00bb.<\/li>\n\n\n\n<li>Utilice programas inform\u00e1ticos de seguridad para ni\u00f1os.<\/li>\n\n\n\n<li>Cree perfiles de usuario individuales para sus hijos.<\/li>\n\n\n\n<li>En cuanto se entere de que un consumidor registrado es menor de edad en su sistema legal, recuerde ponerse en contacto con Buyer Solutions.<\/li>\n<\/ol>\n\n<h3 class=\"wp-block-heading\">Control parental:<\/h3>\n\n<p>Hay una serie de 3 \u00aa reunirse software que las mam\u00e1s y los pap\u00e1s o los tutores pueden utilizar para supervisar o reducir la aplicaci\u00f3n de la conexi\u00f3n a Internet de su ordenador:<\/p>\n\n<ul class=\"wp-block-list\">\n<li>1. El software de filtrado Nanny protege a los ni\u00f1os de contenidos inapropiados en Internet: www.netnanny.com.<\/li>\n\n\n\n<li>2. Aplicaci\u00f3n de filtrado CYBERsitter que permite a madres y padres a\u00f1adir sus propios sitios personales a la barra: www.cybersitter.com.<\/li>\n<\/ul>\n\n<h3 class=\"wp-block-heading\">Exclusi\u00f3n personal:<\/h3>\n\n<p>Para un par de clientes, el casino puede ser un problema grave. Le ofrecemos una soluci\u00f3n de autoexclusi\u00f3n que puede aplicarse f\u00e1cilmente a petici\u00f3n de un cliente. Si desea excluirse personalmente del acceso a nuestros art\u00edculos, p\u00f3ngase en contacto con Proveedores de servicios al cliente o decida autoexcluirse aqu\u00ed mismo. Deber\u00e1 especificar la duraci\u00f3n de su autoexclusi\u00f3n, desde medio a\u00f1o hasta su exclusi\u00f3n de larga duraci\u00f3n. A continuaci\u00f3n se destacan el procedimiento y los efectos de la autoexclusi\u00f3n:<\/p>\n\n<ol class=\"wp-block-list\">\n<li>Si lo solicita a trav\u00e9s de los servicios profesionales de atenci\u00f3n al cliente, un agente le responder\u00e1 y le pedir\u00e1 que confirme su solicitud. Esto se hace para asegurarse de que la solicitud no ha sido presentada a trav\u00e9s de alguien que haya obtenido acceso no autorizado a su cuenta bancaria.<\/li>\n\n\n\n<li>Cuando comience el periodo de baja personal, no podr\u00e1 acceder a su cuenta. Los fondos que haya en su perfil probablemente se retirar\u00e1n y se le devolver\u00e1n seg\u00fan nuestras estipulaciones.<\/li>\n\n\n\n<li>Durante el periodo de exclusi\u00f3n personal, haremos todo lo razonablemente posible para asegurarnos de que usted sea retirado de nuestros anuncios. Esto no siempre significa que estemos equipados para realmente no est\u00e1 expuesta a campa\u00f1as publicitarias comunes y no dirigidas.<\/li>\n\n\n\n<li>Al final del tiempo de autoexclusi\u00f3n podr\u00edas llamarnos y pedir que te demos acceso a nuestra mercanc\u00eda de videojuegos. Debe solicitar esta modificaci\u00f3n en persona (directamente, tel\u00e9fono m\u00f3vil, Skype, IM son adecuados), correo electr\u00f3nico hablar con no es realmente satisfactorio.<\/li>\n\n\n\n<li>Tenga en cuenta que s\u00f3lo en caso de \u00abautoexclusi\u00f3n\u00bb se detendr\u00e1 su dinero en funci\u00f3n de la hora acordada. Por lo general, todos los perfiles se encuentran en estado \u00abcerrado\u00bb y pueden reabrirse en cualquier momento si el cliente lo solicita.<\/li>\n<\/ol>\n\n<h3 class=\"wp-block-heading\">GAMSTOP:<\/h3>\n\n<p>Si est\u00e1 pensando en autoexcluirse, puede crear una cuenta en GAMSTOP.<\/p>\n\n<p>GAMSTOP es un servicio gratuito que le permite salir personalmente de todas las empresas de apuestas online autorizadas en Gran Breta\u00f1a.<\/p>\n\n<p>Para obtener m\u00e1s informaci\u00f3n y unirse a GAMSTOP, visite GAMSTOP.<\/p>\n","protected":false},"excerpt":{"rendered":"<p>En bookiessite nos tomamos muy en serio a nuestros clientes y nuestros deberes sociales. Nuestros productos est\u00e1n dise\u00f1ados para su entretenimiento y placer, por lo que nos dedicamos a proporcionar una asistencia buena, aceptable y socialmente responsable. Queremos que cualquiera pueda disfrutar de nuestros productos de forma segura y responsable. Nos alegramos de que numerosos [&hellip;]<\/p>\n","protected":false},"author":1,"featured_media":0,"parent":0,"menu_order":0,"comment_status":"closed","ping_status":"closed","template":"","meta":{"inline_featured_image":false,"_uag_custom_page_level_css":"","site-sidebar-layout":"default","site-content-layout":"","ast-site-content-layout":"default","site-content-style":"default","site-sidebar-style":"default","ast-global-header-display":"","ast-banner-title-visibility":"","ast-main-header-display":"","ast-hfb-above-header-display":"","ast-hfb-below-header-display":"","ast-hfb-mobile-header-display":"","site-post-title":"","ast-breadcrumbs-content":"","ast-featured-img":"","footer-sml-layout":"","ast-disable-related-posts":"","theme-transparent-header-meta":"","adv-header-id-meta":"","stick-header-meta":"","header-above-stick-meta":"","header-main-stick-meta":"","header-below-stick-meta":"","astra-migrate-meta-layouts":"default","ast-page-background-enabled":"default","ast-page-background-meta":{"desktop":{"background-color":"var(--ast-global-color-4)","background-image":"","background-repeat":"repeat","background-position":"center center","background-size":"auto","background-attachment":"scroll","background-type":"","background-media":"","overlay-type":"","overlay-color":"","overlay-opacity":"","overlay-gradient":""},"tablet":{"background-color":"","background-image":"","background-repeat":"repeat","background-position":"center center","background-size":"auto","background-attachment":"scroll","background-type":"","background-media":"","overlay-type":"","overlay-color":"","overlay-opacity":"","overlay-gradient":""},"mobile":{"background-color":"","background-image":"","background-repeat":"repeat","background-position":"center center","background-size":"auto","background-attachment":"scroll","background-type":"","background-media":"","overlay-type":"","overlay-color":"","overlay-opacity":"","overlay-gradient":""}},"ast-content-background-meta":{"desktop":{"background-color":"var(--ast-global-color-5)","background-image":"","background-repeat":"repeat","background-position":"center center","background-size":"auto","background-attachment":"scroll","background-type":"","background-media":"","overlay-type":"","overlay-color":"","overlay-opacity":"","overlay-gradient":""},"tablet":{"background-color":"var(--ast-global-color-5)","background-image":"","background-repeat":"repeat","background-position":"center center","background-size":"auto","background-attachment":"scroll","background-type":"","background-media":"","overlay-type":"","overlay-color":"","overlay-opacity":"","overlay-gradient":""},"mobile":{"background-color":"var(--ast-global-color-5)","background-image":"","background-repeat":"repeat","background-position":"center center","background-size":"auto","background-attachment":"scroll","background-type":"","background-media":"","overlay-type":"","overlay-color":"","overlay-opacity":"","overlay-gradient":""}},"footnotes":""},"class_list":["post-873","page","type-page","status-publish","hentry"],"aioseo_notices":[],"acf":[],"uagb_featured_image_src":{"full":false,"thumbnail":false,"medium":false,"medium_large":false,"large":false,"1536x1536":false,"2048x2048":false},"uagb_author_info":{"display_name":"bookiessite","author_link":"https:\/\/bookiessite.com\/es\/author\/bookiessite\/"},"uagb_comment_info":0,"uagb_excerpt":"En bookiessite nos tomamos muy en serio a nuestros clientes y nuestros deberes sociales. Nuestros productos est\u00e1n dise\u00f1ados para su entretenimiento y placer, por lo que nos dedicamos a proporcionar una asistencia buena, aceptable y socialmente responsable. Queremos que cualquiera pueda disfrutar de nuestros productos de forma segura y responsable. Nos alegramos de que numerosos&hellip;","_links":{"self":[{"href":"https:\/\/bookiessite.com\/es\/wp-json\/wp\/v2\/pages\/873","targetHints":{"allow":["GET"]}}],"collection":[{"href":"https:\/\/bookiessite.com\/es\/wp-json\/wp\/v2\/pages"}],"about":[{"href":"https:\/\/bookiessite.com\/es\/wp-json\/wp\/v2\/types\/page"}],"author":[{"embeddable":true,"href":"https:\/\/bookiessite.com\/es\/wp-json\/wp\/v2\/users\/1"}],"replies":[{"embeddable":true,"href":"https:\/\/bookiessite.com\/es\/wp-json\/wp\/v2\/comments?post=873"}],"version-history":[{"count":1,"href":"https:\/\/bookiessite.com\/es\/wp-json\/wp\/v2\/pages\/873\/revisions"}],"predecessor-version":[{"id":80212,"href":"https:\/\/bookiessite.com\/es\/wp-json\/wp\/v2\/pages\/873\/revisions\/80212"}],"wp:attachment":[{"href":"https:\/\/bookiessite.com\/es\/wp-json\/wp\/v2\/media?parent=873"}],"curies":[{"name":"wp","href":"https:\/\/api.w.org\/{rel}","templated":true}]}}