{"id":30070,"date":"2012-12-22T08:01:45","date_gmt":"2012-12-22T08:01:45","guid":{"rendered":"https:\/\/bookiessite.com\/descargo-de-responsabilidad\/"},"modified":"2024-07-16T03:34:12","modified_gmt":"2024-07-16T03:34:12","slug":"descargo-de-responsabilidad","status":"publish","type":"page","link":"https:\/\/bookiessite.com\/es\/descargo-de-responsabilidad\/","title":{"rendered":"Descargo de responsabilidad para Bookies Site"},"content":{"rendered":"\n<blockquote class=\"wp-block-quote is-layout-flow wp-block-quote-is-layout-flow\">\n<p>Descargo de responsabilidad<\/p>\n\n\n\n<p>Si necesita m\u00e1s informaci\u00f3n sobre el descargo de responsabilidad de este sitio o en cualquier caso con respecto a lo anterior, no dude en ponerse en contacto con nosotros.<\/p>\n\n\n\n<p>Descargo de responsabilidad para Bookies Site<\/p>\n\n\n\n<p>Toda la informaci\u00f3n de este sitio web, <a href=\"https:\/\/\/bookiessite.com\/\" target=\"_blank\" rel=\"noopener nofollow\" title=\"Sitio de casas de apuestas\">https:\/\/\/bookiessite.com\/<\/a> , se difunde de buena fe y est\u00e1 destinada \u00fanicamente a informaci\u00f3n general. Esta informaci\u00f3n transmitida por el Sitio de Bookies no viene con ninguna garant\u00eda por parte de la compa\u00f1\u00eda con respecto a la integridad, confiabilidad y exactitud de esta informaci\u00f3n. Toda la informaci\u00f3n proporcionada en este sitio web (Sitio de Casas de Apuestas) debe ser utilizada bajo su propio riesgo. El sitio web de Bookies no se hace responsable de ninguna p\u00e9rdida y\/o da\u00f1o derivado del uso de este sitio web.<\/p>\n\n\n\n<p>Al utilizar partes de este sitio web, tambi\u00e9n puede ser dirigido a otros sitios web a trav\u00e9s de enlaces a dichos sitios. Por lo tanto, aunque nos esforzamos constantemente por garantizar que los enlaces proporcionados conduzcan a sitios web m\u00e1s \u00fatiles y \u00e9ticos, no podemos controlar el contenido y la naturaleza de dichos sitios. Dichos enlaces a otros sitios de Internet no indican la aprobaci\u00f3n de HTM de toda la informaci\u00f3n contenida en estos enlaces. Los sitios, los propietarios y el contenido de los mismos pueden alterarse sin previo aviso y puede ser raro que tengamos la oportunidad de eliminar un enlace que ahora puede ser \u00abmalo\u00bb.<\/p>\n\n\n\n<p>Tambi\u00e9n es importante que tenga en cuenta que una vez que haga clic en los enlaces que lo llevar\u00e1n a los sitios web de otras empresas, est\u00e1 sujeto a otras pol\u00edticas, que no est\u00e1n bajo el control de la empresa. Es aconsejable que los usuarios, antes de hacer negocios o cargar cualquier dato en estos sitios, lean las pol\u00edticas de privacidad, as\u00ed como los \u00abT\u00e9rminos de servicio\u00bb.<\/p>\n\n\n\n<p>Consentimiento<\/p>\n\n\n\n<p>Todas las personas que ingresan y utilizan este sitio web aceptan las estipulaciones de este aviso legal.<\/p>\n\n\n\n<p>Actualizaci\u00f3n<\/p>\n\n\n\n<p>Si en alg\u00fan momento este documento se actualiza, modifica o cambia de alguna manera, la revisi\u00f3n se destacar\u00e1 aqu\u00ed.<\/p>\n<\/blockquote>\n","protected":false},"excerpt":{"rendered":"<p>Descargo de responsabilidad Si necesita m\u00e1s informaci\u00f3n sobre el descargo de responsabilidad de este sitio o en cualquier caso con respecto a lo anterior, no dude en ponerse en contacto con nosotros. Descargo de responsabilidad para Bookies Site Toda la informaci\u00f3n de este sitio web, https:\/\/\/bookiessite.com\/ , se difunde de buena fe y est\u00e1 destinada [&hellip;]<\/p>\n","protected":false},"author":1,"featured_media":0,"parent":0,"menu_order":0,"comment_status":"closed","ping_status":"closed","template":"","meta":{"inline_featured_image":false,"_uag_custom_page_level_css":"","site-sidebar-layout":"default","site-content-layout":"","ast-site-content-layout":"default","site-content-style":"default","site-sidebar-style":"default","ast-global-header-display":"","ast-banner-title-visibility":"","ast-main-header-display":"","ast-hfb-above-header-display":"","ast-hfb-below-header-display":"","ast-hfb-mobile-header-display":"","site-post-title":"","ast-breadcrumbs-content":"","ast-featured-img":"","footer-sml-layout":"","ast-disable-related-posts":"","theme-transparent-header-meta":"","adv-header-id-meta":"","stick-header-meta":"","header-above-stick-meta":"","header-main-stick-meta":"","header-below-stick-meta":"","astra-migrate-meta-layouts":"default","ast-page-background-enabled":"default","ast-page-background-meta":{"desktop":{"background-color":"var(--ast-global-color-4)","background-image":"","background-repeat":"repeat","background-position":"center center","background-size":"auto","background-attachment":"scroll","background-type":"","background-media":"","overlay-type":"","overlay-color":"","overlay-opacity":"","overlay-gradient":""},"tablet":{"background-color":"","background-image":"","background-repeat":"repeat","background-position":"center center","background-size":"auto","background-attachment":"scroll","background-type":"","background-media":"","overlay-type":"","overlay-color":"","overlay-opacity":"","overlay-gradient":""},"mobile":{"background-color":"","background-image":"","background-repeat":"repeat","background-position":"center center","background-size":"auto","background-attachment":"scroll","background-type":"","background-media":"","overlay-type":"","overlay-color":"","overlay-opacity":"","overlay-gradient":""}},"ast-content-background-meta":{"desktop":{"background-color":"var(--ast-global-color-5)","background-image":"","background-repeat":"repeat","background-position":"center center","background-size":"auto","background-attachment":"scroll","background-type":"","background-media":"","overlay-type":"","overlay-color":"","overlay-opacity":"","overlay-gradient":""},"tablet":{"background-color":"var(--ast-global-color-5)","background-image":"","background-repeat":"repeat","background-position":"center center","background-size":"auto","background-attachment":"scroll","background-type":"","background-media":"","overlay-type":"","overlay-color":"","overlay-opacity":"","overlay-gradient":""},"mobile":{"background-color":"var(--ast-global-color-5)","background-image":"","background-repeat":"repeat","background-position":"center center","background-size":"auto","background-attachment":"scroll","background-type":"","background-media":"","overlay-type":"","overlay-color":"","overlay-opacity":"","overlay-gradient":""}},"footnotes":""},"class_list":["post-30070","page","type-page","status-publish","hentry"],"aioseo_notices":[],"acf":[],"uagb_featured_image_src":{"full":false,"thumbnail":false,"medium":false,"medium_large":false,"large":false,"1536x1536":false,"2048x2048":false},"uagb_author_info":{"display_name":"bookiessite","author_link":"https:\/\/bookiessite.com\/es\/author\/bookiessite\/"},"uagb_comment_info":0,"uagb_excerpt":"Descargo de responsabilidad Si necesita m\u00e1s informaci\u00f3n sobre el descargo de responsabilidad de este sitio o en cualquier caso con respecto a lo anterior, no dude en ponerse en contacto con nosotros. Descargo de responsabilidad para Bookies Site Toda la informaci\u00f3n de este sitio web, https:\/\/\/bookiessite.com\/ , se difunde de buena fe y est\u00e1 destinada&hellip;","_links":{"self":[{"href":"https:\/\/bookiessite.com\/es\/wp-json\/wp\/v2\/pages\/30070","targetHints":{"allow":["GET"]}}],"collection":[{"href":"https:\/\/bookiessite.com\/es\/wp-json\/wp\/v2\/pages"}],"about":[{"href":"https:\/\/bookiessite.com\/es\/wp-json\/wp\/v2\/types\/page"}],"author":[{"embeddable":true,"href":"https:\/\/bookiessite.com\/es\/wp-json\/wp\/v2\/users\/1"}],"replies":[{"embeddable":true,"href":"https:\/\/bookiessite.com\/es\/wp-json\/wp\/v2\/comments?post=30070"}],"version-history":[{"count":2,"href":"https:\/\/bookiessite.com\/es\/wp-json\/wp\/v2\/pages\/30070\/revisions"}],"predecessor-version":[{"id":77072,"href":"https:\/\/bookiessite.com\/es\/wp-json\/wp\/v2\/pages\/30070\/revisions\/77072"}],"wp:attachment":[{"href":"https:\/\/bookiessite.com\/es\/wp-json\/wp\/v2\/media?parent=30070"}],"curies":[{"name":"wp","href":"https:\/\/api.w.org\/{rel}","templated":true}]}}