{"id":18314,"date":"2012-12-22T08:13:29","date_gmt":"2012-12-22T08:13:29","guid":{"rendered":"https:\/\/bookiessite.com\/sobre-nosotros\/"},"modified":"2024-07-16T01:22:25","modified_gmt":"2024-07-16T01:22:25","slug":"sobre-nosotros","status":"publish","type":"page","link":"https:\/\/bookiessite.com\/es\/sobre-nosotros\/","title":{"rendered":"Sobre nosotros"},"content":{"rendered":"\n<blockquote class=\"wp-block-quote is-layout-flow wp-block-quote-is-layout-flow\">\n<h2 class=\"wp-block-heading\">Bienvenido a bookiessite. COM<\/h2>\n\n\n\n<p>sitio de apuestas. Esto se debe a que com es una plataforma de sitio de apuestas profesionales. Aqu\u00ed encontrar\u00e1s solo lo interesante y, muy probablemente, te gustar\u00e1. Nuestro objetivo es presentarle los mejores sitios de apuestas que cubren los principios de confiabilidad y el sitio de apuestas. Nuestro objetivo es hacer que nuestra pasi\u00f3n por el sitio de apuestas se convierta en un negocio en l\u00ednea exitoso. Confiamos en que disfrutar\u00e1 del sitio de la casa de apuestas tanto como nosotros disfrutamos proporcion\u00e1ndoselo.<\/p>\n\n\n\n<h2 class=\"wp-block-heading\">Feliz juego<\/h2>\n\n\n\n<p>Si est\u00e1 buscando casas de apuestas, entonces ha aterrizado en el lugar correcto porque el sitio de casas de apuestas es el mejor para eso. Por supuesto, nuestra misi\u00f3n principal es ayudarlo a seleccionar las opciones m\u00e1s rentables y adecuadas para apostar en los eventos deportivos. Es por eso que gracias a un s\u00f3lido equipo de especialistas y profesionales, podemos brindarle toda la informaci\u00f3n sobre los sitios de casas de apuestas. En cuanto a la visi\u00f3n de la empresa, es hacer que la vida de todos los sujetos en el \u00e1mbito de las apuestas deportivas en l\u00ednea sea m\u00e1s f\u00e1cil y brillante. Entonces, ya sea que sea un jugador nuevo o est\u00e9 buscando pautas sobre c\u00f3mo apostar, felicitaciones, ha aterrizado en la p\u00e1gina correcta. Deseamos que disfrutes de nuestra web y pases un buen rato mientras juegas, \u00a1gracias por estar con nosotros y mucha suerte!<\/p>\n\n\n\n<h2 class=\"wp-block-heading\">Felices apuestas<\/h2>\n\n\n\n<p>Es un placer para nosotros darle la bienvenida a nuestro sitio y esperamos que le guste nuestro sitio. Esta es la primera vez que visita la p\u00e1gina del sitio de apuestas y nos gustar\u00eda darle la bienvenida y esperamos verlo m\u00e1s a menudo. Para cualquier pregunta o inquietud, nos encantar\u00eda saber de usted o cualquier consulta que pueda tener. Si necesita ayuda, estamos aqu\u00ed para ayudarlo, h\u00e1ganoslo saber. \u00a1Le agradecemos su visita al sitio de casas de apuestas y esperamos encontrarlo al otro lado de las victorias y derrotas! \u00a1Felices apuestas!<\/p>\n\n\n\n<p>Deseamos que tenga buena suerte al utilizar nuestro sitio web para todos los problemas y requisitos relacionados con las casas de apuestas. Por lo tanto, nuestro equipo trabaja para garantizar que se le ofrezca la informaci\u00f3n m\u00e1s reciente que lo ayudar\u00e1 a tomar las decisiones correctas cuando se trata de las apuestas de diferentes deportes. Es por eso que trabajamos para mejorar su experiencia con las apuestas deportivas en l\u00ednea y siempre puede preguntar a nuestro equipo de soporte cualquier pregunta o inquietud. Una vez m\u00e1s, nos gustar\u00eda agradecerle por elegir el sitio de apuestas y esperamos que tenga suerte en sus futuras apuestas. \u00a1Felices apuestas! -Equipo de casas de apuestas. COM<\/p>\n\n\n\n<h2 class=\"wp-block-heading\">Servicio de calidad<\/h2>\n\n\n\n<p>Esperamos que a trav\u00e9s de este sitio, pueda obtener toda la informaci\u00f3n que necesita sobre las apuestas deportivas en l\u00ednea para que pueda estar en condiciones de tomar la decisi\u00f3n correcta. Es nuestro objetivo ser las mejores casas de apuestas deportivas online y si hay algo que quieras preguntar o decirnos, siempre estamos dispuestos a escuchar. Me gustar\u00eda aprovechar esta oportunidad para agradecerle por su tiempo y por elegir bookiessite y que tenga suerte en todos sus futuros esfuerzos de apuestas. \u00a1Felices apuestas! -Equipo  <a href=\"https:\/\/bookiessite.com\/es\/\" target=\"_blank\" rel=\"noopener\" title=\"sitio de apuestas. COM\"><\/a><a href=\"https:\/\/bookiessite.com\/es\/\">sitio de apuestas.<\/a> COM<\/p>\n\n\n\n<h2 class=\"wp-block-heading\">\u00bfEst\u00e1s en busca de un corredor de apuestas? \u00a1Tu b\u00fasqueda termina aqu\u00ed!<\/h2>\n\n\n\n<p>Nuestro objetivo es asegurarnos de que los clientes obtengan los mejores sitios y servicios de casas de apuestas para que puedan realizar sus apuestas en eventos deportivos. El equipo de autores est\u00e1 formado por especialistas experimentados y capacitados en el \u00e1mbito de las apuestas deportivas en l\u00ednea, que trabajan para brindarle todos los datos esenciales sobre el \u00e1mbito. Por lo tanto, si eres un principiante, o simplemente necesitas algunos consejos, bookiessite te ayudar\u00e1. Es un placer para nosotros haberlo tenido en el sitio de casas de apuestas, \u00a1gracias por visitar nuestro sitio y buena suerte en sus futuras actividades de apuestas! \u00a1Felices apuestas! -Equipo de casas de apuestas. COM<\/p>\n\n\n\n<p>Si desea preguntar, dar sus opiniones o sugerencias, no dude en ponerse en contacto con nosotros.<\/p>\n\n\n\n<p>\u2013 \ud83d\ude42 \u2013 Sitio de apuestas del equipo. COM.<\/p>\n\n\n\n<p>Esperamos que hayas disfrutado de nuestro sitio tanto como nosotros disfrutamos cre\u00e1ndolo.<\/p>\n\n\n\n<p>Que tenga un buen d\u00eda.<\/p>\n<\/blockquote>\n","protected":false},"excerpt":{"rendered":"<p>Bienvenido a bookiessite. COM sitio de apuestas. Esto se debe a que com es una plataforma de sitio de apuestas profesionales. Aqu\u00ed encontrar\u00e1s solo lo interesante y, muy probablemente, te gustar\u00e1. Nuestro objetivo es presentarle los mejores sitios de apuestas que cubren los principios de confiabilidad y el sitio de apuestas. Nuestro objetivo es hacer [&hellip;]<\/p>\n","protected":false},"author":1,"featured_media":0,"parent":0,"menu_order":0,"comment_status":"closed","ping_status":"closed","template":"","meta":{"inline_featured_image":false,"_uag_custom_page_level_css":"","site-sidebar-layout":"default","site-content-layout":"","ast-site-content-layout":"default","site-content-style":"default","site-sidebar-style":"default","ast-global-header-display":"","ast-banner-title-visibility":"","ast-main-header-display":"","ast-hfb-above-header-display":"","ast-hfb-below-header-display":"","ast-hfb-mobile-header-display":"","site-post-title":"","ast-breadcrumbs-content":"","ast-featured-img":"","footer-sml-layout":"","ast-disable-related-posts":"","theme-transparent-header-meta":"","adv-header-id-meta":"","stick-header-meta":"","header-above-stick-meta":"","header-main-stick-meta":"","header-below-stick-meta":"","astra-migrate-meta-layouts":"default","ast-page-background-enabled":"default","ast-page-background-meta":{"desktop":{"background-color":"var(--ast-global-color-4)","background-image":"","background-repeat":"repeat","background-position":"center center","background-size":"auto","background-attachment":"scroll","background-type":"","background-media":"","overlay-type":"","overlay-color":"","overlay-opacity":"","overlay-gradient":""},"tablet":{"background-color":"","background-image":"","background-repeat":"repeat","background-position":"center center","background-size":"auto","background-attachment":"scroll","background-type":"","background-media":"","overlay-type":"","overlay-color":"","overlay-opacity":"","overlay-gradient":""},"mobile":{"background-color":"","background-image":"","background-repeat":"repeat","background-position":"center center","background-size":"auto","background-attachment":"scroll","background-type":"","background-media":"","overlay-type":"","overlay-color":"","overlay-opacity":"","overlay-gradient":""}},"ast-content-background-meta":{"desktop":{"background-color":"var(--ast-global-color-5)","background-image":"","background-repeat":"repeat","background-position":"center center","background-size":"auto","background-attachment":"scroll","background-type":"","background-media":"","overlay-type":"","overlay-color":"","overlay-opacity":"","overlay-gradient":""},"tablet":{"background-color":"var(--ast-global-color-5)","background-image":"","background-repeat":"repeat","background-position":"center center","background-size":"auto","background-attachment":"scroll","background-type":"","background-media":"","overlay-type":"","overlay-color":"","overlay-opacity":"","overlay-gradient":""},"mobile":{"background-color":"var(--ast-global-color-5)","background-image":"","background-repeat":"repeat","background-position":"center center","background-size":"auto","background-attachment":"scroll","background-type":"","background-media":"","overlay-type":"","overlay-color":"","overlay-opacity":"","overlay-gradient":""}},"footnotes":""},"class_list":["post-18314","page","type-page","status-publish","hentry"],"aioseo_notices":[],"acf":[],"uagb_featured_image_src":{"full":false,"thumbnail":false,"medium":false,"medium_large":false,"large":false,"1536x1536":false,"2048x2048":false},"uagb_author_info":{"display_name":"bookiessite","author_link":"https:\/\/bookiessite.com\/es\/author\/bookiessite\/"},"uagb_comment_info":0,"uagb_excerpt":"Bienvenido a bookiessite. COM sitio de apuestas. Esto se debe a que com es una plataforma de sitio de apuestas profesionales. Aqu\u00ed encontrar\u00e1s solo lo interesante y, muy probablemente, te gustar\u00e1. Nuestro objetivo es presentarle los mejores sitios de apuestas que cubren los principios de confiabilidad y el sitio de apuestas. Nuestro objetivo es hacer&hellip;","_links":{"self":[{"href":"https:\/\/bookiessite.com\/es\/wp-json\/wp\/v2\/pages\/18314","targetHints":{"allow":["GET"]}}],"collection":[{"href":"https:\/\/bookiessite.com\/es\/wp-json\/wp\/v2\/pages"}],"about":[{"href":"https:\/\/bookiessite.com\/es\/wp-json\/wp\/v2\/types\/page"}],"author":[{"embeddable":true,"href":"https:\/\/bookiessite.com\/es\/wp-json\/wp\/v2\/users\/1"}],"replies":[{"embeddable":true,"href":"https:\/\/bookiessite.com\/es\/wp-json\/wp\/v2\/comments?post=18314"}],"version-history":[{"count":2,"href":"https:\/\/bookiessite.com\/es\/wp-json\/wp\/v2\/pages\/18314\/revisions"}],"predecessor-version":[{"id":71401,"href":"https:\/\/bookiessite.com\/es\/wp-json\/wp\/v2\/pages\/18314\/revisions\/71401"}],"wp:attachment":[{"href":"https:\/\/bookiessite.com\/es\/wp-json\/wp\/v2\/media?parent=18314"}],"curies":[{"name":"wp","href":"https:\/\/api.w.org\/{rel}","templated":true}]}}