{"id":30396,"date":"2012-12-04T05:11:48","date_gmt":"2012-12-04T05:11:48","guid":{"rendered":"https:\/\/bookiessite.com\/bedingungen-und-konditionen\/"},"modified":"2024-07-16T04:51:18","modified_gmt":"2024-07-16T04:51:18","slug":"bedingungen-und-konditionen","status":"publish","type":"page","link":"https:\/\/bookiessite.com\/de\/bedingungen-und-konditionen\/","title":{"rendered":"Bedingungen und Konditionen"},"content":{"rendered":"\n<h2 class=\"wp-block-heading\">Bedingungen und Konditionen<\/h2>\n\n<p>Willkommen bei Bookies Site!<\/p>\n\n<p>Diese Bedingungen und Konditionen umrei\u00dfen die Regeln und Vorschriften f\u00fcr die Nutzung der Website von Bookies Site, die sich unter https:\/\/bookiessite.com\/ befindet.<\/p>\n\n<p>Wenn Sie auf diese Website zugreifen, gehen wir davon aus, dass Sie diese Bestimmungen und Bedingungen akzeptieren. Fahren Sie nicht fort, die Bookies-Website zu nutzen, wenn Sie nicht mit allen auf dieser Seite genannten Bedingungen und Konditionen einverstanden sind.<\/p>\n\n<p>Die folgende Terminologie gilt f\u00fcr diese Allgemeinen Gesch\u00e4ftsbedingungen, die Datenschutzerkl\u00e4rung und den Haftungsausschluss sowie alle Vereinbarungen: &#8222;Kunde&#8220;, &#8222;Sie&#8220; und &#8222;Ihr&#8220; bezieht sich auf Sie, die Person, die sich auf dieser Website anmeldet und den Gesch\u00e4ftsbedingungen des Unternehmens zustimmt. &#8222;Das Unternehmen&#8220;, &#8222;wir&#8220;, &#8222;wir&#8220;, &#8222;unser&#8220; und &#8222;uns&#8220; bezieht sich auf unser Unternehmen. &#8222;Partei&#8220;, &#8222;Parteien&#8220; oder &#8222;uns&#8220; bezieht sich sowohl auf den Kunden als auch auf uns selbst. Alle Bedingungen beziehen sich auf das Angebot, die Annahme und die Ber\u00fccksichtigung der Zahlung, die notwendig ist, um den Prozess unserer Unterst\u00fctzung f\u00fcr den Kunden in der am besten geeigneten Art und Weise f\u00fcr den ausdr\u00fccklichen Zweck der Erf\u00fcllung der Bed\u00fcrfnisse des Kunden in Bezug auf die Bereitstellung der genannten Dienstleistungen des Unternehmens, in \u00dcbereinstimmung mit und vorbehaltlich der geltenden niederl\u00e4ndischen Gesetzgebung. Jegliche Verwendung der oben genannten Begriffe oder anderer W\u00f6rter in der Einzahl, Mehrzahl, Gro\u00dfschreibung und\/oder er\/sie oder sie, werden als austauschbar angesehen und beziehen sich daher auf dasselbe.<\/p>\n\n<h3 class=\"wp-block-heading\">Cookies<\/h3>\n\n<p>Wir verwenden Cookies. Durch den Zugriff auf die Bookies-Website erkl\u00e4ren Sie sich mit der Verwendung von Cookies in \u00dcbereinstimmung mit der Datenschutzrichtlinie der Bookies-Website einverstanden.<\/p>\n\n<p>Die meisten interaktiven Websites verwenden Cookies, damit wir bei jedem Besuch die Daten des Nutzers abrufen k\u00f6nnen. Cookies werden von unserer Website verwendet, um die Funktionalit\u00e4t bestimmter Bereiche zu erm\u00f6glichen und den Besuchern unserer Website den Zugang zu erleichtern. Einige unserer Tochtergesellschaften\/Werbepartner k\u00f6nnen ebenfalls Cookies verwenden.<\/p>\n\n<h3 class=\"wp-block-heading\">Lizenz<\/h3>\n\n<p>Sofern nicht anders angegeben, besitzen Bookies Site und\/oder ihre Lizenzgeber die geistigen Eigentumsrechte f\u00fcr das gesamte Material auf Bookies Site. Alle Rechte am geistigen Eigentum sind vorbehalten. Sie k\u00f6nnen auf diese Website von Bookies f\u00fcr Ihren pers\u00f6nlichen Gebrauch zugreifen, vorbehaltlich der in diesen Bedingungen und Konditionen festgelegten Einschr\u00e4nkungen.<\/p>\n\n<p>Das d\u00fcrfen Sie nicht:<\/p>\n\n<ul class=\"wp-block-list\">\n<li>Wiederver\u00f6ffentlichung von Material von Bookies Site<\/li>\n\n\n\n<li>Material von der Bookies-Website zu verkaufen, zu vermieten oder unterzulizenzieren<\/li>\n\n\n\n<li>Material von der Bookies-Website zu reproduzieren, zu duplizieren oder zu kopieren<\/li>\n\n\n\n<li>Weiterverbreitung von Inhalten der Bookies-Website<\/li>\n<\/ul>\n\n<p>Dieses Abkommen beginnt mit dem Datum dieses Abkommens.<\/p>\n\n<p>Teile dieser Website bieten den Nutzern die M\u00f6glichkeit, in bestimmten Bereichen der Website Meinungen und Informationen zu ver\u00f6ffentlichen und auszutauschen. Bookies Site filtert, bearbeitet, ver\u00f6ffentlicht oder \u00fcberpr\u00fcft die Kommentare nicht, bevor sie auf der Website ver\u00f6ffentlicht werden. Die Kommentare spiegeln nicht die Ansichten und Meinungen von Bookies Site, seinen Vertretern und\/oder Partnern wider. Kommentare spiegeln die Ansichten und Meinungen der Person wider, die ihre Ansichten und Meinungen gepostet hat. Bookies Site haftet im Rahmen der geltenden Gesetze nicht f\u00fcr die Kommentare oder f\u00fcr jegliche Haftung, Sch\u00e4den oder Ausgaben, die durch die Nutzung und\/oder Ver\u00f6ffentlichung und\/oder das Erscheinen der Kommentare auf dieser Website verursacht und\/oder erlitten werden.<\/p>\n\n<p>Bookies Site beh\u00e4lt sich das Recht vor, alle Kommentare zu \u00fcberwachen und alle Kommentare zu entfernen, die als unangemessen oder beleidigend angesehen werden k\u00f6nnen oder die gegen die vorliegenden Bedingungen versto\u00dfen.  <\/p>\n\n<p>Sie garantieren und sichern zu, dass:<\/p>\n\n<ul class=\"wp-block-list\">\n<li>Sie sind berechtigt, die Kommentare auf unserer Website zu ver\u00f6ffentlichen, und verf\u00fcgen \u00fcber alle erforderlichen Lizenzen und Genehmigungen, um dies zu tun;<\/li>\n\n\n\n<li>Die Kommentare verletzen keine Rechte an geistigem Eigentum, einschlie\u00dflich, aber nicht beschr\u00e4nkt auf Urheberrechte, Patente oder Marken Dritter;<\/li>\n\n\n\n<li>Die Kommentare enthalten kein verleumderisches, beleidigendes, anst\u00f6\u00dfiges, unanst\u00e4ndiges oder anderweitig rechtswidriges Material, das eine Verletzung der Privatsph\u00e4re darstellt<\/li>\n\n\n\n<li>Die Kommentare werden nicht verwendet, um f\u00fcr Gesch\u00e4fte oder Gewohnheiten zu werben oder kommerzielle Aktivit\u00e4ten oder ungesetzliche Aktivit\u00e4ten darzustellen.<\/li>\n<\/ul>\n\n<p>Sie gew\u00e4hren Bookies Site hiermit eine nicht-exklusive Lizenz zur Nutzung, Vervielf\u00e4ltigung, Bearbeitung und Autorisierung anderer zur Nutzung, Vervielf\u00e4ltigung und Bearbeitung aller Ihrer Kommentare in allen Formen, Formaten oder Medien.<\/p>\n\n<h3 class=\"wp-block-heading\">Hyper-Linking zu unserem Inhalt<\/h3>\n\n<p>Die folgenden Organisationen d\u00fcrfen ohne vorherige schriftliche Genehmigung auf unsere Website verlinken:<\/p>\n\n<ul class=\"wp-block-list\">\n<li>Staatliche Stellen;<\/li>\n\n\n\n<li>Suchmaschinen;<\/li>\n\n\n\n<li>Nachrichtenorganisationen;<\/li>\n\n\n\n<li>Anbieter von Online-Verzeichnissen k\u00f6nnen auf unsere Website in der gleichen Weise verlinken, wie sie auf die Websites anderer gelisteter Unternehmen verlinken; und<\/li>\n\n\n\n<li>Systemweit akkreditierte Unternehmen mit Ausnahme von gemeinn\u00fctzigen Organisationen, Wohlt\u00e4tigkeits-Einkaufszentren und Wohlt\u00e4tigkeits-Fundraising-Gruppen, die keine Hyperlinks zu unserer Website herstellen d\u00fcrfen.<\/li>\n<\/ul>\n\n<p>Diese Organisationen k\u00f6nnen einen Link zu unserer Homepage, zu Ver\u00f6ffentlichungen oder zu anderen Informationen auf der Website einrichten, solange der Link besteht: (a) in keiner Weise irref\u00fchrend ist; (b) nicht f\u00e4lschlicherweise den Eindruck erweckt, dass die verlinkende Partei und ihre Produkte und\/oder Dienstleistungen gesponsert, gebilligt oder genehmigt werden; und (c) in den Kontext der Website der verlinkenden Partei passt.<\/p>\n\n<h3 class=\"wp-block-heading\">iFrames<\/h3>\n\n<p>Ohne vorherige Genehmigung und schriftliche Zustimmung d\u00fcrfen Sie keine Frames um unsere Webseiten herum erstellen, die die visuelle Pr\u00e4sentation oder das Aussehen unserer Website in irgendeiner Weise ver\u00e4ndern.<\/p>\n\n<h3 class=\"wp-block-heading\">Inhaltliche Haftung<\/h3>\n\n<p>Wir sind nicht verantwortlich f\u00fcr Inhalte, die auf Ihrer Website erscheinen. Sie verpflichten sich, uns gegen alle Anspr\u00fcche, die auf Ihrer Website erhoben werden, zu sch\u00fctzen und zu verteidigen. Es d\u00fcrfen keine Links auf einer Website erscheinen, die als verleumderisch, obsz\u00f6n oder kriminell ausgelegt werden k\u00f6nnen oder die Rechte Dritter verletzen oder anderweitig verletzen oder die Verletzung oder anderweitige Verletzung von Rechten Dritter bef\u00fcrworten.<\/p>\n\n<h3 class=\"wp-block-heading\">Ihr Datenschutz<\/h3>\n\n<p>Bitte lesen Sie die Datenschutzbestimmungen<\/p>\n\n<h3 class=\"wp-block-heading\">Vorbehalt der Rechte<\/h3>\n\n<p>Wir behalten uns das Recht vor, Sie aufzufordern, alle Links oder einen bestimmten Link zu unserer Website zu entfernen. Sie verpflichten sich, alle Links zu unserer Website auf Anfrage unverz\u00fcglich zu entfernen. Wir behalten uns au\u00dferdem das Recht vor, diese Bedingungen und die Verlinkungspolitik jederzeit zu \u00e4ndern. Durch die kontinuierliche Verkn\u00fcpfung mit unserer Website erkl\u00e4ren Sie sich mit diesen Verkn\u00fcpfungsbedingungen einverstanden und befolgen diese.<\/p>\n\n<h3 class=\"wp-block-heading\">Entfernung von Links von unserer Website<\/h3>\n\n<p>Wenn Sie einen Link auf unserer Website finden, der aus irgendeinem Grund anst\u00f6\u00dfig ist, k\u00f6nnen Sie uns jederzeit kontaktieren und informieren. Wir werden Anfragen zur Entfernung von Links pr\u00fcfen, sind aber nicht verpflichtet, dies zu tun oder Ihnen direkt zu antworten.<\/p>\n\n<p>Wir gew\u00e4hrleisten nicht, dass die Informationen auf dieser Website korrekt sind, wir garantieren nicht f\u00fcr ihre Vollst\u00e4ndigkeit oder Genauigkeit; wir versprechen auch nicht, dass die Website verf\u00fcgbar bleibt oder dass das Material auf der Website auf dem neuesten Stand gehalten wird.<\/p>\n\n<h3 class=\"wp-block-heading\">Haftungsausschluss<\/h3>\n\n<p>Soweit dies nach geltendem Recht zul\u00e4ssig ist, schlie\u00dfen wir alle Zusicherungen, Gew\u00e4hrleistungen und Bedingungen in Bezug auf unsere Website und die Nutzung dieser Website aus. Nichts in diesem Haftungsausschluss wird:<\/p>\n\n<ul class=\"wp-block-list\">\n<li>unsere oder Ihre Haftung f\u00fcr Tod oder K\u00f6rperverletzung zu begrenzen oder auszuschlie\u00dfen;<\/li>\n\n\n\n<li>unsere oder Ihre Haftung f\u00fcr Betrug oder arglistige T\u00e4uschung zu begrenzen oder auszuschlie\u00dfen;<\/li>\n\n\n\n<li>unsere oder Ihre Haftung in einer Weise zu beschr\u00e4nken, die nach geltendem Recht nicht zul\u00e4ssig ist; oder<\/li>\n\n\n\n<li>unsere oder Ihre Haftung auszuschlie\u00dfen, die nach geltendem Recht nicht ausgeschlossen werden kann.<\/li>\n<\/ul>\n\n<p>Die in diesem Abschnitt und an anderer Stelle dieses Haftungsausschlusses festgelegten Haftungsbeschr\u00e4nkungen und -verbote: (a) unter den vorstehenden Absatz fallen und (b) regeln alle sich aus dem Haftungsausschluss ergebenden Verbindlichkeiten, einschlie\u00dflich Verbindlichkeiten aus Vertrag, unerlaubter Handlung und Verletzung gesetzlicher Pflichten.<\/p>\n\n<p>Solange die Website sowie die Informationen und Dienstleistungen auf der Website kostenlos zur Verf\u00fcgung gestellt werden, haften wir nicht f\u00fcr Verluste oder Sch\u00e4den jeglicher Art.<\/p>\n","protected":false},"excerpt":{"rendered":"<p>Bedingungen und Konditionen Willkommen bei Bookies Site! Diese Bedingungen und Konditionen umrei\u00dfen die Regeln und Vorschriften f\u00fcr die Nutzung der Website von Bookies Site, die sich unter https:\/\/bookiessite.com\/ befindet. Wenn Sie auf diese Website zugreifen, gehen wir davon aus, dass Sie diese Bestimmungen und Bedingungen akzeptieren. Fahren Sie nicht fort, die Bookies-Website zu nutzen, wenn [&hellip;]<\/p>\n","protected":false},"author":1,"featured_media":0,"parent":0,"menu_order":0,"comment_status":"closed","ping_status":"closed","template":"","meta":{"inline_featured_image":false,"_uag_custom_page_level_css":"","site-sidebar-layout":"default","site-content-layout":"","ast-site-content-layout":"default","site-content-style":"default","site-sidebar-style":"default","ast-global-header-display":"","ast-banner-title-visibility":"","ast-main-header-display":"","ast-hfb-above-header-display":"","ast-hfb-below-header-display":"","ast-hfb-mobile-header-display":"","site-post-title":"","ast-breadcrumbs-content":"","ast-featured-img":"","footer-sml-layout":"","ast-disable-related-posts":"","theme-transparent-header-meta":"","adv-header-id-meta":"","stick-header-meta":"","header-above-stick-meta":"","header-main-stick-meta":"","header-below-stick-meta":"","astra-migrate-meta-layouts":"default","ast-page-background-enabled":"default","ast-page-background-meta":{"desktop":{"background-color":"var(--ast-global-color-4)","background-image":"","background-repeat":"repeat","background-position":"center center","background-size":"auto","background-attachment":"scroll","background-type":"","background-media":"","overlay-type":"","overlay-color":"","overlay-opacity":"","overlay-gradient":""},"tablet":{"background-color":"","background-image":"","background-repeat":"repeat","background-position":"center center","background-size":"auto","background-attachment":"scroll","background-type":"","background-media":"","overlay-type":"","overlay-color":"","overlay-opacity":"","overlay-gradient":""},"mobile":{"background-color":"","background-image":"","background-repeat":"repeat","background-position":"center center","background-size":"auto","background-attachment":"scroll","background-type":"","background-media":"","overlay-type":"","overlay-color":"","overlay-opacity":"","overlay-gradient":""}},"ast-content-background-meta":{"desktop":{"background-color":"var(--ast-global-color-5)","background-image":"","background-repeat":"repeat","background-position":"center center","background-size":"auto","background-attachment":"scroll","background-type":"","background-media":"","overlay-type":"","overlay-color":"","overlay-opacity":"","overlay-gradient":""},"tablet":{"background-color":"var(--ast-global-color-5)","background-image":"","background-repeat":"repeat","background-position":"center center","background-size":"auto","background-attachment":"scroll","background-type":"","background-media":"","overlay-type":"","overlay-color":"","overlay-opacity":"","overlay-gradient":""},"mobile":{"background-color":"var(--ast-global-color-5)","background-image":"","background-repeat":"repeat","background-position":"center center","background-size":"auto","background-attachment":"scroll","background-type":"","background-media":"","overlay-type":"","overlay-color":"","overlay-opacity":"","overlay-gradient":""}},"footnotes":""},"class_list":["post-30396","page","type-page","status-publish","hentry"],"aioseo_notices":[],"acf":[],"uagb_featured_image_src":{"full":false,"thumbnail":false,"medium":false,"medium_large":false,"large":false,"1536x1536":false,"2048x2048":false},"uagb_author_info":{"display_name":"bookiessite","author_link":"https:\/\/bookiessite.com\/de\/author\/bookiessite\/"},"uagb_comment_info":0,"uagb_excerpt":"Bedingungen und Konditionen Willkommen bei Bookies Site! Diese Bedingungen und Konditionen umrei\u00dfen die Regeln und Vorschriften f\u00fcr die Nutzung der Website von Bookies Site, die sich unter https:\/\/bookiessite.com\/ befindet. Wenn Sie auf diese Website zugreifen, gehen wir davon aus, dass Sie diese Bestimmungen und Bedingungen akzeptieren. Fahren Sie nicht fort, die Bookies-Website zu nutzen, wenn&hellip;","_links":{"self":[{"href":"https:\/\/bookiessite.com\/de\/wp-json\/wp\/v2\/pages\/30396","targetHints":{"allow":["GET"]}}],"collection":[{"href":"https:\/\/bookiessite.com\/de\/wp-json\/wp\/v2\/pages"}],"about":[{"href":"https:\/\/bookiessite.com\/de\/wp-json\/wp\/v2\/types\/page"}],"author":[{"embeddable":true,"href":"https:\/\/bookiessite.com\/de\/wp-json\/wp\/v2\/users\/1"}],"replies":[{"embeddable":true,"href":"https:\/\/bookiessite.com\/de\/wp-json\/wp\/v2\/comments?post=30396"}],"version-history":[{"count":1,"href":"https:\/\/bookiessite.com\/de\/wp-json\/wp\/v2\/pages\/30396\/revisions"}],"predecessor-version":[{"id":82258,"href":"https:\/\/bookiessite.com\/de\/wp-json\/wp\/v2\/pages\/30396\/revisions\/82258"}],"wp:attachment":[{"href":"https:\/\/bookiessite.com\/de\/wp-json\/wp\/v2\/media?parent=30396"}],"curies":[{"name":"wp","href":"https:\/\/api.w.org\/{rel}","templated":true}]}}