{"id":30051,"date":"2012-12-22T08:01:45","date_gmt":"2012-12-22T08:01:45","guid":{"rendered":"https:\/\/bookiessite.com\/haftungsausschluss\/"},"modified":"2024-07-16T03:33:23","modified_gmt":"2024-07-16T03:33:23","slug":"haftungsausschluss","status":"publish","type":"page","link":"https:\/\/bookiessite.com\/de\/haftungsausschluss\/","title":{"rendered":"Haftungsausschluss f\u00fcr Bookies Site"},"content":{"rendered":"\n<blockquote class=\"wp-block-quote is-layout-flow wp-block-quote-is-layout-flow\">\n<p>Haftungsausschl\u00fcsse<\/p>\n\n\n\n<p>Wenn weitere Informationen zum Haftungsausschluss dieser Website oder in jedem Fall zu den oben genannten Informationen erforderlich sind, k\u00f6nnen Sie sich gerne mit uns in Verbindung setzen.<\/p>\n\n\n\n<p>Haftungsausschl\u00fcsse f\u00fcr Bookies Site<\/p>\n\n\n\n<p>Alle Informationen auf dieser Website \u2013 <a href=\"https:\/\/\/bookiessite.com\/\" target=\"_blank\" rel=\"noopener nofollow\" title=\"Website der Buchmacher\">https:\/\/\/bookiessite.com\/<\/a> \u2013 werden in gutem Glauben verbreitet und dienen nur der allgemeinen Information. Diese Informationen, die von der Bookies-Website weitergegeben werden, beinhalten keine Garantien seitens des Unternehmens hinsichtlich der Vollst\u00e4ndigkeit, Zuverl\u00e4ssigkeit und Genauigkeit dieser Informationen. Alle auf dieser Website (Buchmacher-Website) bereitgestellten Informationen sollten auf eigenes Risiko verwendet werden. Die Website der Buchmacher haftet nicht f\u00fcr Verluste und\/oder Sch\u00e4den, die sich aus der Nutzung dieser Website ergeben.<\/p>\n\n\n\n<p>W\u00e4hrend der Nutzung von Teilen dieser Website k\u00f6nnen Sie auch \u00fcber Links zu diesen anderen Websites auf andere Websites weitergeleitet werden. Obwohl wir uns st\u00e4ndig bem\u00fchen, sicherzustellen, dass die bereitgestellten Links zu n\u00fctzlicheren und ethischeren Websites f\u00fchren, sind wir nicht in der Lage, den Inhalt und die Art solcher Websites zu \u00fcberwachen. Solche Links zu anderen Internetseiten bedeuten nicht, dass HTM alle in diesen Links enthaltenen Informationen billigt. Websites und Eigent\u00fcmer sowie deren Inhalte k\u00f6nnen sich ohne vorherige Ank\u00fcndigung \u00e4ndern, und es kann selten vorkommen, dass wir die M\u00f6glichkeit haben, einen Link zu l\u00f6schen, der jetzt m\u00f6glicherweise &#8222;schlecht&#8220; ist.<\/p>\n\n\n\n<p>Es ist auch wichtig, dass Sie beachten, dass Sie, sobald Sie auf Links klicken, die Sie zu den Websites anderer Unternehmen f\u00fchren, anderen Richtlinien unterliegen, die nicht unter der Kontrolle der Unternehmen stehen. Es ist ratsam, dass Benutzer, bevor sie Gesch\u00e4fte t\u00e4tigen oder Daten auf diese Websites hochladen, die Datenschutzrichtlinien sowie die &#8222;Nutzungsbedingungen&#8220; lesen.<\/p>\n\n\n\n<p>Zustimmung<\/p>\n\n\n\n<p>Jede Person, die diese Website betritt und nutzt, erkl\u00e4rt sich mit den Bestimmungen dieses Haftungsausschlusses einverstanden.<\/p>\n\n\n\n<p>Update<\/p>\n\n\n\n<p>Wenn dieses Dokument zu irgendeinem Zeitpunkt aktualisiert, erg\u00e4nzt oder in irgendeiner Weise ge\u00e4ndert wird, wird die \u00dcberarbeitung hier hervorgehoben.<\/p>\n<\/blockquote>\n","protected":false},"excerpt":{"rendered":"<p>Haftungsausschl\u00fcsse Wenn weitere Informationen zum Haftungsausschluss dieser Website oder in jedem Fall zu den oben genannten Informationen erforderlich sind, k\u00f6nnen Sie sich gerne mit uns in Verbindung setzen. Haftungsausschl\u00fcsse f\u00fcr Bookies Site Alle Informationen auf dieser Website \u2013 https:\/\/\/bookiessite.com\/ \u2013 werden in gutem Glauben verbreitet und dienen nur der allgemeinen Information. Diese Informationen, die von [&hellip;]<\/p>\n","protected":false},"author":1,"featured_media":0,"parent":0,"menu_order":0,"comment_status":"closed","ping_status":"closed","template":"","meta":{"inline_featured_image":false,"_uag_custom_page_level_css":"","site-sidebar-layout":"default","site-content-layout":"","ast-site-content-layout":"default","site-content-style":"default","site-sidebar-style":"default","ast-global-header-display":"","ast-banner-title-visibility":"","ast-main-header-display":"","ast-hfb-above-header-display":"","ast-hfb-below-header-display":"","ast-hfb-mobile-header-display":"","site-post-title":"","ast-breadcrumbs-content":"","ast-featured-img":"","footer-sml-layout":"","ast-disable-related-posts":"","theme-transparent-header-meta":"","adv-header-id-meta":"","stick-header-meta":"","header-above-stick-meta":"","header-main-stick-meta":"","header-below-stick-meta":"","astra-migrate-meta-layouts":"default","ast-page-background-enabled":"default","ast-page-background-meta":{"desktop":{"background-color":"var(--ast-global-color-4)","background-image":"","background-repeat":"repeat","background-position":"center center","background-size":"auto","background-attachment":"scroll","background-type":"","background-media":"","overlay-type":"","overlay-color":"","overlay-opacity":"","overlay-gradient":""},"tablet":{"background-color":"","background-image":"","background-repeat":"repeat","background-position":"center center","background-size":"auto","background-attachment":"scroll","background-type":"","background-media":"","overlay-type":"","overlay-color":"","overlay-opacity":"","overlay-gradient":""},"mobile":{"background-color":"","background-image":"","background-repeat":"repeat","background-position":"center center","background-size":"auto","background-attachment":"scroll","background-type":"","background-media":"","overlay-type":"","overlay-color":"","overlay-opacity":"","overlay-gradient":""}},"ast-content-background-meta":{"desktop":{"background-color":"var(--ast-global-color-5)","background-image":"","background-repeat":"repeat","background-position":"center center","background-size":"auto","background-attachment":"scroll","background-type":"","background-media":"","overlay-type":"","overlay-color":"","overlay-opacity":"","overlay-gradient":""},"tablet":{"background-color":"var(--ast-global-color-5)","background-image":"","background-repeat":"repeat","background-position":"center center","background-size":"auto","background-attachment":"scroll","background-type":"","background-media":"","overlay-type":"","overlay-color":"","overlay-opacity":"","overlay-gradient":""},"mobile":{"background-color":"var(--ast-global-color-5)","background-image":"","background-repeat":"repeat","background-position":"center center","background-size":"auto","background-attachment":"scroll","background-type":"","background-media":"","overlay-type":"","overlay-color":"","overlay-opacity":"","overlay-gradient":""}},"footnotes":""},"class_list":["post-30051","page","type-page","status-publish","hentry"],"aioseo_notices":[],"acf":[],"uagb_featured_image_src":{"full":false,"thumbnail":false,"medium":false,"medium_large":false,"large":false,"1536x1536":false,"2048x2048":false},"uagb_author_info":{"display_name":"bookiessite","author_link":"https:\/\/bookiessite.com\/de\/author\/bookiessite\/"},"uagb_comment_info":0,"uagb_excerpt":"Haftungsausschl\u00fcsse Wenn weitere Informationen zum Haftungsausschluss dieser Website oder in jedem Fall zu den oben genannten Informationen erforderlich sind, k\u00f6nnen Sie sich gerne mit uns in Verbindung setzen. Haftungsausschl\u00fcsse f\u00fcr Bookies Site Alle Informationen auf dieser Website \u2013 https:\/\/\/bookiessite.com\/ \u2013 werden in gutem Glauben verbreitet und dienen nur der allgemeinen Information. Diese Informationen, die von&hellip;","_links":{"self":[{"href":"https:\/\/bookiessite.com\/de\/wp-json\/wp\/v2\/pages\/30051","targetHints":{"allow":["GET"]}}],"collection":[{"href":"https:\/\/bookiessite.com\/de\/wp-json\/wp\/v2\/pages"}],"about":[{"href":"https:\/\/bookiessite.com\/de\/wp-json\/wp\/v2\/types\/page"}],"author":[{"embeddable":true,"href":"https:\/\/bookiessite.com\/de\/wp-json\/wp\/v2\/users\/1"}],"replies":[{"embeddable":true,"href":"https:\/\/bookiessite.com\/de\/wp-json\/wp\/v2\/comments?post=30051"}],"version-history":[{"count":2,"href":"https:\/\/bookiessite.com\/de\/wp-json\/wp\/v2\/pages\/30051\/revisions"}],"predecessor-version":[{"id":77054,"href":"https:\/\/bookiessite.com\/de\/wp-json\/wp\/v2\/pages\/30051\/revisions\/77054"}],"wp:attachment":[{"href":"https:\/\/bookiessite.com\/de\/wp-json\/wp\/v2\/media?parent=30051"}],"curies":[{"name":"wp","href":"https:\/\/api.w.org\/{rel}","templated":true}]}}