{"id":18386,"date":"2012-12-22T08:47:15","date_gmt":"2012-12-22T08:47:15","guid":{"rendered":"https:\/\/bookiessite.com\/kontakt\/"},"modified":"2024-07-16T03:23:10","modified_gmt":"2024-07-16T03:23:10","slug":"kontakt","status":"publish","type":"page","link":"https:\/\/bookiessite.com\/de\/kontakt\/","title":{"rendered":"Kontakt"},"content":{"rendered":"\n<p>Kontakt<\/p>\n\n<p>Alternativ k\u00f6nnen Sie auf <a href=\"https:\/\/bookiessite.com\/de\/\" target=\"_blank\" rel=\"noopener\" title=\"Website der Buchmacher\">der Buchmacher-Website<\/a> sicher sein, dass die Antworten auf Ihre Fragen nur einen Klick entfernt sind. Sie k\u00f6nnen unser Expertenteam jederzeit erreichen, denn wie Sie wissen, sind wir 24\/7 f\u00fcr Sie erreichbar! Egal, ob es sich um Fragen zu den von uns angebotenen Dienstleistungen handelt oder einfach nur um ein einfaches &#8222;Hallo&#8220;, willkommen, wir sind hier, um Ihnen zu helfen. Alles, was Sie tun m\u00fcssen, ist, Ihre Anfrage an die Support-Abteilung der Website zu senden, die sich offiziell unter  <strong>support@bookiessite. COM<\/strong>  Und wir helfen Ihnen gerne weiter. Sitzen Sie nicht l\u00e4nger &#8211; es ist h\u00f6chste Zeit, dass Ihre Fragen beantwortet werden, und welcher Ort w\u00e4re besser geeignet f\u00fcr diese Informationen als auf der Website des Buchmachers. Wenden Sie sich noch heute an das Management, um herauszufinden, wie wir Ihnen helfen k\u00f6nnen.<\/p>\n\n<div class=\"wp-block-uagb-forms uagb-forms__outer-wrap uagb-block-ddb1fa45 uagb-forms__medium-btn\"><form class=\"uagb-forms-main-form\" method=\"post\" autocomplete=\"on\" name=\"uagb-form-ddb1fa45\">\n          \n\n          <div class=\"wp-block-uagb-forms-name uagb-forms-name-wrap uagb-forms-field-set uagb-block-fe82063e\">\n            <div class=\"uagb-forms-name-label required uagb-forms-input-label\" id=\"fe82063e\">Vorname<\/div>\n            <input type=\"text\" placeholder=\"John\" required=\"\" class=\"uagb-forms-name-input uagb-forms-input\" name=\"fe82063e\" autocomplete=\"given-name\">\n          <\/div>\n          \n\n        \n\n\n\n          \n\n          <div class=\"wp-block-uagb-forms-name uagb-forms-name-wrap uagb-forms-field-set uagb-block-479d3f82\">\n            <div class=\"uagb-forms-name-label required uagb-forms-input-label\" id=\"479d3f82\">Nachname<\/div>\n            <input type=\"text\" placeholder=\"Wilson\" required=\"\" class=\"uagb-forms-name-input uagb-forms-input\" name=\"479d3f82\" autocomplete=\"family-name\">\n          <\/div>\n          \n\n        \n\n\n\n          \n\n          <div class=\"wp-block-uagb-forms-email uagb-forms-email-wrap uagb-forms-field-set uagb-block-01a3d36d\">\n            <div class=\"uagb-forms-email-label uagb-forms-input-label\" id=\"01a3d36d\">E-Mail<\/div>\n            <input type=\"email\" class=\"uagb-forms-email-input uagb-forms-input\" placeholder=\"example@mail.com\" name=\"01a3d36d\" autocomplete=\"email\">\n          <\/div>\n          \n\n        \n\n\n\n          \n\n          <div class=\"wp-block-uagb-forms-textarea uagb-forms-textarea-wrap uagb-forms-field-set uagb-block-0e2cb2b9\">\n            <div class=\"uagb-forms-textarea-label required uagb-forms-input-label\" id=\"0e2cb2b9\">Nachricht<\/div>\n            <textarea required=\"\" class=\"uagb-forms-textarea-input uagb-forms-input\" rows=\"4\" placeholder=\"Ihre Nachricht eingeben\" name=\"0e2cb2b9\" autocomplete=\"off\"><\/textarea>\n          <\/div>\n          \n\n        \n<div class=\"uagb-forms-form-hidden-data\"><input type=\"hidden\" class=\"uagb_forms_form_label\" value=\"Spectra Form\"\/><input type=\"hidden\" class=\"uagb_forms_form_id\" value=\"uagb-form-ddb1fa45\"\/><\/div><div class=\"uagb-form-reacaptcha-error-ddb1fa45\"><\/div><div class=\"uagb-forms-main-submit-button-wrap wp-block-button\"><button class=\"uagb-forms-main-submit-button wp-block-button__link\"><div class=\"uagb-forms-main-submit-button-text\">Einreichen<\/div><\/button><\/div><\/form><div class=\"uagb-forms-success-message-ddb1fa45 uagb-forms-submit-message-hide\"><span>The form has been submitted successfully!<\/span><\/div><div class=\"uagb-forms-failed-message-ddb1fa45 uagb-forms-submit-message-hide\"><span>There has been some error while submitting the form. Please verify all form fields again.<\/span><\/div><\/div>\n\n<p>Wir freuen uns darauf, bald von Ihnen zu h\u00f6ren!<\/p>\n\n<p>Die Website des Buchmachers Team<\/p>\n","protected":false},"excerpt":{"rendered":"<p>Kontakt Alternativ k\u00f6nnen Sie auf der Buchmacher-Website sicher sein, dass die Antworten auf Ihre Fragen nur einen Klick entfernt sind. Sie k\u00f6nnen unser Expertenteam jederzeit erreichen, denn wie Sie wissen, sind wir 24\/7 f\u00fcr Sie erreichbar! Egal, ob es sich um Fragen zu den von uns angebotenen Dienstleistungen handelt oder einfach nur um ein einfaches [&hellip;]<\/p>\n","protected":false},"author":1,"featured_media":0,"parent":0,"menu_order":0,"comment_status":"closed","ping_status":"closed","template":"","meta":{"inline_featured_image":false,"_uag_custom_page_level_css":"","site-sidebar-layout":"default","site-content-layout":"","ast-site-content-layout":"default","site-content-style":"default","site-sidebar-style":"default","ast-global-header-display":"","ast-banner-title-visibility":"","ast-main-header-display":"","ast-hfb-above-header-display":"","ast-hfb-below-header-display":"","ast-hfb-mobile-header-display":"","site-post-title":"","ast-breadcrumbs-content":"","ast-featured-img":"","footer-sml-layout":"","ast-disable-related-posts":"","theme-transparent-header-meta":"","adv-header-id-meta":"","stick-header-meta":"","header-above-stick-meta":"","header-main-stick-meta":"","header-below-stick-meta":"","astra-migrate-meta-layouts":"default","ast-page-background-enabled":"default","ast-page-background-meta":{"desktop":{"background-color":"var(--ast-global-color-4)","background-image":"","background-repeat":"repeat","background-position":"center center","background-size":"auto","background-attachment":"scroll","background-type":"","background-media":"","overlay-type":"","overlay-color":"","overlay-opacity":"","overlay-gradient":""},"tablet":{"background-color":"","background-image":"","background-repeat":"repeat","background-position":"center center","background-size":"auto","background-attachment":"scroll","background-type":"","background-media":"","overlay-type":"","overlay-color":"","overlay-opacity":"","overlay-gradient":""},"mobile":{"background-color":"","background-image":"","background-repeat":"repeat","background-position":"center center","background-size":"auto","background-attachment":"scroll","background-type":"","background-media":"","overlay-type":"","overlay-color":"","overlay-opacity":"","overlay-gradient":""}},"ast-content-background-meta":{"desktop":{"background-color":"var(--ast-global-color-5)","background-image":"","background-repeat":"repeat","background-position":"center center","background-size":"auto","background-attachment":"scroll","background-type":"","background-media":"","overlay-type":"","overlay-color":"","overlay-opacity":"","overlay-gradient":""},"tablet":{"background-color":"var(--ast-global-color-5)","background-image":"","background-repeat":"repeat","background-position":"center center","background-size":"auto","background-attachment":"scroll","background-type":"","background-media":"","overlay-type":"","overlay-color":"","overlay-opacity":"","overlay-gradient":""},"mobile":{"background-color":"var(--ast-global-color-5)","background-image":"","background-repeat":"repeat","background-position":"center center","background-size":"auto","background-attachment":"scroll","background-type":"","background-media":"","overlay-type":"","overlay-color":"","overlay-opacity":"","overlay-gradient":""}},"footnotes":""},"class_list":["post-18386","page","type-page","status-publish","hentry"],"aioseo_notices":[],"acf":[],"uagb_featured_image_src":{"full":false,"thumbnail":false,"medium":false,"medium_large":false,"large":false,"1536x1536":false,"2048x2048":false},"uagb_author_info":{"display_name":"bookiessite","author_link":"https:\/\/bookiessite.com\/de\/author\/bookiessite\/"},"uagb_comment_info":0,"uagb_excerpt":"Kontakt Alternativ k\u00f6nnen Sie auf der Buchmacher-Website sicher sein, dass die Antworten auf Ihre Fragen nur einen Klick entfernt sind. Sie k\u00f6nnen unser Expertenteam jederzeit erreichen, denn wie Sie wissen, sind wir 24\/7 f\u00fcr Sie erreichbar! Egal, ob es sich um Fragen zu den von uns angebotenen Dienstleistungen handelt oder einfach nur um ein einfaches&hellip;","_links":{"self":[{"href":"https:\/\/bookiessite.com\/de\/wp-json\/wp\/v2\/pages\/18386","targetHints":{"allow":["GET"]}}],"collection":[{"href":"https:\/\/bookiessite.com\/de\/wp-json\/wp\/v2\/pages"}],"about":[{"href":"https:\/\/bookiessite.com\/de\/wp-json\/wp\/v2\/types\/page"}],"author":[{"embeddable":true,"href":"https:\/\/bookiessite.com\/de\/wp-json\/wp\/v2\/users\/1"}],"replies":[{"embeddable":true,"href":"https:\/\/bookiessite.com\/de\/wp-json\/wp\/v2\/comments?post=18386"}],"version-history":[{"count":4,"href":"https:\/\/bookiessite.com\/de\/wp-json\/wp\/v2\/pages\/18386\/revisions"}],"predecessor-version":[{"id":77011,"href":"https:\/\/bookiessite.com\/de\/wp-json\/wp\/v2\/pages\/18386\/revisions\/77011"}],"wp:attachment":[{"href":"https:\/\/bookiessite.com\/de\/wp-json\/wp\/v2\/media?parent=18386"}],"curies":[{"name":"wp","href":"https:\/\/api.w.org\/{rel}","templated":true}]}}