{"id":18304,"date":"2012-12-22T08:13:29","date_gmt":"2012-12-22T08:13:29","guid":{"rendered":"https:\/\/bookiessite.com\/ueber-uns\/"},"modified":"2024-07-16T01:20:43","modified_gmt":"2024-07-16T01:20:43","slug":"ueber-uns","status":"publish","type":"page","link":"https:\/\/bookiessite.com\/de\/ueber-uns\/","title":{"rendered":"\u00dcber uns"},"content":{"rendered":"\n<blockquote class=\"wp-block-quote is-layout-flow wp-block-quote-is-layout-flow\">\n<h2 class=\"wp-block-heading\">Willkommen auf der Buchmacherseite. COM<\/h2>\n\n\n\n<p>Buchmacherseite. Dies liegt daran, dass com eine professionelle Buchmacher-Website-Plattform ist. Hier finden Sie nur das Interessante und es wird Ihnen h\u00f6chstwahrscheinlich gefallen. Unser Ziel ist es, Ihnen die besten Buchmacher-Websites vorzustellen, die die Prinzipien der Zuverl\u00e4ssigkeit und der Wettseite abdecken. Unser Ziel ist es, die Leidenschaft unserer Buchmacher-Website zu einem erfolgreichen Online-Gesch\u00e4ft zu machen. Wir hoffen, dass Sie die Website des Buchmachers genauso genie\u00dfen werden, wie wir es genie\u00dfen, sie Ihnen zur Verf\u00fcgung zu stellen.<\/p>\n\n\n\n<h2 class=\"wp-block-heading\">Gl\u00fcckliches Gl\u00fccksspiel<\/h2>\n\n\n\n<p>Wenn Sie auf der Suche nach Buchmachern sind, sind Sie hier genau richtig, denn die Buchmacher-Website ist daf\u00fcr am besten geeignet. Nat\u00fcrlich ist es unsere Hauptaufgabe, Sie bei der Auswahl der profitabelsten und geeignetsten Optionen f\u00fcr Wetten auf Sportereignisse zu unterst\u00fctzen. Aus diesem Grund k\u00f6nnen wir Ihnen dank eines starken Teams von Spezialisten und Fachleuten alle Informationen \u00fcber Buchmacher-Websites zur Verf\u00fcgung stellen. Die Vision des Unternehmens besteht darin, das Leben aller Probanden im Bereich der Online-Sportwetten einfacher und heller zu machen. Egal, ob Sie ein neuer Spieler sind oder auf der Suche nach Richtlinien f\u00fcr das Wetten sind, dann herzlichen Gl\u00fcckwunsch, Sie sind auf der richtigen Seite gelandet. Wir w\u00fcnschen Ihnen, dass Sie unsere Website genie\u00dfen und eine gute Zeit beim Spielen haben, vielen Dank, dass Sie bei uns sind und viel Gl\u00fcck!<\/p>\n\n\n\n<h2 class=\"wp-block-heading\">Fr\u00f6hliches Wetten<\/h2>\n\n\n\n<p>Es ist uns eine Freude, Sie auf unserer Website begr\u00fc\u00dfen zu d\u00fcrfen und hoffen, dass Ihnen unsere Website gef\u00e4llt. Dies ist das erste Mal, dass Sie die Seite der Buchmacherseite besuchen, und wir w\u00fcrden Sie gerne willkommen hei\u00dfen und hoffen, Sie \u00f6fter zu sehen. Bei Fragen oder Bedenken w\u00fcrden wir uns freuen, von Ihnen zu h\u00f6ren oder Fragen zu stellen. Wenn Sie Hilfe ben\u00f6tigen, sind wir f\u00fcr Sie da, lassen Sie es uns einfach wissen. Wir danken Ihnen f\u00fcr Ihren Besuch auf der Buchmacherseite und freuen uns darauf, Sie auf der anderen Seite der Siege und Niederlagen zu treffen! Viel Spa\u00df beim Wetten!<\/p>\n\n\n\n<p>Wir w\u00fcnschen Ihnen viel Erfolg bei der Nutzung unserer Website f\u00fcr alle Probleme und Anforderungen rund um den Buchmacher. Aus diesem Grund arbeitet unser Team daran, dass Ihnen die neuesten Informationen zur Verf\u00fcgung gestellt werden, die Ihnen helfen, die richtigen Entscheidungen zu treffen, wenn es um Wetten in verschiedenen Sportarten geht. Aus diesem Grund arbeiten wir daran, Ihre Erfahrung mit Online-Sportwetten zu verbessern, und Sie k\u00f6nnen unserem Support-Team jederzeit Fragen oder Bedenken stellen. Nochmals m\u00f6chten wir uns bei Ihnen daf\u00fcr bedanken, dass Sie sich f\u00fcr die Buchseite entschieden haben, und wir hoffen, dass Sie bei Ihren zuk\u00fcnftigen Wetten Gl\u00fcck haben werden! Viel Spa\u00df beim Wetten! -Team-Buchmacherseite. COM<\/p>\n\n\n\n<h2 class=\"wp-block-heading\">Qualit\u00e4t der Dienstleistung<\/h2>\n\n\n\n<p>Wir hoffen, dass Sie \u00fcber diese Website in der Lage sein werden, alle Informationen zu erhalten, die Sie in Bezug auf Online-Sportwetten ben\u00f6tigen, damit Sie in der Lage sind, die richtige Entscheidung zu treffen. Es ist unser Ziel, die besten Online-Sportwettenanbieter zu sein, und wenn Sie uns etwas fragen oder sagen m\u00f6chten, sind wir immer bereit, zuzuh\u00f6ren. Ich m\u00f6chte diese Gelegenheit nutzen, um Ihnen f\u00fcr Ihre Zeit und die Wahl der Buchseite zu danken und m\u00f6ge ich bei all Ihren zuk\u00fcnftigen Wettbem\u00fchungen Gl\u00fcck haben! Viel Spa\u00df beim Wetten! -Mannschaft  <a href=\"https:\/\/bookiessite.com\/de\/\" target=\"_blank\" rel=\"noopener\" title=\"Buchmacherseite. COM\"><\/a><a href=\"https:\/\/bookiessite.com\/de\/\">Buchmacherseite.<\/a> COM<\/p>\n\n\n\n<h2 class=\"wp-block-heading\">Sind Sie auf der Suche nach einem Buchmacher? Ihre Suche endet hier!<\/h2>\n\n\n\n<p>Unser Ziel ist es, sicherzustellen, dass die Kunden die besten Buchmacherseiten und -dienste erhalten, um ihre Wetten auf Sportereignisse zu platzieren. Das Autorenteam besteht aus erfahrenen und kompetenten Spezialisten auf dem Gebiet der Online-Sportwetten, die daran arbeiten, Ihnen alle wesentlichen Daten \u00fcber diesen Bereich zur Verf\u00fcgung zu stellen. Wenn Sie also ein Anf\u00e4nger sind oder einfach nur ein paar Tipps brauchen, hilft Ihnen die Buchmacherseite. Es ist uns eine Freude, Sie auf der Website der Buchmacher zu haben, vielen Dank f\u00fcr Ihren Besuch auf unserer Website und viel Gl\u00fcck bei Ihren zuk\u00fcnftigen Wettaktivit\u00e4ten! Viel Spa\u00df beim Wetten! -Team-Buchmacherseite. COM<\/p>\n\n\n\n<p>Wenn Sie Fragen stellen oder Ihre Meinungen oder Vorschl\u00e4ge \u00e4u\u00dfern m\u00f6chten, k\u00f6nnen Sie sich gerne mit uns in Verbindung setzen.<\/p>\n\n\n\n<p>\u2013 \ud83d\ude42 \u2013 Team-Buchmacherseite. COM.<\/p>\n\n\n\n<p>Wir hoffen, dass Ihnen unsere Website genauso viel Spa\u00df gemacht hat, wie wir es genossen haben, sie zu erstellen.<\/p>\n\n\n\n<p>Einen sch\u00f6nen Tag noch!<\/p>\n<\/blockquote>\n","protected":false},"excerpt":{"rendered":"<p>Willkommen auf der Buchmacherseite. COM Buchmacherseite. Dies liegt daran, dass com eine professionelle Buchmacher-Website-Plattform ist. Hier finden Sie nur das Interessante und es wird Ihnen h\u00f6chstwahrscheinlich gefallen. Unser Ziel ist es, Ihnen die besten Buchmacher-Websites vorzustellen, die die Prinzipien der Zuverl\u00e4ssigkeit und der Wettseite abdecken. Unser Ziel ist es, die Leidenschaft unserer Buchmacher-Website zu einem [&hellip;]<\/p>\n","protected":false},"author":1,"featured_media":0,"parent":0,"menu_order":0,"comment_status":"closed","ping_status":"closed","template":"","meta":{"inline_featured_image":false,"_uag_custom_page_level_css":"","site-sidebar-layout":"default","site-content-layout":"","ast-site-content-layout":"default","site-content-style":"default","site-sidebar-style":"default","ast-global-header-display":"","ast-banner-title-visibility":"","ast-main-header-display":"","ast-hfb-above-header-display":"","ast-hfb-below-header-display":"","ast-hfb-mobile-header-display":"","site-post-title":"","ast-breadcrumbs-content":"","ast-featured-img":"","footer-sml-layout":"","ast-disable-related-posts":"","theme-transparent-header-meta":"","adv-header-id-meta":"","stick-header-meta":"","header-above-stick-meta":"","header-main-stick-meta":"","header-below-stick-meta":"","astra-migrate-meta-layouts":"default","ast-page-background-enabled":"default","ast-page-background-meta":{"desktop":{"background-color":"var(--ast-global-color-4)","background-image":"","background-repeat":"repeat","background-position":"center center","background-size":"auto","background-attachment":"scroll","background-type":"","background-media":"","overlay-type":"","overlay-color":"","overlay-opacity":"","overlay-gradient":""},"tablet":{"background-color":"","background-image":"","background-repeat":"repeat","background-position":"center center","background-size":"auto","background-attachment":"scroll","background-type":"","background-media":"","overlay-type":"","overlay-color":"","overlay-opacity":"","overlay-gradient":""},"mobile":{"background-color":"","background-image":"","background-repeat":"repeat","background-position":"center center","background-size":"auto","background-attachment":"scroll","background-type":"","background-media":"","overlay-type":"","overlay-color":"","overlay-opacity":"","overlay-gradient":""}},"ast-content-background-meta":{"desktop":{"background-color":"var(--ast-global-color-5)","background-image":"","background-repeat":"repeat","background-position":"center center","background-size":"auto","background-attachment":"scroll","background-type":"","background-media":"","overlay-type":"","overlay-color":"","overlay-opacity":"","overlay-gradient":""},"tablet":{"background-color":"var(--ast-global-color-5)","background-image":"","background-repeat":"repeat","background-position":"center center","background-size":"auto","background-attachment":"scroll","background-type":"","background-media":"","overlay-type":"","overlay-color":"","overlay-opacity":"","overlay-gradient":""},"mobile":{"background-color":"var(--ast-global-color-5)","background-image":"","background-repeat":"repeat","background-position":"center center","background-size":"auto","background-attachment":"scroll","background-type":"","background-media":"","overlay-type":"","overlay-color":"","overlay-opacity":"","overlay-gradient":""}},"footnotes":""},"class_list":["post-18304","page","type-page","status-publish","hentry"],"aioseo_notices":[],"acf":[],"uagb_featured_image_src":{"full":false,"thumbnail":false,"medium":false,"medium_large":false,"large":false,"1536x1536":false,"2048x2048":false},"uagb_author_info":{"display_name":"bookiessite","author_link":"https:\/\/bookiessite.com\/de\/author\/bookiessite\/"},"uagb_comment_info":0,"uagb_excerpt":"Willkommen auf der Buchmacherseite. COM Buchmacherseite. Dies liegt daran, dass com eine professionelle Buchmacher-Website-Plattform ist. Hier finden Sie nur das Interessante und es wird Ihnen h\u00f6chstwahrscheinlich gefallen. Unser Ziel ist es, Ihnen die besten Buchmacher-Websites vorzustellen, die die Prinzipien der Zuverl\u00e4ssigkeit und der Wettseite abdecken. Unser Ziel ist es, die Leidenschaft unserer Buchmacher-Website zu einem&hellip;","_links":{"self":[{"href":"https:\/\/bookiessite.com\/de\/wp-json\/wp\/v2\/pages\/18304","targetHints":{"allow":["GET"]}}],"collection":[{"href":"https:\/\/bookiessite.com\/de\/wp-json\/wp\/v2\/pages"}],"about":[{"href":"https:\/\/bookiessite.com\/de\/wp-json\/wp\/v2\/types\/page"}],"author":[{"embeddable":true,"href":"https:\/\/bookiessite.com\/de\/wp-json\/wp\/v2\/users\/1"}],"replies":[{"embeddable":true,"href":"https:\/\/bookiessite.com\/de\/wp-json\/wp\/v2\/comments?post=18304"}],"version-history":[{"count":2,"href":"https:\/\/bookiessite.com\/de\/wp-json\/wp\/v2\/pages\/18304\/revisions"}],"predecessor-version":[{"id":71392,"href":"https:\/\/bookiessite.com\/de\/wp-json\/wp\/v2\/pages\/18304\/revisions\/71392"}],"wp:attachment":[{"href":"https:\/\/bookiessite.com\/de\/wp-json\/wp\/v2\/media?parent=18304"}],"curies":[{"name":"wp","href":"https:\/\/api.w.org\/{rel}","templated":true}]}}